{"id":1098,"date":"2022-06-11T12:45:03","date_gmt":"2022-06-11T12:45:03","guid":{"rendered":"https:\/\/www.sindarick.fr\/wordpress\/?page_id=1098"},"modified":"2022-06-11T12:48:04","modified_gmt":"2022-06-11T12:48:04","slug":"la-houri-et-le-sorcier","status":"publish","type":"page","link":"https:\/\/www.sindarick.fr\/wordpress\/?page_id=1098","title":{"rendered":"La houri et le sorcier"},"content":{"rendered":"\n<p>Ce roman constitue le premier volet de la trilogie de fantasy orientale des aventures de Laeta. Le r\u00e9cit, enti\u00e8rement remis \u00e0 neuf, est poursuivi par les tomes 5 et 6, qui retracent la qu\u00eate compl\u00e8te de l&#8217;\u00e9toile des sables anciennement parue aux \u00e9ditions SK.<\/p>\n\n\n\n<p>La houri et le sorcier constitue un tournant dans la vie de Laeta, ce tome est riche en r\u00e9v\u00e9lations, notamment sur sa famille et en pr\u00e9figure beaucoup plus.<\/p>\n\n\n\n<p>Au sortir de ses aventures \u00e0 travers les sables br\u00fblants du Shamyr, les jungles de Maridjiane et du Maramapur et sa travers\u00e9e des Amraya, Laeta ne sera plus tout \u00e0 fait celle que vous avez d\u00e9couverte dans les Cascades d&#8217;argent et la lune d&#8217;ombre&#8230;<\/p>\n\n\n\n<p><strong><strong>\u00c0 courir apr\u00e8s une \u00e9toile, on se perd au c\u0153ur de la nuit\u2026<\/strong><\/strong><\/p>\n\n\n\n<p>De retour dans l\u2019Orient de son enfance, Laeta entre au service d\u2019Ash-al-Azyr, un sulfureux sorcier, qui l\u2019utilise dans ses complots tortueux. Ce dernier a le don de souffler le chaud et le froid, la traitant un jour comme la simple esclave qu\u2019elle est devenue et l\u2019autre comme une reine.<\/p>\n\n\n\n<p>Le califat du Shamyr vacille tout entier alors que ses ennemis se pressent \u00e0 ses portes. Les meurtres se succ\u00e8dent au palais et le ma\u00eetre de Laeta n\u2019est pas le seul \u00e0 \u00eatre obnubil\u00e9 par <em>l\u2019\u00e9toile des sables<\/em>, un joyau antique qui, par son enchantement unique, aurait le pouvoir de sauver le royaume\u2026 ou de conf\u00e9rer une puissance au-del\u00e0 de toute raison au mage qui le d\u00e9tiendrait.<\/p>\n\n\n\n<p>La qu\u00eate d\u2019un tel artefact n\u2019est-elle pas un leurre mortel\u2009? En s\u2019y lan\u00e7ant, Laeta va d\u00e9couvrir le terrible secret que cache Ash-al-Azyr et se retrouver face \u00e0 un dilemme insoluble.<\/p>\n\n\n\n<p>Se laissera-t-elle s\u00e9duire par ce prince t\u00e9n\u00e9breux ou le trahira-t-elle\u2009? Et lorsque le pouvoir des n\u00e9cromanciens se dressera sur sa route, sa magie de houri et sa perspicacit\u00e9 seront-elles \u00e0 la hauteur pour affronter leur nuit \u00e9ternelle\u2009?<\/p>\n\n\n\n<figure class=\"wp-block-image size-large\"><img loading=\"lazy\" decoding=\"async\" width=\"720\" height=\"1024\" src=\"https:\/\/www.sindarick.fr\/wordpress\/wp-content\/uploads\/2022\/06\/LAETA-T4-ebook-720x1024.jpg\" alt=\"\" class=\"wp-image-1096\" srcset=\"https:\/\/www.sindarick.fr\/wordpress\/wp-content\/uploads\/2022\/06\/LAETA-T4-ebook-720x1024.jpg 720w, https:\/\/www.sindarick.fr\/wordpress\/wp-content\/uploads\/2022\/06\/LAETA-T4-ebook-211x300.jpg 211w, https:\/\/www.sindarick.fr\/wordpress\/wp-content\/uploads\/2022\/06\/LAETA-T4-ebook-768x1092.jpg 768w, https:\/\/www.sindarick.fr\/wordpress\/wp-content\/uploads\/2022\/06\/LAETA-T4-ebook-1080x1536.jpg 1080w, https:\/\/www.sindarick.fr\/wordpress\/wp-content\/uploads\/2022\/06\/LAETA-T4-ebook-1440x2048.jpg 1440w, https:\/\/www.sindarick.fr\/wordpress\/wp-content\/uploads\/2022\/06\/LAETA-T4-ebook-350x498.jpg 350w, https:\/\/www.sindarick.fr\/wordpress\/wp-content\/uploads\/2022\/06\/LAETA-T4-ebook.jpg 1800w\" sizes=\"auto, (max-width: 720px) 100vw, 720px\" \/><\/figure>\n\n\n\n<p><\/p>\n\n\n\n<div class=\"wp-block-buttons is-layout-flex wp-block-buttons-is-layout-flex\">\n<div class=\"wp-block-button has-custom-width wp-block-button__width-25 is-style-outline is-style-outline--1\"><a class=\"wp-block-button__link\">    Epub     <\/a><\/div>\n\n\n\n<div class=\"wp-block-button has-custom-width wp-block-button__width-25 is-style-outline is-style-outline--2\"><a class=\"wp-block-button__link\" href=\"https:\/\/www.amazon.fr\/houri-sorcier-St%C3%A9phane-Tarrade\/dp\/B09YHFLVN1\/ref=tmm_pap_swatch_0?_encoding=UTF8&amp;qid=1654950388&amp;sr=8-5\">Broch\u00e9<\/a><\/div>\n\n\n\n<div class=\"wp-block-button has-custom-width wp-block-button__width-25 is-style-outline is-style-outline--3\"><a class=\"wp-block-button__link\">pdf <\/a><\/div>\n\n\n\n<div class=\"wp-block-button has-custom-width wp-block-button__width-25 is-style-outline is-style-outline--4\"><a class=\"wp-block-button__link\" href=\"https:\/\/www.amazon.fr\/houri-sorcier-Laeta-t-ebook\/dp\/B09XXH4SFR\/ref=tmm_kin_swatch_0?_encoding=UTF8&amp;qid=1654950388&amp;sr=8-5\">Kindle <\/a><\/div>\n<\/div>\n\n\n\n<p>Le livre papier (broch\u00e9) est \u00e0 20 euros et les versions num\u00e9riques \u00e0 4,99 \u20ac.<\/p>\n\n\n\n<p class=\"has-large-font-size\">Extrait 1<\/p>\n\n\n\n<p>Laeta \u00e9tait presque nue. Sa peau claire et ses cheveux l\u00e9g\u00e8rement ondul\u00e9s, d\u2019une blondeur qui tirait sur le blanc, tranchaient avec le teint sombre des Shamyriens. Les jeunes femmes occidentales n\u2019\u00e9taient pas si rares ici, une grande part de la population de Pamyr \u00e9tait d\u2019origine occidentale. Comme beaucoup de cit\u00e9s de la c\u00f4te orientale de la mer violette, elle avait \u00e9t\u00e9 fond\u00e9e avant m\u00eame l\u2019av\u00e8nement de l\u2019empire gl\u00e9norien et les conqu\u00eates d\u2019Yskandar le grand, par les Spariens, des Occidentaux. Les jeunes esclaves blanches n\u2019en \u00e9taient pas moins tr\u00e8s recherch\u00e9es, surtout depuis que Pamyr avait \u00e9t\u00e9 rattach\u00e9e au califat shamyrien, une vingtaine d\u2019ann\u00e9es auparavant.<\/p>\n\n\n\n<p>Boike avait fait aligner ses petites merveilles sur une estrade de bois, fix\u00e9e \u00e0 pr\u00e8s d\u2019un m\u00e8tre cinquante du sol, contre un des remparts de la ville. La rue du march\u00e9 aux esclaves, \u00e0 l\u2019int\u00e9rieur des murs, grouillait d\u2019activit\u00e9 lorsqu\u2019il y avait un arrivage. Les filles \u00e9taient expos\u00e9es au regard des passants, v\u00eatues de simples pagnes, les unes \u00e0 c\u00f4t\u00e9 des autres, r\u00e9guli\u00e8rement espac\u00e9es, toutes encha\u00een\u00e9es au mur par leurs colliers d\u2019acier, les mains li\u00e9es dans le dos. Les hommes que vendait Boike \u00e9taient en face, sur une estrade semblable, si bien que tout passant qui traversait cette portion de la rue ne pouvait ignorer ses articles. Un beau gar\u00e7on blanc \u00e0 peine plus \u00e2g\u00e9 que Laeta se trouvait pile en vis-\u00e0-vis d\u2019elle. Elle ne pouvait s\u2019emp\u00eacher de l\u2019observer, il lui faisait penser \u00e0 quelqu\u2019un, mais elle n\u2019arrivait pas \u00e0 savoir qui.<\/p>\n\n\n\n<p>Le marchand, assis sur une chaise pliante \u00e0 l\u2019extr\u00e9mit\u00e9 de l\u2019estrade sous une ombrelle, se saisit de son fouet et, sans prendre la peine de le d\u00e9rouler, frappa violemment le plancher de son pr\u00e9sentoir. Le claquement rappela les esclaves \u00e0 l\u2019ordre. Laeta, qui tenait d\u00e9j\u00e0 la pose, bomba un peu plus le torse, offrant ses seins fermes aux regards impudiques. Cami se redressa aussit\u00f4t, gonfla sa poitrine et se remit \u00e0 sourire. L\u2019avertissement lui \u00e9tait destin\u00e9, elle le savait. Des hommes s\u2019\u00e9taient arr\u00eat\u00e9s et admiraient la marchandise de Boike. Des nomades Badawis des tribus d\u00e9sertiques, si on devait se fier \u00e0 leur allure. Boike se leva et pr\u00e9senta ses esclaves d\u2019un geste ample.<\/p>\n\n\n\n<p>\u2014&nbsp;Salaam, hommes des sables, j\u2019ai les plus belles femmes du march\u00e9, admirez\u2009!<\/p>\n\n\n\n<p>Il \u00e9tait s\u00fbr de son affaire, les deux filles qu\u2019il avait achet\u00e9es aux Mingols \u00e9taient deux petits bijoux, surtout la blonde avec sa pierre rose dans le nombril. Il ne comptait pas les c\u00e9der \u00e0 bas prix ni trop rapidement, elles serviraient grandement \u00e0 attirer les yeux vers son estrade. Boike \u00e9tait rompu \u00e0 son m\u00e9tier et particuli\u00e8rement habile&nbsp;: il vendrait les moins belles pi\u00e8ces de son stock en journ\u00e9e et garderait celles qui avaient le plus de valeur pour le soir. La rumeur ne disait-elle pas que le Chambellan de la<em> Porte d\u2019or<\/em>, le palais Califal de Shamyria, devait venir en personne acheter quelques concubines-danseuses\u2009?<\/p>\n\n\n\n<p>&nbsp;Comme s\u2019y attendait Boike, le Badawi aux v\u00eatements poussi\u00e9reux observa Laeta en premier. La jeune femme, qui n\u2019avait peut-\u00eatre pas vingt-cinq ans, \u00e9tait d\u2019une beaut\u00e9 exceptionnelle. Fine et souple, elle avait des yeux bleus qui \u00e9tincelaient dans son joli minois. Il se tourna ensuite vers Cami, une autre blanche, \u00e0 la poitrine g\u00e9n\u00e9reuse. L\u00e9g\u00e8rement plus \u00e2g\u00e9e que Laeta, plus grande \u00e9galement, elle \u00e9tait sans nul doute tr\u00e8s avenante avec ses pupilles noisette. Ses cheveux mi-longs ch\u00e2tains \u00e9taient si clairs qu\u2019ils tiraient sur le blond. Son sourire \u00e9tait cependant un peu crisp\u00e9. Mais pas autant que celui de la jeune femme brune \u00e0 c\u00f4t\u00e9 d\u2019elle qui \u00e9tait manifestement forc\u00e9. Aucune des filles n\u2019\u00e9tait rassur\u00e9e, la perspective d\u2019\u00eatre vendue comme esclave \u00e0 des hommes d\u2019une tribu du d\u00e9sert n\u2019avait rien d\u2019enviable.<\/p>\n\n\n\n<p>\u2014&nbsp;Toi\u2009! Avance\u2009! ordonna le Badawi.<\/p>\n\n\n\n<p class=\"has-large-font-size\">Extrait 2<\/p>\n\n\n\n<p>Laeta et Cami se relev\u00e8rent, poussant d\u00e9licatement les corps endormis des hommes du chazad\u00e9 Zahid puis s\u2019\u00e9loign\u00e8rent dans l\u2019obscurit\u00e9.<\/p>\n\n\n\n<p>\u2014&nbsp;On a parfaitement jou\u00e9 notre num\u00e9ro\u2009! se r\u00e9jouit Cami \u00e0 voix basse.<\/p>\n\n\n\n<p>\u2014&nbsp;Oui, ils y ont cru\u2009! On est pass\u00e9es pour deux jolies gourdes\u2009!<\/p>\n\n\n\n<p>\u2014&nbsp;Ils n\u2019\u00e9taient pas trop mal\u2009! Mieux que les soudards du lac\u2009! Tu t\u2019es servie de ta magie pour endormir les deux vieux\u2009?<\/p>\n\n\n\n<p>\u2014&nbsp;Oui, acquies\u00e7a Laeta en hochant la t\u00eate.<\/p>\n\n\n\n<p>&nbsp;\u2014&nbsp;Tu penses que je pourrais apprendre \u00e0 faire \u00e7a\u2009? Ma\u00eetresse Adima ne m\u2019en a jamais parl\u00e9. Tu pourrais m\u2019initier\u2009?<\/p>\n\n\n\n<p>\u2014&nbsp;Je ne sais pas, peut-\u00eatre lui r\u00e9pondit Laeta dans un sourire.<\/p>\n\n\n\n<p>Elle s\u2019arr\u00eata et se pla\u00e7a en face de son amie.<\/p>\n\n\n\n<p>\u2014&nbsp;C\u2019est en toi que \u00e7a se passe\u2009! \u00c9coute&nbsp;la magie\u2009! Tu devrais sentir ton esprit s\u2019envoler\u2026<\/p>\n\n\n\n<p>Laeta posa un d\u00e9licat baiser sur les l\u00e8vres de Cami. C\u2019\u00e9tait loin d\u2019\u00eatre la premi\u00e8re fois, habituellement il s\u2019agissait de satisfaire des clients, mais cette fois-ci Cami ressentit quelque chose de diff\u00e9rent. Un plaisir intense se d\u00e9versa \u00e0 travers elle comme lorsque Laeta l\u2019avait embrass\u00e9e sur un quai d\u2019Escargae et qu\u2019elle s\u2019\u00e9tait aussit\u00f4t endormie. Laeta s\u2019\u00e9carta d\u2019elle, avec les pupilles dilat\u00e9es que Cami commen\u00e7ait \u00e0 bien conna\u00eetre.<\/p>\n\n\n\n<p>\u2014&nbsp;Alors\u2009? demanda Laeta.<\/p>\n\n\n\n<p>\u2014&nbsp;Tu embrasses toujours aussi bien\u2009! M\u00eame les filles\u2009! Mais c\u2019est tout\u2026<\/p>\n\n\n\n<p>Laeta haussa les \u00e9paules.<\/p>\n\n\n\n<p>\u2014&nbsp;Je ne suis pas magicienne, je ne sais pas comment \u00e7a marche, en fait.<\/p>\n\n\n\n<p>Leurs rires clairs emplirent le couloir au tapis soyeux dans lequel elles s\u2019\u00e9taient engag\u00e9es.<\/p>\n\n\n\n<p>\u2014&nbsp;Je m\u2019inqui\u00e8te, reprit Laeta un peu plus tard.<\/p>\n\n\n\n<p>\u2014&nbsp;Pour\u2009?<\/p>\n\n\n\n<p>\u2014&nbsp;Qu\u2019est-ce qu\u2019on est cens\u00e9es faire, maintenant\u2009?<\/p>\n\n\n\n<p>\u2014&nbsp;Moi aussi, je me demande, r\u00e9pondit Cami. \u00c0 qui appartenons-nous\u2009? \u00c0 ce prince parano\u00efaque ou \u00e0 ce fou de sorcier\u2009? Je ne sais pas qui est le pire des deux\u2026<\/p>\n\n\n\n<p>\u2014&nbsp;Je crois qu\u2019ils ont chacun leur avis, mais pas le m\u00eame\u2026 Si quelqu\u2019un doit en faire les frais, on est toutes trouv\u00e9es\u2009!<\/p>\n\n\n\n<p>\u2014&nbsp;Et que dit l\u2019\u00e9ducation de la <em>medress<\/em> dans ces cas-l\u00e0\u2009? Je n\u2019ai eu droit qu\u2019\u00e0 la formation acc\u00e9l\u00e9r\u00e9e, s\u2019amusa Cami.<\/p>\n\n\n\n<p>\u2014&nbsp;Une esclave de plaisir est cens\u00e9e appartenir \u00e0 un ma\u00eetre, pas deux\u2026<\/p>\n\n\n\n<p>\u2014&nbsp;Tu crois qu\u2019on pourrait s\u2019\u00e9vader\u2009?<\/p>\n\n\n\n<p>\u2014&nbsp;N\u2019y pense pas, Cami\u2009! On irait o\u00f9\u2009? Ils n\u2019ont pas beaucoup de piti\u00e9 pour celles qui s\u2019enfuient. Et tu oublies ces colliers\u2009! De plus, ajouta-t-elle un peu moqueuse\u2026 moi qui suis cens\u00e9e te montrer la voie de l\u2019esclave de plaisir, je te trouve bien indisciplin\u00e9e.<\/p>\n\n\n\n<p>Cami sourit \u00e0 la boutade.<\/p>\n\n\n\n<p>\u2014&nbsp;Mais, on ne va pas rester ses esclaves toute notre vie\u2009! Tu as entendu ce qu\u2019il a dit\u2009?<\/p>\n\n\n\n<p>\u2014&nbsp;Si j\u2019\u00e9tais seule, ce serait diff\u00e9rent, expliqua Laeta en d\u00e9visageant Cami. Je m\u2019y ferais, je m\u2019appliquerais s\u00fbrement \u00e0 lui plaire, et j\u2019y trouverais certainement mon compte. Mais tu es l\u00e0\u2009! Je ne vais pas te condamner \u00e0 une vie qui n\u2019est pas la tienne. Je sais que tu as besoin de moi, ici, m\u00eame si tu te d\u00e9brouilles bien avec la langue. On va essayer quelque chose, mais je n\u2019ai pas la moindre id\u00e9e de quoi. De toute fa\u00e7on, tant qu\u2019on a ces colliers au cou, il nous tiendra. Et je ne souhaite pas apprendre leur pouvoir \u00e0 mes d\u00e9pens.<\/p>\n\n\n\n<p>\u2014&nbsp;Justement, pourquoi les a-t-on encore, ce sont ceux du sorcier, non\u2009?<\/p>\n\n\n\n<p>\u2014&nbsp;Je ne sais pas\u2009! Ils ont l\u2019air de connivence tous les deux\u2026<\/p>\n\n\n\n<p>Elles remarqu\u00e8rent une vaste \u00e9tendue de verdure et un bassin scintillant dans le clair de lune, de l\u2019autre c\u00f4t\u00e9 d\u2019une superbe arche outrepass\u00e9e.<\/p>\n\n\n\n<p>\u2014&nbsp;On va dans le jardin\u2009? proposa Laeta. Tu as gard\u00e9 du kif\u2009?<\/p>\n\n\n\n<p>\u2014&nbsp;Oui, se r\u00e9jouit Cami, on fume un peu\u2009? Ce palais, ces jardins, c\u2019est magnifique\u2009! \u00c0 croire que le ma\u00eetre du lac vit dans une porcherie\u2009!<\/p>\n\n\n\n<p>Elles fl\u00e2n\u00e8rent en direction des palmiers et du bassin des flamants roses, mais \u00e0 peine eurent-elles franchi le seuil qu\u2019elles se sentirent \u00e9trangement l\u00e9g\u00e8res. Tout s\u2019agrandit consid\u00e9rablement autour d\u2019elles. Puis elles tomb\u00e8rent, mais se rattrap\u00e8rent dans un r\u00e9flexe qu\u2019elles ignoraient.<\/p>\n\n\n\n<p>Elles b\u00e2tirent des ailes et s\u2019envol\u00e8rent au-dessus des toits de Shamyria, filant \u00e0 travers les airs en direction des cinq tours de la guilde de magie, la guilde de la troisi\u00e8me lune. Les deux colombes se pos\u00e8rent sans h\u00e9sitation sur la main tendue entre les barreaux d\u2019or du harem d\u2019Ash-al-Azyr.<\/p>\n\n\n\n<p>\u2014\u00a0Alors\u2009? D\u00e9j\u00e0 de retour \u00e0 la cage, mes petits oiseaux\u2009! Je vous avais pourtant bien dit de ne jamais quitter les murs du palais\u2009!<\/p>\n\n\n\n<p>Le ma\u00eetre de la tour de feu partit d\u2019un grand rire.<\/p>\n","protected":false},"excerpt":{"rendered":"<p>Ce roman constitue le premier volet de la trilogie de fantasy orientale des aventures de Laeta. Le r\u00e9cit, enti\u00e8rement remis \u00e0 neuf, est poursuivi par les tomes 5 et 6, qui retracent la qu\u00eate compl\u00e8te de l&#8217;\u00e9toile des sables anciennement parue aux \u00e9ditions SK. La houri et le sorcier constitue un tournant dans la vie &hellip; <\/p>\n<p class=\"link-more\"><a href=\"https:\/\/www.sindarick.fr\/wordpress\/?page_id=1098\" class=\"more-link\">Continuer la lecture<span class=\"screen-reader-text\"> de &laquo;&nbsp;La houri et le sorcier&nbsp;&raquo;<\/span><\/a><\/p>\n","protected":false},"author":1,"featured_media":0,"parent":586,"menu_order":4,"comment_status":"closed","ping_status":"closed","template":"","meta":{"footnotes":""},"class_list":["post-1098","page","type-page","status-publish","hentry"],"_links":{"self":[{"href":"https:\/\/www.sindarick.fr\/wordpress\/index.php?rest_route=\/wp\/v2\/pages\/1098","targetHints":{"allow":["GET"]}}],"collection":[{"href":"https:\/\/www.sindarick.fr\/wordpress\/index.php?rest_route=\/wp\/v2\/pages"}],"about":[{"href":"https:\/\/www.sindarick.fr\/wordpress\/index.php?rest_route=\/wp\/v2\/types\/page"}],"author":[{"embeddable":true,"href":"https:\/\/www.sindarick.fr\/wordpress\/index.php?rest_route=\/wp\/v2\/users\/1"}],"replies":[{"embeddable":true,"href":"https:\/\/www.sindarick.fr\/wordpress\/index.php?rest_route=%2Fwp%2Fv2%2Fcomments&post=1098"}],"version-history":[{"count":2,"href":"https:\/\/www.sindarick.fr\/wordpress\/index.php?rest_route=\/wp\/v2\/pages\/1098\/revisions"}],"predecessor-version":[{"id":1102,"href":"https:\/\/www.sindarick.fr\/wordpress\/index.php?rest_route=\/wp\/v2\/pages\/1098\/revisions\/1102"}],"up":[{"embeddable":true,"href":"https:\/\/www.sindarick.fr\/wordpress\/index.php?rest_route=\/wp\/v2\/pages\/586"}],"wp:attachment":[{"href":"https:\/\/www.sindarick.fr\/wordpress\/index.php?rest_route=%2Fwp%2Fv2%2Fmedia&parent=1098"}],"curies":[{"name":"wp","href":"https:\/\/api.w.org\/{rel}","templated":true}]}}