{"id":1106,"date":"2022-06-11T13:20:32","date_gmt":"2022-06-11T13:20:32","guid":{"rendered":"https:\/\/www.sindarick.fr\/wordpress\/?page_id=1106"},"modified":"2022-06-11T13:27:19","modified_gmt":"2022-06-11T13:27:19","slug":"a-courir-apres-une-etoile-on-se-perd-au-coeur-de-la-nuit","status":"publish","type":"page","link":"https:\/\/www.sindarick.fr\/wordpress\/?page_id=1106","title":{"rendered":"\u00c0 courir apr\u00e8s une \u00e9toile, on se perd au c\u0153ur de la nuit&#8230;"},"content":{"rendered":"\n<div class=\"wp-block-buttons is-horizontal is-content-justification-center is-layout-flex wp-container-core-buttons-is-layout-499968f5 wp-block-buttons-is-layout-flex\">\n<div class=\"wp-block-button has-custom-width wp-block-button__width-25 has-custom-font-size is-style-outline is-style-outline--1\" style=\"font-size:12px\"><a class=\"wp-block-button__link\">    Epub     <\/a><\/div>\n\n\n\n<div class=\"wp-block-button has-custom-width wp-block-button__width-25 has-custom-font-size is-style-outline is-style-outline--2\" style=\"font-size:12px\"><a class=\"wp-block-button__link\" href=\"https:\/\/www.amazon.fr\/houri-sorcier-St%C3%A9phane-Tarrade\/dp\/B09YHFLVN1\/ref=tmm_pap_swatch_0?_encoding=UTF8&amp;qid=1654953121&amp;sr=8-6\">Broch\u00e9<\/a><\/div>\n\n\n\n<div class=\"wp-block-button has-custom-width wp-block-button__width-25 has-custom-font-size is-style-outline is-style-outline--3\" style=\"font-size:12px\"><a class=\"wp-block-button__link\" href=\"https:\/\/www.amazon.fr\/houri-sorcier-Laeta-t-ebook\/dp\/B09XXH4SFR\/ref=sr_1_6?__mk_fr_FR=%C3%85M%C3%85%C5%BD%C3%95%C3%91&amp;keywords=stephane+Tarrade&amp;qid=1654953121&amp;sr=8-6\">Kindle <\/a><\/div>\n\n\n\n<div class=\"wp-block-button has-custom-width wp-block-button__width-25 has-custom-font-size is-style-outline is-style-outline--4\" style=\"font-size:12px\"><a class=\"wp-block-button__link\">pdf <\/a><\/div>\n<\/div>\n\n\n\n<p id=\"block-e8d2cea4-7b7c-41a9-af20-fa58779d4ea4\">Le livre papier (broch\u00e9) est \u00e0 19 euros et les versions num\u00e9riques \u00e0 4,99 \u20ac.<\/p>\n\n\n\n<figure class=\"wp-block-image size-large\" id=\"block-78fd2da4-2ac4-4633-a79d-83a537aebb0f\"><a href=\"https:\/\/www.sindarick.fr\/wordpress\/wp-content\/uploads\/2022\/06\/LAETA-T4-mockup04.png\"><img loading=\"lazy\" decoding=\"async\" width=\"1024\" height=\"682\" src=\"https:\/\/www.sindarick.fr\/wordpress\/wp-content\/uploads\/2022\/06\/LAETA-T4-mockup04-1024x682.png\" alt=\"\" class=\"wp-image-1107\" srcset=\"https:\/\/www.sindarick.fr\/wordpress\/wp-content\/uploads\/2022\/06\/LAETA-T4-mockup04-1024x682.png 1024w, https:\/\/www.sindarick.fr\/wordpress\/wp-content\/uploads\/2022\/06\/LAETA-T4-mockup04-300x200.png 300w, https:\/\/www.sindarick.fr\/wordpress\/wp-content\/uploads\/2022\/06\/LAETA-T4-mockup04-768x512.png 768w, https:\/\/www.sindarick.fr\/wordpress\/wp-content\/uploads\/2022\/06\/LAETA-T4-mockup04-1536x1024.png 1536w, https:\/\/www.sindarick.fr\/wordpress\/wp-content\/uploads\/2022\/06\/LAETA-T4-mockup04-350x233.png 350w, https:\/\/www.sindarick.fr\/wordpress\/wp-content\/uploads\/2022\/06\/LAETA-T4-mockup04.png 2000w\" sizes=\"auto, (max-width: 767px) 89vw, (max-width: 1000px) 54vw, (max-width: 1071px) 543px, 580px\" \/><\/a><\/figure>\n\n\n\n<p class=\"has-text-align-center has-large-font-size\" id=\"block-eefb81b7-9f1e-4e96-97eb-249886c1a354\">Lorsqu&#8217;une esclave devient une h\u00e9ro\u00efne&#8230;<\/p>\n\n\n\n<p class=\"has-medium-font-size\"><mark style=\"background-color: rgba(0, 0, 0, 0);\" class=\"has-inline-color\"><font color=\"#c8a301\"><b>\u00c0 courir apr\u00e8s une \u00e9toile, on se perd au <\/b><\/font><\/mark><strong><mark style=\"background-color:rgba(0, 0, 0, 0);color:#c8a301\" class=\"has-inline-color\">c\u0153ur de la nuit\u2026<\/mark><\/strong><\/p>\n\n\n\n<p>De retour dans l\u2019Orient de son enfance, Laeta entre au service d\u2019Ash-al-Azyr, un sulfureux sorcier, qui l\u2019utilise dans ses complots tortueux. Ce dernier a le don de souffler le chaud et le froid, la traitant un jour comme la simple esclave qu\u2019elle est devenue et l\u2019autre comme une reine.<\/p>\n\n\n\n<p>Le califat du Shamyr vacille tout entier alors que ses ennemis se pressent \u00e0 ses portes. Les meurtres se succ\u00e8dent au palais et le ma\u00eetre de Laeta n\u2019est pas le seul \u00e0 \u00eatre obnubil\u00e9 par <em>l\u2019\u00e9toile des sables<\/em>, un joyau antique qui, par son enchantement unique, aurait le pouvoir de sauver le royaume\u2026 ou de conf\u00e9rer une puissance au-del\u00e0 de toute raison au mage qui le d\u00e9tiendrait.<\/p>\n\n\n\n<p>La qu\u00eate d\u2019un tel artefact n\u2019est-elle pas un leurre mortel\u2009? En s\u2019y lan\u00e7ant, Laeta va d\u00e9couvrir le terrible secret que cache Ash-al-Azyr et se retrouver face \u00e0 un dilemme insoluble.<\/p>\n\n\n\n<p>Se laissera-t-elle s\u00e9duire par ce prince t\u00e9n\u00e9breux ou le trahira-t-elle\u2009? Et lorsque le pouvoir des n\u00e9cromanciens se dressera sur sa route, sa magie de houri et sa perspicacit\u00e9 seront-elles \u00e0 la hauteur pour affronter leur nuit \u00e9ternelle\u2009?<\/p>\n\n\n\n<figure class=\"wp-block-image size-large\" id=\"block-08dff28c-c4fd-4858-bc2b-24f4154c9192\"><a href=\"https:\/\/www.sindarick.fr\/wordpress\/wp-content\/uploads\/2022\/06\/LAETA-T4-mockup01.png\"><img loading=\"lazy\" decoding=\"async\" width=\"931\" height=\"1024\" src=\"https:\/\/www.sindarick.fr\/wordpress\/wp-content\/uploads\/2022\/06\/LAETA-T4-mockup01-931x1024.png\" alt=\"\" class=\"wp-image-1108\" srcset=\"https:\/\/www.sindarick.fr\/wordpress\/wp-content\/uploads\/2022\/06\/LAETA-T4-mockup01-931x1024.png 931w, https:\/\/www.sindarick.fr\/wordpress\/wp-content\/uploads\/2022\/06\/LAETA-T4-mockup01-273x300.png 273w, https:\/\/www.sindarick.fr\/wordpress\/wp-content\/uploads\/2022\/06\/LAETA-T4-mockup01-768x845.png 768w, https:\/\/www.sindarick.fr\/wordpress\/wp-content\/uploads\/2022\/06\/LAETA-T4-mockup01-1397x1536.png 1397w, https:\/\/www.sindarick.fr\/wordpress\/wp-content\/uploads\/2022\/06\/LAETA-T4-mockup01-1862x2048.png 1862w, https:\/\/www.sindarick.fr\/wordpress\/wp-content\/uploads\/2022\/06\/LAETA-T4-mockup01-350x385.png 350w\" sizes=\"auto, (max-width: 767px) 89vw, (max-width: 1000px) 54vw, (max-width: 1071px) 543px, 580px\" \/><\/a><figcaption>La houri et le sorcier<\/figcaption><\/figure>\n\n\n\n<div class=\"wp-block-buttons is-horizontal is-content-justification-center is-layout-flex wp-container-core-buttons-is-layout-499968f5 wp-block-buttons-is-layout-flex\">\n<div class=\"wp-block-button has-custom-width wp-block-button__width-25 has-custom-font-size is-style-outline is-style-outline--5\" style=\"font-size:12px\"><a class=\"wp-block-button__link\">    Epub     <\/a><\/div>\n\n\n\n<div class=\"wp-block-button has-custom-width wp-block-button__width-25 has-custom-font-size is-style-outline is-style-outline--6\" style=\"font-size:12px\"><a class=\"wp-block-button__link\" href=\"https:\/\/www.amazon.fr\/houri-sorcier-St%C3%A9phane-Tarrade\/dp\/B09YHFLVN1\/ref=tmm_pap_swatch_0?_encoding=UTF8&amp;qid=1654953121&amp;sr=8-6\">Broch\u00e9<\/a><\/div>\n\n\n\n<div class=\"wp-block-button has-custom-width wp-block-button__width-25 has-custom-font-size is-style-outline is-style-outline--7\" style=\"font-size:12px\"><a class=\"wp-block-button__link\" href=\"https:\/\/www.amazon.fr\/houri-sorcier-Laeta-t-ebook\/dp\/B09XXH4SFR\/ref=sr_1_6?__mk_fr_FR=%C3%85M%C3%85%C5%BD%C3%95%C3%91&amp;keywords=stephane+Tarrade&amp;qid=1654953121&amp;sr=8-6\">Kindle <\/a><\/div>\n\n\n\n<div class=\"wp-block-button has-custom-width wp-block-button__width-25 has-custom-font-size is-style-outline is-style-outline--8\" style=\"font-size:12px\"><a class=\"wp-block-button__link\">pdf <\/a><\/div>\n<\/div>\n\n\n\n<p class=\"has-large-font-size\" id=\"block-1eafe4e0-d135-42c9-88c7-4cb281aafa77\">Extrait :<\/p>\n\n\n\n<p>Laeta et Cami attendirent que le banquet soit servi pour agir.<\/p>\n\n\n\n<p>Trois cents musiciens et danseuses agr\u00e9mentaient tous les soirs les festins offerts par le Calife. Les convives, qu\u2019ils soient des courtisans de la <em>Porte d\u2019or<\/em>, des ambassadeurs ou des princes \u00e9trangers, ne manquaient jamais les r\u00e9gals prodigu\u00e9s par le plus grand souverain du monde.<\/p>\n\n\n\n<p>Elles profit\u00e8rent du repas pour se faufiler \u00e0 travers les couloirs d\u00e9sert\u00e9s jusqu\u2019\u00e0 la vaste salle de jade. Dans la p\u00e9nombre du soir, elle avait des allures fantomatiques, presque s\u00e9pulcrales, avec ses lourdes statues grima\u00e7antes et ses colonnes \u00e9paisses. Le clair de lune ext\u00e9rieur n\u2019en d\u00e9couvrait que des silhouettes inqui\u00e9tantes. Qui pouvait \u00eatre cet empereur inconnu qui avait eu l\u2019id\u00e9e d\u2019offrir au Calife un pr\u00e9sent si saugrenu\u2009? Dragons&nbsp;la gueule ouverte, sheitans sortis des enfers, djinns terrifiants\u2009? Que pouvaient bien repr\u00e9senter ces monstres de pierre\u2009?<\/p>\n\n\n\n<p>Elles ne s\u2019y attard\u00e8rent pas et pouss\u00e8rent jusqu\u2019au hall des trois sir\u00e8nes d\u2019o\u00f9 Cami claqua la porte au nez des cr\u00e9atures de la salle de jade avant d\u2019allumer une chandelle. Trois belles femmes \u00e0 queue de poisson, sculpt\u00e9es dans un marbre vert lumineux, ornaient les murs de cette antichambre \u00e9troite qui semblait, par ailleurs, n\u2019avoir aucune utilit\u00e9.<\/p>\n\n\n\n<p>Comme le lui avait indiqu\u00e9 Nedjma, Laeta appuya avec insistance sur les yeux de la plus petite des sir\u00e8nes, celle qui faisait face \u00e0 l\u2019entr\u00e9e. Un craquement sec se fit entendre aussit\u00f4t et une porte dissimil\u00e9e dans le mur derri\u00e8re la statue s\u2019entrouvrit.<\/p>\n\n\n\n<p>\u2014&nbsp;Saya\u2009! chuchota Laeta sans oser parler plus fort de peur de d\u00e9ranger les t\u00e9n\u00e8bres avant de s\u2019introduire dans l\u2019escalier secret.<\/p>\n\n\n\n<p>Elles gravirent les marches \u00e9troites, puis d\u00e9ambul\u00e8rent un long moment dans l\u2019obscurit\u00e9 jusqu\u2019\u00e0 ce qu\u2019elles aper\u00e7oivent un peu de lumi\u00e8re devant elles. Cami souffla alors leur propre bougie pour ne pas risquer d\u2019\u00eatre rep\u00e9r\u00e9e. Un l\u00e9ger bruissement, pareil au pi\u00e9tinement d\u2019un animal discret, leur parvenait depuis la zone plong\u00e9e dans la p\u00e9nombre. Il n\u2019y avait l\u00e0 rien pour les rassurer, surtout qu\u2019elles \u00e9taient maintenant dans une quasi-obscurit\u00e9, elles d\u00e9cid\u00e8rent tout de m\u00eame d\u2019avancer en s\u2019appliquant \u00e0 rester dans le plus parfait des silences.<\/p>\n\n\n\n<p>Elles d\u00e9bouch\u00e8rent bient\u00f4t dans une petite pi\u00e8ce \u00e9trange, \u00e9clair\u00e9e par quelques trous dans les murs qui laissaient filer de minces traits de lumi\u00e8re perpendiculaires \u00e0 la paroi, dans laquelle les deux issues \u00e9taient encadr\u00e9es par des Caryatides. Puis, ce que Laeta avait pris pour une statue suppl\u00e9mentaire se mit \u00e0 bouger.<\/p>\n\n\n\n<p>Il y avait quelqu\u2019un\u2009!<\/p>\n\n\n\n<p>Laeta retint son souffle et se plaqua contre le mur, aussit\u00f4t imit\u00e9e par son amie. Un homme tout enturbann\u00e9 de noir \u00e9tait occup\u00e9 \u00e0 regarder \u00e0 travers un des orifices. Ses v\u00eatements \u00e9taient si sombres que s\u2019il n\u2019y avait pas eu ces filets lumineux, il eut \u00e9t\u00e9 compl\u00e8tement invisible. Il testait l\u2019ensemble des trous, m\u00e9ticuleusement, un \u00e0 un.<\/p>\n\n\n\n<p>Laeta repoussa d\u00e9licatement Cami et amor\u00e7a avec elle un lent mouvement de recul. Qu\u2019il les voie et ce pouvait en \u00eatre fini d\u2019elles. Mais, \u00e0 peine avaient-elles commenc\u00e9 \u00e0 s\u2019\u00e9loigner qu\u2019un grincement, suivi d\u2019un claquement r\u00e9sonn\u00e8rent dans le couloir secret. Puis ce ne fut plus qu\u2019un silence si marqu\u00e9 qu\u2019elles entendaient chacune distinctement les battements de leurs c\u0153urs affol\u00e9s. Elles attendirent, ind\u00e9cises, immobiles, puis se risqu\u00e8rent en avant pour revenir jeter un \u0153il au coin du mur.<\/p>\n\n\n\n<p>&nbsp;L\u2019espion avait disparu. Laeta avait beau tendre l\u2019oreille, elle ne percevait aucun pas s\u2019\u00e9loigner dans l\u2019autre corridor. Lorsqu\u2019elles furent certaines qu\u2019il n\u2019\u00e9tait pas \u00e0 les attendre en embuscade, cach\u00e9 dans ce second couloir, elles se pr\u00e9cipit\u00e8rent sur les orifices dans les murs. Ils permettaient d\u2019observer des chambres, d\u2019espionner discr\u00e8tement les suites d\u2019invit\u00e9s qu\u2019on logeait dans cette aile. De l\u2019autre c\u00f4t\u00e9, ils \u00e9taient probablement camoufl\u00e9s dans les bas-reliefs, derri\u00e8re des miroirs sans tain ou dans des tapisseries.<\/p>\n\n\n\n<p>\u2014&nbsp;Regarde\u2009! murmura Cami. C\u2019est le manteau que portait le chazad\u00e9 Zahid, et l\u00e0, ce doit \u00eatre celui de son imam. Ce sont leurs appartements\u2026 et ils sont vides\u2009!<\/p>\n\n\n\n<p>\u2014&nbsp;Il doit y avoir un passage pour y acc\u00e9der, fit remarquer Laeta apr\u00e8s avoir observ\u00e9 \u00e0 son tour. C\u2019est ce qu\u2019a d\u00fb faire celui que nous avons surpris. Continue de regarder\u2009! Je rallume la bougie.<\/p>\n\n\n\n<p>La lueur de la chandelle d\u00e9voila une nouvelle porte de pierre, si basse, qu\u2019on l\u2019aurait cru taill\u00e9e pour un nain. Elle avait bien une clenche, mais il y manquait la poign\u00e9e, il n\u2019y avait qu\u2019un trou carr\u00e9 \u00e0 la place.<\/p>\n\n\n\n<p>Laeta saisit la plus grosse des babioles qui pendaient \u00e0 son bracelet, une tige oblongue et anguleuse de m\u00e9tal, y introduisit une aiguille perpendiculairement et en fit une poign\u00e9e improvis\u00e9e. Apr\u00e8s s\u2019\u00eatre assur\u00e9e que Cami ne voyait toujours personne \u00e0 l\u2019int\u00e9rieur, elle ouvrit la porte. Elle ne donnait pas directement sur la chambre, mais sur un conduit \u00e9troit qu\u2019elles emprunt\u00e8rent jusqu\u2019\u00e0 une seconde issue d\u00e9rob\u00e9e. Cette derni\u00e8re les mena dans une alc\u00f4ve, derri\u00e8re une grosse potiche, dans un large couloir d\u00e9sert \u00e9clair\u00e9 par des chandeliers. Elles se dirig\u00e8rent aussit\u00f4t en direction d\u2019une des nombreuses portes qui s\u2019ouvraient ici, celle qu\u2019elles supposaient donner dans la chambre du chazad\u00e9 Zahid.<\/p>\n\n\n\n<p>Laeta s\u2019escrima sur la serrure avec ses outils pendant que Cami faisait le guet. Lorsque le m\u00e9canisme c\u00e9da, elles entr\u00e8rent en trombe dans la suite et y reconnurent le manteau du prince.<\/p>\n\n\n\n<p>\u2014&nbsp;Vite\u2009! chuchota Laeta.<\/p>\n\n\n\n<p>Les appartements \u00e9taient constitu\u00e9s de trois pi\u00e8ces dont on avait n\u00e9glig\u00e9 d\u2019\u00e9teindre les chandeliers. Laeta s\u2019employa \u00e0 fouiller la chambre principale alors que Cami tenta sa chance dans celle de gauche, chacune prenant bien soin de remettre bien en place tout ce qu\u2019elle soulevait pour laisser le moins de traces possible. Tout y passa&nbsp;: les coffres, les v\u00eatements, les couchages, les secr\u00e9taires\u2026 Mais le fameux livre, si tant est qu\u2019il f\u00fbt l\u00e0, restait introuvable.<\/p>\n\n\n\n<p>Les instants d\u00e9filaient aussi vite que la tension montait\u2026 Jusqu\u2019\u00e0 ce que Laeta d\u00e9couvr\u00eet un grand sac&nbsp;de cuir&nbsp;camoufl\u00e9 sous des coussins. Elle l\u2019attrapa en retenant son souffle. Il \u00e9tait rempli d\u2019ouvrages, parmi lesquels elle rep\u00e9ra celui que son ma\u00eetre l\u2019avait envoy\u00e9 chercher&nbsp;: \u00ab\u2009Yskandar&nbsp;le grand\u2009\u00bb. Ash allait \u00eatre tr\u00e8s satisfait d\u2019elle<em>\u2026<\/em><\/p>\n\n\n\n<p>Par acquit de conscience, et pour parer \u00e0 une \u00e9ventuelle ruse, elle l\u2019ouvrit et parcourut quelques lignes&nbsp;:<\/p>\n\n\n\n<p><em>\u00ab<\/em><em>\u2009La seconde grande bataille livr\u00e9e par Yskandar aux parses eut lieu \u00e0 Issos. Cette fois, le roi D\u00e9ri\u00e8s assumait personnellement le commandement de sa gigantesque arm\u00e9e\u2026 Mais peut-on s\u2019opposer \u00e0 la volont\u00e9 des divinit\u00e9s<\/em><em>\u2009?\u2026 Perdiccas fit mille prouesses, il \u00e9tait un des plus fid\u00e8les d\u2019Yskandar. Descendant d\u2019un demi-dieu, il \u00e9tait invuln\u00e9rable hormis \u00e0 sa jambe gauche. Il d\u00e9fit, \u00e0 lui seul, cent cavaliers\u2026 Yskandar promenait partout son regard cherchant \u00e0 distinguer D\u00e9ri\u00e8s\u2026<\/em>\u2009\u00bb<\/p>\n\n\n\n<p>Laeta sursauta brusquement et se retourna en entendant un bruit derri\u00e8re elle. Trop tard\u2009! L\u2019homme en noir \u00e9tait l\u00e0. Il \u00e9tait arriv\u00e9 plus silencieux qu\u2019un fennec.<\/p>\n\n\n\n<p>\u2014&nbsp;Pour qui travailles-tu, sale petite voleuse\u2009! l\u2019interrogea-t-il en l\u2019attrapant par le col et en la plaquant contre le mur.<\/p>\n\n\n\n<figure class=\"wp-block-image size-large\" id=\"block-e96476e1-5a71-4a53-8ba8-03e957ee65af\"><a href=\"https:\/\/www.sindarick.fr\/wordpress\/wp-content\/uploads\/2022\/06\/LAETA-T4-mockup04.png\"><img loading=\"lazy\" decoding=\"async\" width=\"1024\" height=\"682\" src=\"https:\/\/www.sindarick.fr\/wordpress\/wp-content\/uploads\/2022\/06\/LAETA-T4-mockup04-1024x682.png\" alt=\"\" class=\"wp-image-1107\" srcset=\"https:\/\/www.sindarick.fr\/wordpress\/wp-content\/uploads\/2022\/06\/LAETA-T4-mockup04-1024x682.png 1024w, https:\/\/www.sindarick.fr\/wordpress\/wp-content\/uploads\/2022\/06\/LAETA-T4-mockup04-300x200.png 300w, https:\/\/www.sindarick.fr\/wordpress\/wp-content\/uploads\/2022\/06\/LAETA-T4-mockup04-768x512.png 768w, https:\/\/www.sindarick.fr\/wordpress\/wp-content\/uploads\/2022\/06\/LAETA-T4-mockup04-1536x1024.png 1536w, https:\/\/www.sindarick.fr\/wordpress\/wp-content\/uploads\/2022\/06\/LAETA-T4-mockup04-350x233.png 350w, https:\/\/www.sindarick.fr\/wordpress\/wp-content\/uploads\/2022\/06\/LAETA-T4-mockup04.png 2000w\" sizes=\"auto, (max-width: 767px) 89vw, (max-width: 1000px) 54vw, (max-width: 1071px) 543px, 580px\" \/><\/a><figcaption>La houri et le sorcier<\/figcaption><\/figure>\n\n\n\n<div class=\"wp-block-buttons is-horizontal is-content-justification-center is-layout-flex wp-container-core-buttons-is-layout-499968f5 wp-block-buttons-is-layout-flex\">\n<div class=\"wp-block-button has-custom-width wp-block-button__width-25 has-custom-font-size is-style-outline is-style-outline--9\" style=\"font-size:12px\"><a class=\"wp-block-button__link\">    Epub     <\/a><\/div>\n\n\n\n<div class=\"wp-block-button has-custom-width wp-block-button__width-25 has-custom-font-size is-style-outline is-style-outline--10\" style=\"font-size:12px\"><a class=\"wp-block-button__link\" href=\"https:\/\/www.amazon.fr\/houri-sorcier-St%C3%A9phane-Tarrade\/dp\/B09YHFLVN1\/ref=tmm_pap_swatch_0?_encoding=UTF8&amp;qid=1654953121&amp;sr=8-6\">Broch\u00e9<\/a><\/div>\n\n\n\n<div class=\"wp-block-button has-custom-width wp-block-button__width-25 has-custom-font-size is-style-outline is-style-outline--11\" style=\"font-size:12px\"><a class=\"wp-block-button__link\" href=\"https:\/\/www.amazon.fr\/houri-sorcier-Laeta-t-ebook\/dp\/B09XXH4SFR\/ref=sr_1_6?__mk_fr_FR=%C3%85M%C3%85%C5%BD%C3%95%C3%91&amp;keywords=stephane+Tarrade&amp;qid=1654953121&amp;sr=8-6\">Kindle <\/a><\/div>\n\n\n\n<div class=\"wp-block-button has-custom-width wp-block-button__width-25 has-custom-font-size is-style-outline is-style-outline--12\" style=\"font-size:12px\"><a class=\"wp-block-button__link\">pdf <\/a><\/div>\n<\/div>\n\n\n\n<figure class=\"wp-block-image\" id=\"block-cb219246-6951-4b66-9f33-3b1be95304bd\"><img decoding=\"async\" src=\"https:\/\/www.sindarick.fr\/wordpress\/wp-content\/uploads\/2021\/10\/commentaire3.png\" alt=\"L\u2019attribut alt de cette image est vide, son nom de fichier est commentaire3.png.\"\/><figcaption>Commentaire relatif \u00e0 la premi\u00e8re \u00e9dition de la s\u00e9rie<\/figcaption><\/figure>\n\n\n\n<p id=\"block-3d646e70-0ba3-4645-bd2f-bb59f0b35094\">Une des meilleures sagas jamais lues. J\u2019attends le dernier tome avec impatience. L\u2019\u00e9criture est divine, l\u2019intrigue est incroyablement complexe et bien ficel\u00e9e au fur et \u00e0 mesure des tomes. Les personnages vraiment int\u00e9ressants. Beaucoup de sc\u00e8ne \u00e9rotiques sur les premiers livres, mais elles deviennent plus rares sur les derniers au profit d\u2019aventures initiatiques qui savent parfaitement les remplacer.<\/p>\n\n\n\n<p><\/p>\n\n\n\n<p> Ce site ne fait pas partie de Facebook ou Facebook Inc. Le contenu de ce site web n&#8217;a pas \u00e9t\u00e9 v\u00e9rifi\u00e9 par Facebook. Ce site n&#8217;est en aucune fa\u00e7on affili\u00e9 \u00e0 Facebook. FACEBOOK est une marque d\u00e9pos\u00e9e de Facebook Inc. &nbsp; <\/p>\n","protected":false},"excerpt":{"rendered":"<p>Le livre papier (broch\u00e9) est \u00e0 19 euros et les versions num\u00e9riques \u00e0 4,99 \u20ac. Lorsqu&#8217;une esclave devient une h\u00e9ro\u00efne&#8230; \u00c0 courir apr\u00e8s une \u00e9toile, on se perd au c\u0153ur de la nuit\u2026 De retour dans l\u2019Orient de son enfance, Laeta entre au service d\u2019Ash-al-Azyr, un sulfureux sorcier, qui l\u2019utilise dans ses complots tortueux. Ce &hellip; <\/p>\n<p class=\"link-more\"><a href=\"https:\/\/www.sindarick.fr\/wordpress\/?page_id=1106\" class=\"more-link\">Continuer la lecture<span class=\"screen-reader-text\"> de &laquo;&nbsp;\u00c0 courir apr\u00e8s une \u00e9toile, on se perd au c\u0153ur de la nuit&#8230;&nbsp;&raquo;<\/span><\/a><\/p>\n","protected":false},"author":1,"featured_media":1113,"parent":0,"menu_order":0,"comment_status":"closed","ping_status":"closed","template":"","meta":{"footnotes":""},"class_list":["post-1106","page","type-page","status-publish","has-post-thumbnail","hentry"],"_links":{"self":[{"href":"https:\/\/www.sindarick.fr\/wordpress\/index.php?rest_route=\/wp\/v2\/pages\/1106","targetHints":{"allow":["GET"]}}],"collection":[{"href":"https:\/\/www.sindarick.fr\/wordpress\/index.php?rest_route=\/wp\/v2\/pages"}],"about":[{"href":"https:\/\/www.sindarick.fr\/wordpress\/index.php?rest_route=\/wp\/v2\/types\/page"}],"author":[{"embeddable":true,"href":"https:\/\/www.sindarick.fr\/wordpress\/index.php?rest_route=\/wp\/v2\/users\/1"}],"replies":[{"embeddable":true,"href":"https:\/\/www.sindarick.fr\/wordpress\/index.php?rest_route=%2Fwp%2Fv2%2Fcomments&post=1106"}],"version-history":[{"count":1,"href":"https:\/\/www.sindarick.fr\/wordpress\/index.php?rest_route=\/wp\/v2\/pages\/1106\/revisions"}],"predecessor-version":[{"id":1110,"href":"https:\/\/www.sindarick.fr\/wordpress\/index.php?rest_route=\/wp\/v2\/pages\/1106\/revisions\/1110"}],"wp:featuredmedia":[{"embeddable":true,"href":"https:\/\/www.sindarick.fr\/wordpress\/index.php?rest_route=\/wp\/v2\/media\/1113"}],"wp:attachment":[{"href":"https:\/\/www.sindarick.fr\/wordpress\/index.php?rest_route=%2Fwp%2Fv2%2Fmedia&parent=1106"}],"curies":[{"name":"wp","href":"https:\/\/api.w.org\/{rel}","templated":true}]}}