{"id":1124,"date":"2022-10-23T15:02:44","date_gmt":"2022-10-23T15:02:44","guid":{"rendered":"https:\/\/www.sindarick.fr\/wordpress\/?page_id=1124"},"modified":"2022-10-24T09:39:32","modified_gmt":"2022-10-24T09:39:32","slug":"a-chercher-une-etoile-on-en-decouvre-une-autre","status":"publish","type":"page","link":"https:\/\/www.sindarick.fr\/wordpress\/?page_id=1124","title":{"rendered":"\u00c0 chercher une \u00e9toile, on en d\u00e9couvre une autre&#8230;"},"content":{"rendered":"\n<div class=\"wp-block-buttons is-horizontal is-content-justification-center is-layout-flex wp-container-core-buttons-is-layout-499968f5 wp-block-buttons-is-layout-flex\">\n<div class=\"wp-block-button has-custom-width wp-block-button__width-25 has-custom-font-size is-style-outline is-style-outline--1\" style=\"font-size:12px\"><a class=\"wp-block-button__link\">    Epub     <\/a><\/div>\n\n\n\n<div class=\"wp-block-button has-custom-width wp-block-button__width-25 has-custom-font-size is-style-outline is-style-outline--2\" style=\"font-size:12px\"><a class=\"wp-block-button__link\" href=\"https:\/\/www.amazon.fr\/djinns-Sables-Miraj-St%C3%A9phane-Tarrade\/dp\/B0BGZQZQLP\/ref=tmm_pap_swatch_0?_encoding=UTF8&amp;qid=1666536378&amp;sr=8-4\">Broch\u00e9<\/a><\/div>\n\n\n\n<div class=\"wp-block-button has-custom-width wp-block-button__width-25 has-custom-font-size is-style-outline is-style-outline--3\" style=\"font-size:12px\"><a class=\"wp-block-button__link\" href=\"https:\/\/www.amazon.fr\/djinns-Sables-Miraj-Laeta-t-ebook\/dp\/B0BFHTQTMD\/ref=sr_1_4?__mk_fr_FR=%C3%85M%C3%85%C5%BD%C3%95%C3%91&amp;keywords=stephane+Tarrade&amp;qid=1666536378&amp;qu=eyJxc2MiOiIyLjQyIiwicXNhIjoiMC45MiIsInFzcCI6IjAuMDAifQ%3D%3D&amp;sr=8-4\">Kindle <\/a><\/div>\n\n\n\n<div class=\"wp-block-button has-custom-width wp-block-button__width-25 has-custom-font-size is-style-outline is-style-outline--4\" style=\"font-size:12px\"><a class=\"wp-block-button__link\">pdf <\/a><\/div>\n<\/div>\n\n\n\n<p>Le livre papier (broch\u00e9) est \u00e0 18 euros et les versions num\u00e9riques \u00e0 3,99 euros. Vous pouvez commander le livre papier chez votre libraire pr\u00e9f\u00e9r\u00e9 (distribu\u00e9 par Hachette).<\/p>\n\n\n<div class=\"wp-block-image\">\n<figure class=\"aligncenter size-large\"><a href=\"https:\/\/www.sindarick.fr\/wordpress\/wp-content\/uploads\/2022\/10\/Laeta-T5-Mockup01.png\"><img loading=\"lazy\" decoding=\"async\" width=\"931\" height=\"1024\" src=\"https:\/\/www.sindarick.fr\/wordpress\/wp-content\/uploads\/2022\/10\/Laeta-T5-Mockup01-931x1024.png\" alt=\"\" class=\"wp-image-1125\" srcset=\"https:\/\/www.sindarick.fr\/wordpress\/wp-content\/uploads\/2022\/10\/Laeta-T5-Mockup01-931x1024.png 931w, https:\/\/www.sindarick.fr\/wordpress\/wp-content\/uploads\/2022\/10\/Laeta-T5-Mockup01-273x300.png 273w, https:\/\/www.sindarick.fr\/wordpress\/wp-content\/uploads\/2022\/10\/Laeta-T5-Mockup01-768x845.png 768w, https:\/\/www.sindarick.fr\/wordpress\/wp-content\/uploads\/2022\/10\/Laeta-T5-Mockup01-1397x1536.png 1397w, https:\/\/www.sindarick.fr\/wordpress\/wp-content\/uploads\/2022\/10\/Laeta-T5-Mockup01-1862x2048.png 1862w, https:\/\/www.sindarick.fr\/wordpress\/wp-content\/uploads\/2022\/10\/Laeta-T5-Mockup01-350x385.png 350w\" sizes=\"auto, (max-width: 767px) 89vw, (max-width: 1000px) 54vw, (max-width: 1071px) 543px, 580px\" \/><\/a><\/figure>\n<\/div>\n\n\n<p class=\"has-text-align-center has-large-font-size\">Lorsqu&#8217;une esclave devient une h\u00e9ro\u00efne\u2026<\/p>\n\n\n\n<p class=\"has-medium-font-size\"><strong><mark style=\"background-color:rgba(0, 0, 0, 0);color:#c8a301\" class=\"has-inline-color\">\u00c0 <\/mark><\/strong><mark style=\"background-color:rgba(0, 0, 0, 0);color:#c8a301\" class=\"has-inline-color\"><strong>chercher une \u00e9toile, on en d\u00e9couvre une autre\u2026<\/strong><\/mark><\/p>\n\n\n\n<p class=\"has-medium-font-size\">Des d\u00e9serts br\u00fblants du Shamyr aux montagnes les plus \u00e9lev\u00e9es de Geya, en passant par la redoutable forteresse de Bekessos, Laeta poursuit la qu\u00eate insens\u00e9e de <em>l\u2019\u00e9toile des sables<\/em> \u00e0 travers tout l\u2019Orient. Mais le joyau merveilleux attire beaucoup de convoitises.<\/p>\n\n\n\n<p class=\"has-medium-font-size\">Ses amis d\u2019hier pourraient bien grossir les rangs de ses ennemis. Comment r\u00e9agira le mage Ash-al-Azyr, son ancien ma\u00eetre, en apprenant sa fuite\u2009? Qui sont les myst\u00e9rieux cavaliers qui la poursuivent\u2009?<\/p>\n\n\n\n<p class=\"has-medium-font-size\">C\u2019est une v\u00e9ritable course contre la mort que Laeta va engager, \u00e0 plonger au c\u0153ur des t\u00e9n\u00e8bres. La houri se laissera-t-elle s\u00e9duire par l\u2019ombre au moment crucial\u2009? Ira-t-elle jusqu\u2019\u00e0 l\u2019\u00e9pouser\u2009?<\/p>\n\n\n\n<p class=\"has-medium-font-size\">Dans ce voyage initiatique, Laeta sera expos\u00e9e \u00e0 des tentations qu\u2019elle n\u2019aurait jamais imagin\u00e9es et franchira une \u00e9tape de plus sur la voie de la houri. Saisira-t-elle pour autant le sens cach\u00e9 de l\u2019\u00e9nigme que lui posera le prince des djinns\u2009?<\/p>\n\n\n\n<p class=\"has-medium-font-size\">\u00c0 chercher une \u00e9toile, on en d\u00e9couvre parfois une autre\u2026<\/p>\n\n\n\n<figure class=\"wp-block-image size-large\"><a href=\"https:\/\/www.sindarick.fr\/wordpress\/wp-content\/uploads\/2022\/10\/Laeta-T5-Mockup03.png\"><img loading=\"lazy\" decoding=\"async\" width=\"1024\" height=\"909\" src=\"https:\/\/www.sindarick.fr\/wordpress\/wp-content\/uploads\/2022\/10\/Laeta-T5-Mockup03-1024x909.png\" alt=\"\" class=\"wp-image-1126\" srcset=\"https:\/\/www.sindarick.fr\/wordpress\/wp-content\/uploads\/2022\/10\/Laeta-T5-Mockup03-1024x909.png 1024w, https:\/\/www.sindarick.fr\/wordpress\/wp-content\/uploads\/2022\/10\/Laeta-T5-Mockup03-300x266.png 300w, https:\/\/www.sindarick.fr\/wordpress\/wp-content\/uploads\/2022\/10\/Laeta-T5-Mockup03-768x682.png 768w, https:\/\/www.sindarick.fr\/wordpress\/wp-content\/uploads\/2022\/10\/Laeta-T5-Mockup03-350x311.png 350w, https:\/\/www.sindarick.fr\/wordpress\/wp-content\/uploads\/2022\/10\/Laeta-T5-Mockup03.png 1031w\" sizes=\"auto, (max-width: 767px) 89vw, (max-width: 1000px) 54vw, (max-width: 1071px) 543px, 580px\" \/><\/a><\/figure>\n\n\n\n<div class=\"wp-block-buttons is-horizontal is-content-justification-center is-layout-flex wp-container-core-buttons-is-layout-499968f5 wp-block-buttons-is-layout-flex\">\n<div class=\"wp-block-button has-custom-width wp-block-button__width-25 has-custom-font-size is-style-outline is-style-outline--5\" style=\"font-size:12px\"><a class=\"wp-block-button__link\">    Epub     <\/a><\/div>\n\n\n\n<div class=\"wp-block-button has-custom-width wp-block-button__width-25 has-custom-font-size is-style-outline is-style-outline--6\" style=\"font-size:12px\"><a class=\"wp-block-button__link\" href=\"https:\/\/www.amazon.fr\/djinns-Sables-Miraj-St%C3%A9phane-Tarrade\/dp\/B0BGZQZQLP\/ref=tmm_pap_swatch_0?_encoding=UTF8&amp;qid=1666536378&amp;sr=8-4\">Broch\u00e9<\/a><\/div>\n\n\n\n<div class=\"wp-block-button has-custom-width wp-block-button__width-25 has-custom-font-size is-style-outline is-style-outline--7\" style=\"font-size:12px\"><a class=\"wp-block-button__link\" href=\"https:\/\/www.amazon.fr\/djinns-Sables-Miraj-Laeta-t-ebook\/dp\/B0BFHTQTMD\/ref=sr_1_4?__mk_fr_FR=%C3%85M%C3%85%C5%BD%C3%95%C3%91&amp;keywords=stephane+Tarrade&amp;qid=1666536378&amp;qu=eyJxc2MiOiIyLjQyIiwicXNhIjoiMC45MiIsInFzcCI6IjAuMDAifQ%3D%3D&amp;sr=8-4\">Kindle <\/a><\/div>\n\n\n\n<div class=\"wp-block-button has-custom-width wp-block-button__width-25 has-custom-font-size is-style-outline is-style-outline--8\" style=\"font-size:12px\"><a class=\"wp-block-button__link\">pdf <\/a><\/div>\n<\/div>\n\n\n\n<p class=\"has-large-font-size\">Extrait :<\/p>\n\n\n\n<p>Laeta n\u2019avait jamais eu aussi soif, sa t\u00eate allait \u00e9clater. Marcher, marcher encore dans la fournaise, elle \u00e9tait \u00e9puis\u00e9e. La r\u00e9alit\u00e9 commen\u00e7ait \u00e0 se troubler autour d\u2019elle. Qu\u2019\u00e9tait donc ce grand serpent noir qu\u2019elle avait cru voir se pr\u00e9lasser au sommet d\u2019une dune\u2009? Un mirage\u2009? Et ce dromadaire\u2009? Il avait des ailes\u2009! L\u2019\u00e9trange animal lui adressa un signe de la t\u00eate, comme s\u2019il l\u2019invitait \u00e0 le suivre. Une hallucination\u2009! Ce ne pouvait \u00eatre que cela\u2009!<\/p>\n\n\n\n<p>Lorsqu\u2019elle franchit, la premi\u00e8re, une nouvelle cr\u00eate de sable, elle d\u00e9couvrit enfin l\u2019oasis. De magnifiques palmiers formaient un arc de cercle presque ferm\u00e9 autour d\u2019une \u00e9tendue d\u2019eau, dans les derni\u00e8res lueurs du jour. Le soleil couchant c\u00e9dait la place \u00e0 un beau croissant de lune qui paraissait immense, croissant suspendu dans un \u00e9crin constell\u00e9 d\u2019\u00e9toiles qui s\u2019allumaient les unes apr\u00e8s les autres.<\/p>\n\n\n\n<p>Ils clopin\u00e8rent tous vers l\u2019\u00e9tang \u00e0 l\u2019onde parfaitement calme, aucun d\u2019entre eux n\u2019ayant la force de courir.<\/p>\n\n\n\n<p>Mais une fois de plus, l\u2019\u00e9tendue d\u2019eau, tout comme l\u2019oasis, se d\u00e9roba devant eux. Elle disparut compl\u00e8tement, les abandonnant au milieu d\u2019une esplanade de rocailles br\u00fblantes, de pierres et de gros rochers.<\/p>\n\n\n\n<p>\u2014&nbsp;Mais\u2009! Mais\u2009! Ce n\u2019est pas possible\u2026 articula Nara, la gorge affreusement dess\u00e9ch\u00e9e. Les mirages\u2009! Pas la nuit\u2009!<\/p>\n\n\n\n<p>Des ricanements moqueurs r\u00e9pondirent \u00e0 son interrogation. Toute une bande de marauds aux visages masqu\u00e9s par des turbans noirs sortit de derri\u00e8re les rochers, des gobelins du d\u00e9sert, petits, mais avec des t\u00eates trop grosses comparativement \u00e0 leurs corps, des orcs \u00e0 la peau sombre et sans doute aussi quelques hommes. Ils \u00e9taient v\u00eatus \u00e0 la fa\u00e7on des tribus badawinnes, mais avec des tawbs sales ou des djellabas n\u00e9glig\u00e9es, mais surtout, ils \u00e9taient bard\u00e9s de ceinturons et de baudriers de cuir, amplement garnis de kandjars, de cimeterres, de haches, d\u2019arcs et de fl\u00e8ches. Les brigands de Sharduk-al-gobelin \u00e9taient arm\u00e9s jusqu\u2019aux dents.<\/p>\n\n\n\n<p>\u2014&nbsp;Vous vouliez boire de notre eau\u2009? se moqua leur chef. Il y a un prix \u00e0 payer\u2009!<\/p>\n\n\n\n<p><\/p>\n\n\n\n<figure class=\"wp-block-image size-large\"><a href=\"https:\/\/www.sindarick.fr\/wordpress\/wp-content\/uploads\/2022\/10\/Laeta-T5-Mockup04.png\"><img loading=\"lazy\" decoding=\"async\" width=\"1024\" height=\"682\" src=\"https:\/\/www.sindarick.fr\/wordpress\/wp-content\/uploads\/2022\/10\/Laeta-T5-Mockup04-1024x682.png\" alt=\"\" class=\"wp-image-1127\" srcset=\"https:\/\/www.sindarick.fr\/wordpress\/wp-content\/uploads\/2022\/10\/Laeta-T5-Mockup04-1024x682.png 1024w, https:\/\/www.sindarick.fr\/wordpress\/wp-content\/uploads\/2022\/10\/Laeta-T5-Mockup04-300x200.png 300w, https:\/\/www.sindarick.fr\/wordpress\/wp-content\/uploads\/2022\/10\/Laeta-T5-Mockup04-768x512.png 768w, https:\/\/www.sindarick.fr\/wordpress\/wp-content\/uploads\/2022\/10\/Laeta-T5-Mockup04-1536x1024.png 1536w, https:\/\/www.sindarick.fr\/wordpress\/wp-content\/uploads\/2022\/10\/Laeta-T5-Mockup04-350x233.png 350w, https:\/\/www.sindarick.fr\/wordpress\/wp-content\/uploads\/2022\/10\/Laeta-T5-Mockup04.png 2000w\" sizes=\"auto, (max-width: 767px) 89vw, (max-width: 1000px) 54vw, (max-width: 1071px) 543px, 580px\" \/><\/a><\/figure>\n\n\n\n<div class=\"wp-block-buttons is-horizontal is-content-justification-center is-layout-flex wp-container-core-buttons-is-layout-499968f5 wp-block-buttons-is-layout-flex\">\n<div class=\"wp-block-button has-custom-width wp-block-button__width-25 has-custom-font-size is-style-outline is-style-outline--9\" style=\"font-size:12px\"><a class=\"wp-block-button__link\">    Epub     <\/a><\/div>\n\n\n\n<div class=\"wp-block-button has-custom-width wp-block-button__width-25 has-custom-font-size is-style-outline is-style-outline--10\" style=\"font-size:12px\"><a class=\"wp-block-button__link\" href=\"https:\/\/www.amazon.fr\/djinns-Sables-Miraj-St%C3%A9phane-Tarrade\/dp\/B0BGZQZQLP\/ref=tmm_pap_swatch_0?_encoding=UTF8&amp;qid=1666536378&amp;sr=8-4\">Broch\u00e9<\/a><\/div>\n\n\n\n<div class=\"wp-block-button has-custom-width wp-block-button__width-25 has-custom-font-size is-style-outline is-style-outline--11\" style=\"font-size:12px\"><a class=\"wp-block-button__link\" href=\"https:\/\/www.amazon.fr\/djinns-Sables-Miraj-Laeta-t-ebook\/dp\/B0BFHTQTMD\/ref=sr_1_4?__mk_fr_FR=%C3%85M%C3%85%C5%BD%C3%95%C3%91&amp;keywords=stephane+Tarrade&amp;qid=1666536378&amp;qu=eyJxc2MiOiIyLjQyIiwicXNhIjoiMC45MiIsInFzcCI6IjAuMDAifQ%3D%3D&amp;sr=8-4\">Kindle <\/a><\/div>\n\n\n\n<div class=\"wp-block-button has-custom-width wp-block-button__width-25 has-custom-font-size is-style-outline is-style-outline--12\" style=\"font-size:12px\"><a class=\"wp-block-button__link\">pdf <\/a><\/div>\n<\/div>\n","protected":false},"excerpt":{"rendered":"<p>Le livre papier (broch\u00e9) est \u00e0 18 euros et les versions num\u00e9riques \u00e0 3,99 euros. Vous pouvez commander le livre papier chez votre libraire pr\u00e9f\u00e9r\u00e9 (distribu\u00e9 par Hachette). Lorsqu&#8217;une esclave devient une h\u00e9ro\u00efne\u2026 \u00c0 chercher une \u00e9toile, on en d\u00e9couvre une autre\u2026 Des d\u00e9serts br\u00fblants du Shamyr aux montagnes les plus \u00e9lev\u00e9es de Geya, en &hellip; <\/p>\n<p class=\"link-more\"><a href=\"https:\/\/www.sindarick.fr\/wordpress\/?page_id=1124\" class=\"more-link\">Continuer la lecture<span class=\"screen-reader-text\"> de &laquo;&nbsp;\u00c0 chercher une \u00e9toile, on en d\u00e9couvre une autre&#8230;&nbsp;&raquo;<\/span><\/a><\/p>\n","protected":false},"author":1,"featured_media":1136,"parent":989,"menu_order":5,"comment_status":"closed","ping_status":"closed","template":"","meta":{"footnotes":""},"class_list":["post-1124","page","type-page","status-publish","has-post-thumbnail","hentry"],"_links":{"self":[{"href":"https:\/\/www.sindarick.fr\/wordpress\/index.php?rest_route=\/wp\/v2\/pages\/1124","targetHints":{"allow":["GET"]}}],"collection":[{"href":"https:\/\/www.sindarick.fr\/wordpress\/index.php?rest_route=\/wp\/v2\/pages"}],"about":[{"href":"https:\/\/www.sindarick.fr\/wordpress\/index.php?rest_route=\/wp\/v2\/types\/page"}],"author":[{"embeddable":true,"href":"https:\/\/www.sindarick.fr\/wordpress\/index.php?rest_route=\/wp\/v2\/users\/1"}],"replies":[{"embeddable":true,"href":"https:\/\/www.sindarick.fr\/wordpress\/index.php?rest_route=%2Fwp%2Fv2%2Fcomments&post=1124"}],"version-history":[{"count":1,"href":"https:\/\/www.sindarick.fr\/wordpress\/index.php?rest_route=\/wp\/v2\/pages\/1124\/revisions"}],"predecessor-version":[{"id":1128,"href":"https:\/\/www.sindarick.fr\/wordpress\/index.php?rest_route=\/wp\/v2\/pages\/1124\/revisions\/1128"}],"up":[{"embeddable":true,"href":"https:\/\/www.sindarick.fr\/wordpress\/index.php?rest_route=\/wp\/v2\/pages\/989"}],"wp:featuredmedia":[{"embeddable":true,"href":"https:\/\/www.sindarick.fr\/wordpress\/index.php?rest_route=\/wp\/v2\/media\/1136"}],"wp:attachment":[{"href":"https:\/\/www.sindarick.fr\/wordpress\/index.php?rest_route=%2Fwp%2Fv2%2Fmedia&parent=1124"}],"curies":[{"name":"wp","href":"https:\/\/api.w.org\/{rel}","templated":true}]}}