{"id":1133,"date":"2022-10-23T15:31:34","date_gmt":"2022-10-23T15:31:34","guid":{"rendered":"https:\/\/www.sindarick.fr\/wordpress\/?page_id=1133"},"modified":"2022-10-23T15:31:35","modified_gmt":"2022-10-23T15:31:35","slug":"les-djinns-des-sables-miraj","status":"publish","type":"page","link":"https:\/\/www.sindarick.fr\/wordpress\/?page_id=1133","title":{"rendered":"Les djinns des Sables Miraj"},"content":{"rendered":"\n<p>Ce roman constitue le second volet de la trilogie de fantasy orientale des aventures de Laeta. Le r\u00e9cit, enti\u00e8rement remis \u00e0 neuf, est poursuivi par le tomes 6, qui termine la qu\u00eate compl\u00e8te de l&#8217;\u00e9toile des sables anciennement parue aux \u00e9ditions SK.<\/p>\n\n\n\n<p>Les djinns des Sables Miraj est un voyage \u00e0 travers un monde de fantasy, une invitation \u00e0 l&#8217;aventure, en m\u00eame temps qu&#8217;un tournant d\u00e9cisif dans la vie de l&#8217;h\u00e9ro\u00efne. L&#8217;\u00e9nigme que le prince des djinns lui pose la suivra jusqu&#8217;\u00e0 la fin de son extraordinaire \u00e9pop\u00e9e.<\/p>\n\n\n\n<p>Au sortir de ses aventures \u00e0 travers les sables br\u00fblants du Shamyr, les jungles de Maridjiane et du Maramapur et sa travers\u00e9e des Amraya, Laeta ne sera plus tout \u00e0 fait celle que vous avez d\u00e9couverte dans les Cascades d&#8217;argent et la lune d&#8217;ombre&#8230;<\/p>\n\n\n\n<p class=\"has-medium-font-size\"><strong><strong><mark style=\"background-color:rgba(0, 0, 0, 0);color:#c8a301\" class=\"has-inline-color\">\u00c0 chercher une \u00e9toile, on en d\u00e9couvre une autre\u2026<\/mark><\/strong><\/strong><\/p>\n\n\n\n<p>Des d\u00e9serts br\u00fblants du Shamyr aux montagnes les plus \u00e9lev\u00e9es de Geya, en passant par la redoutable forteresse de Bekessos, Laeta poursuit la qu\u00eate insens\u00e9e de <em>l\u2019\u00e9toile des sables<\/em> \u00e0 travers tout l\u2019Orient. Mais le joyau merveilleux attire beaucoup de convoitises.<\/p>\n\n\n\n<p>Ses amis d\u2019hier pourraient bien grossir les rangs de ses ennemis. Comment r\u00e9agira le mage Ash-al-Azyr, son ancien ma\u00eetre, en apprenant sa fuite\u2009? Qui sont les myst\u00e9rieux cavaliers qui la poursuivent\u2009?<\/p>\n\n\n\n<p>C\u2019est une v\u00e9ritable course contre la mort que Laeta va engager, \u00e0 plonger au c\u0153ur des t\u00e9n\u00e8bres. La houri se laissera-t-elle s\u00e9duire par l\u2019ombre au moment crucial\u2009? Ira-t-elle jusqu\u2019\u00e0 l\u2019\u00e9pouser\u2009?<\/p>\n\n\n\n<p>Dans ce voyage initiatique, Laeta sera expos\u00e9e \u00e0 des tentations qu\u2019elle n\u2019aurait jamais imagin\u00e9es et franchira une \u00e9tape de plus sur la voie de la houri. Saisira-t-elle pour autant le sens cach\u00e9 de l\u2019\u00e9nigme que lui posera le prince des djinns\u2009?<\/p>\n\n\n\n<p>\u00c0 chercher une \u00e9toile, on en d\u00e9couvre parfois une autre\u2026<\/p>\n\n\n\n<figure class=\"wp-block-image size-large\"><img loading=\"lazy\" decoding=\"async\" width=\"1024\" height=\"682\" src=\"https:\/\/www.sindarick.fr\/wordpress\/wp-content\/uploads\/2022\/10\/Laeta-T5-Mockup04-1024x682.png\" alt=\"\" class=\"wp-image-1127\" srcset=\"https:\/\/www.sindarick.fr\/wordpress\/wp-content\/uploads\/2022\/10\/Laeta-T5-Mockup04-1024x682.png 1024w, https:\/\/www.sindarick.fr\/wordpress\/wp-content\/uploads\/2022\/10\/Laeta-T5-Mockup04-300x200.png 300w, https:\/\/www.sindarick.fr\/wordpress\/wp-content\/uploads\/2022\/10\/Laeta-T5-Mockup04-768x512.png 768w, https:\/\/www.sindarick.fr\/wordpress\/wp-content\/uploads\/2022\/10\/Laeta-T5-Mockup04-1536x1024.png 1536w, https:\/\/www.sindarick.fr\/wordpress\/wp-content\/uploads\/2022\/10\/Laeta-T5-Mockup04-350x233.png 350w, https:\/\/www.sindarick.fr\/wordpress\/wp-content\/uploads\/2022\/10\/Laeta-T5-Mockup04.png 2000w\" sizes=\"auto, (max-width: 767px) 89vw, (max-width: 1000px) 54vw, (max-width: 1071px) 543px, 580px\" \/><\/figure>\n\n\n\n<p><\/p>\n\n\n\n<div class=\"wp-block-buttons is-layout-flex wp-block-buttons-is-layout-flex\">\n<div class=\"wp-block-button has-custom-width wp-block-button__width-25 is-style-outline is-style-outline--1\"><a class=\"wp-block-button__link\">    Epub     <\/a><\/div>\n\n\n\n<div class=\"wp-block-button has-custom-width wp-block-button__width-25 is-style-outline is-style-outline--2\"><a class=\"wp-block-button__link\" href=\"https:\/\/www.amazon.fr\/djinns-Sables-Miraj-St%C3%A9phane-Tarrade\/dp\/B0BGZQZQLP\/ref=tmm_pap_swatch_0?_encoding=UTF8&amp;qid=1666536378&amp;sr=8-4\">Broch\u00e9<\/a><\/div>\n\n\n\n<div class=\"wp-block-button has-custom-width wp-block-button__width-25 is-style-outline is-style-outline--3\"><a class=\"wp-block-button__link\">pdf <\/a><\/div>\n\n\n\n<div class=\"wp-block-button has-custom-width wp-block-button__width-25 is-style-outline is-style-outline--4\"><a class=\"wp-block-button__link\" href=\"https:\/\/www.amazon.fr\/djinns-Sables-Miraj-Laeta-t-ebook\/dp\/B0BFHTQTMD\/ref=tmm_kin_swatch_0?_encoding=UTF8&amp;qid=1666536378&amp;sr=8-4\">Kindle <\/a><\/div>\n<\/div>\n\n\n\n<p>Le livre papier (broch\u00e9) est \u00e0 18 euros et les versions num\u00e9riques \u00e0 3,99 \u20ac.<\/p>\n\n\n\n<p class=\"has-large-font-size\"><mark style=\"background-color:rgba(0, 0, 0, 0);color:#c8a301\" class=\"has-inline-color\">Extrait 1<\/mark><\/p>\n\n\n\n<p>Laeta finit par sortir de la caverne ent\u00e9n\u00e9br\u00e9e \u00e0 l\u2019aide de sa lampe. Elle \u00e9mergea dans l\u2019oasis au beau milieu de la nuit. La lune ne s\u2019\u00e9tait pas encore lev\u00e9e, mais les \u00e9toiles brillaient de tous leurs feux. Il n\u2019y avait ni cris ni chants, tout \u00e9tait \u00e9trangement silencieux, pourtant elle retrouva son chemin avec une facilit\u00e9 d\u00e9concertante. C\u2019\u00e9tait \u00e0 croire que cette caverne \u00e9tait cach\u00e9e \u00e0 moins de deux cents pas de l\u2019\u00e9tang principal de l\u2019oasis. Mais lorsqu\u2019elle y d\u00e9boucha, il \u00e9tait compl\u00e8tement d\u00e9sert. Les habitations de pierres ou les tentes des Badawinnes \u00e9taient vides, m\u00eame les troupeaux avaient disparu.<\/p>\n\n\n\n<p>Laeta se sentait de plus en plus inqui\u00e8te, m\u00eame si elle savait qu\u2019elle \u00e9tait en plein enchantement ou peut-\u00eatre dans un r\u00eave. La nuit n\u2019avait pas pu tomber si vite pas plus que les gens n\u2019avaient pu se volatiliser. Elle marcha jusqu\u2019\u00e0 arriver dans une petite clairi\u00e8re de sable clair o\u00f9 elle d\u00e9couvrit le soufi \u00e0 la peau et aux yeux de cuivre, toujours v\u00eatu de sa simple chemise de lin blanc, qui l\u2019attendait assis en tailleur.<\/p>\n\n\n\n<p>\u2014&nbsp;C\u2019est toi qui m\u2019as appel\u00e9\u2009! commen\u00e7a-t-il.<\/p>\n\n\n\n<p>\u2014&nbsp;Appel\u00e9\u2009? Mais\u2026 Vous n\u2019\u00eates plus mur\u00e9 dans le silence\u2009?<\/p>\n\n\n\n<p>L\u2019homme adressa un sourire malicieux \u00e0 Laeta.<\/p>\n\n\n\n<p>\u2014&nbsp;Assieds-toi\u2009! Sais-tu qui je suis\u2009?<\/p>\n\n\n\n<p>Laeta prit place en face de lui, avec toute la gr\u00e2ce dont elle \u00e9tait capable bien qu\u2019ayant toujours sa lampe \u00e0 la main, puis consid\u00e9ra alternativement l\u2019objet de cuivre et l\u2019homme. La lueur de la flamme brillante se refl\u00e9tait parfaitement dans ses yeux.<\/p>\n\n\n\n<p>\u2014&nbsp;Je suppose que vous \u00eates le djinn de la lampe, finit-elle par d\u00e9clarer.<\/p>\n\n\n\n<p>\u2014&nbsp;Tu supposes bien. Mais sache que je suis un prince, un des plus grands.<\/p>\n\n\n\n<p>Laeta le regarda sans oser prononcer un mot.<\/p>\n\n\n\n<p>\u2014&nbsp;Eh bien\u2009? Que veux-tu\u2009? demanda-t-il. Serais-tu plus convaincue si je prenais la forme d\u2019un g\u00e9ant vaporeux\u2009?<\/p>\n\n\n\n<p>\u2014&nbsp;Non, c\u2019est bien inutile, je vous crois sur parole, et je suis tr\u00e8s confuse de vous avoir d\u00e9rang\u00e9. Laissez-moi repartir d\u2019o\u00f9 je viens, je vous en prie\u2009!<\/p>\n\n\n\n<p>Le djinn plissa les yeux, puis sonda Laeta quelques instants.<\/p>\n\n\n\n<p>\u2014&nbsp;Tu as droit \u00e0 un v\u0153u.<\/p>\n\n\n\n<p>\u2014&nbsp;Un v\u0153u\u2009?<\/p>\n\n\n\n<p>\u2014&nbsp;Ton c\u0153ur a parl\u00e9 pour toi\u2009! Celle qui t\u2019est ch\u00e8re n\u2019a pas besoin d\u2019\u00eatre sauv\u00e9e, elle l\u2019est d\u00e9j\u00e0. Cependant, un obstacle important l\u2019entrave encore.<\/p>\n\n\n\n<p>Le soufi, dont les yeux de cuivre \u00e9taient devenus lumineux, sortit de sa chemise un petit joyau, un saphir aussi resplendissant que l\u2019azur des cieux.<\/p>\n\n\n\n<p>\u2014&nbsp;Tu offriras ceci \u00e0 ta s\u0153ur.<\/p>\n\n\n\n<p>\u2014&nbsp;\u00c0 ma s\u0153ur\u2009?<\/p>\n\n\n\n<p>\u2014&nbsp;Oui, \u00e0 Nedjma.<\/p>\n\n\n\n<p>\u2014&nbsp;Mais\u2026<\/p>\n\n\n\n<p>\u2014&nbsp;Tu ne tarderas pas \u00e0 la trouver. Tu t\u2019es trop enfonc\u00e9e dans cette oasis pour y \u00e9chapper maintenant. Ton destin repose entre tes mains et celles du Tr\u00e8s-Haut. La bonne \u00e9toile qui veille sur toi s\u2019est couch\u00e9e, et elle ne se l\u00e8vera pas l\u00e0 o\u00f9 tu vas. Tu vas devoir faire preuve de beaucoup de courage.<\/p>\n\n\n\n<p>Laeta soupira, mais accepta avec politesse le joyau.<\/p>\n\n\n\n<p>\u2014&nbsp;Mais, prince des djinns, un mage m\u2019a dit, enfin un apprenti\u2026<\/p>\n\n\n\n<p>\u2014&nbsp;Miirdja.<\/p>\n\n\n\n<p>\u2014&nbsp;Oui, Miirdja, reprit Laeta confuse. Il m\u2019a affirm\u00e9 que les djinns n\u2019accordaient rien aux mortels sans contrepartie, que seuls les sorciers les plus puissants ou les autres djinns\u2026<\/p>\n\n\n\n<p>\u2014&nbsp;Tu n\u2019es pas une simple mortelle, sourit-il, n\u2019es-tu pas une houri\u2009? N\u2019est-ce pas ce que tous ceux que tu rencontres pr\u00e9tendent\u2009? Et, qu\u2019est-ce qu\u2019une houri\u2009? Il faudra bien que tu le d\u00e9couvres par toi-m\u00eame. Ce sera la seule r\u00e9ponse qui vaille. Quant \u00e0 Miirdja, sache qu\u2019il a suivi le m\u00eame chemin que Nedjma, il \u00e9tait suffisamment engag\u00e9 dans sa voie. Ce peut \u00eatre un mal comme un bien. Inch Ellah, comme disent les gens de l\u2019oasis. Connais-tu la parabole du roseau et du ch\u00eane\u2009?<\/p>\n\n\n\n<p>\u2014&nbsp;Bien s\u00fbr, elle fait partie des hadiths, des mille sagesses du proph\u00e8te que l\u2019on m\u2019a enseign\u00e9es \u00e0 la <em>medress<\/em>.<\/p>\n\n\n\n<p>\u2014&nbsp;On l\u2019attribue souvent au proph\u00e8te Az\u00fbl \u00e0 tort. C\u2019est un po\u00e8te qui a \u00e9nonc\u00e9 cette \u00e9nigme, un homme myst\u00e9rieux qui signait ses compositions sous le nom de \u00ab\u2009djinn de la source\u2009\u00bb \u2026<\/p>\n\n\n\n<p>\u2014&nbsp;Une \u00e9nigme\u2009? Je croyais qu\u2019il s\u2019agissait d\u2019une parabole.<\/p>\n\n\n\n<p>\u2014&nbsp;Lorsque le sens d\u2019un r\u00e9cit \u00e9chappe au commun, ne devient-il pas une \u00e9nigme\u2009?<\/p>\n\n\n\n<p>\u2014&nbsp;Pour avoir \u00e9tudi\u00e9 ce texte en m\u00eame temps que tant d\u2019autres de la culture shamyrienne, il me semble en avoir perc\u00e9 le myst\u00e8re qui, \u00e0 ce que j\u2019en sais, n\u2019est gu\u00e8re cach\u00e9.<\/p>\n\n\n\n<p>Devant le mutisme du djinn, Laeta se crut en devoir de rappeler les grandes lignes de la fable \u00e0 laquelle il faisait r\u00e9f\u00e9rence.<\/p>\n\n\n\n<p>\u2014&nbsp;Un roseau poussait \u00e0 l\u2019ombre d\u2019un ch\u00eane robuste, l\u2019arbre puissant et majestueux s\u2019adressait \u00e0 lui avec condescendance. Le roseau \u00e9tait si petit, si ch\u00e9tif, toujours oblig\u00e9 de courber la t\u00eate, souffrant de tous les maux, alors que le ch\u00eane vigoureux bravait soleil et bourrasques, fier et in\u00e9branlable, admir\u00e9 de tous. Lorsque le vent se leva, soufflant en temp\u00eate, le roseau plia comme \u00e0 son habitude, mais le ch\u00eane fut d\u00e9racin\u00e9 et chuta \u00e0 grand fracas\u2026 Il n\u2019est pas bien difficile d\u2019en analyser le sens, poursuivit Laeta. Les grands et les puissants, dans leur orgueil, s\u2019exposent aux courroux du destin et leur chute n\u2019en est que plus dure, alors que les petites gens peuvent passer \u00e0 travers ses caprices ne cherchant pas \u00e0 l\u2019affronter. Mieux vaut plier plut\u00f4t que de vouloir tenir t\u00eate \u00e0 tout prix \u00e0 ce qui nous d\u00e9passe\u2026<\/p>\n\n\n\n<p>\u2014&nbsp;Voil\u00e0 une morale adapt\u00e9e aux pensionnaires d\u2019une <em>medress<\/em>. Cependant, le r\u00e9cit que tu m\u2019en fais n\u2019est pas tout \u00e0 fait complet, car il se termine par une question. Il interroge directement celui qui re\u00e7oit la fable, il attend une r\u00e9ponse, ce qui en fait une \u00e9nigme\u2026<\/p>\n\n\n\n<p>\u2014&nbsp;Et je suppose que vous allez me poser cette question.<\/p>\n\n\n\n<p>\u2014&nbsp;Ce serait dommage de ne pas aller au bout de cette sagesse. Elle est toute simple. Et toi, qui es-tu\u2009?<\/p>\n\n\n\n<p>\u2014&nbsp;Comment \u00e7a, qui es-tu\u2009?<\/p>\n\n\n\n<p>Mais, comme le djinn la fixait \u00e0 nouveau silencieusement, la dardant de ses yeux de cuivre, Laeta comprit qu\u2019il ne lui en dirait pas plus et que c\u2019\u00e9tait \u00e0 elle seule de donner une r\u00e9ponse. Il s\u2019agissait l\u00e0 d\u2019une bien dr\u00f4le d\u2019\u00e9nigme en r\u00e9alit\u00e9. Laeta essaya bien d\u2019y d\u00e9celer un pi\u00e8ge, mais la solution lui paraissait tr\u00e8s claire et gu\u00e8re \u00e9loign\u00e9e de l\u2019enseignement de la <em>medress<\/em>. Il n\u2019y avait rien de sibyllin, l\u2019\u00e9nonc\u00e9 \u00e9tait bien loin de ce qu\u2019elle avait \u00e9tudi\u00e9 dans les \u00e9crits tortueux du po\u00e8te Al-farj de Bassra, il n\u2019y avait pas non plus sujet \u00e0 interpr\u00e9tation fumeuse.<\/p>\n\n\n\n<p>\u2014&nbsp;Le roseau, r\u00e9pondit-elle finalement. Je suis assur\u00e9ment le roseau et je l\u2019ai toujours \u00e9t\u00e9. Je suis celle qui plie, pas celle qui tient t\u00eate. Je suis aussi celle qui se rel\u00e8ve et qui passe \u00e0 travers la temp\u00eate. Sans doute, celle qui s\u2019est un peu trop appropri\u00e9 la sagesse de cette parabole\u2026<\/p>\n\n\n\n<p>Apr\u00e8s un long moment de silence, le prince des djinns reprit.<\/p>\n\n\n\n<p>\u2014&nbsp;Maintenant, retourne dans la caverne et repose la lampe o\u00f9 tu l\u2019as trouv\u00e9e. Il ne t\u2019appartient pas de l\u2019emporter. Tu souffleras sa flamme avant de partir, et tu t\u2019appr\u00eateras \u00e0 marcher dans les t\u00e9n\u00e8bres.<\/p>\n\n\n\n<p>Laeta acquies\u00e7a, salua le djinn avec toute l\u2019\u00e9l\u00e9gance d\u2019une houri, et se retira en silence avec malgr\u00e9 tout un sentiment d\u2019inachev\u00e9.<\/p>\n\n\n\n<p>Se pouvait-il que quelque chose lui ait \u00e9chapp\u00e9 dans cette \u00e9nigme\u2009? Alors que ses pas la portaient vers la caverne, une id\u00e9e s\u2019imposait \u00e0 elle. Elle avait l\u2019impression que la parabole la questionnait au plus profond de son \u00eatre, comme si un jour, le fameux djinn de la source l\u2019avait \u00e9crite pour elle et seulement pour elle. Elle secoua la t\u00eate en se faisant la r\u00e9flexion que c\u2019\u00e9tait probablement ce que se disaient tous ceux qui s\u2019engageaient sur des interrogations introspectives.<\/p>\n\n\n\n<p>Y avait-il un lien avec la nature de la houri\u2009? Dans les deux cas, le djinn avait laiss\u00e9 entendre qu\u2019elle serait la seule capable d\u2019y apporter une r\u00e9ponse. Les deux \u00e9nigmes formaient-elles un tout\u2009?<\/p>\n\n\n\n<p>C\u2019est avec la certitude de ne pas avoir \u00e9t\u00e9 \u00e0 la hauteur, d\u2019\u00eatre pass\u00e9 \u00e0 c\u00f4t\u00e9 d\u2019elle-m\u00eame, qu\u2019elle reposa la lampe \u00e0 sa place.<\/p>\n\n\n\n<p>Et, comme le lui avait affirm\u00e9 le djinn, apr\u00e8s avoir souffl\u00e9 la flamme, elle marcha dans les t\u00e9n\u00e8bres.<\/p>\n\n\n\n<p class=\"has-large-font-size\"><mark style=\"background-color:rgba(0, 0, 0, 0);color:#c8a301\" class=\"has-inline-color\">Extrait 2<\/mark><\/p>\n\n\n\n<p>Les l\u00e9gionnaires de la legio septentrionalis avaient pris position sur les flancs des collines Elia, au sud-est de la forteresse. Ils constituaient l\u2019aile droite de l\u2019arm\u00e9e imp\u00e9riale, plac\u00e9e sous le commandement du dux Alaric-dent-de-loup.<\/p>\n\n\n\n<p>Le capitaine Sacchios, avec le d\u00e9tachement du lac, \u00e9tait aux premi\u00e8res loges. Jusque-l\u00e0 l\u2019ennemi les avait laiss\u00e9s tranquilles&nbsp;: les cohortes de lanciers de Sharizar, avec leurs armures d\u2019\u00e9cailles cuivr\u00e9es et leurs casques pointus, ne s\u2019\u00e9taient pas risqu\u00e9es sur ces pentes broussailleuses. Chacun restait prudemment hors de port\u00e9e de fl\u00e8ches, dans un face-\u00e0-face interminable.<\/p>\n\n\n\n<p>Alors que la bataille faisait rage et tournait tr\u00e8s mal dans la plaine centrale, il semblait qu\u2019on les avait tous oubli\u00e9s ici. Alaric avait de plus en plus de difficult\u00e9s \u00e0 tenir ses hommes, impatients d\u2019en d\u00e9coudre pour secourir leurs fr\u00e8res plus que mal en point sur le reste du champ de bataille.<\/p>\n\n\n\n<p>Ce qui inqui\u00e9tait vraiment le capitaine, c\u2019\u00e9taient ces nuages noirs qui s\u2019amoncelaient au-dessus d\u2019eux depuis pr\u00e8s d\u2019une heure. Un mauvais coup de l\u2019ennemi, \u00e0 n\u2019en pas douter. Ils ressemblaient \u00e0 une fum\u00e9e lourde et \u00e9paisse, que les l\u00e9gionnaires devinaient \u00e9mise par des brasiers cach\u00e9s derri\u00e8re les dunes, de l\u2019autre c\u00f4t\u00e9 du dispositif adverse. L\u00e0-bas, d\u2019immenses volutes noires quittaient le sol \u00e0 l\u2019assaut des cieux avant d\u2019obliquer dans leur direction. Au-dessus des collines, le ciel devenait compl\u00e8tement obscur, tourbillonnant de fumerolles \u00e9paisses qui masquaient le soleil de mani\u00e8re inqui\u00e9tante.<\/p>\n\n\n\n<p>Les soldats y trouvaient au moins un point positif, ils n\u2019\u00e9taient pas directement soumis \u00e0 la chaleur \u00e9crasante qui r\u00e9gnait partout ailleurs.<\/p>\n\n\n\n<p>\u2014&nbsp;\u00c7a bouge\u2009! hurla Sacchios.<\/p>\n\n\n\n<p>Les lanciers de Sharizar s\u2019\u00e9cart\u00e8rent pour laisser passer d\u2019autres combattants en armures brillantes, avec \u00e0 leur t\u00eate un capitaine noir de pr\u00e8s de six pieds, au visage tatou\u00e9 d\u2019or.<\/p>\n\n\n\n<p>Sacchios retint son souffle en reconnaissant Gazim et la garde de lune, les soldats de la guilde de la troisi\u00e8me lune \u2013 ceux-l\u00e0 m\u00eames qui l\u2019avaient fait prisonnier \u00e0 Shamyria \u2013 prendre le temps de se mettre en place. Il ne comprenait pas ce qu\u2019esp\u00e9rait l\u2019ennemi, ces nouvelles cohortes, peu nombreuses, n\u2019\u00e9taient gu\u00e8re en mesure de monter \u00e0 l\u2019assaut des l\u00e9gionnaires. Le terrain donnait un net avantage tactique \u00e0 ces derniers.<\/p>\n\n\n\n<p>Alors, les premi\u00e8res gouttes commenc\u00e8rent \u00e0 tomber.<\/p>\n\n\n\n<p>Sacchios s\u2019essuya le visage, ce qu\u2019il avait pris pour de la pluie \u00e9tait un liquide visqueux et noir. Du naphte\u2009! Il regarda avec effarement autour de lui. Il y en pleuvait partout\u2009!<\/p>\n\n\n\n<p>Puis ce furent des flamm\u00e8ches qui churent des cieux, de minuscules perles de feu qui arrivaient en un flot clairsem\u00e9, mais continu.<\/p>\n\n\n\n<p>\u2014&nbsp;Boucliers sur la t\u00eate\u2009! ordonna-t-il sans v\u00e9ritablement mesurer le pi\u00e8ge dans lequel ils \u00e9taient tous fourr\u00e9s.<\/p>\n\n\n\n<p>Les l\u00e9gionnaires r\u00e9agirent aussit\u00f4t. Mais bien vite, il y en eut pour se tapoter le torse et les jambes afin d\u2019\u00e9teindre les flammes qui prenaient sur leurs v\u00eatements. Puis ce furent les broussailles s\u00e8ches qui s\u2019embras\u00e8rent, un incendie se d\u00e9clara sur l\u2019ensemble des deux collines.<\/p>\n\n\n\n<p>Gazim abaissa son cimeterre. Ses hommes mont\u00e8rent \u00e0 l\u2019assaut des hauteurs, dans un ordre impeccable, alors que les l\u00e9gionnaires se d\u00e9bandaient.<\/p>\n","protected":false},"excerpt":{"rendered":"<p>Ce roman constitue le second volet de la trilogie de fantasy orientale des aventures de Laeta. Le r\u00e9cit, enti\u00e8rement remis \u00e0 neuf, est poursuivi par le tomes 6, qui termine la qu\u00eate compl\u00e8te de l&#8217;\u00e9toile des sables anciennement parue aux \u00e9ditions SK. Les djinns des Sables Miraj est un voyage \u00e0 travers un monde de &hellip; <\/p>\n<p class=\"link-more\"><a href=\"https:\/\/www.sindarick.fr\/wordpress\/?page_id=1133\" class=\"more-link\">Continuer la lecture<span class=\"screen-reader-text\"> de &laquo;&nbsp;Les djinns des Sables Miraj&nbsp;&raquo;<\/span><\/a><\/p>\n","protected":false},"author":1,"featured_media":0,"parent":586,"menu_order":5,"comment_status":"closed","ping_status":"closed","template":"","meta":{"footnotes":""},"class_list":["post-1133","page","type-page","status-publish","hentry"],"_links":{"self":[{"href":"https:\/\/www.sindarick.fr\/wordpress\/index.php?rest_route=\/wp\/v2\/pages\/1133","targetHints":{"allow":["GET"]}}],"collection":[{"href":"https:\/\/www.sindarick.fr\/wordpress\/index.php?rest_route=\/wp\/v2\/pages"}],"about":[{"href":"https:\/\/www.sindarick.fr\/wordpress\/index.php?rest_route=\/wp\/v2\/types\/page"}],"author":[{"embeddable":true,"href":"https:\/\/www.sindarick.fr\/wordpress\/index.php?rest_route=\/wp\/v2\/users\/1"}],"replies":[{"embeddable":true,"href":"https:\/\/www.sindarick.fr\/wordpress\/index.php?rest_route=%2Fwp%2Fv2%2Fcomments&post=1133"}],"version-history":[{"count":1,"href":"https:\/\/www.sindarick.fr\/wordpress\/index.php?rest_route=\/wp\/v2\/pages\/1133\/revisions"}],"predecessor-version":[{"id":1134,"href":"https:\/\/www.sindarick.fr\/wordpress\/index.php?rest_route=\/wp\/v2\/pages\/1133\/revisions\/1134"}],"up":[{"embeddable":true,"href":"https:\/\/www.sindarick.fr\/wordpress\/index.php?rest_route=\/wp\/v2\/pages\/586"}],"wp:attachment":[{"href":"https:\/\/www.sindarick.fr\/wordpress\/index.php?rest_route=%2Fwp%2Fv2%2Fmedia&parent=1133"}],"curies":[{"name":"wp","href":"https:\/\/api.w.org\/{rel}","templated":true}]}}