{"id":1158,"date":"2023-09-12T10:22:23","date_gmt":"2023-09-12T10:22:23","guid":{"rendered":"https:\/\/www.sindarick.fr\/wordpress\/?page_id=1158"},"modified":"2023-09-12T10:28:04","modified_gmt":"2023-09-12T10:28:04","slug":"lorsquune-etoile-se-revele","status":"publish","type":"page","link":"https:\/\/www.sindarick.fr\/wordpress\/?page_id=1158","title":{"rendered":"Lorsqu&#8217;une \u00e9toile se r\u00e9v\u00e8le"},"content":{"rendered":"\n<div class=\"wp-block-buttons is-horizontal is-content-justification-center is-layout-flex wp-container-core-buttons-is-layout-499968f5 wp-block-buttons-is-layout-flex\">\n<div class=\"wp-block-button has-custom-width wp-block-button__width-25 has-custom-font-size is-style-outline is-style-outline--1\" style=\"font-size:12px\"><a class=\"wp-block-button__link wp-element-button\">    Epub     <\/a><\/div>\n\n\n\n<div class=\"wp-block-button has-custom-width wp-block-button__width-25 has-custom-font-size is-style-outline is-style-outline--2\" style=\"font-size:12px\"><a class=\"wp-block-button__link wp-element-button\" href=\"https:\/\/www.amazon.fr\/L%C3%A9toile-sables-St%C3%A9phane-Tarrade\/dp\/B0C5GLK139\/ref=sr_1_2?__mk_fr_FR=%C3%85M%C3%85%C5%BD%C3%95%C3%91&amp;keywords=stephane+Tarrade&amp;qid=1694511904&amp;sr=8-2\">Broch\u00e9<\/a><\/div>\n\n\n\n<div class=\"wp-block-button has-custom-width wp-block-button__width-25 has-custom-font-size is-style-outline is-style-outline--3\" style=\"font-size:12px\"><a class=\"wp-block-button__link wp-element-button\" href=\"https:\/\/www.amazon.fr\/L%C3%A9toile-sables-Laeta-t-6-ebook\/dp\/B0C5FQNTWM\/ref=tmm_kin_swatch_0?_encoding=UTF8&amp;qid=1694511904&amp;sr=8-2\">Kindle <\/a><\/div>\n\n\n\n<div class=\"wp-block-button has-custom-width wp-block-button__width-25 has-custom-font-size is-style-outline is-style-outline--4\" style=\"font-size:12px\"><a class=\"wp-block-button__link wp-element-button\">pdf <\/a><\/div>\n<\/div>\n\n\n\n<p>Le livre papier (broch\u00e9) est \u00e0 20 euros et les versions num\u00e9riques \u00e0 4,99 euros. <\/p>\n\n\n<div class=\"wp-block-image\">\n<figure class=\"aligncenter size-large\"><a href=\"https:\/\/www.sindarick.fr\/wordpress\/wp-content\/uploads\/2023\/09\/LAETA-T6-mockup01.png\"><img loading=\"lazy\" decoding=\"async\" width=\"931\" height=\"1024\" src=\"https:\/\/www.sindarick.fr\/wordpress\/wp-content\/uploads\/2023\/09\/LAETA-T6-mockup01-931x1024.png\" alt=\"\" class=\"wp-image-1159\" srcset=\"https:\/\/www.sindarick.fr\/wordpress\/wp-content\/uploads\/2023\/09\/LAETA-T6-mockup01-931x1024.png 931w, https:\/\/www.sindarick.fr\/wordpress\/wp-content\/uploads\/2023\/09\/LAETA-T6-mockup01-273x300.png 273w, https:\/\/www.sindarick.fr\/wordpress\/wp-content\/uploads\/2023\/09\/LAETA-T6-mockup01-768x845.png 768w, https:\/\/www.sindarick.fr\/wordpress\/wp-content\/uploads\/2023\/09\/LAETA-T6-mockup01-1397x1536.png 1397w, https:\/\/www.sindarick.fr\/wordpress\/wp-content\/uploads\/2023\/09\/LAETA-T6-mockup01-1862x2048.png 1862w, https:\/\/www.sindarick.fr\/wordpress\/wp-content\/uploads\/2023\/09\/LAETA-T6-mockup01-350x385.png 350w\" sizes=\"auto, (max-width: 767px) 89vw, (max-width: 1000px) 54vw, (max-width: 1071px) 543px, 580px\" \/><\/a><\/figure>\n<\/div>\n\n\n<p class=\"has-text-align-center has-large-font-size\">Lorsqu&#8217;une esclave devient une h\u00e9ro\u00efne\u2026<\/p>\n\n\n\n<p class=\"has-medium-font-size\"><mark style=\"background-color:rgba(0, 0, 0, 0);color:#c8a301\" class=\"has-inline-color\"><strong>Lorsqu&#8217;une \u00e9toile se r\u00e9v\u00e8le<\/strong><\/mark><\/p>\n\n\n\n<p class=\"has-medium-font-size\">Le sultanat Maridjiane, le pays des Amazones, est agit\u00e9 par des soubresauts qui pourraient bien l\u2019emporter. La disparition soudaine de la sultane a allum\u00e9 une guerre de succession\u2009; assassinats et complots refont surface dans un royaume qui avait connu des d\u00e9cennies de paix, fauchant les princesses h\u00e9riti\u00e8res.<\/p>\n\n\n\n<p class=\"has-medium-font-size\">Laeta \u00e9chappera-t-elle \u00e0 ce chaos\u2009? Elle touche au but, <em>l\u2019\u00e9toile des sables<\/em>, qui suscite tant de convoitises, n\u2019est plus une chim\u00e8re inaccessible. Pourtant, les d\u00e9fis qui se dressent devant elle sont immenses, car, aveugl\u00e9s par la promesse de la richesse et du pouvoir, amis et ennemis pourraient bien se confondre.<\/p>\n\n\n\n<p class=\"has-medium-font-size\">La jeune femme ne risque-t-elle pas, cette fois-ci, d\u2019\u00eatre trahie par ses proches\u2009? D\u00e9masquera-t-elle \u00e0 temps la puissance insidieuse et mal\u00e9fique qu\u2019elle a elle-m\u00eame \u00e9veill\u00e9e\u2009pour l\u2019arr\u00eater avant que son ombre ne s\u2019\u00e9tende sur tous les royaumes orientaux\u2009?<\/p>\n\n\n\n<p class=\"has-medium-font-size\">D\u00e9couvrira-t-elle enfin le joyau enchant\u00e9 dont le pouvoir extraordinaire pourrait bouleverser le cours de l\u2019histoire de Geya\u2009?<\/p>\n\n\n\n<p class=\"has-medium-font-size\">Lorsqu\u2019une qu\u00eate de cette envergure aboutit, ce peut \u00eatre pour le meilleur ou pour le pire.<\/p>\n\n\n\n<p class=\"has-medium-font-size\">Quelle qu\u2019en soit l\u2019issue, Laeta en sera chang\u00e9e pour toujours.<\/p>\n\n\n\n<figure class=\"wp-block-image size-large\"><a href=\"https:\/\/www.sindarick.fr\/wordpress\/wp-content\/uploads\/2023\/09\/LAETA-T6-mockup03.png\"><img loading=\"lazy\" decoding=\"async\" width=\"1024\" height=\"939\" src=\"https:\/\/www.sindarick.fr\/wordpress\/wp-content\/uploads\/2023\/09\/LAETA-T6-mockup03-1024x939.png\" alt=\"\" class=\"wp-image-1160\" srcset=\"https:\/\/www.sindarick.fr\/wordpress\/wp-content\/uploads\/2023\/09\/LAETA-T6-mockup03-1024x939.png 1024w, https:\/\/www.sindarick.fr\/wordpress\/wp-content\/uploads\/2023\/09\/LAETA-T6-mockup03-300x275.png 300w, https:\/\/www.sindarick.fr\/wordpress\/wp-content\/uploads\/2023\/09\/LAETA-T6-mockup03-768x704.png 768w, https:\/\/www.sindarick.fr\/wordpress\/wp-content\/uploads\/2023\/09\/LAETA-T6-mockup03-1536x1409.png 1536w, https:\/\/www.sindarick.fr\/wordpress\/wp-content\/uploads\/2023\/09\/LAETA-T6-mockup03-2048x1878.png 2048w, https:\/\/www.sindarick.fr\/wordpress\/wp-content\/uploads\/2023\/09\/LAETA-T6-mockup03-350x321.png 350w\" sizes=\"auto, (max-width: 767px) 89vw, (max-width: 1000px) 54vw, (max-width: 1071px) 543px, 580px\" \/><\/a><\/figure>\n\n\n\n<div class=\"wp-block-buttons is-horizontal is-content-justification-center is-layout-flex wp-container-core-buttons-is-layout-499968f5 wp-block-buttons-is-layout-flex\">\n<div class=\"wp-block-button has-custom-width wp-block-button__width-25 has-custom-font-size is-style-outline is-style-outline--5\" style=\"font-size:12px\"><a class=\"wp-block-button__link wp-element-button\">    Epub     <\/a><\/div>\n\n\n\n<div class=\"wp-block-button has-custom-width wp-block-button__width-25 has-custom-font-size is-style-outline is-style-outline--6\" style=\"font-size:12px\"><a class=\"wp-block-button__link wp-element-button\" href=\"https:\/\/www.amazon.fr\/L%C3%A9toile-sables-St%C3%A9phane-Tarrade\/dp\/B0C5GLK139\/ref=sr_1_2?__mk_fr_FR=%C3%85M%C3%85%C5%BD%C3%95%C3%91&amp;keywords=stephane+Tarrade&amp;qid=1694511904&amp;sr=8-2\">Broch\u00e9<\/a><\/div>\n\n\n\n<div class=\"wp-block-button has-custom-width wp-block-button__width-25 has-custom-font-size is-style-outline is-style-outline--7\" style=\"font-size:12px\"><a class=\"wp-block-button__link wp-element-button\" href=\"https:\/\/www.amazon.fr\/L%C3%A9toile-sables-Laeta-t-6-ebook\/dp\/B0C5FQNTWM\/ref=tmm_kin_swatch_0?_encoding=UTF8&amp;qid=1694511904&amp;sr=8-2\">Kindle <\/a><\/div>\n\n\n\n<div class=\"wp-block-button has-custom-width wp-block-button__width-25 has-custom-font-size is-style-outline is-style-outline--8\" style=\"font-size:12px\"><a class=\"wp-block-button__link wp-element-button\">pdf <\/a><\/div>\n<\/div>\n\n\n\n<p class=\"has-large-font-size\">Extrait :<\/p>\n\n\n\n<p class=\"has-medium-font-size\">Laeta \u00e9tait abasourdie par tout ce qu\u2019elle venait d\u2019entendre. Elle se sentait toujours faible et n\u2019eut pas la force de se lever pour les suivre discr\u00e8tement. Elle ferma les yeux et essaya de r\u00e9fl\u00e9chir. Un pirate\u2009! Encore\u2009! Et qu\u2019est-ce que c\u2019\u00e9tait que ce sale boulot dont ils parlaient\u2009? Yorg, ou plut\u00f4t Wassili, avait une protectrice\u2026 Zerpine. Et si c\u2019\u00e9tait lui l\u2019assassin de Sh\u00e9razaleen\u2009? Il s\u2019\u00e9tait bien moqu\u00e9 d\u2019elle, en lui demandant de le faire passer pour son esclave et de le prot\u00e9ger\u2026 Et il usait de pouvoirs magiques\u2026 Ses r\u00eaveries divagu\u00e8rent. Elle voyait Yorg \u00e0 la t\u00eate d\u2019un navire-pirate shamyrien aux marins arm\u00e9s jusqu\u2019aux dents, fendant les flots, abordant les boutres et les pillant, jetant les hommes \u00e0 la mer et capturant les femmes. Quant \u00e0 elle, elle \u00e9tait attach\u00e9e au m\u00e2t du bateau. Comment l\u2019avait-il faite prisonni\u00e8re\u2009? Elle \u00e9tait ligot\u00e9e, presque nue, par des liens de grosse corde, offerte aux regards int\u00e9ress\u00e9s des pirates. Et lui se tenait devant elle, sa chemise compl\u00e8tement ouverte, son beau torse muscl\u00e9 d\u00e9voil\u00e9. Elle \u00e9tait enti\u00e8rement \u00e0 sa merci\u2026<\/p>\n\n\n\n<p class=\"has-medium-font-size\">Laeta s\u2019\u00e9veilla soudain dans un cri \u00e9touff\u00e9. Une main se plaqua sur sa bouche. L\u2019auberge \u00e9tait quasi vide et plong\u00e9e dans la p\u00e9nombre. Dehors, l\u2019orage ne tonnait plus, elle avait d\u00fb s\u2019assoupir pendant un long moment, des heures peut-\u00eatre. Face \u00e0 elle, deux filles maigres et mal habill\u00e9es se tenaient droites. La troisi\u00e8me lui avait gliss\u00e9 un kandjar sous la gorge.<\/p>\n\n\n\n<p class=\"has-medium-font-size\">\u2014&nbsp;C\u2019est la petite pimb\u00eache de tout \u00e0 l\u2019heure\u2009! d\u00e9clara la premi\u00e8re.<\/p>\n\n\n\n<p class=\"has-medium-font-size\">Laeta reconnut une de celles qui l\u2019avaient d\u00e9visag\u00e9e dans la longue rue juste avant qu\u2019elle n\u2019arrive au port. Une quatri\u00e8me femme se montra derri\u00e8re elles. Grande et massive, elle se cachait sous une large cape au capuchon rabattu.<\/p>\n\n\n\n<p class=\"has-medium-font-size\">\u2014&nbsp;C\u2019est mademoiselle \u00ab\u2009je pose des questions\u2009\u00bb, annon\u00e7a cette derni\u00e8re en ricanant. Une \u00e9trang\u00e8re\u2026 Une complice du gar\u00e7on. Elle va nous \u00eatre bien utile pour attraper l\u2019autre\u2026 Voil\u00e0 qui va faire un joli app\u00e2t au bout de l\u2019hame\u00e7on\u2009! Emparez-vous d\u2019elle\u2009! Laeta n\u2019eut pas le temps de comprendre ce qui lui arrivait, qu\u2019elle se retrouva b\u00e2illonn\u00e9e et jet\u00e9e dans un sac. Aucun des rares clients n\u2019y trouva rien \u00e0 redire, quant au tavernier, il \u00e9tait \u00e9trangement absent.<\/p>\n\n\n\n<p><\/p>\n\n\n\n<figure class=\"wp-block-image size-large\"><a href=\"https:\/\/www.sindarick.fr\/wordpress\/wp-content\/uploads\/2023\/09\/LAETA-T6-mockup04.png\"><img loading=\"lazy\" decoding=\"async\" width=\"1024\" height=\"682\" src=\"https:\/\/www.sindarick.fr\/wordpress\/wp-content\/uploads\/2023\/09\/LAETA-T6-mockup04-1024x682.png\" alt=\"\" class=\"wp-image-1161\" srcset=\"https:\/\/www.sindarick.fr\/wordpress\/wp-content\/uploads\/2023\/09\/LAETA-T6-mockup04-1024x682.png 1024w, https:\/\/www.sindarick.fr\/wordpress\/wp-content\/uploads\/2023\/09\/LAETA-T6-mockup04-300x200.png 300w, https:\/\/www.sindarick.fr\/wordpress\/wp-content\/uploads\/2023\/09\/LAETA-T6-mockup04-768x512.png 768w, https:\/\/www.sindarick.fr\/wordpress\/wp-content\/uploads\/2023\/09\/LAETA-T6-mockup04-1536x1024.png 1536w, https:\/\/www.sindarick.fr\/wordpress\/wp-content\/uploads\/2023\/09\/LAETA-T6-mockup04-350x233.png 350w, https:\/\/www.sindarick.fr\/wordpress\/wp-content\/uploads\/2023\/09\/LAETA-T6-mockup04.png 2000w\" sizes=\"auto, (max-width: 767px) 89vw, (max-width: 1000px) 54vw, (max-width: 1071px) 543px, 580px\" \/><\/a><\/figure>\n\n\n\n<div class=\"wp-block-buttons is-horizontal is-content-justification-center is-layout-flex wp-container-core-buttons-is-layout-499968f5 wp-block-buttons-is-layout-flex\">\n<div class=\"wp-block-button has-custom-width wp-block-button__width-25 has-custom-font-size is-style-outline is-style-outline--9\" style=\"font-size:12px\"><a class=\"wp-block-button__link wp-element-button\">    Epub     <\/a><\/div>\n\n\n\n<div class=\"wp-block-button has-custom-width wp-block-button__width-25 has-custom-font-size is-style-outline is-style-outline--10\" style=\"font-size:12px\"><a class=\"wp-block-button__link wp-element-button\" href=\"https:\/\/www.amazon.fr\/L%C3%A9toile-sables-St%C3%A9phane-Tarrade\/dp\/B0C5GLK139\/ref=sr_1_2?__mk_fr_FR=%C3%85M%C3%85%C5%BD%C3%95%C3%91&amp;keywords=stephane+Tarrade&amp;qid=1694511904&amp;sr=8-2\">Broch\u00e9<\/a><\/div>\n\n\n\n<div class=\"wp-block-button has-custom-width wp-block-button__width-25 has-custom-font-size is-style-outline is-style-outline--11\" style=\"font-size:12px\"><a class=\"wp-block-button__link wp-element-button\" href=\"https:\/\/www.amazon.fr\/L%C3%A9toile-sables-Laeta-t-6-ebook\/dp\/B0C5FQNTWM\/ref=tmm_kin_swatch_0?_encoding=UTF8&amp;qid=1694511904&amp;sr=8-2\">Kindle <\/a><\/div>\n\n\n\n<div class=\"wp-block-button has-custom-width wp-block-button__width-25 has-custom-font-size is-style-outline is-style-outline--12\" style=\"font-size:12px\"><a class=\"wp-block-button__link wp-element-button\">pdf <\/a><\/div>\n<\/div>\n","protected":false},"excerpt":{"rendered":"<p>Le livre papier (broch\u00e9) est \u00e0 20 euros et les versions num\u00e9riques \u00e0 4,99 euros. Lorsqu&#8217;une esclave devient une h\u00e9ro\u00efne\u2026 Lorsqu&#8217;une \u00e9toile se r\u00e9v\u00e8le Le sultanat Maridjiane, le pays des Amazones, est agit\u00e9 par des soubresauts qui pourraient bien l\u2019emporter. La disparition soudaine de la sultane a allum\u00e9 une guerre de succession\u2009; assassinats et complots &hellip; <\/p>\n<p class=\"link-more\"><a href=\"https:\/\/www.sindarick.fr\/wordpress\/?page_id=1158\" class=\"more-link\">Continuer la lecture<span class=\"screen-reader-text\"> de &laquo;&nbsp;Lorsqu&#8217;une \u00e9toile se r\u00e9v\u00e8le&nbsp;&raquo;<\/span><\/a><\/p>\n","protected":false},"author":1,"featured_media":0,"parent":989,"menu_order":6,"comment_status":"closed","ping_status":"closed","template":"","meta":{"footnotes":""},"class_list":["post-1158","page","type-page","status-publish","hentry"],"_links":{"self":[{"href":"https:\/\/www.sindarick.fr\/wordpress\/index.php?rest_route=\/wp\/v2\/pages\/1158","targetHints":{"allow":["GET"]}}],"collection":[{"href":"https:\/\/www.sindarick.fr\/wordpress\/index.php?rest_route=\/wp\/v2\/pages"}],"about":[{"href":"https:\/\/www.sindarick.fr\/wordpress\/index.php?rest_route=\/wp\/v2\/types\/page"}],"author":[{"embeddable":true,"href":"https:\/\/www.sindarick.fr\/wordpress\/index.php?rest_route=\/wp\/v2\/users\/1"}],"replies":[{"embeddable":true,"href":"https:\/\/www.sindarick.fr\/wordpress\/index.php?rest_route=%2Fwp%2Fv2%2Fcomments&post=1158"}],"version-history":[{"count":1,"href":"https:\/\/www.sindarick.fr\/wordpress\/index.php?rest_route=\/wp\/v2\/pages\/1158\/revisions"}],"predecessor-version":[{"id":1162,"href":"https:\/\/www.sindarick.fr\/wordpress\/index.php?rest_route=\/wp\/v2\/pages\/1158\/revisions\/1162"}],"up":[{"embeddable":true,"href":"https:\/\/www.sindarick.fr\/wordpress\/index.php?rest_route=\/wp\/v2\/pages\/989"}],"wp:attachment":[{"href":"https:\/\/www.sindarick.fr\/wordpress\/index.php?rest_route=%2Fwp%2Fv2%2Fmedia&parent=1158"}],"curies":[{"name":"wp","href":"https:\/\/api.w.org\/{rel}","templated":true}]}}