{"id":1176,"date":"2023-12-29T14:07:17","date_gmt":"2023-12-29T14:07:17","guid":{"rendered":"https:\/\/www.sindarick.fr\/wordpress\/?page_id=1176"},"modified":"2025-09-21T13:03:34","modified_gmt":"2025-09-21T13:03:34","slug":"letoile-des-sables","status":"publish","type":"page","link":"https:\/\/www.sindarick.fr\/wordpress\/?page_id=1176","title":{"rendered":"L&#8217;\u00e9toile des sables"},"content":{"rendered":"\n<p class=\"has-medium-font-size\">Ce roman constitue le dernier volet de la trilogie de fantasy orientale des aventures de Laeta. Le r\u00e9cit, enti\u00e8rement remis \u00e0 neuf termine la qu\u00eate compl\u00e8te de l&#8217;\u00e9toile des sables anciennement parue aux \u00e9ditions SK.<\/p>\n\n\n\n<p class=\"has-medium-font-size\">L&#8221;\u00e9toile des sables est un voyage \u00e0 travers un monde de fantasy, une invitation \u00e0 l&#8217;aventure, en m\u00eame temps qu&#8217;un tournant d\u00e9cisif dans la vie de l&#8217;h\u00e9ro\u00efne. L&#8217;\u00e9nigme que le prince des djinns lui pose la suivra jusqu&#8217;\u00e0 la fin de son extraordinaire \u00e9pop\u00e9e.<\/p>\n\n\n\n<p class=\"has-medium-font-size\">Au sortir de ses aventures \u00e0 travers les sables br\u00fblants du Shamyr, les jungles de Maridjiane et du Maramapur et sa travers\u00e9e des Amraya, Laeta ne sera plus tout \u00e0 fait celle que vous avez d\u00e9couverte dans les Cascades d&#8217;argent et la lune d&#8217;ombre&#8230;<\/p>\n\n\n\n<p class=\"has-medium-font-size\"><strong><strong><mark style=\"background-color:rgba(0, 0, 0, 0);color:#c8a301\" class=\"has-inline-color\">Lorsqu&#8217;une \u00e9toile se r\u00e9v\u00e8le<\/mark><\/strong><\/strong><\/p>\n\n\n\n<p class=\"has-medium-font-size\"><\/p>\n\n\n\n<p class=\"has-medium-font-size\">Le sultanat Maridjiane, le pays des Amazones, est agit\u00e9 par des soubresauts qui pourraient bien l\u2019emporter. La disparition soudaine de la sultane a allum\u00e9 une guerre de succession\u2009; assassinats et complots refont surface dans un royaume qui avait connu des d\u00e9cennies de paix, fauchant les princesses h\u00e9riti\u00e8res.<\/p>\n\n\n\n<p class=\"has-medium-font-size\">Laeta \u00e9chappera-t-elle \u00e0 ce chaos\u2009? Elle touche au but, <em>l\u2019\u00e9toile des sables<\/em>, qui suscite tant de convoitises, n\u2019est plus une chim\u00e8re inaccessible. Pourtant, les d\u00e9fis qui se dressent devant elle sont immenses, car, aveugl\u00e9s par la promesse de la richesse et du pouvoir, amis et ennemis pourraient bien se confondre.<\/p>\n\n\n\n<p class=\"has-medium-font-size\">La jeune femme ne risque-t-elle pas, cette fois-ci, d\u2019\u00eatre trahie par ses proches\u2009? D\u00e9masquera-t-elle \u00e0 temps la puissance insidieuse et mal\u00e9fique qu\u2019elle a elle-m\u00eame \u00e9veill\u00e9e\u2009pour l\u2019arr\u00eater avant que son ombre ne s\u2019\u00e9tende sur tous les royaumes orientaux\u2009?<\/p>\n\n\n\n<p class=\"has-medium-font-size\">D\u00e9couvrira-t-elle enfin le joyau enchant\u00e9 dont le pouvoir extraordinaire pourrait bouleverser le cours de l\u2019histoire de Geya\u2009?<\/p>\n\n\n\n<p class=\"has-medium-font-size\">Lorsqu\u2019une qu\u00eate de cette envergure aboutit, ce peut \u00eatre pour le meilleur ou pour le pire.<\/p>\n\n\n\n<p class=\"has-medium-font-size\">Quelle qu\u2019en soit l\u2019issue, Laeta en sera chang\u00e9e pour toujours.<\/p>\n\n\n\n<p><\/p>\n\n\n\n<figure class=\"wp-block-image size-large\"><img loading=\"lazy\" decoding=\"async\" width=\"1024\" height=\"682\" src=\"https:\/\/www.sindarick.fr\/wordpress\/wp-content\/uploads\/2023\/12\/LAETA-T6-mockup04-1024x682.png\" alt=\"\" class=\"wp-image-1177\" srcset=\"https:\/\/www.sindarick.fr\/wordpress\/wp-content\/uploads\/2023\/12\/LAETA-T6-mockup04-1024x682.png 1024w, https:\/\/www.sindarick.fr\/wordpress\/wp-content\/uploads\/2023\/12\/LAETA-T6-mockup04-300x200.png 300w, https:\/\/www.sindarick.fr\/wordpress\/wp-content\/uploads\/2023\/12\/LAETA-T6-mockup04-768x512.png 768w, https:\/\/www.sindarick.fr\/wordpress\/wp-content\/uploads\/2023\/12\/LAETA-T6-mockup04-1536x1024.png 1536w, https:\/\/www.sindarick.fr\/wordpress\/wp-content\/uploads\/2023\/12\/LAETA-T6-mockup04-350x233.png 350w, https:\/\/www.sindarick.fr\/wordpress\/wp-content\/uploads\/2023\/12\/LAETA-T6-mockup04.png 2000w\" sizes=\"auto, (max-width: 767px) 89vw, (max-width: 1000px) 54vw, (max-width: 1071px) 543px, 580px\" \/><\/figure>\n\n\n\n<p><\/p>\n\n\n\n<div class=\"wp-block-buttons is-content-justification-center is-layout-flex wp-container-core-buttons-is-layout-16018d1d wp-block-buttons-is-layout-flex\">\n<div class=\"wp-block-button has-custom-width wp-block-button__width-25 is-style-outline is-style-outline--1\"><a class=\"wp-block-button__link wp-element-button\" href=\"https:\/\/www.amazon.fr\/L%C3%A9toile-sables-St%C3%A9phane-Tarrade\/dp\/B0C5GLK139\/ref=tmm_pap_swatch_0?_encoding=UTF8&amp;qid=1703858071&amp;sr=8-7\">Broch\u00e9<\/a><\/div>\n\n\n\n<div class=\"wp-block-button has-custom-width wp-block-button__width-25 is-style-outline is-style-outline--2\"><a class=\"wp-block-button__link wp-element-button\" href=\"https:\/\/www.amazon.fr\/L%C3%A9toile-sables-Laeta-t-6-ebook\/dp\/B0C5FQNTWM\/ref=tmm_kin_swatch_0?_encoding=UTF8&amp;qid=1703858071&amp;sr=8-7\">Kindle <\/a><\/div>\n<\/div>\n\n\n\n<p>Le livre papier (broch\u00e9) est \u00e0 20 euros et les versions num\u00e9riques \u00e0 4,99 \u20ac.<\/p>\n\n\n\n<p class=\"has-large-font-size\"><mark style=\"background-color:rgba(0, 0, 0, 0);color:#c8a301\" class=\"has-inline-color\">Extrait 1<\/mark><\/p>\n\n\n\n<p class=\"has-medium-font-size\">Au vingt-septi\u00e8me jour de marche, ils arriv\u00e8rent en vue de la capitale.<\/p>\n\n\n\n<p class=\"has-medium-font-size\">La cit\u00e9 de Maridjiane, blanche et argent\u00e9e, se mirait dans la mer de cristal. Le palais de la sultane, accroch\u00e9 sur le flanc du mont Ajapur, dominait tout le reste de la ville. Son marbre clair, immacul\u00e9, brillait au soleil. Ses d\u00f4mes et ses puissantes colonnes qui soutenaient de nombreuses arches avaient \u00e9t\u00e9 r\u00e9alis\u00e9s, dans un style tr\u00e8s oriental, en quartz rose. Chacun des d\u00f4mes \u00e9tait surmont\u00e9 d\u2019une fl\u00e8che tr\u00e8s fine de jade, identique \u00e0 celles qui coiffaient les tours de l\u2019\u00e9difice. Par sa taille et sa beaut\u00e9, il rivalisait avec <em>la Porte d\u2019or<\/em> de Shamyria.<\/p>\n\n\n\n<p class=\"has-medium-font-size\">Le reste de la cit\u00e9, \u00e9clatant de blancheur, se d\u00e9roulait sur des pentes, raides aux abords du palais, qui s\u2019adoucissaient au fur et \u00e0 mesure qu\u2019on s\u2019approchait du port. Ce dernier \u00e9tait assez vaste, et prot\u00e9g\u00e9 par une imposante forteresse cr\u00e9nel\u00e9e de pierres claires. De nombreux boutres et chebecs shamyriens y mouillaient, on y distinguait aussi des navires de Kandishapur ou de cit\u00e9s plus lointaines de Maramapur. Ils venaient porter leurs marchandises depuis l\u2019autre c\u00f4t\u00e9 de la mer de cristal, des myst\u00e9rieux pays au-dessous de la jungle de Koush. Toute la ville \u00e9tait ceintur\u00e9e par des murailles, hautes et facilement d\u00e9fendables, des tours renfor\u00e7aient les fortifications \u00e0 intervalles r\u00e9guliers. Et, bien entendu, plusieurs portes permettaient de p\u00e9n\u00e9trer dans la cit\u00e9.<\/p>\n\n\n\n<p class=\"has-medium-font-size\">C\u2019est vers l\u2019une d\u2019elles qu\u2019ils se dirigeaient.<\/p>\n\n\n\n<p class=\"has-large-font-size\"><mark style=\"background-color:rgba(0, 0, 0, 0);color:#c8a301\" class=\"has-inline-color\">Extrait 2<\/mark><\/p>\n\n\n\n<p class=\"has-medium-font-size\">Une fl\u00e8che siffla aux oreilles de Laeta avant de se planter dans un tronc \u00e0 deux doigts de sa t\u00eate. Elle ne put r\u00e9primer un cri. D\u2019autres projectiles fil\u00e8rent \u00e0 travers les branches et les grandes feuilles de la for\u00eat luxuriante. Plusieurs tomb\u00e8rent autour du camp o\u00f9 ils avaient pass\u00e9 la nuit.<\/p>\n\n\n\n<p class=\"has-medium-font-size\">Bakimchandra d\u00e9gaina son arme, un cimeterre si courb\u00e9 qu\u2019il faisait penser \u00e0 une faucille. Il resta quelques instants, t\u00e9tanis\u00e9 de surprise.<\/p>\n\n\n\n<p class=\"has-medium-font-size\">Cami hurla lorsqu\u2019un homme \u00e0 t\u00eate de singe jaillit des feuillages et sauta sur elle. Son visage simiesque de mandrill \u00e9tait repoussant, \u00e0 peine v\u00eatu de quelques lambeaux de peau, il portait des colliers de cr\u00e2nes d\u2019animaux ainsi que plusieurs t\u00eates humaines r\u00e9duites et atrocement momifi\u00e9es. En d\u00e9pit de sa surprise, Cami tira son cimeterre noir et bondit de c\u00f4t\u00e9. Le casse-t\u00eate du mangou s\u2019abattit lourdement l\u00e0 o\u00f9 elle se trouvait un instant auparavant.<\/p>\n\n\n\n<p class=\"has-medium-font-size\">Laeta enfon\u00e7a son kandjar entre les c\u00f4tes de la cr\u00e9ature qui venait juste de faire irruption entre elle et son amie. L\u2019homme-singe poussa un cri inhumain. Cami le fit taire d\u00e9finitivement en brisant sa nuque avant qu\u2019il ne se redresse.<\/p>\n\n\n\n<p class=\"has-medium-font-size\">D\u2019autres fl\u00e8ches siffl\u00e8rent \u00e0 leurs oreilles, plusieurs se plant\u00e8rent dans les arbres autour d\u2019eux. Bakimchandra n\u2019arrivait pas \u00e0 prendre de d\u00e9cision. Tremblant, il pronon\u00e7ait des phrases dans une langue inconnue. Peut-\u00eatre une pri\u00e8re aux dieux maramapuriens.<\/p>\n\n\n\n<p class=\"has-medium-font-size\">Recouvrant ses esprits, Nayal\u00eb entonna des paroles mystiques \u00e0 haute voix. Presque un chant. Une violente bourrasque souleva poussi\u00e8res et feuilles, semant la confusion tout autour d\u2019eux.<\/p>\n\n\n\n<p class=\"has-medium-font-size\">\u2014&nbsp;Vite\u2009! Par ici\u2009! articula Bakimchandra en reprenant le dessus.<\/p>\n\n\n\n<p class=\"has-medium-font-size\">Elles s\u2019\u00e9lanc\u00e8rent toutes les trois derri\u00e8re lui, sautant par-dessus les arbres morts couverts de mousse, se frayant un passage \u00e0 travers les lianes, dans une course folle. Le sortil\u00e8ge de Nayal\u00eb leur fit gagner de pr\u00e9cieux instants, mais bien vite, ils entendirent le tambourinement saccad\u00e9 des tams-tams et les cris enrag\u00e9s des mangous. Ils \u00e9taient derri\u00e8re eux et n&#8217;avaient pas l&#8217;intention de renoncer. Elles forc\u00e8rent l\u2019allure, essayant de ne pas perdre leur guide, sans se soucier de savoir o\u00f9 elles aboutiraient, pourvu que cela leur donne une chance d\u2019\u00e9chapper aux sauvages qui \u00e9taient \u00e0 leur trousse. Cami ne compta pas les gifles que lui inflig\u00e8rent les rameaux, car elle ne les sentit m\u00eame pas. Pas plus que les \u00e9pines qui s\u2019enfon\u00e7aient \u00e0 travers ses bottes ou lac\u00e9raient son pantalon de peau. Elle passa en trombe, \u00e0 la suite de Laeta, sous une branche sur laquelle \u00e9tait perch\u00e9 un \u00e9norme serpent blanc constricteur. En temps normal, ni l\u2019une ni l\u2019autre ne s\u2019en seraient jamais approch\u00e9es. La perspective de finir en plat de r\u00e9sistance pour ces horribles hommes-animaux les poussait \u00e0 toutes les intr\u00e9pidit\u00e9s.<\/p>\n\n\n\n<p class=\"has-medium-font-size\">Le tam-tam continuait. Les hurlements bestiaux gagnaient du terrain. Ils n\u2019\u00e9taient pas loin. Laeta \u00e9tait hors d\u2019haleine. Lorsqu\u2019elle comprit que Nayal\u00eb ne pourrait pas soutenir le rythme de la course, elle l\u2019agrippa par le bras et l\u2019entra\u00eena avec elle. Cami fit de m\u00eame, se saisissant de l\u2019enchanteresse par l\u2019autre main. Elles poursuivirent leur fuite sur les pas de Bakimchandra.<\/p>\n\n\n\n<p class=\"has-medium-font-size\">De temps en temps, il jetait un coup d\u2019\u0153il en arri\u00e8re pour v\u00e9rifier qu\u2019elles \u00e9taient bien l\u00e0, et un \u0153il en avant pour s\u2019assurer de son chemin. Il n\u2019y avait ni sentier ni passage \u00e9vident, ils \u00e9taient au beau milieu de la jungle, un point c\u2019est tout. Peu importait l\u2019endroit o\u00f9 ils aboutiraient s\u2019ils pouvaient \u00e9chapper \u00e0 la horde sauvage qui s\u2019\u00e9tait mise sur leurs traces.<\/p>\n\n\n\n<p class=\"has-medium-font-size\">De longues minutes fil\u00e8rent, durant lesquelles il devint de plus en plus \u00e9vident que leurs poursuivants gagnaient du terrain. Laeta et Cami ne c\u00e9daient pas \u00e0 la panique que parce qu\u2019elles couraient. Ne surtout pas s\u2019arr\u00eater, ce serait leur fin. Quelle que f\u00fbt la souffrance, il fallait continuer. Les vocif\u00e9rations f\u00e9roces des mangous \u00e9taient terriblement proches. Elles entendaient distinctement les branches mortes craquer sous leurs pas ainsi que les bruissements des feuillages qui t\u00e9moignaient de leur volont\u00e9 farouche de les prendre.<\/p>\n\n\n\n<p class=\"has-medium-font-size\">Soudain une puissante d\u00e9flagration couvrit tout le vacarme de la poursuite. Les r\u00e9sidus d\u2019une onde de choc br\u00fblante arriv\u00e8rent jusqu\u2019\u00e0 elles. Tous les oiseaux des environs s\u2019\u00e9lanc\u00e8rent dans les airs dans un concert de piaillements. Le bruit assourdissant fit taire les mangous, ils parurent se figer sur place.<\/p>\n\n\n\n<div class=\"wp-block-buttons is-content-justification-center is-layout-flex wp-container-core-buttons-is-layout-16018d1d wp-block-buttons-is-layout-flex\">\n<div class=\"wp-block-button has-custom-width wp-block-button__width-25 is-style-outline is-style-outline--3\"><a class=\"wp-block-button__link wp-element-button\" href=\"https:\/\/www.amazon.fr\/L%C3%A9toile-sables-St%C3%A9phane-Tarrade\/dp\/B0C5GLK139\/ref=tmm_pap_swatch_0?_encoding=UTF8&amp;qid=1703858071&amp;sr=8-7\">Broch\u00e9<\/a><\/div>\n\n\n\n<div class=\"wp-block-button has-custom-width wp-block-button__width-25 is-style-outline is-style-outline--4\"><a class=\"wp-block-button__link wp-element-button\" href=\"https:\/\/www.amazon.fr\/L%C3%A9toile-sables-Laeta-t-6-ebook\/dp\/B0C5FQNTWM\/ref=tmm_kin_swatch_0?_encoding=UTF8&amp;qid=1703858071&amp;sr=8-7\">Kindle <\/a><\/div>\n<\/div>\n\n\n\n<p><\/p>\n","protected":false},"excerpt":{"rendered":"<p>Ce roman constitue le dernier volet de la trilogie de fantasy orientale des aventures de Laeta. Le r\u00e9cit, enti\u00e8rement remis \u00e0 neuf termine la qu\u00eate compl\u00e8te de l&#8217;\u00e9toile des sables anciennement parue aux \u00e9ditions SK. L&#8221;\u00e9toile des sables est un voyage \u00e0 travers un monde de fantasy, une invitation \u00e0 l&#8217;aventure, en m\u00eame temps qu&#8217;un &hellip; <\/p>\n<p class=\"link-more\"><a href=\"https:\/\/www.sindarick.fr\/wordpress\/?page_id=1176\" class=\"more-link\">Continuer la lecture<span class=\"screen-reader-text\"> de &laquo;&nbsp;L&#8217;\u00e9toile des sables&nbsp;&raquo;<\/span><\/a><\/p>\n","protected":false},"author":1,"featured_media":0,"parent":586,"menu_order":6,"comment_status":"closed","ping_status":"closed","template":"","meta":{"footnotes":""},"class_list":["post-1176","page","type-page","status-publish","hentry"],"_links":{"self":[{"href":"https:\/\/www.sindarick.fr\/wordpress\/index.php?rest_route=\/wp\/v2\/pages\/1176","targetHints":{"allow":["GET"]}}],"collection":[{"href":"https:\/\/www.sindarick.fr\/wordpress\/index.php?rest_route=\/wp\/v2\/pages"}],"about":[{"href":"https:\/\/www.sindarick.fr\/wordpress\/index.php?rest_route=\/wp\/v2\/types\/page"}],"author":[{"embeddable":true,"href":"https:\/\/www.sindarick.fr\/wordpress\/index.php?rest_route=\/wp\/v2\/users\/1"}],"replies":[{"embeddable":true,"href":"https:\/\/www.sindarick.fr\/wordpress\/index.php?rest_route=%2Fwp%2Fv2%2Fcomments&post=1176"}],"version-history":[{"count":3,"href":"https:\/\/www.sindarick.fr\/wordpress\/index.php?rest_route=\/wp\/v2\/pages\/1176\/revisions"}],"predecessor-version":[{"id":1189,"href":"https:\/\/www.sindarick.fr\/wordpress\/index.php?rest_route=\/wp\/v2\/pages\/1176\/revisions\/1189"}],"up":[{"embeddable":true,"href":"https:\/\/www.sindarick.fr\/wordpress\/index.php?rest_route=\/wp\/v2\/pages\/586"}],"wp:attachment":[{"href":"https:\/\/www.sindarick.fr\/wordpress\/index.php?rest_route=%2Fwp%2Fv2%2Fmedia&parent=1176"}],"curies":[{"name":"wp","href":"https:\/\/api.w.org\/{rel}","templated":true}]}}