{"id":1190,"date":"2025-09-21T13:15:14","date_gmt":"2025-09-21T13:15:14","guid":{"rendered":"https:\/\/www.sindarick.fr\/wordpress\/?page_id=1190"},"modified":"2025-09-21T13:15:14","modified_gmt":"2025-09-21T13:15:14","slug":"les-miroirs-de-circe-2","status":"publish","type":"page","link":"https:\/\/www.sindarick.fr\/wordpress\/?page_id=1190","title":{"rendered":"Les miroirs de Circ\u00eb"},"content":{"rendered":"\n<div class=\"wp-block-buttons is-horizontal is-content-justification-center is-layout-flex wp-container-core-buttons-is-layout-499968f5 wp-block-buttons-is-layout-flex\">\n<div class=\"wp-block-button has-custom-width wp-block-button__width-25 is-style-outline is-style-outline--1\"><a class=\"wp-block-button__link has-custom-font-size wp-element-button\" href=\"https:\/\/www.amazon.fr\/miroirs-Circ%C3%AB-St%C3%A9phane-Tarrade\/dp\/B0CLH14TMT\/ref=sr_1_9?__mk_fr_FR=%C3%85M%C3%85%C5%BD%C3%95%C3%91&amp;dib=eyJ2IjoiMSJ9.Pl6gqmrsooD1aWdfaGU3XzMV4PbwKrUKEYOAxgwL3T_vhYKnydrG3O9Iqozmn1d8QJT8LiJ-nYOhcc8XZdm6gKF9x14E6-IIik8NsFYSmrKVzDVl7NwPJxy72QvS_zO-A1tXvEauR7ncK7Z-ewgyY66TMwib2jfdFyGFJC9tAtvVwfS_nAHO5YHu6P355gvG6UAVVkk2J3AnKPnodsnLAI-1wZOMt1Het3hJ4P6YTC3mHZyquDNRD9SF1syOmri9rVY2MsasWgruUzyZ9qSAqNbss0kfsHBsxbBUUr0K29A.hI6YShkG9R0WFIyA-xJeIZNmYIGfyYPYSlGmQoH6KeA&amp;dib_tag=se&amp;keywords=stephane+Tarrade&amp;qid=1758458520&amp;sr=8-9\" style=\"font-size:12px\">Broch\u00e9<\/a><\/div>\n\n\n\n<div class=\"wp-block-button has-custom-width wp-block-button__width-25 is-style-outline is-style-outline--2\"><a class=\"wp-block-button__link has-custom-font-size wp-element-button\" href=\"https:\/\/www.amazon.fr\/miroirs-Circ%C3%AB-Laeta-t-ebook\/dp\/B0CLK3WPP6\/ref=tmm_kin_swatch_0?_encoding=UTF8&amp;dib_tag=se&amp;dib=eyJ2IjoiMSJ9.Pl6gqmrsooD1aWdfaGU3XzMV4PbwKrUKEYOAxgwL3T_vhYKnydrG3O9Iqozmn1d8QJT8LiJ-nYOhcc8XZdm6gKF9x14E6-IIik8NsFYSmrKVzDVl7NwPJxy72QvS_zO-A1tXvEauR7ncK7Z-ewgyY66TMwib2jfdFyGFJC9tAtvVwfS_nAHO5YHu6P355gvG6UAVVkk2J3AnKPnodsnLAI-1wZOMt1Het3hJ4P6YTC3mHZyquDNRD9SF1syOmri9rVY2MsasWgruUzyZ9qSAqNbss0kfsHBsxbBUUr0K29A.hI6YShkG9R0WFIyA-xJeIZNmYIGfyYPYSlGmQoH6KeA&amp;qid=1758458520&amp;sr=8-9\" style=\"font-size:12px\">Kindle <\/a><\/div>\n<\/div>\n\n\n\n<p>Le livre papier (broch\u00e9) est \u00e0 23 euros et les versions num\u00e9riques \u00e0 5,99 euros. <\/p>\n\n\n<div class=\"wp-block-image\">\n<figure class=\"aligncenter size-large\"><a href=\"https:\/\/www.sindarick.fr\/wordpress\/wp-content\/uploads\/2021\/02\/LAETA-T7-ebook.jpg\"><img loading=\"lazy\" decoding=\"async\" width=\"720\" height=\"1024\" src=\"https:\/\/www.sindarick.fr\/wordpress\/wp-content\/uploads\/2021\/02\/LAETA-T7-ebook-720x1024.jpg\" alt=\"\" class=\"wp-image-1183\" srcset=\"https:\/\/www.sindarick.fr\/wordpress\/wp-content\/uploads\/2021\/02\/LAETA-T7-ebook-720x1024.jpg 720w, https:\/\/www.sindarick.fr\/wordpress\/wp-content\/uploads\/2021\/02\/LAETA-T7-ebook-211x300.jpg 211w, https:\/\/www.sindarick.fr\/wordpress\/wp-content\/uploads\/2021\/02\/LAETA-T7-ebook-768x1092.jpg 768w, https:\/\/www.sindarick.fr\/wordpress\/wp-content\/uploads\/2021\/02\/LAETA-T7-ebook-1080x1536.jpg 1080w, https:\/\/www.sindarick.fr\/wordpress\/wp-content\/uploads\/2021\/02\/LAETA-T7-ebook-1440x2048.jpg 1440w, https:\/\/www.sindarick.fr\/wordpress\/wp-content\/uploads\/2021\/02\/LAETA-T7-ebook-350x498.jpg 350w, https:\/\/www.sindarick.fr\/wordpress\/wp-content\/uploads\/2021\/02\/LAETA-T7-ebook.jpg 1800w\" sizes=\"auto, (max-width: 720px) 100vw, 720px\" \/><\/a><\/figure>\n<\/div>\n\n\n<p class=\"has-text-align-center has-large-font-size\">Lorsqu&#8217;une esclave devient une h\u00e9ro\u00efne\u2026<\/p>\n\n\n\n<p class=\"has-medium-font-size\"><strong><mark style=\"background-color:rgba(0, 0, 0, 0);color:#c8a301\" class=\"has-inline-color\">Ne vous fiez jamais \u00e0 un miroir<\/mark><\/strong><mark style=\"background-color:rgba(0, 0, 0, 0);color:#c8a301\" class=\"has-inline-color\"><strong>\u2026<\/strong><\/mark><\/p>\n\n\n\n<p class=\"has-medium-font-size\">La cit\u00e9 imp\u00e9riale de Gl\u00e9nor s\u2019enorgueillit d\u2019un pass\u00e9 aussi riche qu\u2019ancien. Ne doit-elle pas sa naissance \u00e0 l\u2019antique magicienne, Circ\u00eb?<br>Laeta, devenue une princesse des Amazones, fait voile vers la ville o\u00f9 son p\u00e8re a disparu. Mais \u00e0 infiltrer le monde des voleurs, dont il fut le prince, elle risque fort de retomber dans ses anciens travers.<br>Trahie, s\u00e9par\u00e9e de Cami et Nara, qui en savent beaucoup plus qu\u2019elles ne veulent le dire, elle est plong\u00e9e dans la pire des situations, prise dans les rouages d\u2019un terrible complot, une lutte s\u00e9culaire sur le point de voir son aboutissement. Aussi, lorsque sa route croisera un des mythiques miroirs de l\u2019enchanteresse, qu\u2019y d\u00e9couvrira-t-elle?<br>\u00c0 trop s\u2019admirer, on peut se perdre. D\u00e9finitivement.<\/p>\n\n\n\n<figure class=\"wp-block-image size-large\"><a href=\"https:\/\/www.sindarick.fr\/wordpress\/wp-content\/uploads\/2025\/09\/LAETA-T7-mockup04.png\"><img loading=\"lazy\" decoding=\"async\" width=\"1024\" height=\"682\" src=\"https:\/\/www.sindarick.fr\/wordpress\/wp-content\/uploads\/2025\/09\/LAETA-T7-mockup04-1024x682.png\" alt=\"\" class=\"wp-image-1191\" srcset=\"https:\/\/www.sindarick.fr\/wordpress\/wp-content\/uploads\/2025\/09\/LAETA-T7-mockup04-1024x682.png 1024w, https:\/\/www.sindarick.fr\/wordpress\/wp-content\/uploads\/2025\/09\/LAETA-T7-mockup04-300x200.png 300w, https:\/\/www.sindarick.fr\/wordpress\/wp-content\/uploads\/2025\/09\/LAETA-T7-mockup04-768x512.png 768w, https:\/\/www.sindarick.fr\/wordpress\/wp-content\/uploads\/2025\/09\/LAETA-T7-mockup04-1536x1024.png 1536w, https:\/\/www.sindarick.fr\/wordpress\/wp-content\/uploads\/2025\/09\/LAETA-T7-mockup04-350x233.png 350w, https:\/\/www.sindarick.fr\/wordpress\/wp-content\/uploads\/2025\/09\/LAETA-T7-mockup04.png 2000w\" sizes=\"auto, (max-width: 767px) 89vw, (max-width: 1000px) 54vw, (max-width: 1071px) 543px, 580px\" \/><\/a><\/figure>\n\n\n\n<div class=\"wp-block-buttons is-horizontal is-content-justification-center is-layout-flex wp-container-core-buttons-is-layout-499968f5 wp-block-buttons-is-layout-flex\">\n<div class=\"wp-block-button has-custom-width wp-block-button__width-25 is-style-outline is-style-outline--3\"><a class=\"wp-block-button__link has-custom-font-size wp-element-button\" href=\"https:\/\/www.amazon.fr\/miroirs-Circ%C3%AB-St%C3%A9phane-Tarrade\/dp\/B0CLH14TMT\/ref=sr_1_9?__mk_fr_FR=%C3%85M%C3%85%C5%BD%C3%95%C3%91&amp;dib=eyJ2IjoiMSJ9.Pl6gqmrsooD1aWdfaGU3XzMV4PbwKrUKEYOAxgwL3T_vhYKnydrG3O9Iqozmn1d8QJT8LiJ-nYOhcc8XZdm6gKF9x14E6-IIik8NsFYSmrKVzDVl7NwPJxy72QvS_zO-A1tXvEauR7ncK7Z-ewgyY66TMwib2jfdFyGFJC9tAtvVwfS_nAHO5YHu6P355gvG6UAVVkk2J3AnKPnodsnLAI-1wZOMt1Het3hJ4P6YTC3mHZyquDNRD9SF1syOmri9rVY2MsasWgruUzyZ9qSAqNbss0kfsHBsxbBUUr0K29A.hI6YShkG9R0WFIyA-xJeIZNmYIGfyYPYSlGmQoH6KeA&amp;dib_tag=se&amp;keywords=stephane+Tarrade&amp;qid=1758458520&amp;sr=8-9\" style=\"font-size:12px\">Broch\u00e9<\/a><\/div>\n\n\n\n<div class=\"wp-block-button has-custom-width wp-block-button__width-25 is-style-outline is-style-outline--4\"><a class=\"wp-block-button__link has-custom-font-size wp-element-button\" href=\"https:\/\/www.amazon.fr\/miroirs-Circ%C3%AB-Laeta-t-ebook\/dp\/B0CLK3WPP6\/ref=tmm_kin_swatch_0?_encoding=UTF8&amp;dib_tag=se&amp;dib=eyJ2IjoiMSJ9.Pl6gqmrsooD1aWdfaGU3XzMV4PbwKrUKEYOAxgwL3T_vhYKnydrG3O9Iqozmn1d8QJT8LiJ-nYOhcc8XZdm6gKF9x14E6-IIik8NsFYSmrKVzDVl7NwPJxy72QvS_zO-A1tXvEauR7ncK7Z-ewgyY66TMwib2jfdFyGFJC9tAtvVwfS_nAHO5YHu6P355gvG6UAVVkk2J3AnKPnodsnLAI-1wZOMt1Het3hJ4P6YTC3mHZyquDNRD9SF1syOmri9rVY2MsasWgruUzyZ9qSAqNbss0kfsHBsxbBUUr0K29A.hI6YShkG9R0WFIyA-xJeIZNmYIGfyYPYSlGmQoH6KeA&amp;qid=1758458520&amp;sr=8-9\" style=\"font-size:12px\">Kindle <\/a><\/div>\n<\/div>\n\n\n\n<p><\/p>\n","protected":false},"excerpt":{"rendered":"<p>Le livre papier (broch\u00e9) est \u00e0 23 euros et les versions num\u00e9riques \u00e0 5,99 euros. Lorsqu&#8217;une esclave devient une h\u00e9ro\u00efne\u2026 Ne vous fiez jamais \u00e0 un miroir\u2026 La cit\u00e9 imp\u00e9riale de Gl\u00e9nor s\u2019enorgueillit d\u2019un pass\u00e9 aussi riche qu\u2019ancien. Ne doit-elle pas sa naissance \u00e0 l\u2019antique magicienne, Circ\u00eb?Laeta, devenue une princesse des Amazones, fait voile vers &hellip; <\/p>\n<p class=\"link-more\"><a href=\"https:\/\/www.sindarick.fr\/wordpress\/?page_id=1190\" class=\"more-link\">Continuer la lecture<span class=\"screen-reader-text\"> de &laquo;&nbsp;Les miroirs de Circ\u00eb&nbsp;&raquo;<\/span><\/a><\/p>\n","protected":false},"author":1,"featured_media":0,"parent":0,"menu_order":0,"comment_status":"closed","ping_status":"closed","template":"","meta":{"footnotes":""},"class_list":["post-1190","page","type-page","status-publish","hentry"],"_links":{"self":[{"href":"https:\/\/www.sindarick.fr\/wordpress\/index.php?rest_route=\/wp\/v2\/pages\/1190","targetHints":{"allow":["GET"]}}],"collection":[{"href":"https:\/\/www.sindarick.fr\/wordpress\/index.php?rest_route=\/wp\/v2\/pages"}],"about":[{"href":"https:\/\/www.sindarick.fr\/wordpress\/index.php?rest_route=\/wp\/v2\/types\/page"}],"author":[{"embeddable":true,"href":"https:\/\/www.sindarick.fr\/wordpress\/index.php?rest_route=\/wp\/v2\/users\/1"}],"replies":[{"embeddable":true,"href":"https:\/\/www.sindarick.fr\/wordpress\/index.php?rest_route=%2Fwp%2Fv2%2Fcomments&post=1190"}],"version-history":[{"count":1,"href":"https:\/\/www.sindarick.fr\/wordpress\/index.php?rest_route=\/wp\/v2\/pages\/1190\/revisions"}],"predecessor-version":[{"id":1193,"href":"https:\/\/www.sindarick.fr\/wordpress\/index.php?rest_route=\/wp\/v2\/pages\/1190\/revisions\/1193"}],"wp:attachment":[{"href":"https:\/\/www.sindarick.fr\/wordpress\/index.php?rest_route=%2Fwp%2Fv2%2Fmedia&parent=1190"}],"curies":[{"name":"wp","href":"https:\/\/api.w.org\/{rel}","templated":true}]}}