{"id":1195,"date":"2025-09-21T13:23:42","date_gmt":"2025-09-21T13:23:42","guid":{"rendered":"https:\/\/www.sindarick.fr\/wordpress\/?page_id=1195"},"modified":"2025-09-21T13:23:43","modified_gmt":"2025-09-21T13:23:43","slug":"la-sultane","status":"publish","type":"page","link":"https:\/\/www.sindarick.fr\/wordpress\/?page_id=1195","title":{"rendered":"La sultane"},"content":{"rendered":"\n<div class=\"wp-block-buttons is-horizontal is-content-justification-center is-layout-flex wp-container-core-buttons-is-layout-499968f5 wp-block-buttons-is-layout-flex\">\n<div class=\"wp-block-button has-custom-width wp-block-button__width-25 is-style-outline is-style-outline--1\"><a class=\"wp-block-button__link has-custom-font-size wp-element-button\" href=\"https:\/\/www.amazon.fr\/sultane-St%C3%A9phane-Tarrade\/dp\/B0CYLQW56J\/ref=sr_1_4?__mk_fr_FR=%C3%85M%C3%85%C5%BD%C3%95%C3%91&amp;dib=eyJ2IjoiMSJ9.Pl6gqmrsooD1aWdfaGU3XzMV4PbwKrUKEYOAxgwL3T_vhYKnydrG3O9Iqozmn1d8QJT8LiJ-nYOhcc8XZdm6gKF9x14E6-IIik8NsFYSmrKVzDVl7NwPJxy72QvS_zO-A1tXvEauR7ncK7Z-ewgyY66TMwib2jfdFyGFJC9tAtvVwfS_nAHO5YHu6P355gvG6UAVVkk2J3AnKPnodsnLAI-1wZOMt1Het3hJ4P6YTC3mHZyquDNRD9SF1syOmri9rVY2MsasWgruUzyZ9qSAqNbss0kfsHBsxbBUUr0K29A.hI6YShkG9R0WFIyA-xJeIZNmYIGfyYPYSlGmQoH6KeA&amp;dib_tag=se&amp;keywords=stephane+Tarrade&amp;qid=1758458520&amp;sr=8-4\" style=\"font-size:12px\">Broch\u00e9<\/a><\/div>\n\n\n\n<div class=\"wp-block-button has-custom-width wp-block-button__width-25 is-style-outline is-style-outline--2\"><a class=\"wp-block-button__link has-custom-font-size wp-element-button\" href=\"https:\/\/www.amazon.fr\/sultane-Laeta-t-8-ebook\/dp\/B0CYJ1YG7C\/ref=tmm_kin_swatch_0?_encoding=UTF8&amp;dib_tag=se&amp;dib=eyJ2IjoiMSJ9.Pl6gqmrsooD1aWdfaGU3XzMV4PbwKrUKEYOAxgwL3T_vhYKnydrG3O9Iqozmn1d8QJT8LiJ-nYOhcc8XZdm6gKF9x14E6-IIik8NsFYSmrKVzDVl7NwPJxy72QvS_zO-A1tXvEauR7ncK7Z-ewgyY66TMwib2jfdFyGFJC9tAtvVwfS_nAHO5YHu6P355gvG6UAVVkk2J3AnKPnodsnLAI-1wZOMt1Het3hJ4P6YTC3mHZyquDNRD9SF1syOmri9rVY2MsasWgruUzyZ9qSAqNbss0kfsHBsxbBUUr0K29A.hI6YShkG9R0WFIyA-xJeIZNmYIGfyYPYSlGmQoH6KeA&amp;qid=1758458520&amp;sr=8-4\" style=\"font-size:12px\">Kindle <\/a><\/div>\n<\/div>\n\n\n\n<p>Le livre papier (broch\u00e9) est \u00e0 23 euros et les versions num\u00e9riques \u00e0 4,99 euros.<\/p>\n\n\n<div class=\"wp-block-image\">\n<figure class=\"aligncenter size-large\"><a href=\"https:\/\/www.sindarick.fr\/wordpress\/wp-content\/uploads\/2021\/02\/LAETA-T8-ebook.jpg\"><img loading=\"lazy\" decoding=\"async\" width=\"720\" height=\"1024\" src=\"https:\/\/www.sindarick.fr\/wordpress\/wp-content\/uploads\/2021\/02\/LAETA-T8-ebook-720x1024.jpg\" alt=\"\" class=\"wp-image-1184\" srcset=\"https:\/\/www.sindarick.fr\/wordpress\/wp-content\/uploads\/2021\/02\/LAETA-T8-ebook-720x1024.jpg 720w, https:\/\/www.sindarick.fr\/wordpress\/wp-content\/uploads\/2021\/02\/LAETA-T8-ebook-211x300.jpg 211w, https:\/\/www.sindarick.fr\/wordpress\/wp-content\/uploads\/2021\/02\/LAETA-T8-ebook-768x1092.jpg 768w, https:\/\/www.sindarick.fr\/wordpress\/wp-content\/uploads\/2021\/02\/LAETA-T8-ebook-1080x1536.jpg 1080w, https:\/\/www.sindarick.fr\/wordpress\/wp-content\/uploads\/2021\/02\/LAETA-T8-ebook-1440x2048.jpg 1440w, https:\/\/www.sindarick.fr\/wordpress\/wp-content\/uploads\/2021\/02\/LAETA-T8-ebook-350x498.jpg 350w, https:\/\/www.sindarick.fr\/wordpress\/wp-content\/uploads\/2021\/02\/LAETA-T8-ebook.jpg 1800w\" sizes=\"auto, (max-width: 720px) 100vw, 720px\" \/><\/a><\/figure>\n<\/div>\n\n\n<p class=\"has-text-align-center has-large-font-size\">Lorsqu&#8217;une esclave devient une h\u00e9ro\u00efne\u2026<\/p>\n\n\n\n<p class=\"has-medium-font-size\"><strong><mark style=\"background-color:rgba(0, 0, 0, 0);color:#c8a301\" class=\"has-inline-color\">\u00c0 jouer avec le feu des proph\u00e9ties, il arrive qu&#8217;on se br\u00fble<\/mark><\/strong><mark style=\"background-color:rgba(0, 0, 0, 0);color:#c8a301\" class=\"has-inline-color\"><strong>\u2026<\/strong><\/mark><\/p>\n\n\n\n<p class=\"has-medium-font-size\">La guerre ravage les sables shamyriens.<br>Alors que les hordes mingoles de la Reine-Sorci\u00e8re Hada\u00fbn r\u00e9duisent \u00e0 n\u00e9ant les cit\u00e9s, partout les oracles annoncent malheur, mort et d\u00e9solation.<br>C\u2019est dans cet orient, p\u00e9tri de croyances souvent contradictoires, que la princesse Laeta revient revendiquer son titre de sultane. Les batailles qu\u2019elle devra mener seront \u00e2pres, que ce soit pour s\u2019emparer du tr\u00f4ne ou s\u2019impliquer dans la lutte sans merci que les mingols imposent \u00e0 tout le Shayar.<br>Pendant que Nayal\u00eb, l\u2019enchanteresse elfe, cherche le chemin des contr\u00e9es f\u00e9\u00e9riques, Laeta est confront\u00e9e \u00e0 sa destin\u00e9e. Est-elle r\u00e9ellement la Septi\u00e8me fille de la septi\u00e8me fille, la Houri annonc\u00e9e, ou s\u2019appr\u00eate-t-elle \u00e0 endosser un r\u00f4le qui n\u2019est pas le sien?<br>\u00c0 jouer avec le feu des proph\u00e9ties, il arrive qu\u2019on se br\u00fble\u2026<\/p>\n\n\n\n<figure class=\"wp-block-image size-large\"><a href=\"https:\/\/www.sindarick.fr\/wordpress\/wp-content\/uploads\/2025\/09\/Laeta-T8-mockup04.png\"><img loading=\"lazy\" decoding=\"async\" width=\"1024\" height=\"682\" src=\"https:\/\/www.sindarick.fr\/wordpress\/wp-content\/uploads\/2025\/09\/Laeta-T8-mockup04-1024x682.png\" alt=\"\" class=\"wp-image-1196\" srcset=\"https:\/\/www.sindarick.fr\/wordpress\/wp-content\/uploads\/2025\/09\/Laeta-T8-mockup04-1024x682.png 1024w, https:\/\/www.sindarick.fr\/wordpress\/wp-content\/uploads\/2025\/09\/Laeta-T8-mockup04-300x200.png 300w, https:\/\/www.sindarick.fr\/wordpress\/wp-content\/uploads\/2025\/09\/Laeta-T8-mockup04-768x512.png 768w, https:\/\/www.sindarick.fr\/wordpress\/wp-content\/uploads\/2025\/09\/Laeta-T8-mockup04-1536x1024.png 1536w, https:\/\/www.sindarick.fr\/wordpress\/wp-content\/uploads\/2025\/09\/Laeta-T8-mockup04-350x233.png 350w, https:\/\/www.sindarick.fr\/wordpress\/wp-content\/uploads\/2025\/09\/Laeta-T8-mockup04.png 2000w\" sizes=\"auto, (max-width: 767px) 89vw, (max-width: 1000px) 54vw, (max-width: 1071px) 543px, 580px\" \/><\/a><\/figure>\n\n\n\n<div class=\"wp-block-buttons is-horizontal is-content-justification-center is-layout-flex wp-container-core-buttons-is-layout-499968f5 wp-block-buttons-is-layout-flex\">\n<div class=\"wp-block-button has-custom-width wp-block-button__width-25 is-style-outline is-style-outline--3\"><a class=\"wp-block-button__link has-custom-font-size wp-element-button\" href=\"https:\/\/www.amazon.fr\/sultane-St%C3%A9phane-Tarrade\/dp\/B0CYLQW56J\/ref=sr_1_4?__mk_fr_FR=%C3%85M%C3%85%C5%BD%C3%95%C3%91&amp;dib=eyJ2IjoiMSJ9.Pl6gqmrsooD1aWdfaGU3XzMV4PbwKrUKEYOAxgwL3T_vhYKnydrG3O9Iqozmn1d8QJT8LiJ-nYOhcc8XZdm6gKF9x14E6-IIik8NsFYSmrKVzDVl7NwPJxy72QvS_zO-A1tXvEauR7ncK7Z-ewgyY66TMwib2jfdFyGFJC9tAtvVwfS_nAHO5YHu6P355gvG6UAVVkk2J3AnKPnodsnLAI-1wZOMt1Het3hJ4P6YTC3mHZyquDNRD9SF1syOmri9rVY2MsasWgruUzyZ9qSAqNbss0kfsHBsxbBUUr0K29A.hI6YShkG9R0WFIyA-xJeIZNmYIGfyYPYSlGmQoH6KeA&amp;dib_tag=se&amp;keywords=stephane+Tarrade&amp;qid=1758458520&amp;sr=8-4\" style=\"font-size:12px\">Broch\u00e9<\/a><\/div>\n\n\n\n<div class=\"wp-block-button has-custom-width wp-block-button__width-25 is-style-outline is-style-outline--4\"><a class=\"wp-block-button__link has-custom-font-size wp-element-button\" href=\"https:\/\/www.amazon.fr\/sultane-Laeta-t-8-ebook\/dp\/B0CYJ1YG7C\/ref=tmm_kin_swatch_0?_encoding=UTF8&amp;dib_tag=se&amp;dib=eyJ2IjoiMSJ9.Pl6gqmrsooD1aWdfaGU3XzMV4PbwKrUKEYOAxgwL3T_vhYKnydrG3O9Iqozmn1d8QJT8LiJ-nYOhcc8XZdm6gKF9x14E6-IIik8NsFYSmrKVzDVl7NwPJxy72QvS_zO-A1tXvEauR7ncK7Z-ewgyY66TMwib2jfdFyGFJC9tAtvVwfS_nAHO5YHu6P355gvG6UAVVkk2J3AnKPnodsnLAI-1wZOMt1Het3hJ4P6YTC3mHZyquDNRD9SF1syOmri9rVY2MsasWgruUzyZ9qSAqNbss0kfsHBsxbBUUr0K29A.hI6YShkG9R0WFIyA-xJeIZNmYIGfyYPYSlGmQoH6KeA&amp;qid=1758458520&amp;sr=8-4\" style=\"font-size:12px\">Kindle <\/a><\/div>\n<\/div>\n\n\n\n<p><\/p>\n","protected":false},"excerpt":{"rendered":"<p>Le livre papier (broch\u00e9) est \u00e0 23 euros et les versions num\u00e9riques \u00e0 4,99 euros. Lorsqu&#8217;une esclave devient une h\u00e9ro\u00efne\u2026 \u00c0 jouer avec le feu des proph\u00e9ties, il arrive qu&#8217;on se br\u00fble\u2026 La guerre ravage les sables shamyriens.Alors que les hordes mingoles de la Reine-Sorci\u00e8re Hada\u00fbn r\u00e9duisent \u00e0 n\u00e9ant les cit\u00e9s, partout les oracles annoncent &hellip; <\/p>\n<p class=\"link-more\"><a href=\"https:\/\/www.sindarick.fr\/wordpress\/?page_id=1195\" class=\"more-link\">Continuer la lecture<span class=\"screen-reader-text\"> de &laquo;&nbsp;La sultane&nbsp;&raquo;<\/span><\/a><\/p>\n","protected":false},"author":1,"featured_media":0,"parent":0,"menu_order":0,"comment_status":"closed","ping_status":"closed","template":"","meta":{"footnotes":""},"class_list":["post-1195","page","type-page","status-publish","hentry"],"_links":{"self":[{"href":"https:\/\/www.sindarick.fr\/wordpress\/index.php?rest_route=\/wp\/v2\/pages\/1195","targetHints":{"allow":["GET"]}}],"collection":[{"href":"https:\/\/www.sindarick.fr\/wordpress\/index.php?rest_route=\/wp\/v2\/pages"}],"about":[{"href":"https:\/\/www.sindarick.fr\/wordpress\/index.php?rest_route=\/wp\/v2\/types\/page"}],"author":[{"embeddable":true,"href":"https:\/\/www.sindarick.fr\/wordpress\/index.php?rest_route=\/wp\/v2\/users\/1"}],"replies":[{"embeddable":true,"href":"https:\/\/www.sindarick.fr\/wordpress\/index.php?rest_route=%2Fwp%2Fv2%2Fcomments&post=1195"}],"version-history":[{"count":1,"href":"https:\/\/www.sindarick.fr\/wordpress\/index.php?rest_route=\/wp\/v2\/pages\/1195\/revisions"}],"predecessor-version":[{"id":1198,"href":"https:\/\/www.sindarick.fr\/wordpress\/index.php?rest_route=\/wp\/v2\/pages\/1195\/revisions\/1198"}],"wp:attachment":[{"href":"https:\/\/www.sindarick.fr\/wordpress\/index.php?rest_route=%2Fwp%2Fv2%2Fmedia&parent=1195"}],"curies":[{"name":"wp","href":"https:\/\/api.w.org\/{rel}","templated":true}]}}