{"id":1200,"date":"2025-09-21T13:30:59","date_gmt":"2025-09-21T13:30:59","guid":{"rendered":"https:\/\/www.sindarick.fr\/wordpress\/?page_id=1200"},"modified":"2025-09-21T13:32:09","modified_gmt":"2025-09-21T13:32:09","slug":"la-septieme-fille-de-la-septieme-fille-2","status":"publish","type":"page","link":"https:\/\/www.sindarick.fr\/wordpress\/?page_id=1200","title":{"rendered":"La septi\u00e8me fille de la septi\u00e8me fille"},"content":{"rendered":"\n<div class=\"wp-block-buttons is-horizontal is-content-justification-center is-layout-flex wp-container-core-buttons-is-layout-499968f5 wp-block-buttons-is-layout-flex\">\n<div class=\"wp-block-button has-custom-width wp-block-button__width-25 is-style-outline is-style-outline--1\"><a class=\"wp-block-button__link has-custom-font-size wp-element-button\" href=\"https:\/\/www.amazon.fr\/Septi%C3%A8me-fille-septi%C3%A8me\/dp\/B0D4TTPRTC\/ref=tmm_pap_swatch_0?_encoding=UTF8&amp;dib_tag=se&amp;dib=eyJ2IjoiMSJ9.Pl6gqmrsooD1aWdfaGU3XzMV4PbwKrUKEYOAxgwL3T_vhYKnydrG3O9Iqozmn1d8QJT8LiJ-nYOhcc8XZdm6gKF9x14E6-IIik8NsFYSmrKVzDVl7NwPJxy72QvS_zO-A1tXvEauR7ncK7Z-ewgyY66TMwib2jfdFyGFJC9tAtvVwfS_nAHO5YHu6P355gvG6UAVVkk2J3AnKPnodsnLAI-1wZOMt1Het3hJ4P6YTC3mHZyquDNRD9SF1syOmri9rVY2MsasWgruUzyZ9qSAqNbss0kfsHBsxbBUUr0K29A.hI6YShkG9R0WFIyA-xJeIZNmYIGfyYPYSlGmQoH6KeA&amp;qid=1758458520&amp;sr=8-5\" style=\"font-size:12px\">Broch\u00e9<\/a><\/div>\n\n\n\n<div class=\"wp-block-button has-custom-width wp-block-button__width-25 is-style-outline is-style-outline--2\"><a class=\"wp-block-button__link has-custom-font-size wp-element-button\" href=\"https:\/\/www.amazon.fr\/Septi%C3%A8me-fille-septi%C3%A8me-Laeta-t-ebook\/dp\/B0CY65KCB5\/ref=sr_1_5?__mk_fr_FR=%C3%85M%C3%85%C5%BD%C3%95%C3%91&amp;dib=eyJ2IjoiMSJ9.Pl6gqmrsooD1aWdfaGU3XzMV4PbwKrUKEYOAxgwL3T_vhYKnydrG3O9Iqozmn1d8QJT8LiJ-nYOhcc8XZdm6gKF9x14E6-IIik8NsFYSmrKVzDVl7NwPJxy72QvS_zO-A1tXvEauR7ncK7Z-ewgyY66TMwib2jfdFyGFJC9tAtvVwfS_nAHO5YHu6P355gvG6UAVVkk2J3AnKPnodsnLAI-1wZOMt1Het3hJ4P6YTC3mHZyquDNRD9SF1syOmri9rVY2MsasWgruUzyZ9qSAqNbss0kfsHBsxbBUUr0K29A.hI6YShkG9R0WFIyA-xJeIZNmYIGfyYPYSlGmQoH6KeA&amp;dib_tag=se&amp;keywords=stephane+Tarrade&amp;qid=1758458520&amp;sr=8-5\" style=\"font-size:12px\">Kindle <\/a><\/div>\n<\/div>\n\n\n\n<p>Le livre papier (broch\u00e9) est \u00e0 22 euros et les versions num\u00e9riques \u00e0 4,99 euros.<\/p>\n\n\n<div class=\"wp-block-image\">\n<figure class=\"aligncenter size-large\"><a href=\"https:\/\/www.sindarick.fr\/wordpress\/wp-content\/uploads\/2021\/02\/LAETA-T9-ebook.jpg\"><img loading=\"lazy\" decoding=\"async\" width=\"720\" height=\"1024\" src=\"https:\/\/www.sindarick.fr\/wordpress\/wp-content\/uploads\/2021\/02\/LAETA-T9-ebook-720x1024.jpg\" alt=\"\" class=\"wp-image-1185\" srcset=\"https:\/\/www.sindarick.fr\/wordpress\/wp-content\/uploads\/2021\/02\/LAETA-T9-ebook-720x1024.jpg 720w, https:\/\/www.sindarick.fr\/wordpress\/wp-content\/uploads\/2021\/02\/LAETA-T9-ebook-211x300.jpg 211w, https:\/\/www.sindarick.fr\/wordpress\/wp-content\/uploads\/2021\/02\/LAETA-T9-ebook-768x1092.jpg 768w, https:\/\/www.sindarick.fr\/wordpress\/wp-content\/uploads\/2021\/02\/LAETA-T9-ebook-1080x1536.jpg 1080w, https:\/\/www.sindarick.fr\/wordpress\/wp-content\/uploads\/2021\/02\/LAETA-T9-ebook-1440x2048.jpg 1440w, https:\/\/www.sindarick.fr\/wordpress\/wp-content\/uploads\/2021\/02\/LAETA-T9-ebook-350x498.jpg 350w, https:\/\/www.sindarick.fr\/wordpress\/wp-content\/uploads\/2021\/02\/LAETA-T9-ebook.jpg 1800w\" sizes=\"auto, (max-width: 720px) 100vw, 720px\" \/><\/a><\/figure>\n<\/div>\n\n\n<p class=\"has-text-align-center has-large-font-size\">Lorsqu&#8217;une esclave devient une h\u00e9ro\u00efne\u2026<\/p>\n\n\n\n<p class=\"has-medium-font-size\"><strong><mark style=\"background-color:rgba(0, 0, 0, 0);color:#c8a301\" class=\"has-inline-color\">La r\u00e9v\u00e9lation<\/mark><\/strong><\/p>\n\n\n\n<p class=\"has-medium-font-size\">Prisonni\u00e8re des Mingols, Laeta est prise dans les rets de ses ennemis. Ses espoirs s\u2019envolent, emport\u00e9s par les nu\u00e9es ent\u00e9n\u00e9br\u00e9es de la Reine-Sorci\u00e8re; la proph\u00e9tie des sables et ses r\u00eaves de sultane s\u2019\u00e9vanouissent aussi s\u00fbrement qu\u2019un mirage. Mais si la foi de la Houri vacille, celle de sa s\u0153ur, Nedjma, et celle de Nayal\u00eb, l\u2019enchanteresse, restent intactes. <\/p>\n\n\n\n<p class=\"has-medium-font-size\">\u00c0 l\u2019heure o\u00f9 les Royaumes de lune s\u2019effondrent, o\u00f9 les elfes s\u2019affrontent dans le monde f\u00e9\u00e9rique, certains veulent encore se battre et croire en la Septi\u00e8me fille de la septi\u00e8me fille.<\/p>\n\n\n\n<p class=\"has-medium-font-size\">Un lieu terrifiant et une bataille titanesque attendent Laeta, une tourmente qui pourrait bien emporter tout Geya. Au c\u0153ur de ce chaos, elle ne pourra pas faire l\u2019\u00e9conomie de la pire des confrontations : se retrouver face \u00e0 elle-m\u00eame.<\/p>\n\n\n\n<p class=\"has-medium-font-size\">L\u2019ultime r\u00e9v\u00e9lation sera le plus grand d\u00e9fi que Laeta aura jamais eu \u00e0 relever.<\/p>\n\n\n\n<figure class=\"wp-block-image size-large\"><a href=\"https:\/\/www.sindarick.fr\/wordpress\/wp-content\/uploads\/2025\/09\/LAETA-T9-mockup04.png\"><img loading=\"lazy\" decoding=\"async\" width=\"1024\" height=\"682\" src=\"https:\/\/www.sindarick.fr\/wordpress\/wp-content\/uploads\/2025\/09\/LAETA-T9-mockup04-1024x682.png\" alt=\"\" class=\"wp-image-1201\" srcset=\"https:\/\/www.sindarick.fr\/wordpress\/wp-content\/uploads\/2025\/09\/LAETA-T9-mockup04-1024x682.png 1024w, https:\/\/www.sindarick.fr\/wordpress\/wp-content\/uploads\/2025\/09\/LAETA-T9-mockup04-300x200.png 300w, https:\/\/www.sindarick.fr\/wordpress\/wp-content\/uploads\/2025\/09\/LAETA-T9-mockup04-768x512.png 768w, https:\/\/www.sindarick.fr\/wordpress\/wp-content\/uploads\/2025\/09\/LAETA-T9-mockup04-1536x1024.png 1536w, https:\/\/www.sindarick.fr\/wordpress\/wp-content\/uploads\/2025\/09\/LAETA-T9-mockup04-350x233.png 350w, https:\/\/www.sindarick.fr\/wordpress\/wp-content\/uploads\/2025\/09\/LAETA-T9-mockup04.png 2000w\" sizes=\"auto, (max-width: 767px) 89vw, (max-width: 1000px) 54vw, (max-width: 1071px) 543px, 580px\" \/><\/a><\/figure>\n\n\n\n<div class=\"wp-block-buttons is-horizontal is-content-justification-center is-layout-flex wp-container-core-buttons-is-layout-499968f5 wp-block-buttons-is-layout-flex\">\n<div class=\"wp-block-button has-custom-width wp-block-button__width-25 is-style-outline is-style-outline--3\"><a class=\"wp-block-button__link has-custom-font-size wp-element-button\" href=\"https:\/\/www.amazon.fr\/Septi%C3%A8me-fille-septi%C3%A8me\/dp\/B0D4TTPRTC\/ref=tmm_pap_swatch_0?_encoding=UTF8&amp;dib_tag=se&amp;dib=eyJ2IjoiMSJ9.Pl6gqmrsooD1aWdfaGU3XzMV4PbwKrUKEYOAxgwL3T_vhYKnydrG3O9Iqozmn1d8QJT8LiJ-nYOhcc8XZdm6gKF9x14E6-IIik8NsFYSmrKVzDVl7NwPJxy72QvS_zO-A1tXvEauR7ncK7Z-ewgyY66TMwib2jfdFyGFJC9tAtvVwfS_nAHO5YHu6P355gvG6UAVVkk2J3AnKPnodsnLAI-1wZOMt1Het3hJ4P6YTC3mHZyquDNRD9SF1syOmri9rVY2MsasWgruUzyZ9qSAqNbss0kfsHBsxbBUUr0K29A.hI6YShkG9R0WFIyA-xJeIZNmYIGfyYPYSlGmQoH6KeA&amp;qid=1758458520&amp;sr=8-5\" style=\"font-size:12px\">Broch\u00e9<\/a><\/div>\n\n\n\n<div class=\"wp-block-button has-custom-width wp-block-button__width-25 is-style-outline is-style-outline--4\"><a class=\"wp-block-button__link has-custom-font-size wp-element-button\" href=\"https:\/\/www.amazon.fr\/Septi%C3%A8me-fille-septi%C3%A8me-Laeta-t-ebook\/dp\/B0CY65KCB5\/ref=sr_1_5?__mk_fr_FR=%C3%85M%C3%85%C5%BD%C3%95%C3%91&amp;dib=eyJ2IjoiMSJ9.Pl6gqmrsooD1aWdfaGU3XzMV4PbwKrUKEYOAxgwL3T_vhYKnydrG3O9Iqozmn1d8QJT8LiJ-nYOhcc8XZdm6gKF9x14E6-IIik8NsFYSmrKVzDVl7NwPJxy72QvS_zO-A1tXvEauR7ncK7Z-ewgyY66TMwib2jfdFyGFJC9tAtvVwfS_nAHO5YHu6P355gvG6UAVVkk2J3AnKPnodsnLAI-1wZOMt1Het3hJ4P6YTC3mHZyquDNRD9SF1syOmri9rVY2MsasWgruUzyZ9qSAqNbss0kfsHBsxbBUUr0K29A.hI6YShkG9R0WFIyA-xJeIZNmYIGfyYPYSlGmQoH6KeA&amp;dib_tag=se&amp;keywords=stephane+Tarrade&amp;qid=1758458520&amp;sr=8-5\" style=\"font-size:12px\">Kindle <\/a><\/div>\n<\/div>\n\n\n\n<p><\/p>\n","protected":false},"excerpt":{"rendered":"<p>Le livre papier (broch\u00e9) est \u00e0 22 euros et les versions num\u00e9riques \u00e0 4,99 euros. Lorsqu&#8217;une esclave devient une h\u00e9ro\u00efne\u2026 La r\u00e9v\u00e9lation Prisonni\u00e8re des Mingols, Laeta est prise dans les rets de ses ennemis. Ses espoirs s\u2019envolent, emport\u00e9s par les nu\u00e9es ent\u00e9n\u00e9br\u00e9es de la Reine-Sorci\u00e8re; la proph\u00e9tie des sables et ses r\u00eaves de sultane s\u2019\u00e9vanouissent &hellip; <\/p>\n<p class=\"link-more\"><a href=\"https:\/\/www.sindarick.fr\/wordpress\/?page_id=1200\" class=\"more-link\">Continuer la lecture<span class=\"screen-reader-text\"> de &laquo;&nbsp;La septi\u00e8me fille de la septi\u00e8me fille&nbsp;&raquo;<\/span><\/a><\/p>\n","protected":false},"author":1,"featured_media":0,"parent":0,"menu_order":0,"comment_status":"closed","ping_status":"closed","template":"","meta":{"footnotes":""},"class_list":["post-1200","page","type-page","status-publish","hentry"],"_links":{"self":[{"href":"https:\/\/www.sindarick.fr\/wordpress\/index.php?rest_route=\/wp\/v2\/pages\/1200","targetHints":{"allow":["GET"]}}],"collection":[{"href":"https:\/\/www.sindarick.fr\/wordpress\/index.php?rest_route=\/wp\/v2\/pages"}],"about":[{"href":"https:\/\/www.sindarick.fr\/wordpress\/index.php?rest_route=\/wp\/v2\/types\/page"}],"author":[{"embeddable":true,"href":"https:\/\/www.sindarick.fr\/wordpress\/index.php?rest_route=\/wp\/v2\/users\/1"}],"replies":[{"embeddable":true,"href":"https:\/\/www.sindarick.fr\/wordpress\/index.php?rest_route=%2Fwp%2Fv2%2Fcomments&post=1200"}],"version-history":[{"count":2,"href":"https:\/\/www.sindarick.fr\/wordpress\/index.php?rest_route=\/wp\/v2\/pages\/1200\/revisions"}],"predecessor-version":[{"id":1204,"href":"https:\/\/www.sindarick.fr\/wordpress\/index.php?rest_route=\/wp\/v2\/pages\/1200\/revisions\/1204"}],"wp:attachment":[{"href":"https:\/\/www.sindarick.fr\/wordpress\/index.php?rest_route=%2Fwp%2Fv2%2Fmedia&parent=1200"}],"curies":[{"name":"wp","href":"https:\/\/api.w.org\/{rel}","templated":true}]}}