{"id":176,"date":"2015-09-20T17:16:36","date_gmt":"2015-09-20T17:16:36","guid":{"rendered":"http:\/\/www.sindarick.fr\/wordpress\/?page_id=176"},"modified":"2021-04-14T10:17:01","modified_gmt":"2021-04-14T10:17:01","slug":"scenarios-jdr","status":"publish","type":"page","link":"https:\/\/www.sindarick.fr\/wordpress\/?page_id=176","title":{"rendered":"Sc\u00e9narios jdr"},"content":{"rendered":"<p>Tous ces sc\u00e9narios et aides de jeu sont mis \u00e0 disposition du public pour \u00eatre jou\u00e9s. Dans ce cadre vous pouvez vous en servir comme bon vous semble. Ils sont cependant soumis au droit d&#8217;auteur et ne peuvent faire l&#8217;objet de commercialisation, de diffusion ou de modification sans l&#8217;accord expr\u00e8s de leur auteur : St\u00e9phane Tarrade (ou Laurent Groleau pour les sc\u00e9nario &#8220;Hel&#8221; et &#8220;Gullveg&#8221;).<\/p>\n<p>Bonnes parties!<\/p>\n<p>&nbsp;<\/p>\n<p><a href=\"http:\/\/www.copyrightfrance.com\/certificat-depot-copyright-france-5PXK1F5.htm\"><img loading=\"lazy\" decoding=\"async\" class=\"alignnone size-full wp-image-118\" src=\"http:\/\/www.sindarick.fr\/wordpress\/wp-content\/uploads\/2015\/01\/copyrightfrance-logo9.gif\" alt=\"copyrightfrance-logo9\" width=\"91\" height=\"14\" \/><\/a><\/p>\n","protected":false},"excerpt":{"rendered":"<p>Tous ces sc\u00e9narios et aides de jeu sont mis \u00e0 disposition du public pour \u00eatre jou\u00e9s. Dans ce cadre vous pouvez vous en servir comme bon vous semble. Ils sont cependant soumis au droit d&#8217;auteur et ne peuvent faire l&#8217;objet de commercialisation, de diffusion ou de modification sans l&#8217;accord expr\u00e8s de leur auteur : St\u00e9phane &hellip; <\/p>\n<p class=\"link-more\"><a href=\"https:\/\/www.sindarick.fr\/wordpress\/?page_id=176\" class=\"more-link\">Continuer la lecture<span class=\"screen-reader-text\"> de &laquo;&nbsp;Sc\u00e9narios jdr&nbsp;&raquo;<\/span><\/a><\/p>\n","protected":false},"author":1,"featured_media":0,"parent":0,"menu_order":0,"comment_status":"closed","ping_status":"closed","template":"","meta":{"footnotes":""},"class_list":["post-176","page","type-page","status-publish","hentry"],"_links":{"self":[{"href":"https:\/\/www.sindarick.fr\/wordpress\/index.php?rest_route=\/wp\/v2\/pages\/176","targetHints":{"allow":["GET"]}}],"collection":[{"href":"https:\/\/www.sindarick.fr\/wordpress\/index.php?rest_route=\/wp\/v2\/pages"}],"about":[{"href":"https:\/\/www.sindarick.fr\/wordpress\/index.php?rest_route=\/wp\/v2\/types\/page"}],"author":[{"embeddable":true,"href":"https:\/\/www.sindarick.fr\/wordpress\/index.php?rest_route=\/wp\/v2\/users\/1"}],"replies":[{"embeddable":true,"href":"https:\/\/www.sindarick.fr\/wordpress\/index.php?rest_route=%2Fwp%2Fv2%2Fcomments&post=176"}],"version-history":[{"count":8,"href":"https:\/\/www.sindarick.fr\/wordpress\/index.php?rest_route=\/wp\/v2\/pages\/176\/revisions"}],"predecessor-version":[{"id":222,"href":"https:\/\/www.sindarick.fr\/wordpress\/index.php?rest_route=\/wp\/v2\/pages\/176\/revisions\/222"}],"wp:attachment":[{"href":"https:\/\/www.sindarick.fr\/wordpress\/index.php?rest_route=%2Fwp%2Fv2%2Fmedia&parent=176"}],"curies":[{"name":"wp","href":"https:\/\/api.w.org\/{rel}","templated":true}]}}