{"id":178,"date":"2015-09-20T18:55:28","date_gmt":"2015-09-20T18:55:28","guid":{"rendered":"http:\/\/www.sindarick.fr\/wordpress\/?page_id=178"},"modified":"2021-04-14T10:17:35","modified_gmt":"2021-04-14T10:17:35","slug":"ragnarok","status":"publish","type":"page","link":"https:\/\/www.sindarick.fr\/wordpress\/?page_id=178","title":{"rendered":"Ragnarok"},"content":{"rendered":"<p>Pour les amateurs de mythologie Viking et les fans de m\u00e9tal!<\/p>\n<p>La fin des temps en quelques sc\u00e9narios DD3.5 tr\u00e8s haut niveau&#8230; Vous avez toujours \u00e9t\u00e9 tent\u00e9 par les valkyries? Escalader Bifrost, le pont arc-en-ciel est un de vos r\u00eaves? Parcourir les terres enchant\u00e9es de Alfheim ou combattre les g\u00e9ants au Jotunheim pour enfin mourir les armes \u00e0 la main est votre v\u0153u le plus cher? Alors n&#8217;h\u00e9sitez plus! Cette s\u00e9rie de sc\u00e9narios old-school est faite pour vous. Et qui sait&#8230; peut-\u00eatre pourrez vous changer le cours des choses et conjurer le destin&#8230;<\/p>\n<p><a title=\"Ragnarok I\" href=\"http:\/\/www.sindarick.fr\/wordpress\/wp-content\/uploads\/2015\/09\/Ragnarok-I-Introduction.pdf\"><img loading=\"lazy\" decoding=\"async\" class=\"alignnone size-medium wp-image-194\" src=\"http:\/\/www.sindarick.fr\/wordpress\/wp-content\/uploads\/2015\/09\/R1.png\" alt=\"R1\" width=\"253\" height=\"251\" srcset=\"https:\/\/www.sindarick.fr\/wordpress\/wp-content\/uploads\/2015\/09\/R1.png 253w, https:\/\/www.sindarick.fr\/wordpress\/wp-content\/uploads\/2015\/09\/R1-100x100.png 100w, https:\/\/www.sindarick.fr\/wordpress\/wp-content\/uploads\/2015\/09\/R1-150x150.png 150w\" sizes=\"auto, (max-width: 253px) 100vw, 253px\" \/><\/a> <a href=\"http:\/\/www.sindarick.fr\/wordpress\/wp-content\/uploads\/2015\/09\/Ragnarock-II-Le-jotunheimr.pdf\"><img loading=\"lazy\" decoding=\"async\" class=\"alignnone size-medium wp-image-195\" src=\"http:\/\/www.sindarick.fr\/wordpress\/wp-content\/uploads\/2015\/09\/R2.png\" alt=\"R2\" width=\"253\" height=\"251\" srcset=\"https:\/\/www.sindarick.fr\/wordpress\/wp-content\/uploads\/2015\/09\/R2.png 253w, https:\/\/www.sindarick.fr\/wordpress\/wp-content\/uploads\/2015\/09\/R2-100x100.png 100w, https:\/\/www.sindarick.fr\/wordpress\/wp-content\/uploads\/2015\/09\/R2-150x150.png 150w\" sizes=\"auto, (max-width: 253px) 100vw, 253px\" \/><\/a> <a href=\"http:\/\/www.sindarick.fr\/wordpress\/wp-content\/uploads\/2015\/09\/Ragnarok-III-Alfeim.pdf\"><img loading=\"lazy\" decoding=\"async\" class=\"alignnone size-medium wp-image-196\" src=\"http:\/\/www.sindarick.fr\/wordpress\/wp-content\/uploads\/2015\/09\/R3.png\" alt=\"R3\" width=\"253\" height=\"251\" srcset=\"https:\/\/www.sindarick.fr\/wordpress\/wp-content\/uploads\/2015\/09\/R3.png 253w, https:\/\/www.sindarick.fr\/wordpress\/wp-content\/uploads\/2015\/09\/R3-100x100.png 100w, https:\/\/www.sindarick.fr\/wordpress\/wp-content\/uploads\/2015\/09\/R3-150x150.png 150w\" sizes=\"auto, (max-width: 253px) 100vw, 253px\" \/><\/a> <a href=\"http:\/\/www.sindarick.fr\/wordpress\/wp-content\/uploads\/2015\/09\/Ragnarok-IV-Niflheimr.pdf\"><img loading=\"lazy\" decoding=\"async\" class=\"alignnone size-medium wp-image-197\" src=\"http:\/\/www.sindarick.fr\/wordpress\/wp-content\/uploads\/2015\/09\/R4.png\" alt=\"R4\" width=\"253\" height=\"251\" srcset=\"https:\/\/www.sindarick.fr\/wordpress\/wp-content\/uploads\/2015\/09\/R4.png 253w, https:\/\/www.sindarick.fr\/wordpress\/wp-content\/uploads\/2015\/09\/R4-100x100.png 100w, https:\/\/www.sindarick.fr\/wordpress\/wp-content\/uploads\/2015\/09\/R4-150x150.png 150w\" sizes=\"auto, (max-width: 253px) 100vw, 253px\" \/><\/a> <a href=\"http:\/\/www.sindarick.fr\/wordpress\/wp-content\/uploads\/2015\/09\/Ragnarok-V-Midgard.pdf\"><img loading=\"lazy\" decoding=\"async\" class=\"alignnone size-medium wp-image-198\" src=\"http:\/\/www.sindarick.fr\/wordpress\/wp-content\/uploads\/2015\/09\/R5.png\" alt=\"R5\" width=\"253\" height=\"251\" srcset=\"https:\/\/www.sindarick.fr\/wordpress\/wp-content\/uploads\/2015\/09\/R5.png 253w, https:\/\/www.sindarick.fr\/wordpress\/wp-content\/uploads\/2015\/09\/R5-100x100.png 100w, https:\/\/www.sindarick.fr\/wordpress\/wp-content\/uploads\/2015\/09\/R5-150x150.png 150w\" sizes=\"auto, (max-width: 253px) 100vw, 253px\" \/><\/a> <a href=\"http:\/\/www.sindarick.fr\/wordpress\/wp-content\/uploads\/2015\/09\/Sybille.png\"><img loading=\"lazy\" decoding=\"async\" class=\"alignnone size-medium wp-image-199\" src=\"http:\/\/www.sindarick.fr\/wordpress\/wp-content\/uploads\/2015\/09\/Sybille.png\" alt=\"Sybille\" width=\"253\" height=\"251\" srcset=\"https:\/\/www.sindarick.fr\/wordpress\/wp-content\/uploads\/2015\/09\/Sybille.png 253w, https:\/\/www.sindarick.fr\/wordpress\/wp-content\/uploads\/2015\/09\/Sybille-100x100.png 100w, https:\/\/www.sindarick.fr\/wordpress\/wp-content\/uploads\/2015\/09\/Sybille-150x150.png 150w\" sizes=\"auto, (max-width: 253px) 100vw, 253px\" \/><\/a>\u00a0<a href=\"http:\/\/www.sindarick.fr\/wordpress\/wp-content\/uploads\/2015\/09\/hel.pdf\"><img loading=\"lazy\" decoding=\"async\" class=\"alignnone size-full wp-image-190\" src=\"http:\/\/www.sindarick.fr\/wordpress\/wp-content\/uploads\/2015\/09\/Hel.png\" alt=\"Hel\" width=\"252\" height=\"251\" srcset=\"https:\/\/www.sindarick.fr\/wordpress\/wp-content\/uploads\/2015\/09\/Hel.png 252w, https:\/\/www.sindarick.fr\/wordpress\/wp-content\/uploads\/2015\/09\/Hel-250x250.png 250w, https:\/\/www.sindarick.fr\/wordpress\/wp-content\/uploads\/2015\/09\/Hel-100x100.png 100w, https:\/\/www.sindarick.fr\/wordpress\/wp-content\/uploads\/2015\/09\/Hel-150x150.png 150w\" sizes=\"auto, (max-width: 252px) 100vw, 252px\" \/><\/a>\u00a0<a href=\"http:\/\/www.sindarick.fr\/wordpress\/wp-content\/uploads\/2015\/09\/livre.png\"><img loading=\"lazy\" decoding=\"async\" class=\"alignnone size-medium wp-image-191\" src=\"http:\/\/www.sindarick.fr\/wordpress\/wp-content\/uploads\/2015\/09\/livre.png\" alt=\"livre\" width=\"253\" height=\"251\" srcset=\"https:\/\/www.sindarick.fr\/wordpress\/wp-content\/uploads\/2015\/09\/livre.png 253w, https:\/\/www.sindarick.fr\/wordpress\/wp-content\/uploads\/2015\/09\/livre-100x100.png 100w, https:\/\/www.sindarick.fr\/wordpress\/wp-content\/uploads\/2015\/09\/livre-150x150.png 150w\" sizes=\"auto, (max-width: 253px) 100vw, 253px\" \/><\/a>\u00a0\u00a0<a href=\"http:\/\/www.sindarick.fr\/wordpress\/wp-content\/uploads\/2015\/09\/Gulveg.png\"><img loading=\"lazy\" decoding=\"async\" class=\"alignnone size-medium wp-image-193\" src=\"http:\/\/www.sindarick.fr\/wordpress\/wp-content\/uploads\/2015\/09\/Gulveg.png\" alt=\"Gulveg\" width=\"252\" height=\"251\" srcset=\"https:\/\/www.sindarick.fr\/wordpress\/wp-content\/uploads\/2015\/09\/Gulveg.png 252w, https:\/\/www.sindarick.fr\/wordpress\/wp-content\/uploads\/2015\/09\/Gulveg-250x250.png 250w, https:\/\/www.sindarick.fr\/wordpress\/wp-content\/uploads\/2015\/09\/Gulveg-100x100.png 100w, https:\/\/www.sindarick.fr\/wordpress\/wp-content\/uploads\/2015\/09\/Gulveg-150x150.png 150w\" sizes=\"auto, (max-width: 252px) 100vw, 252px\" \/><\/a>\u00a0<a href=\"http:\/\/www.sindarick.fr\/wordpress\/wp-content\/uploads\/2015\/09\/enigmes.png\"><img loading=\"lazy\" decoding=\"async\" class=\"alignnone size-medium wp-image-192\" src=\"http:\/\/www.sindarick.fr\/wordpress\/wp-content\/uploads\/2015\/09\/enigmes.png\" alt=\"enigmes\" width=\"252\" height=\"249\" srcset=\"https:\/\/www.sindarick.fr\/wordpress\/wp-content\/uploads\/2015\/09\/enigmes.png 252w, https:\/\/www.sindarick.fr\/wordpress\/wp-content\/uploads\/2015\/09\/enigmes-100x100.png 100w\" sizes=\"auto, (max-width: 252px) 100vw, 252px\" \/><\/a><\/p>\n<p>&nbsp;<\/p>\n<p>&nbsp;<\/p>\n<p><a href=\"http:\/\/www.copyrightfrance.com\/certificat-depot-copyright-france-5PXK1F5.htm\"><img loading=\"lazy\" decoding=\"async\" class=\"alignnone size-full wp-image-118\" src=\"http:\/\/www.sindarick.fr\/wordpress\/wp-content\/uploads\/2015\/01\/copyrightfrance-logo9.gif\" alt=\"copyrightfrance-logo9\" width=\"91\" height=\"14\" \/><\/a><\/p>\n","protected":false},"excerpt":{"rendered":"<p>Pour les amateurs de mythologie Viking et les fans de m\u00e9tal! La fin des temps en quelques sc\u00e9narios DD3.5 tr\u00e8s haut niveau&#8230; Vous avez toujours \u00e9t\u00e9 tent\u00e9 par les valkyries? Escalader Bifrost, le pont arc-en-ciel est un de vos r\u00eaves? Parcourir les terres enchant\u00e9es de Alfheim ou combattre les g\u00e9ants au Jotunheim pour enfin mourir &hellip; <\/p>\n<p class=\"link-more\"><a href=\"https:\/\/www.sindarick.fr\/wordpress\/?page_id=178\" class=\"more-link\">Continuer la lecture<span class=\"screen-reader-text\"> de &laquo;&nbsp;Ragnarok&nbsp;&raquo;<\/span><\/a><\/p>\n","protected":false},"author":1,"featured_media":0,"parent":176,"menu_order":1,"comment_status":"closed","ping_status":"closed","template":"","meta":{"footnotes":""},"class_list":["post-178","page","type-page","status-publish","hentry"],"_links":{"self":[{"href":"https:\/\/www.sindarick.fr\/wordpress\/index.php?rest_route=\/wp\/v2\/pages\/178","targetHints":{"allow":["GET"]}}],"collection":[{"href":"https:\/\/www.sindarick.fr\/wordpress\/index.php?rest_route=\/wp\/v2\/pages"}],"about":[{"href":"https:\/\/www.sindarick.fr\/wordpress\/index.php?rest_route=\/wp\/v2\/types\/page"}],"author":[{"embeddable":true,"href":"https:\/\/www.sindarick.fr\/wordpress\/index.php?rest_route=\/wp\/v2\/users\/1"}],"replies":[{"embeddable":true,"href":"https:\/\/www.sindarick.fr\/wordpress\/index.php?rest_route=%2Fwp%2Fv2%2Fcomments&post=178"}],"version-history":[{"count":3,"href":"https:\/\/www.sindarick.fr\/wordpress\/index.php?rest_route=\/wp\/v2\/pages\/178\/revisions"}],"predecessor-version":[{"id":202,"href":"https:\/\/www.sindarick.fr\/wordpress\/index.php?rest_route=\/wp\/v2\/pages\/178\/revisions\/202"}],"up":[{"embeddable":true,"href":"https:\/\/www.sindarick.fr\/wordpress\/index.php?rest_route=\/wp\/v2\/pages\/176"}],"wp:attachment":[{"href":"https:\/\/www.sindarick.fr\/wordpress\/index.php?rest_route=%2Fwp%2Fv2%2Fmedia&parent=178"}],"curies":[{"name":"wp","href":"https:\/\/api.w.org\/{rel}","templated":true}]}}