{"id":212,"date":"2015-10-22T18:40:00","date_gmt":"2015-10-22T18:40:00","guid":{"rendered":"http:\/\/www.sindarick.fr\/wordpress\/?page_id=212"},"modified":"2021-04-14T10:17:51","modified_gmt":"2021-04-14T10:17:51","slug":"les-royaumes-de-lune-aides-de-jeu","status":"publish","type":"page","link":"https:\/\/www.sindarick.fr\/wordpress\/?page_id=212","title":{"rendered":"Les royaumes de lune &#8211; Aides de jeu"},"content":{"rendered":"<p><strong>Aides de jeu :<\/strong><\/p>\n<p><strong>La cit\u00e9 d&#8217;Escargae: <\/strong><\/p>\n<p>Voulez-vous, vous aussi, vous perdre dans les rues embrum\u00e9es de la cit\u00e9 du lac Rivelonde? Ce descriptif de 30 pages de la cit\u00e9, s&#8217;il est tr\u00e8s loin d&#8217;\u00eatre exhaustif a le m\u00e9rite de donner un bon aper\u00e7u de la ville. Il est abondamment illustr\u00e9 de cartes et de descriptions. Pour MJ comptant faire jouer la campagne des &#8220;Royaumes de lune&#8221; (qui va progressivement \u00eatre mise en ligne)\u00a0ou pour les lecteurs de la s\u00e9rie&#8230;<\/p>\n<p><a href=\"http:\/\/www.sindarick.fr\/wordpress\/wp-content\/uploads\/2015\/10\/Escargae.pdf\"><img loading=\"lazy\" decoding=\"async\" class=\"alignnone wp-image-216 size-full\" src=\"http:\/\/www.sindarick.fr\/wordpress\/wp-content\/uploads\/2015\/10\/Escarga.png\" alt=\"Escarga\" width=\"253\" height=\"250\" srcset=\"https:\/\/www.sindarick.fr\/wordpress\/wp-content\/uploads\/2015\/10\/Escarga.png 253w, https:\/\/www.sindarick.fr\/wordpress\/wp-content\/uploads\/2015\/10\/Escarga-100x100.png 100w\" sizes=\"auto, (max-width: 253px) 100vw, 253px\" \/><\/a><\/p>\n<p>&nbsp;<\/p>\n<p><strong>Herbes m\u00e9dicinales et autres fac\u00e9ties de l&#8217;herboriste du lac :<\/strong><\/p>\n<p><a href=\"http:\/\/www.sindarick.fr\/wordpress\/wp-content\/uploads\/2015\/10\/Herbes.pdf\"><img loading=\"lazy\" decoding=\"async\" class=\"alignnone size-full wp-image-214\" src=\"http:\/\/www.sindarick.fr\/wordpress\/wp-content\/uploads\/2015\/10\/H1.png\" alt=\"H1\" width=\"252\" height=\"250\" srcset=\"https:\/\/www.sindarick.fr\/wordpress\/wp-content\/uploads\/2015\/10\/H1.png 252w, https:\/\/www.sindarick.fr\/wordpress\/wp-content\/uploads\/2015\/10\/H1-100x100.png 100w, https:\/\/www.sindarick.fr\/wordpress\/wp-content\/uploads\/2015\/10\/H1-150x150.png 150w\" sizes=\"auto, (max-width: 252px) 100vw, 252px\" \/><\/a><\/p>\n<p><strong>La table d&#8217;\u00e9checs critiques aux sorts&#8230; Toujours croustillant!<\/strong><\/p>\n<p><a href=\"http:\/\/www.sindarick.fr\/wordpress\/wp-content\/uploads\/2015\/10\/Table-dechec-aux-sorts.pdf\"><img loading=\"lazy\" decoding=\"async\" class=\"alignnone wp-image-280 \" src=\"http:\/\/www.sindarick.fr\/wordpress\/wp-content\/uploads\/2015\/10\/ES-213x300.png\" alt=\"ES\" width=\"254\" height=\"354\" \/><\/a><\/p>\n<p><strong>Le comt\u00e9 des terres de brumes et Val-de-Lac, deux cartes pour aventuriers en herbe!<\/strong><\/p>\n<p><a href=\"http:\/\/www.sindarick.fr\/wordpress\/wp-content\/uploads\/2015\/10\/carte-Val-de-lac4.jpg\"><img loading=\"lazy\" decoding=\"async\" class=\"alignnone size-medium wp-image-293\" src=\"http:\/\/www.sindarick.fr\/wordpress\/wp-content\/uploads\/2015\/10\/carte-Val-de-lac4-212x300.jpg\" alt=\"carte Val de lac4\" width=\"212\" height=\"300\" srcset=\"https:\/\/www.sindarick.fr\/wordpress\/wp-content\/uploads\/2015\/10\/carte-Val-de-lac4-212x300.jpg 212w, https:\/\/www.sindarick.fr\/wordpress\/wp-content\/uploads\/2015\/10\/carte-Val-de-lac4-350x496.jpg 350w, https:\/\/www.sindarick.fr\/wordpress\/wp-content\/uploads\/2015\/10\/carte-Val-de-lac4-723x1024.jpg 723w, https:\/\/www.sindarick.fr\/wordpress\/wp-content\/uploads\/2015\/10\/carte-Val-de-lac4.jpg 990w\" sizes=\"auto, (max-width: 212px) 100vw, 212px\" \/><\/a>\u00a0\u00a0<a href=\"http:\/\/www.sindarick.fr\/wordpress\/wp-content\/uploads\/2015\/10\/val-de-lac3.jpg\"><img loading=\"lazy\" decoding=\"async\" class=\"alignnone size-medium wp-image-292\" src=\"http:\/\/www.sindarick.fr\/wordpress\/wp-content\/uploads\/2015\/10\/val-de-lac3-300x216.jpg\" alt=\"val de lac3\" width=\"300\" height=\"216\" srcset=\"https:\/\/www.sindarick.fr\/wordpress\/wp-content\/uploads\/2015\/10\/val-de-lac3-300x216.jpg 300w, https:\/\/www.sindarick.fr\/wordpress\/wp-content\/uploads\/2015\/10\/val-de-lac3-350x252.jpg 350w, https:\/\/www.sindarick.fr\/wordpress\/wp-content\/uploads\/2015\/10\/val-de-lac3-1024x738.jpg 1024w, https:\/\/www.sindarick.fr\/wordpress\/wp-content\/uploads\/2015\/10\/val-de-lac3-416x300.jpg 416w, https:\/\/www.sindarick.fr\/wordpress\/wp-content\/uploads\/2015\/10\/val-de-lac3.jpg 1348w\" sizes=\"auto, (max-width: 300px) 100vw, 300px\" \/><\/a><\/p>\n<p>&nbsp;<\/p>\n<p>&nbsp;<\/p>\n<p><a href=\"http:\/\/www.copyrightfrance.com\/certificat-depot-copyright-france-5PXK1F5.htm\"><img loading=\"lazy\" decoding=\"async\" class=\"alignnone size-full wp-image-118\" src=\"http:\/\/www.sindarick.fr\/wordpress\/wp-content\/uploads\/2015\/01\/copyrightfrance-logo9.gif\" alt=\"copyrightfrance-logo9\" width=\"91\" height=\"14\" \/><\/a><\/p>\n","protected":false},"excerpt":{"rendered":"<p>Aides de jeu : La cit\u00e9 d&#8217;Escargae: Voulez-vous, vous aussi, vous perdre dans les rues embrum\u00e9es de la cit\u00e9 du lac Rivelonde? Ce descriptif de 30 pages de la cit\u00e9, s&#8217;il est tr\u00e8s loin d&#8217;\u00eatre exhaustif a le m\u00e9rite de donner un bon aper\u00e7u de la ville. Il est abondamment illustr\u00e9 de cartes et de &hellip; <\/p>\n<p class=\"link-more\"><a href=\"https:\/\/www.sindarick.fr\/wordpress\/?page_id=212\" class=\"more-link\">Continuer la lecture<span class=\"screen-reader-text\"> de &laquo;&nbsp;Les royaumes de lune &#8211; Aides de jeu&nbsp;&raquo;<\/span><\/a><\/p>\n","protected":false},"author":1,"featured_media":0,"parent":176,"menu_order":2,"comment_status":"closed","ping_status":"closed","template":"","meta":{"footnotes":""},"class_list":["post-212","page","type-page","status-publish","hentry"],"_links":{"self":[{"href":"https:\/\/www.sindarick.fr\/wordpress\/index.php?rest_route=\/wp\/v2\/pages\/212","targetHints":{"allow":["GET"]}}],"collection":[{"href":"https:\/\/www.sindarick.fr\/wordpress\/index.php?rest_route=\/wp\/v2\/pages"}],"about":[{"href":"https:\/\/www.sindarick.fr\/wordpress\/index.php?rest_route=\/wp\/v2\/types\/page"}],"author":[{"embeddable":true,"href":"https:\/\/www.sindarick.fr\/wordpress\/index.php?rest_route=\/wp\/v2\/users\/1"}],"replies":[{"embeddable":true,"href":"https:\/\/www.sindarick.fr\/wordpress\/index.php?rest_route=%2Fwp%2Fv2%2Fcomments&post=212"}],"version-history":[{"count":8,"href":"https:\/\/www.sindarick.fr\/wordpress\/index.php?rest_route=\/wp\/v2\/pages\/212\/revisions"}],"predecessor-version":[{"id":295,"href":"https:\/\/www.sindarick.fr\/wordpress\/index.php?rest_route=\/wp\/v2\/pages\/212\/revisions\/295"}],"up":[{"embeddable":true,"href":"https:\/\/www.sindarick.fr\/wordpress\/index.php?rest_route=\/wp\/v2\/pages\/176"}],"wp:attachment":[{"href":"https:\/\/www.sindarick.fr\/wordpress\/index.php?rest_route=%2Fwp%2Fv2%2Fmedia&parent=212"}],"curies":[{"name":"wp","href":"https:\/\/api.w.org\/{rel}","templated":true}]}}