{"id":245,"date":"2015-12-05T11:24:06","date_gmt":"2015-12-05T11:24:06","guid":{"rendered":"http:\/\/www.sindarick.fr\/wordpress\/?page_id=245"},"modified":"2021-04-14T10:18:07","modified_gmt":"2021-04-14T10:18:07","slug":"les-royaumes-de-lune-scenarios","status":"publish","type":"page","link":"https:\/\/www.sindarick.fr\/wordpress\/?page_id=245","title":{"rendered":"Les royaumes de lune &#8211; Sc\u00e9narios"},"content":{"rendered":"<p>La campagne des royaumes de lune est constitu\u00e9e d&#8217;une s\u00e9rie de sc\u00e9narios que le MJ peut faire jouer dans l&#8217;ordre&#8230; ou pas! Les sc\u00e9narios seront \u00e9dit\u00e9s petit \u00e0 petit sur cette page. Bien qu&#8217;appartenant \u00e0 un univers coh\u00e9rent, chacun des sc\u00e9narios est ind\u00e9pendant et peut s&#8217;ins\u00e9rer dans une histoire plus vaste fa\u00e7onn\u00e9e par le MJ. Ils ont \u00e9t\u00e9 \u00e9crit pour \u00eatre jou\u00e9 avec DD 3.5 (D20 syst\u00e8me).<\/p>\n<p>Les sc\u00e9narios pr\u00e9sent\u00e9s sur cette page peuvent \u00eatre jou\u00e9s ind\u00e9pendamment, en dehors des mini-campagnes. Les autres sont class\u00e9s dans des campagnes de trois sc\u00e9narios. Globalement, l&#8217;ensemble des mini-campagnes forme une grande campagne intitul\u00e9e &#8220;Les royaumes de lune&#8221;. N&#8217;h\u00e9sitez pas \u00e0 lire les romans pour d\u00e9couvrir le monde!<\/p>\n<p>Liens vers les mini-campagnes disponibles :<\/p>\n<p><a href=\"http:\/\/www.sindarick.fr\/wordpress\/?page_id=424\"><strong>Campagne des loups<\/strong><\/a><\/p>\n<p><strong><a href=\"http:\/\/www.sindarick.fr\/wordpress\/?page_id=427\">Campagne de Lib\u00e9lune<\/a><\/strong><\/p>\n<p><strong><a href=\"http:\/\/www.sindarick.fr\/wordpress\/?page_id=564\">Campagne les mille et une nuits de Shamyria<\/a><\/strong><\/p>\n<p>Sc\u00e9narios ind\u00e9pendants :<\/p>\n<p><strong>La lettre au p\u00e8re No\u00ebl :\u00a0<\/strong><\/p>\n<p>Un sc\u00e9nario f\u00e9erique et d\u00e9cal\u00e9 pour raviver votre \u00e2me d&#8217;enfant! A jouer aux alentours des f\u00eates de fin d&#8217;ann\u00e9e! Les PJ\/PNJ du sc\u00e9nario sont donn\u00e9s dans le pdf \u00e0 part.<\/p>\n<p><a href=\"http:\/\/www.sindarick.fr\/wordpress\/wp-content\/uploads\/2015\/12\/La-lettre-au-p\u00e8re-no\u00ebl2.pdf\"><img loading=\"lazy\" decoding=\"async\" class=\"alignnone size-full wp-image-246\" src=\"http:\/\/www.sindarick.fr\/wordpress\/wp-content\/uploads\/2015\/12\/icone1.png\" alt=\"icone1\" width=\"254\" height=\"254\" srcset=\"https:\/\/www.sindarick.fr\/wordpress\/wp-content\/uploads\/2015\/12\/icone1.png 254w, https:\/\/www.sindarick.fr\/wordpress\/wp-content\/uploads\/2015\/12\/icone1-250x250.png 250w, https:\/\/www.sindarick.fr\/wordpress\/wp-content\/uploads\/2015\/12\/icone1-100x100.png 100w, https:\/\/www.sindarick.fr\/wordpress\/wp-content\/uploads\/2015\/12\/icone1-150x150.png 150w\" sizes=\"auto, (max-width: 254px) 100vw, 254px\" \/><\/a>\u00a0 \u00a0<a href=\"http:\/\/www.sindarick.fr\/wordpress\/wp-content\/uploads\/2015\/12\/PJ-et-PNJ.pdf\"><img loading=\"lazy\" decoding=\"async\" class=\"alignnone size-full wp-image-247\" src=\"http:\/\/www.sindarick.fr\/wordpress\/wp-content\/uploads\/2015\/12\/icone2.png\" alt=\"icone2\" width=\"254\" height=\"254\" srcset=\"https:\/\/www.sindarick.fr\/wordpress\/wp-content\/uploads\/2015\/12\/icone2.png 254w, https:\/\/www.sindarick.fr\/wordpress\/wp-content\/uploads\/2015\/12\/icone2-250x250.png 250w, https:\/\/www.sindarick.fr\/wordpress\/wp-content\/uploads\/2015\/12\/icone2-100x100.png 100w, https:\/\/www.sindarick.fr\/wordpress\/wp-content\/uploads\/2015\/12\/icone2-150x150.png 150w\" sizes=\"auto, (max-width: 254px) 100vw, 254px\" \/><\/a><\/p>\n<p><strong>\u00a0<\/strong><\/p>\n<p>&nbsp;<\/p>\n<p><strong>Le coup de lune :<\/strong><\/p>\n<p>Un sc\u00e9nario qui sert de pr\u00e9lude, avec une histoire tr\u00e8s retouch\u00e9e, \u00e0 l&#8217;excellent donjon de Denis Gerfaud &#8220;L&#8217;herbe de lune&#8221; (un lien est donn\u00e9 pour y acc\u00e9der). Le coup de lune peut \u00e9galement \u00eatre jou\u00e9 de mani\u00e8re parfaitement autonome. Celui qui tirera la belle S\u00e9l\u00e9n\u00e9 de ses affres saura-t-il \u00e9galement emporter son c\u0153ur? Suivez la partition&#8230; et en avant la musique!<\/p>\n<p><a href=\"http:\/\/www.sindarick.fr\/wordpress\/wp-content\/uploads\/2015\/12\/Le-coup-de-lune.pdf\"><img loading=\"lazy\" decoding=\"async\" class=\"alignnone size-medium wp-image-313\" src=\"http:\/\/www.sindarick.fr\/wordpress\/wp-content\/uploads\/2015\/12\/coup-de-lune-couverture-213x300.png\" alt=\"coup de lune couverture\" width=\"213\" height=\"300\" srcset=\"https:\/\/www.sindarick.fr\/wordpress\/wp-content\/uploads\/2015\/12\/coup-de-lune-couverture-213x300.png 213w, https:\/\/www.sindarick.fr\/wordpress\/wp-content\/uploads\/2015\/12\/coup-de-lune-couverture-350x494.png 350w, https:\/\/www.sindarick.fr\/wordpress\/wp-content\/uploads\/2015\/12\/coup-de-lune-couverture.png 629w\" sizes=\"auto, (max-width: 213px) 100vw, 213px\" \/><\/a><\/p>\n<p><strong>D\u00e9crocher la lune<\/strong><\/p>\n<p>Un conte de No\u00ebl ou d&#8217;hiver, pour ravir les \u00e2mes d&#8217;enfants qui sommeillent chez les r\u00f4listes. L&#8217;aventure, centr\u00e9e autour du personnage de Yakumak, un jeune gar\u00e7on, fait intervenir des protagonistes loufoques, jouables par les PJ. Il risquent bien de glisser \u00e0 grande vitesse dans une histoire tout aussi d\u00e9cal\u00e9e!<\/p>\n<p><a href=\"http:\/\/www.sindarick.fr\/wordpress\/wp-content\/uploads\/2015\/12\/D\u00e9crocher-la-lune.pdf\"><img loading=\"lazy\" decoding=\"async\" class=\"alignnone size-medium wp-image-525\" src=\"http:\/\/www.sindarick.fr\/wordpress\/wp-content\/uploads\/2015\/12\/image-pdf-d\u00e9crocher-210x300.png\" alt=\"image pdf d\u00e9crocher\" width=\"210\" height=\"300\" srcset=\"https:\/\/www.sindarick.fr\/wordpress\/wp-content\/uploads\/2015\/12\/image-pdf-d\u00e9crocher-210x300.png 210w, https:\/\/www.sindarick.fr\/wordpress\/wp-content\/uploads\/2015\/12\/image-pdf-d\u00e9crocher-350x499.png 350w, https:\/\/www.sindarick.fr\/wordpress\/wp-content\/uploads\/2015\/12\/image-pdf-d\u00e9crocher.png 453w\" sizes=\"auto, (max-width: 210px) 100vw, 210px\" \/><\/a>\u00a0 \u00a0\u00a0 <a href=\"http:\/\/www.sindarick.fr\/wordpress\/wp-content\/uploads\/2015\/12\/Personnages.pdf\"><img loading=\"lazy\" decoding=\"async\" class=\"alignnone size-medium wp-image-526\" src=\"http:\/\/www.sindarick.fr\/wordpress\/wp-content\/uploads\/2015\/12\/image-personnages-d\u00e9crocher-212x300.png\" alt=\"image personnages d\u00e9crocher\" width=\"212\" height=\"300\" srcset=\"https:\/\/www.sindarick.fr\/wordpress\/wp-content\/uploads\/2015\/12\/image-personnages-d\u00e9crocher-212x300.png 212w, https:\/\/www.sindarick.fr\/wordpress\/wp-content\/uploads\/2015\/12\/image-personnages-d\u00e9crocher-350x495.png 350w, https:\/\/www.sindarick.fr\/wordpress\/wp-content\/uploads\/2015\/12\/image-personnages-d\u00e9crocher.png 457w\" sizes=\"auto, (max-width: 212px) 100vw, 212px\" \/><\/a><\/p>\n<p>&nbsp;<\/p>\n<p><a href=\"http:\/\/www.copyrightfrance.com\/certificat-depot-copyright-france-5PXK1F5.htm\"><img loading=\"lazy\" decoding=\"async\" class=\"alignnone size-full wp-image-118\" src=\"http:\/\/www.sindarick.fr\/wordpress\/wp-content\/uploads\/2015\/01\/copyrightfrance-logo9.gif\" alt=\"copyrightfrance-logo9\" width=\"91\" height=\"14\" \/><\/a><\/p>\n<p>&nbsp;<\/p>\n","protected":false},"excerpt":{"rendered":"<p>La campagne des royaumes de lune est constitu\u00e9e d&#8217;une s\u00e9rie de sc\u00e9narios que le MJ peut faire jouer dans l&#8217;ordre&#8230; ou pas! Les sc\u00e9narios seront \u00e9dit\u00e9s petit \u00e0 petit sur cette page. Bien qu&#8217;appartenant \u00e0 un univers coh\u00e9rent, chacun des sc\u00e9narios est ind\u00e9pendant et peut s&#8217;ins\u00e9rer dans une histoire plus vaste fa\u00e7onn\u00e9e par le MJ. &hellip; <\/p>\n<p class=\"link-more\"><a href=\"https:\/\/www.sindarick.fr\/wordpress\/?page_id=245\" class=\"more-link\">Continuer la lecture<span class=\"screen-reader-text\"> de &laquo;&nbsp;Les royaumes de lune &#8211; Sc\u00e9narios&nbsp;&raquo;<\/span><\/a><\/p>\n","protected":false},"author":1,"featured_media":0,"parent":176,"menu_order":2,"comment_status":"closed","ping_status":"closed","template":"","meta":{"footnotes":""},"class_list":["post-245","page","type-page","status-publish","hentry"],"_links":{"self":[{"href":"https:\/\/www.sindarick.fr\/wordpress\/index.php?rest_route=\/wp\/v2\/pages\/245","targetHints":{"allow":["GET"]}}],"collection":[{"href":"https:\/\/www.sindarick.fr\/wordpress\/index.php?rest_route=\/wp\/v2\/pages"}],"about":[{"href":"https:\/\/www.sindarick.fr\/wordpress\/index.php?rest_route=\/wp\/v2\/types\/page"}],"author":[{"embeddable":true,"href":"https:\/\/www.sindarick.fr\/wordpress\/index.php?rest_route=\/wp\/v2\/users\/1"}],"replies":[{"embeddable":true,"href":"https:\/\/www.sindarick.fr\/wordpress\/index.php?rest_route=%2Fwp%2Fv2%2Fcomments&post=245"}],"version-history":[{"count":14,"href":"https:\/\/www.sindarick.fr\/wordpress\/index.php?rest_route=\/wp\/v2\/pages\/245\/revisions"}],"predecessor-version":[{"id":573,"href":"https:\/\/www.sindarick.fr\/wordpress\/index.php?rest_route=\/wp\/v2\/pages\/245\/revisions\/573"}],"up":[{"embeddable":true,"href":"https:\/\/www.sindarick.fr\/wordpress\/index.php?rest_route=\/wp\/v2\/pages\/176"}],"wp:attachment":[{"href":"https:\/\/www.sindarick.fr\/wordpress\/index.php?rest_route=%2Fwp%2Fv2%2Fmedia&parent=245"}],"curies":[{"name":"wp","href":"https:\/\/api.w.org\/{rel}","templated":true}]}}