{"id":328,"date":"2016-10-02T13:25:45","date_gmt":"2016-10-02T13:25:45","guid":{"rendered":"http:\/\/www.sindarick.fr\/wordpress\/?page_id=328"},"modified":"2021-04-14T10:05:08","modified_gmt":"2021-04-14T10:05:08","slug":"la-prophetie","status":"publish","type":"page","link":"https:\/\/www.sindarick.fr\/wordpress\/?page_id=328","title":{"rendered":"La proph\u00e9tie"},"content":{"rendered":"<p style=\"text-align: center;\"><em>Une \u00e9toile est n\u00e9e dans les sables<\/em><\/p>\n<p style=\"text-align: center;\"><em>Les hommes se l\u00e8veront, se battront et p\u00e9riront<\/em><\/p>\n<p style=\"text-align: center;\"><em>Des batailles d\u2019antan les \u00e9chos r\u00e9sonneront<\/em><\/p>\n<p style=\"text-align: center;\"><em>Des royaumes en guerre, une reine impitoyable<\/em><\/p>\n<p style=\"text-align: center;\"><em>Les dieux en col\u00e8re ouvrent la bataille<\/em><\/p>\n<p style=\"text-align: center;\"><em>La septi\u00e8me de la septi\u00e8me est r\u00e9v\u00e9l\u00e9e<\/em><\/p>\n<p style=\"text-align: center;\"><em>Des reines guerri\u00e8res du royaume f\u00e9e<\/em><\/p>\n<p style=\"text-align: center;\"><em>Les cit\u00e9s br\u00fblent comme feu de paille<\/em><\/p>\n<p style=\"text-align: center;\"><em>Les c\u0153urs et les esprits s\u2019enflamment<\/em><\/p>\n<p style=\"text-align: center;\"><em>Le voleur a pris la femme<\/em><\/p>\n<p style=\"text-align: center;\"><em>Un joyau \u00e0 nul autre semblable<\/em><\/p>\n<p style=\"text-align: center;\"><em>Une \u00e9toile est n\u00e9e dans les sables<\/em><\/p>\n","protected":false},"excerpt":{"rendered":"<p>Une \u00e9toile est n\u00e9e dans les sables Les hommes se l\u00e8veront, se battront et p\u00e9riront Des batailles d\u2019antan les \u00e9chos r\u00e9sonneront Des royaumes en guerre, une reine impitoyable Les dieux en col\u00e8re ouvrent la bataille La septi\u00e8me de la septi\u00e8me est r\u00e9v\u00e9l\u00e9e Des reines guerri\u00e8res du royaume f\u00e9e Les cit\u00e9s br\u00fblent comme feu de paille &hellip; <\/p>\n<p class=\"link-more\"><a href=\"https:\/\/www.sindarick.fr\/wordpress\/?page_id=328\" class=\"more-link\">Continuer la lecture<span class=\"screen-reader-text\"> de &laquo;&nbsp;La proph\u00e9tie&nbsp;&raquo;<\/span><\/a><\/p>\n","protected":false},"author":1,"featured_media":0,"parent":586,"menu_order":1,"comment_status":"closed","ping_status":"closed","template":"","meta":{"footnotes":""},"class_list":["post-328","page","type-page","status-publish","hentry"],"_links":{"self":[{"href":"https:\/\/www.sindarick.fr\/wordpress\/index.php?rest_route=\/wp\/v2\/pages\/328","targetHints":{"allow":["GET"]}}],"collection":[{"href":"https:\/\/www.sindarick.fr\/wordpress\/index.php?rest_route=\/wp\/v2\/pages"}],"about":[{"href":"https:\/\/www.sindarick.fr\/wordpress\/index.php?rest_route=\/wp\/v2\/types\/page"}],"author":[{"embeddable":true,"href":"https:\/\/www.sindarick.fr\/wordpress\/index.php?rest_route=\/wp\/v2\/users\/1"}],"replies":[{"embeddable":true,"href":"https:\/\/www.sindarick.fr\/wordpress\/index.php?rest_route=%2Fwp%2Fv2%2Fcomments&post=328"}],"version-history":[{"count":1,"href":"https:\/\/www.sindarick.fr\/wordpress\/index.php?rest_route=\/wp\/v2\/pages\/328\/revisions"}],"predecessor-version":[{"id":329,"href":"https:\/\/www.sindarick.fr\/wordpress\/index.php?rest_route=\/wp\/v2\/pages\/328\/revisions\/329"}],"up":[{"embeddable":true,"href":"https:\/\/www.sindarick.fr\/wordpress\/index.php?rest_route=\/wp\/v2\/pages\/586"}],"wp:attachment":[{"href":"https:\/\/www.sindarick.fr\/wordpress\/index.php?rest_route=%2Fwp%2Fv2%2Fmedia&parent=328"}],"curies":[{"name":"wp","href":"https:\/\/api.w.org\/{rel}","templated":true}]}}