{"id":424,"date":"2017-09-30T09:40:26","date_gmt":"2017-09-30T09:40:26","guid":{"rendered":"http:\/\/www.sindarick.fr\/wordpress\/?page_id=424"},"modified":"2020-01-01T14:33:01","modified_gmt":"2020-01-01T14:33:01","slug":"la-campagne-des-loups","status":"publish","type":"page","link":"https:\/\/www.sindarick.fr\/wordpress\/?page_id=424","title":{"rendered":"La campagne des loups"},"content":{"rendered":"<p>D\u00e9couvrez la cit\u00e9 d&#8217;Escargae et ses environs au travers d&#8217;une minicampagne de trois sc\u00e9narios.\u00a0Loups et loup-garous r\u00f4dent&#8230; mais ils ne sont pas les seuls!<\/p>\n<p><strong>L\u2019ombre des loups :<\/strong><\/p>\n<p>Des meurtres inqui\u00e9tants dans les ruelles embrum\u00e9es d\u2019Escargae\u2026 Et la rumeur du loup-garou qui se r\u00e9pand dans la cit\u00e9\u2026 Un sc\u00e9nario enqu\u00eate, \u00e0 rebondissements, pour des personnages plut\u00f4t d\u00e9butants qui n\u2019ont pas peur du loup!<\/p>\n<p><a href=\"http:\/\/www.sindarick.fr\/wordpress\/wp-content\/uploads\/2015\/12\/Lombre-des-loups2.pdf\"><img loading=\"lazy\" decoding=\"async\" class=\"alignnone size-full wp-image-260\" src=\"http:\/\/www.sindarick.fr\/wordpress\/wp-content\/uploads\/2015\/12\/iconeombredesloups.png\" sizes=\"auto, (max-width: 254px) 100vw, 254px\" srcset=\"http:\/\/www.sindarick.fr\/wordpress\/wp-content\/uploads\/2015\/12\/iconeombredesloups.png 254w, http:\/\/www.sindarick.fr\/wordpress\/wp-content\/uploads\/2015\/12\/iconeombredesloups-150x150.png 150w\" alt=\"iconeombredesloups\" width=\"254\" height=\"254\" \/><\/a><\/p>\n<p><strong>\u00a0La princesse nue :<\/strong><\/p>\n<p>Des bruits inqui\u00e9tants provenant de la cave\u2026 d\u2019\u00e9tranges restes de statues et d\u2019horribles gargouilles! Vos aventuriers seront ils pr\u00eat \u00e0 suivre\u00a0une enqu\u00eate qui les m\u00e8nera jusqu\u2019aux origines mythologiques de la cit\u00e9? La princesse nue les attend sur son pi\u00e9destal, son \u00e9nigmatique sourire aux l\u00e8vres\u2026<\/p>\n<p><a href=\"http:\/\/www.sindarick.fr\/wordpress\/wp-content\/uploads\/2020\/01\/La-princesse-nue2-1.pdf\"><img loading=\"lazy\" decoding=\"async\" class=\"alignnone wp-image-299 size-medium\" src=\"http:\/\/www.sindarick.fr\/wordpress\/wp-content\/uploads\/2015\/12\/premierepage-245x300.png\" alt=\"\" width=\"245\" height=\"300\" \/><\/a>\u00a0 \u00a0 \u00a0<a href=\"http:\/\/www.sindarick.fr\/wordpress\/wp-content\/uploads\/2015\/12\/PrincesseNue1-e1461227234841.jpg\"><img loading=\"lazy\" decoding=\"async\" class=\"alignnone wp-image-297 size-medium\" src=\"http:\/\/www.sindarick.fr\/wordpress\/wp-content\/uploads\/2015\/12\/PrincesseNue1-201x300.jpg\" alt=\"\" width=\"201\" height=\"300\" \/><\/a><\/p>\n<p><strong>La nuit du loup :<\/strong><\/p>\n<p>Et si un complot d&#8217;envergure \u00e9tait \u00e0 l&#8217;oeuvre? Les loups ont-ils vraiment disparu? Quelqu&#8217;un tire les ficelles, et il est mieux plac\u00e9 que l&#8217;on croit&#8230;<\/p>\n<p>Ce premier aboutissement des deux sc\u00e9narios pr\u00e9c\u00e9dents n&#8217;est qu&#8217;un tremplin vers la grande campagne des royaumes de lune.<\/p>\n<p>Sc\u00e9nario \u00e0 venir.<\/p>\n<p><a href=\"http:\/\/www.sindarick.fr\/wordpress\/wp-content\/uploads\/2017\/09\/HOBx10.jpg\"><img loading=\"lazy\" decoding=\"async\" class=\"alignnone size-medium wp-image-425\" src=\"http:\/\/www.sindarick.fr\/wordpress\/wp-content\/uploads\/2017\/09\/HOBx10-192x300.jpg\" alt=\"HOBx10\" width=\"192\" height=\"300\" srcset=\"https:\/\/www.sindarick.fr\/wordpress\/wp-content\/uploads\/2017\/09\/HOBx10-192x300.jpg 192w, https:\/\/www.sindarick.fr\/wordpress\/wp-content\/uploads\/2017\/09\/HOBx10-350x547.jpg 350w, https:\/\/www.sindarick.fr\/wordpress\/wp-content\/uploads\/2017\/09\/HOBx10.jpg 384w\" sizes=\"auto, (max-width: 192px) 100vw, 192px\" \/><\/a><\/p>\n","protected":false},"excerpt":{"rendered":"<p>D\u00e9couvrez la cit\u00e9 d&#8217;Escargae et ses environs au travers d&#8217;une minicampagne de trois sc\u00e9narios.\u00a0Loups et loup-garous r\u00f4dent&#8230; mais ils ne sont pas les seuls! L\u2019ombre des loups : Des meurtres inqui\u00e9tants dans les ruelles embrum\u00e9es d\u2019Escargae\u2026 Et la rumeur du loup-garou qui se r\u00e9pand dans la cit\u00e9\u2026 Un sc\u00e9nario enqu\u00eate, \u00e0 rebondissements, pour des personnages &hellip; <\/p>\n<p class=\"link-more\"><a href=\"https:\/\/www.sindarick.fr\/wordpress\/?page_id=424\" class=\"more-link\">Continuer la lecture<span class=\"screen-reader-text\"> de &laquo;&nbsp;La campagne des loups&nbsp;&raquo;<\/span><\/a><\/p>\n","protected":false},"author":1,"featured_media":0,"parent":245,"menu_order":0,"comment_status":"closed","ping_status":"closed","template":"","meta":{"footnotes":""},"class_list":["post-424","page","type-page","status-publish","hentry"],"_links":{"self":[{"href":"https:\/\/www.sindarick.fr\/wordpress\/index.php?rest_route=\/wp\/v2\/pages\/424","targetHints":{"allow":["GET"]}}],"collection":[{"href":"https:\/\/www.sindarick.fr\/wordpress\/index.php?rest_route=\/wp\/v2\/pages"}],"about":[{"href":"https:\/\/www.sindarick.fr\/wordpress\/index.php?rest_route=\/wp\/v2\/types\/page"}],"author":[{"embeddable":true,"href":"https:\/\/www.sindarick.fr\/wordpress\/index.php?rest_route=\/wp\/v2\/users\/1"}],"replies":[{"embeddable":true,"href":"https:\/\/www.sindarick.fr\/wordpress\/index.php?rest_route=%2Fwp%2Fv2%2Fcomments&post=424"}],"version-history":[{"count":5,"href":"https:\/\/www.sindarick.fr\/wordpress\/index.php?rest_route=\/wp\/v2\/pages\/424\/revisions"}],"predecessor-version":[{"id":547,"href":"https:\/\/www.sindarick.fr\/wordpress\/index.php?rest_route=\/wp\/v2\/pages\/424\/revisions\/547"}],"up":[{"embeddable":true,"href":"https:\/\/www.sindarick.fr\/wordpress\/index.php?rest_route=\/wp\/v2\/pages\/245"}],"wp:attachment":[{"href":"https:\/\/www.sindarick.fr\/wordpress\/index.php?rest_route=%2Fwp%2Fv2%2Fmedia&parent=424"}],"curies":[{"name":"wp","href":"https:\/\/api.w.org\/{rel}","templated":true}]}}