{"id":427,"date":"2017-09-30T09:45:21","date_gmt":"2017-09-30T09:45:21","guid":{"rendered":"http:\/\/www.sindarick.fr\/wordpress\/?page_id=427"},"modified":"2017-09-30T09:45:21","modified_gmt":"2017-09-30T09:45:21","slug":"la-campagne-de-libelune","status":"publish","type":"page","link":"https:\/\/www.sindarick.fr\/wordpress\/?page_id=427","title":{"rendered":"La campagne de Lib\u00e9lune"},"content":{"rendered":"<p>Lib\u00e9lune est une jeune femme \u00e9nigmatique et elle est intimement li\u00e9e aux aventuriers. Ces trois aventures m\u00e8neront les PJ dans les campagnes et terres sauvages autour d&#8217;Escargae&#8230; et dans leur enfance aussi! Cette mini-campagne peut se jouer \u00e0 la suite de celle des loups, elle est un pas suppl\u00e9mentaire dans la grande campagne des royaumes de lune.<\/p>\n<p><strong>La fleur de gel :<\/strong><\/p>\n<p>Les aventuriers auront-ils la bont\u00e9 d\u2019\u00e2me de sauver une damoiselle en d\u00e9tresse, en allant, au p\u00e9ril de leur vie, cueillir une herbe m\u00e9dicinale rare et qu\u00e9rir un herboriste au talent rare? Un sc\u00e9nario pour amateurs de nature et citadins avec quelques rebondissements inattendus\u2026<\/p>\n<p><a href=\"http:\/\/www.sindarick.fr\/wordpress\/wp-content\/uploads\/2015\/12\/La-fleur-de-gel.pdf\"><img loading=\"lazy\" decoding=\"async\" class=\"alignnone size-medium wp-image-303\" src=\"http:\/\/www.sindarick.fr\/wordpress\/wp-content\/uploads\/2015\/12\/page-de-garde-241x300.png\" sizes=\"auto, (max-width: 241px) 100vw, 241px\" srcset=\"http:\/\/www.sindarick.fr\/wordpress\/wp-content\/uploads\/2015\/12\/page-de-garde-241x300.png 241w, http:\/\/www.sindarick.fr\/wordpress\/wp-content\/uploads\/2015\/12\/page-de-garde.png 708w\" alt=\"page de garde\" width=\"241\" height=\"300\" \/><\/a><\/p>\n<p>&nbsp;<\/p>\n<p>&nbsp;<\/p>\n<p><strong>La m\u00e8re Mich\u00e8le qu\u2019avait perdu son chat!<\/strong><\/p>\n<p>Et si vos aventuriers revivaient leur jeunesse, cette fi\u00e8re \u00e9poque o\u00f9 ils d\u00e9butaient, autour d\u2019un verre \u00e0 la Vodagarazun? Cette aventure sans risque pour les joueurs a le m\u00e9rite de leur donner un petit background campagnard\u2026 et de pr\u00e9figurer d\u2019autres aventures.<\/p>\n<p><a href=\"http:\/\/www.sindarick.fr\/wordpress\/wp-content\/uploads\/2015\/12\/M%C3%A8re-Mich%C3%A8le.pdf\"><img loading=\"lazy\" decoding=\"async\" class=\"alignnone size-medium wp-image-338\" src=\"http:\/\/www.sindarick.fr\/wordpress\/wp-content\/uploads\/2015\/12\/couv-Mere-Michele-211x300.png\" sizes=\"auto, (max-width: 211px) 100vw, 211px\" srcset=\"http:\/\/www.sindarick.fr\/wordpress\/wp-content\/uploads\/2015\/12\/couv-Mere-Michele-211x300.png 211w, http:\/\/www.sindarick.fr\/wordpress\/wp-content\/uploads\/2015\/12\/couv-Mere-Michele.png 454w\" alt=\"couv-mere-michele\" width=\"211\" height=\"300\" \/><\/a><\/p>\n<p><strong>Le secret de Lib\u00e9lune :<\/strong><\/p>\n<p>Mais quelle lubie a pris Lib\u00e9lune? La voila embarqu\u00e9e dans une dr\u00f4le de gal\u00e8re. Une secte \u00e0 deux sous de cuivre dans laquelle le dernier des simplets d\u2019Escargae ne se laisserait pas prendre, un escroc qui joue les gourous\u00a0et des myst\u00e9rieux rendez-vous \u00e9crits sur les murs de la ville. Comment la belle s\u2019est-elle laiss\u00e9 prendre au filet? Le myst\u00e8re de sa naissance n\u2019est-il pas au c\u0153ur des intrigues qui se tissent autour d\u2019elle?<\/p>\n<p>Les indices et parchemins sont sur le second fichier.<\/p>\n<p><a href=\"http:\/\/www.sindarick.fr\/wordpress\/wp-content\/uploads\/2015\/12\/Le-secret-de-Lib%C3%A9lune2.pdf\"><img loading=\"lazy\" decoding=\"async\" class=\"alignnone size-medium wp-image-347\" src=\"http:\/\/www.sindarick.fr\/wordpress\/wp-content\/uploads\/2015\/12\/Secretlibeluneimage-212x300.png\" sizes=\"auto, (max-width: 212px) 100vw, 212px\" srcset=\"http:\/\/www.sindarick.fr\/wordpress\/wp-content\/uploads\/2015\/12\/Secretlibeluneimage-212x300.png 212w, http:\/\/www.sindarick.fr\/wordpress\/wp-content\/uploads\/2015\/12\/Secretlibeluneimage.png 624w\" alt=\"secretlibeluneimage\" width=\"212\" height=\"300\" \/><\/a>\u00a0\u00a0<a href=\"http:\/\/www.sindarick.fr\/wordpress\/wp-content\/uploads\/2015\/12\/parchemins-secret-de-Libelune.pdf\"><img loading=\"lazy\" decoding=\"async\" class=\"alignnone size-medium wp-image-350\" src=\"http:\/\/www.sindarick.fr\/wordpress\/wp-content\/uploads\/2015\/12\/Parchemins-et-indices-Le-secret-de-Lib%C3%A9lune-234x300.png\" sizes=\"auto, (max-width: 234px) 100vw, 234px\" srcset=\"http:\/\/www.sindarick.fr\/wordpress\/wp-content\/uploads\/2015\/12\/Parchemins-et-indices-Le-secret-de-Lib\u00e9lune-234x300.png 234w, http:\/\/www.sindarick.fr\/wordpress\/wp-content\/uploads\/2015\/12\/Parchemins-et-indices-Le-secret-de-Lib\u00e9lune.png 687w\" alt=\"parchemins-et-indices-le-secret-de-libelune\" width=\"234\" height=\"300\" \/><\/a><\/p>\n<p>&nbsp;<\/p>\n","protected":false},"excerpt":{"rendered":"<p>Lib\u00e9lune est une jeune femme \u00e9nigmatique et elle est intimement li\u00e9e aux aventuriers. Ces trois aventures m\u00e8neront les PJ dans les campagnes et terres sauvages autour d&#8217;Escargae&#8230; et dans leur enfance aussi! Cette mini-campagne peut se jouer \u00e0 la suite de celle des loups, elle est un pas suppl\u00e9mentaire dans la grande campagne des royaumes &hellip; <\/p>\n<p class=\"link-more\"><a href=\"https:\/\/www.sindarick.fr\/wordpress\/?page_id=427\" class=\"more-link\">Continuer la lecture<span class=\"screen-reader-text\"> de &laquo;&nbsp;La campagne de Lib\u00e9lune&nbsp;&raquo;<\/span><\/a><\/p>\n","protected":false},"author":1,"featured_media":0,"parent":245,"menu_order":2,"comment_status":"closed","ping_status":"closed","template":"","meta":{"footnotes":""},"class_list":["post-427","page","type-page","status-publish","hentry"],"_links":{"self":[{"href":"https:\/\/www.sindarick.fr\/wordpress\/index.php?rest_route=\/wp\/v2\/pages\/427","targetHints":{"allow":["GET"]}}],"collection":[{"href":"https:\/\/www.sindarick.fr\/wordpress\/index.php?rest_route=\/wp\/v2\/pages"}],"about":[{"href":"https:\/\/www.sindarick.fr\/wordpress\/index.php?rest_route=\/wp\/v2\/types\/page"}],"author":[{"embeddable":true,"href":"https:\/\/www.sindarick.fr\/wordpress\/index.php?rest_route=\/wp\/v2\/users\/1"}],"replies":[{"embeddable":true,"href":"https:\/\/www.sindarick.fr\/wordpress\/index.php?rest_route=%2Fwp%2Fv2%2Fcomments&post=427"}],"version-history":[{"count":1,"href":"https:\/\/www.sindarick.fr\/wordpress\/index.php?rest_route=\/wp\/v2\/pages\/427\/revisions"}],"predecessor-version":[{"id":428,"href":"https:\/\/www.sindarick.fr\/wordpress\/index.php?rest_route=\/wp\/v2\/pages\/427\/revisions\/428"}],"up":[{"embeddable":true,"href":"https:\/\/www.sindarick.fr\/wordpress\/index.php?rest_route=\/wp\/v2\/pages\/245"}],"wp:attachment":[{"href":"https:\/\/www.sindarick.fr\/wordpress\/index.php?rest_route=%2Fwp%2Fv2%2Fmedia&parent=427"}],"curies":[{"name":"wp","href":"https:\/\/api.w.org\/{rel}","templated":true}]}}