{"id":46,"date":"2015-01-22T10:13:53","date_gmt":"2015-01-22T10:13:53","guid":{"rendered":"http:\/\/www.sindarick.fr\/wordpress\/?page_id=46"},"modified":"2021-04-14T09:59:25","modified_gmt":"2021-04-14T09:59:25","slug":"cartes-des-royaumes-de-lune","status":"publish","type":"page","link":"https:\/\/www.sindarick.fr\/wordpress\/?page_id=46","title":{"rendered":"Le monde"},"content":{"rendered":"<p>Dans cette partie, vous trouverez des informations utiles pour mieux appr\u00e9hender le monde dans lequel \u00e9voluent les personnages de mes romans: un rapide aper\u00e7u des royaumes de lune, une description de la cit\u00e9 d&#8217;Escargae&#8230; mais aussi l&#8217;avis de S&#8217;nell, D&#8217;kart et Huyg sur le sujet. Tiens? Qu&#8217;est-ce qu&#8217;ils font l\u00e0 ces trois l\u00e0?<\/p>\n<p>N&#8217;h\u00e9sitez pas \u00e0 cliquer sur les cartes pour les agrandir&#8230;<\/p>\n<p>Les diff\u00e9rents onglets qui apparaissent sous &#8220;Le monde&#8221; vous permettent de visiter les diff\u00e9rents royaumes.<\/p>\n<p>Bonne visite!<\/p>\n<p>&nbsp;<\/p>\n<p>&nbsp;<\/p>\n<p>&nbsp;<\/p>\n<p>&nbsp;<\/p>\n<p>&nbsp;<\/p>\n<p>&nbsp;<\/p>\n<p>&nbsp;<\/p>\n<p>&nbsp;<\/p>\n<p>&nbsp;<\/p>\n<p>&nbsp;<\/p>\n<p>&nbsp;<\/p>\n","protected":false},"excerpt":{"rendered":"<p>Dans cette partie, vous trouverez des informations utiles pour mieux appr\u00e9hender le monde dans lequel \u00e9voluent les personnages de mes romans: un rapide aper\u00e7u des royaumes de lune, une description de la cit\u00e9 d&#8217;Escargae&#8230; mais aussi l&#8217;avis de S&#8217;nell, D&#8217;kart et Huyg sur le sujet. Tiens? Qu&#8217;est-ce qu&#8217;ils font l\u00e0 ces trois l\u00e0? N&#8217;h\u00e9sitez pas &hellip; <\/p>\n<p class=\"link-more\"><a href=\"https:\/\/www.sindarick.fr\/wordpress\/?page_id=46\" class=\"more-link\">Continuer la lecture<span class=\"screen-reader-text\"> de &laquo;&nbsp;Le monde&nbsp;&raquo;<\/span><\/a><\/p>\n","protected":false},"author":1,"featured_media":0,"parent":0,"menu_order":0,"comment_status":"closed","ping_status":"closed","template":"","meta":{"footnotes":""},"class_list":["post-46","page","type-page","status-publish","hentry"],"_links":{"self":[{"href":"https:\/\/www.sindarick.fr\/wordpress\/index.php?rest_route=\/wp\/v2\/pages\/46","targetHints":{"allow":["GET"]}}],"collection":[{"href":"https:\/\/www.sindarick.fr\/wordpress\/index.php?rest_route=\/wp\/v2\/pages"}],"about":[{"href":"https:\/\/www.sindarick.fr\/wordpress\/index.php?rest_route=\/wp\/v2\/types\/page"}],"author":[{"embeddable":true,"href":"https:\/\/www.sindarick.fr\/wordpress\/index.php?rest_route=\/wp\/v2\/users\/1"}],"replies":[{"embeddable":true,"href":"https:\/\/www.sindarick.fr\/wordpress\/index.php?rest_route=%2Fwp%2Fv2%2Fcomments&post=46"}],"version-history":[{"count":9,"href":"https:\/\/www.sindarick.fr\/wordpress\/index.php?rest_route=\/wp\/v2\/pages\/46\/revisions"}],"predecessor-version":[{"id":501,"href":"https:\/\/www.sindarick.fr\/wordpress\/index.php?rest_route=\/wp\/v2\/pages\/46\/revisions\/501"}],"wp:attachment":[{"href":"https:\/\/www.sindarick.fr\/wordpress\/index.php?rest_route=%2Fwp%2Fv2%2Fmedia&parent=46"}],"curies":[{"name":"wp","href":"https:\/\/api.w.org\/{rel}","templated":true}]}}