{"id":486,"date":"2018-12-20T10:58:22","date_gmt":"2018-12-20T10:58:22","guid":{"rendered":"http:\/\/www.sindarick.fr\/wordpress\/?page_id=486"},"modified":"2018-12-20T11:21:35","modified_gmt":"2018-12-20T11:21:35","slug":"larchipel-de-la-perle","status":"publish","type":"page","link":"https:\/\/www.sindarick.fr\/wordpress\/?page_id=486","title":{"rendered":"L&#8217;archipel de la perle"},"content":{"rendered":"<p>L\u2019archipel de la perle d\u00e9signe en r\u00e9alit\u00e9 un groupement d\u2019\u00eeles se trouvant au large de la Numizie. C&#8217;est un modeste chapelet de petites \u00eeles et de r\u00e9cifs perdu dans la vaste oc\u00e9an rouge et sans grand v\u00e9ritable int\u00e9r\u00eat. L\u2019archipel est constitu\u00e9 d\u2019une demi douzaine d\u2019\u00eeles aux c\u00f4tes escarp\u00e9es et recouvertes d\u2019une \u00e9paisse for\u00eat vierge, habit\u00e9 depuis toujours par des tribus primitives, les Wa\u00ebks, et servant de refuges occasionnels aux boucaniers.<\/p>\n<p><a href=\"http:\/\/www.sindarick.fr\/wordpress\/wp-content\/uploads\/2018\/12\/sud.png\"><img loading=\"lazy\" decoding=\"async\" class=\"aligncenter wp-image-489 size-medium\" src=\"http:\/\/www.sindarick.fr\/wordpress\/wp-content\/uploads\/2018\/12\/sud-300x209.png\" alt=\"sud\" width=\"300\" height=\"209\" srcset=\"https:\/\/www.sindarick.fr\/wordpress\/wp-content\/uploads\/2018\/12\/sud-300x209.png 300w, https:\/\/www.sindarick.fr\/wordpress\/wp-content\/uploads\/2018\/12\/sud-350x244.png 350w, https:\/\/www.sindarick.fr\/wordpress\/wp-content\/uploads\/2018\/12\/sud-768x534.png 768w, https:\/\/www.sindarick.fr\/wordpress\/wp-content\/uploads\/2018\/12\/sud-431x300.png 431w, https:\/\/www.sindarick.fr\/wordpress\/wp-content\/uploads\/2018\/12\/sud.png 960w\" sizes=\"auto, (max-width: 300px) 100vw, 300px\" \/><\/a><br \/>\nSelon les r\u00e9cits son nom lui aurait \u00e9t\u00e9 donn\u00e9 par un explorateur Breloniens qui y aurait trouv\u00e9 gloire et richesse, de mani\u00e8re myst\u00e9rieuse. On raconte aussi, plus simplement, que ses r\u00e9cifs sont riches en perles marines, particuli\u00e8rement pris\u00e9es par les Osiriens et que c\u2019est de l\u00e0 qu\u2019il tient son nom.<\/p>\n<p>On trouve v\u00e9ritablement trace pour la premi\u00e8re fois de l&#8217;archipel dans les carnets d&#8217;un moine pr\u00eacheur illumin\u00e9 Luzien, venu y convertir les sauvages durant l&#8217;\u00e2ge gris. C&#8217;est le premier \u00e0 parler des Wa\u00ebks, de leurs pratiques anthropophages, des anciens dieux sanguinaires qu&#8217;ils v\u00e9n\u00e8rent et des antiques ruines qui pars\u00e8ment l&#8217;archipel.<\/p>\n<p>On ne peut pas parler de v\u00e9ritable comptoir ou de port dans l&#8217;archipel durant tout l&#8217;\u00e2ge gris o\u00f9 la pr\u00e9sence de continentaux ne se r\u00e9sume au final qu&#8217;\u00e0 quelques repaires de pirates dissimul\u00e9s dans des criques difficiles d\u2019acc\u00e8s et soumis aux raids perp\u00e9tuels des Wa\u00ebks.<\/p>\n<p>Ce est bien plus tard que les Vastillans, pour assurer leur domination maritime sur l&#8217;oc\u00e9an rouge ont d\u00e9cid\u00e9 d&#8217;y cr\u00e9er une place forte qui ne sera jamais plus qu\u2019un petit comptoir maritime, Sartoga, sur la plus grande \u00eele de l&#8217;archipel, afin de servir d&#8217;avant poste oriental \u00e0 leur marine de guerre.<\/p>\n<p>Au fil du temps et selon les conflits, l&#8217;archipel passa sous domination Naponaise puis Luzienne, l&#8217;occupation se limitant \u00e0 chaque fois \u00e0 Sartoga et \u00e0 la partie septentrionale de l&#8217;\u00eele de la perle.<\/p>\n<p>La cohabitation avec les Wa\u00ebks a connu des hauts et des bas selon les \u00e9poques et les politiques r\u00e9pressives de l&#8217;occupant si bien qu\u2019\u00e0 pr\u00e9sent les habitants de l&#8217;archipel, pour la plupart plus ou moins sang-m\u00eal\u00e9 de Wa\u00ebk sont d\u00e9nomm\u00e9s les Perliens. Ceux-ci forment \u00e0 pr\u00e9sent une petite communaut\u00e9 cosmopolite principalement \u00e9tablie \u00e0 Sartoga sur la grande \u00eele. L&#8217;on y croise un m\u00e9lange h\u00e9t\u00e9roclite de marchands, de flibustiers et d&#8217;aventuriers plus ou moins honn\u00eates, issus de toutes les nations alentours.<\/p>\n<p>A l\u2019heure actuelle, l\u2019\u00eele est livr\u00e9e \u00e0 une certaine anarchie. Le gouverneur Luzien, Monbars,<\/p>\n<p>s\u2019est d\u00e9clar\u00e9 ma\u00eetre de l\u2019\u00eele et en a proclam\u00e9 l\u2019autonomie. Il s\u2019est appuy\u00e9 pour cela sur les Perliens \u00e0 qui il a conc\u00e9d\u00e9 de larges privil\u00e8ges ainsi que sur un pirate qui contr\u00f4le le deuxi\u00e8me port de l&#8217;archipel\u00a0: un ancien repaire de boucaniers devenu au fil du temps une v\u00e9ritable petite forteresse\u00a0: Sarozia.<\/p>\n<p>Il reste encore de multiples \u00eeles vierges \u00e0 travers l&#8217;archipel en dehors des deux \u00eeles principales et les rumeurs parlent de tr\u00e9sors et de ruines antiques qu&#8217;il reste \u00e0 y d\u00e9couvrir si bien que depuis quelques temps on croise dans le port de Sartoga de plus en plus d&#8217;aventuriers et d&#8217;explorateurs en qu\u00eate de gloire et de richesse.<\/p>\n<p>De plus, l\u2019int\u00e9r\u00eat pour ce petit archipel recul\u00e9 a grandi derni\u00e8rement avec la d\u00e9couverte du nouveau continent de Takal par les Luziens. La promesse de ses richesses a lanc\u00e9 une course \u00e0 sa conqu\u00eate et Luziens, Breloniens, et Naponnais se sont subitement rappel\u00e9s des \u00eeles de la perle dont la situation, sur la route de Takal, constitue un tremplin id\u00e9al pour y acc\u00e9der.<\/p>\n<p>Voil\u00e0 donc que beaucoup de regards convergent vers Sartoga&#8230;<\/p>\n<p>Et depuis peu, les tribus Wa\u00ebks se montrent de plus en plus agressives et t\u00e9m\u00e9raires. Il faut dire que depuis des ann\u00e9es, Monbars les fait impitoyablement pourchasser, ce qui lui a valu le surnom d&#8217; \u00ab\u00a0exterminateur\u00a0\u00bb. Il se chuchote aussi dans les coins sombres des tavernes de Sarozia que les Wa\u00ebks seraient sur le point de r\u00e9veiller les anciennes puissances\u2026<\/p>\n<p><img loading=\"lazy\" decoding=\"async\" class=\"alignnone size-medium wp-image-488 aligncenter\" src=\"http:\/\/www.sindarick.fr\/wordpress\/wp-content\/uploads\/2018\/12\/archipel-201x300.png\" alt=\"archipel\" width=\"201\" height=\"300\" srcset=\"https:\/\/www.sindarick.fr\/wordpress\/wp-content\/uploads\/2018\/12\/archipel-201x300.png 201w, https:\/\/www.sindarick.fr\/wordpress\/wp-content\/uploads\/2018\/12\/archipel-350x522.png 350w, https:\/\/www.sindarick.fr\/wordpress\/wp-content\/uploads\/2018\/12\/archipel.png 464w\" sizes=\"auto, (max-width: 201px) 100vw, 201px\" \/><\/p>\n","protected":false},"excerpt":{"rendered":"<p>L\u2019archipel de la perle d\u00e9signe en r\u00e9alit\u00e9 un groupement d\u2019\u00eeles se trouvant au large de la Numizie. C&#8217;est un modeste chapelet de petites \u00eeles et de r\u00e9cifs perdu dans la vaste oc\u00e9an rouge et sans grand v\u00e9ritable int\u00e9r\u00eat. L\u2019archipel est constitu\u00e9 d\u2019une demi douzaine d\u2019\u00eeles aux c\u00f4tes escarp\u00e9es et recouvertes d\u2019une \u00e9paisse for\u00eat vierge, habit\u00e9 &hellip; <\/p>\n<p class=\"link-more\"><a href=\"https:\/\/www.sindarick.fr\/wordpress\/?page_id=486\" class=\"more-link\">Continuer la lecture<span class=\"screen-reader-text\"> de &laquo;&nbsp;L&#8217;archipel de la perle&nbsp;&raquo;<\/span><\/a><\/p>\n","protected":false},"author":1,"featured_media":0,"parent":46,"menu_order":8,"comment_status":"closed","ping_status":"closed","template":"","meta":{"footnotes":""},"class_list":["post-486","page","type-page","status-publish","hentry"],"_links":{"self":[{"href":"https:\/\/www.sindarick.fr\/wordpress\/index.php?rest_route=\/wp\/v2\/pages\/486","targetHints":{"allow":["GET"]}}],"collection":[{"href":"https:\/\/www.sindarick.fr\/wordpress\/index.php?rest_route=\/wp\/v2\/pages"}],"about":[{"href":"https:\/\/www.sindarick.fr\/wordpress\/index.php?rest_route=\/wp\/v2\/types\/page"}],"author":[{"embeddable":true,"href":"https:\/\/www.sindarick.fr\/wordpress\/index.php?rest_route=\/wp\/v2\/users\/1"}],"replies":[{"embeddable":true,"href":"https:\/\/www.sindarick.fr\/wordpress\/index.php?rest_route=%2Fwp%2Fv2%2Fcomments&post=486"}],"version-history":[{"count":3,"href":"https:\/\/www.sindarick.fr\/wordpress\/index.php?rest_route=\/wp\/v2\/pages\/486\/revisions"}],"predecessor-version":[{"id":504,"href":"https:\/\/www.sindarick.fr\/wordpress\/index.php?rest_route=\/wp\/v2\/pages\/486\/revisions\/504"}],"up":[{"embeddable":true,"href":"https:\/\/www.sindarick.fr\/wordpress\/index.php?rest_route=\/wp\/v2\/pages\/46"}],"wp:attachment":[{"href":"https:\/\/www.sindarick.fr\/wordpress\/index.php?rest_route=%2Fwp%2Fv2%2Fmedia&parent=486"}],"curies":[{"name":"wp","href":"https:\/\/api.w.org\/{rel}","templated":true}]}}