{"id":494,"date":"2018-12-20T11:05:45","date_gmt":"2018-12-20T11:05:45","guid":{"rendered":"http:\/\/www.sindarick.fr\/wordpress\/?page_id=494"},"modified":"2018-12-20T11:23:35","modified_gmt":"2018-12-20T11:23:35","slug":"le-comte-de-luze","status":"publish","type":"page","link":"https:\/\/www.sindarick.fr\/wordpress\/?page_id=494","title":{"rendered":"Le comt\u00e9 de Luze"},"content":{"rendered":"<p>Situ\u00e9 au sud des Royaumes de lune, au-dessus de la Bersombrie et des marches abandonn\u00e9es du Zandar, le comt\u00e9 de Luze s\u2019est \u00e9mancip\u00e9 de l\u2019empire Gl\u00e9norien. C\u2019est un royaume m\u00e9di\u00e9val assez traditionnel, en rivalit\u00e9 avec son voisin Vastillan depuis plus d\u2019un si\u00e8cle. Aujourd\u2019hui, il compte se tailler une petite place au soleil, dans le jeu des grandes puissances.<\/p>\n<p>G\u00e9ographie du comt\u00e9<\/p>\n<p>Situation g\u00e9n\u00e9rale\u00a0:<\/p>\n<p>Le comt\u00e9 de Luze s\u2019\u00e9tend au sud des Basturies, une r\u00e9gion qui s\u2019\u00e9tend au pied des falaises, r\u00e9put\u00e9e sauvage et infest\u00e9e de monstres terribles. Les Basturies n\u2019ont jamais eu bonne r\u00e9putation, mais, depuis un cataclysme majeur, il y a 50 ans, qui a vu tout un plateau s\u2019effondrer et des monstres souterrains arriver \u00e0 la surface, la situation est devenue bien pire. Le nord du comt\u00e9 est maintenant fortifi\u00e9 et fait face \u00e0 des incursions r\u00e9guli\u00e8res. L\u2019ancienne route vers les marches Gl\u00e9noriennes n\u2019est plus praticable pour le commerce, seuls s\u2019y risquent des aventuriers.<\/p>\n<p>L\u2019ouest du comt\u00e9 est bord\u00e9 par la grande for\u00eat d\u2019Antreval, profonde et aussi sauvage que les Basturies. De m\u00eame \u00e0 l\u2019est, le comt\u00e9 est limit\u00e9 par les monts Pyrases qui, s\u2019ils sont contest\u00e9s par les Vastillans, sont beaucoup plus paisibles. Peu de tribus gobelines sauvages y subsistent. Et l\u2019une d\u2019entre elles, demeurant dans une cit\u00e9 troglodyte de Dugbul, a reconnu l\u2019autorit\u00e9 du comte.<\/p>\n<p>Au sud, au-del\u00e0 du massif de Brac et d\u2019Antreval, s\u2019\u00e9tend la Bersombrie, un petit royaume f\u00e9odal avec qui les rapports sont cordiaux. On ne peut pas en dire autant des Vastillans\u2026<\/p>\n<p>La capitale actuelle du comt\u00e9, Luze, est une petite ville m\u00e9di\u00e9vale des Pyrases, elle est le berceau historique du comt\u00e9. C\u2019est l\u00e0 que se dresse le ch\u00e2teau du comte Ab\u00e9lard de Luze. Sa r\u00e9gion est bien administr\u00e9e et s\u00e9curis\u00e9e, l\u2019\u00e9levage de ch\u00e8vres et de moutons y est tr\u00e8s d\u00e9velopp\u00e9 ainsi que la sylviculture.<\/p>\n<p>Tout au sud, Andale est une cit\u00e9 bien plus grande. B\u00e2tie sur le fleuve V\u00f4l, elle est le poumon commercial du pays. C\u2019est une ville riche et industrieuse, en plein d\u00e9veloppement, le seul v\u00e9ritable port du pays. Elle se situe \u00e0 environ 600 miles de Luze.<\/p>\n<p>Le reste du comt\u00e9, essentiellement montagneux est parsem\u00e9 de bourgs et de petites villes fortifi\u00e9s, aux mains de barons locaux, vassaux du comte. Le f\u00e9odalisme est un h\u00e9ritage de l\u2019ancienne structure imp\u00e9riale. L\u2019agriculture est d\u00e9velopp\u00e9e, bien qu\u2019avec des techniques anciennes et quelques mines donnent du minerais dans les monts d\u2019Antreval ou dans les Pyrases (notamment, les mines exploit\u00e9es par les gobelins de Dugbul). Les paysages sont verdoyants, les versants ouest des Pyrases \u00e9tant bien arros\u00e9s et irrigu\u00e9s par de nombreux torrents. On rencontre des for\u00eats de ch\u00eanes et de ch\u00e2taigniers, ainsi que des pin\u00e8des et des bois de sapins dans les montagnes. L\u2019\u00e9levage est tr\u00e8s d\u00e9velopp\u00e9 dans le comt\u00e9.<\/p>\n<p><a href=\"http:\/\/www.sindarick.fr\/wordpress\/wp-content\/uploads\/2017\/02\/carte-g\u00e9n\u00e9rale.jpg\"><img loading=\"lazy\" decoding=\"async\" class=\"aligncenter wp-image-375 size-medium\" src=\"http:\/\/www.sindarick.fr\/wordpress\/wp-content\/uploads\/2017\/02\/carte-g\u00e9n\u00e9rale-300x209.jpg\" alt=\"carte g\u00e9n\u00e9rale\" width=\"300\" height=\"209\" srcset=\"https:\/\/www.sindarick.fr\/wordpress\/wp-content\/uploads\/2017\/02\/carte-g\u00e9n\u00e9rale-300x209.jpg 300w, https:\/\/www.sindarick.fr\/wordpress\/wp-content\/uploads\/2017\/02\/carte-g\u00e9n\u00e9rale-350x244.jpg 350w, https:\/\/www.sindarick.fr\/wordpress\/wp-content\/uploads\/2017\/02\/carte-g\u00e9n\u00e9rale-768x535.jpg 768w, https:\/\/www.sindarick.fr\/wordpress\/wp-content\/uploads\/2017\/02\/carte-g\u00e9n\u00e9rale-1024x713.jpg 1024w, https:\/\/www.sindarick.fr\/wordpress\/wp-content\/uploads\/2017\/02\/carte-g\u00e9n\u00e9rale-431x300.jpg 431w\" sizes=\"auto, (max-width: 300px) 100vw, 300px\" \/><\/a><\/p>\n<p>&nbsp;<\/p>\n<p><a href=\"http:\/\/www.sindarick.fr\/wordpress\/wp-content\/uploads\/2018\/12\/Luze.png\"><img loading=\"lazy\" decoding=\"async\" class=\"aligncenter wp-image-495 size-medium\" src=\"http:\/\/www.sindarick.fr\/wordpress\/wp-content\/uploads\/2018\/12\/Luze-300x208.png\" alt=\"Luze\" width=\"300\" height=\"208\" srcset=\"https:\/\/www.sindarick.fr\/wordpress\/wp-content\/uploads\/2018\/12\/Luze-300x208.png 300w, https:\/\/www.sindarick.fr\/wordpress\/wp-content\/uploads\/2018\/12\/Luze-350x243.png 350w, https:\/\/www.sindarick.fr\/wordpress\/wp-content\/uploads\/2018\/12\/Luze-768x533.png 768w, https:\/\/www.sindarick.fr\/wordpress\/wp-content\/uploads\/2018\/12\/Luze-1024x711.png 1024w, https:\/\/www.sindarick.fr\/wordpress\/wp-content\/uploads\/2018\/12\/Luze-432x300.png 432w, https:\/\/www.sindarick.fr\/wordpress\/wp-content\/uploads\/2018\/12\/Luze.png 1398w\" sizes=\"auto, (max-width: 300px) 100vw, 300px\" \/><\/a><\/p>\n<p>Situation historique et politique\u00a0:<\/p>\n<p>Luze a longtemps \u00e9t\u00e9 le comt\u00e9 le plus \u00e9loign\u00e9 de Gl\u00e9nor. Avec le temps, comme d\u2019autres marches, il est devenu quasiment ind\u00e9pendant. L\u2019ind\u00e9pendance n\u2019est devenue formelle qu\u2019il y a cinquante ans, avec la catastrophe des Basturies et la coupure de la derni\u00e8re route terrestre vers Gl\u00e9nor.\u00a0 Au d\u00e9part, les comt\u00e9s de Luze et de Vastille faisaient partie d\u2019une seule grande province Gl\u00e9norienne, la basse-Trie. Mais, autant Brelone prenait de plus en plus de distance avec Gl\u00e9nor (depuis environ 150 ans, \u00e9poque du d\u00e9but de leur reconquista contre les Shamyriens), autant Luze, plus d\u00e9pendante, restait fid\u00e8le \u00e0 l\u2019empire. Lorsque, cent ans auparavant, les Vastillans se sont d\u00e9clar\u00e9s ind\u00e9pendants de l\u2019empire, une rivalit\u00e9 s\u2019est \u00e9tablie avec le comt\u00e9 de Luze. Les Gl\u00e9noriens ont tout fait pour attiser les rivalit\u00e9s entre les deux puissances r\u00e9gionales. Des guerres larv\u00e9es, se limitant aux Pyrases, ont \u00e9clat\u00e9es \u00e0 plusieurs reprises entre les deux royaumes.<\/p>\n<p>Il y a un fort ressenti entre Vastillans et Luziens, en revanche, le comt\u00e9 a tiss\u00e9 des relations cordiales avec les Bessombriens et avec les dirigeants de la cit\u00e9 de Lae. Des routes commerciales existent, m\u00eame si elles ne sont pas s\u00fbres.<\/p>\n<p>Le comt\u00e9, confront\u00e9 au probl\u00e8me de fronti\u00e8res peu s\u00fbres depuis le d\u00e9but de son existence, est jalonn\u00e9 de forteresses. La tradition militaire y est importante, et il abrite une des plus importantes citadelles de l\u2019ordre des temples. Inversement, ses habitants font peu confiance aux \u00e9trangers, et particuli\u00e8rement aux non-humains. Les relations ne sont pas simples, m\u00eame avec les gobelins int\u00e9gr\u00e9s au comt\u00e9. Dans le pays, tout le monde sait manier une arme, et sait qu\u2019il peut \u00eatre, un jour, amen\u00e9 \u00e0 d\u00e9fendre sa maison. Les incursions de maraudeurs divers peuvent venir des Basturies ou sortir d\u2019Antreval. Il s\u2019agit souvent de clans orcs en mal de pillages. Parfois des dragons, des tarrasques ou d\u2019autres cr\u00e9atures terribles ravagent la bordure des Basturies jusqu\u2019\u00e0 ce qu\u2019un preux r\u00e9ussisse \u00e0 y mettre un terme. En cons\u00e9quence, la chevalerie est tr\u00e8s valoris\u00e9e \u00e0 Luze et le pays reste \u00e9loign\u00e9 des lumi\u00e8res et des progr\u00e8s technologiques r\u00e9cents.<\/p>\n<p>Except\u00e9, peut-\u00eatre \u00e0 Andale qui s\u2019ouvre de plus en plus au monde, avec sa flotte. Jusqu\u2019\u00e0, il y a trois ans, la cit\u00e9 administrait l\u2019archipel de la Perle \u00e0 travers son gouverneur, Monbars, et surtout le chevalier Alcibiade d\u2019Andale, parent du prince Santara, qui administrait l\u2019archipel. Sa mort, dans des conditions tragiques, il y a trois ans, a pr\u00e9cipit\u00e9 la perte de l\u2019archipel en m\u00eame temps qu\u2019une nouvelle guerre avec les Vastillans. Alcibiade a \u00e9t\u00e9 tu\u00e9 par un chevalier Vastillan dans un village frontalier\u2026 Et les Perliens en ont profit\u00e9 pour se d\u00e9clarer ind\u00e9pendant, pr\u00e9textant qu\u2019on avait tu\u00e9 leur \u00ab\u00a0prince\u00a0\u00bb. Monbars, maintenant seul ma\u00eetre de l\u2019\u00eele, a \u00e9t\u00e9 d\u00e9clar\u00e9 ennemi du comt\u00e9 de Luze.<\/p>\n<p>On rencontre quelques elfes et des gobelins dans le comt\u00e9 de Luze\u2026<\/p>\n<p>Evidemment, pour un pays qui se tourne vers la mer, la piraterie est un fl\u00e9au \u00e0 abattre.<\/p>\n<p>Les Luziens<\/p>\n<p>Pour se faire une id\u00e9e d\u2019\u00e0 quoi peut bien ressembler un Luzien\u2026<\/p>\n<p>Les gens du comt\u00e9 sont r\u00e9gis par un syst\u00e8me f\u00e9odal qui se retranscrit dans leurs v\u00eatements. Sans trop de fantaisies ils arborent des bliauts, des cottes ou des tuniques m\u00e9di\u00e9vales. Arnois et hauberts de maille sont souvent port\u00e9s par des soldats \u00e9quip\u00e9s de haches, de masses, d\u2019armes d\u2019hasts ou d\u2019\u00e9p\u00e9es s\u2019ils ont un peu de sang noble. Dames et damoiselles portent des robes amples alors que le bas peuple se contente de v\u00eatures simples. Tout v\u00eatement m\u00e9di\u00e9val fait l\u2019affaire\u2026<\/p>\n<p>Le comt\u00e9 de Luze \u00a0aujourd\u2019hui\u2026<\/p>\n<p>En 1460\u2026<\/p>\n<p>Un accrochage frontalier a d\u00e9bouch\u00e9 sur un nouvel \u00e9tat de guerre, il y a trois ans. La rivalit\u00e9 avec les fr\u00e8res ennemis Vastillans ne fait que s\u2019accro\u00eetre. Il y avait pourtant eu pr\u00e8s de vingt ans de paix et certains r\u00eavaient d\u2019une v\u00e9ritable normalisation des relations entre les deux puissances.<\/p>\n<p>Sur fond d\u2019affaires de brigandages, en r\u00e9alit\u00e9 soutenues par les Vastillans, un chevalier Vastillan a travers\u00e9 la fronti\u00e8re pour, pr\u00e9tendait-il, mettre un terme aux exactions des marauds. Il a tu\u00e9 le chevalier Alcibiade d\u2019Andale, envoy\u00e9 lui, pour repousser les brigands. L\u2019irr\u00e9parable \u00e9tait commis\u2026<\/p>\n<p>Cette affaire n\u2019est peut-\u00eatre qu\u2019un sympt\u00f4me de quelque chose plus profond. Parce qu\u2019avec la d\u00e9couverte du riche continent de Takal par un navigateur Luzien, le comt\u00e9 de Luze s\u2019est tourn\u00e9 vers l\u2019oc\u00e9an. Et il compte bien devenir une nouvelle puissance maritime, surtout que jusqu\u2019\u00e0, il y a peu, l\u2019\u00eele de la Perle battait son pavillon. La Vastille, puissance maritime s\u00e9culaire, ne laissera jamais les Luziens dominer la mer et s\u2019arroger le monopole d\u2019un commerce juteux avec le Takal. Et les luziens ont mis les bouch\u00e9es double pour construire une flotte \u00e0 Andale. Si leurs premi\u00e8res exp\u00e9riences ont \u00e9t\u00e9 d\u00e9sastreuses, comme la tentative de reconqu\u00eate de l\u2019\u00eele de la Perle, il faut bien se rendre compte qu\u2019ils ne vont pas en rester l\u00e0.<\/p>\n<p>L\u2019\u00eele de la Perle est un tremplin naturel pour acc\u00e9der au Takal. On ne sait, \u00e0 l\u2019heure actuelle, acc\u00e9der au nouveau continent qu\u2019\u00e0 partir de son archipel, en empruntant des courants marins et des vents sp\u00e9cifiques. De m\u00eame, le voyage serait trop long pour \u00eatre effectu\u00e9 sans escale. Et jusqu\u2019\u00e0 aujourd\u2019hui, toutes les tentatives de fonder des comptoirs sur la c\u00f4te Numizienne inconnue, ou pire, dans la mer des flammes rugissantes, se sont sold\u00e9es par des \u00e9checs. D\u2019\u00eeles perdues et sans int\u00e9r\u00eat, celles de l\u2019archipel de la Perle sont devenues un enjeu strat\u00e9gique majeur. La course commence.<\/p>\n<p>&nbsp;<\/p>\n<p><em>\u00a0<\/em><\/p>\n","protected":false},"excerpt":{"rendered":"<p>Situ\u00e9 au sud des Royaumes de lune, au-dessus de la Bersombrie et des marches abandonn\u00e9es du Zandar, le comt\u00e9 de Luze s\u2019est \u00e9mancip\u00e9 de l\u2019empire Gl\u00e9norien. C\u2019est un royaume m\u00e9di\u00e9val assez traditionnel, en rivalit\u00e9 avec son voisin Vastillan depuis plus d\u2019un si\u00e8cle. Aujourd\u2019hui, il compte se tailler une petite place au soleil, dans le jeu &hellip; <\/p>\n<p class=\"link-more\"><a href=\"https:\/\/www.sindarick.fr\/wordpress\/?page_id=494\" class=\"more-link\">Continuer la lecture<span class=\"screen-reader-text\"> de &laquo;&nbsp;Le comt\u00e9 de Luze&nbsp;&raquo;<\/span><\/a><\/p>\n","protected":false},"author":1,"featured_media":0,"parent":46,"menu_order":10,"comment_status":"closed","ping_status":"closed","template":"","meta":{"footnotes":""},"class_list":["post-494","page","type-page","status-publish","hentry"],"_links":{"self":[{"href":"https:\/\/www.sindarick.fr\/wordpress\/index.php?rest_route=\/wp\/v2\/pages\/494","targetHints":{"allow":["GET"]}}],"collection":[{"href":"https:\/\/www.sindarick.fr\/wordpress\/index.php?rest_route=\/wp\/v2\/pages"}],"about":[{"href":"https:\/\/www.sindarick.fr\/wordpress\/index.php?rest_route=\/wp\/v2\/types\/page"}],"author":[{"embeddable":true,"href":"https:\/\/www.sindarick.fr\/wordpress\/index.php?rest_route=\/wp\/v2\/users\/1"}],"replies":[{"embeddable":true,"href":"https:\/\/www.sindarick.fr\/wordpress\/index.php?rest_route=%2Fwp%2Fv2%2Fcomments&post=494"}],"version-history":[{"count":2,"href":"https:\/\/www.sindarick.fr\/wordpress\/index.php?rest_route=\/wp\/v2\/pages\/494\/revisions"}],"predecessor-version":[{"id":506,"href":"https:\/\/www.sindarick.fr\/wordpress\/index.php?rest_route=\/wp\/v2\/pages\/494\/revisions\/506"}],"up":[{"embeddable":true,"href":"https:\/\/www.sindarick.fr\/wordpress\/index.php?rest_route=\/wp\/v2\/pages\/46"}],"wp:attachment":[{"href":"https:\/\/www.sindarick.fr\/wordpress\/index.php?rest_route=%2Fwp%2Fv2%2Fmedia&parent=494"}],"curies":[{"name":"wp","href":"https:\/\/api.w.org\/{rel}","templated":true}]}}