{"id":564,"date":"2020-01-17T14:23:00","date_gmt":"2020-01-17T14:23:00","guid":{"rendered":"http:\/\/www.sindarick.fr\/wordpress\/?page_id=564"},"modified":"2020-04-07T19:21:53","modified_gmt":"2020-04-07T19:21:53","slug":"les-mille-et-une-nuits-de-shamyria","status":"publish","type":"page","link":"https:\/\/www.sindarick.fr\/wordpress\/?page_id=564","title":{"rendered":"Les mille et une nuits de Shamyria"},"content":{"rendered":"<p>Voyagez jusqu&#8217;au lointain Shamyr. Traversez les oasis verdoyantes, les ergs br\u00fblants, les ergs infinis; d\u00e9couvrez les myst\u00e8res des montagnes les plus \u00e9lev\u00e9es du monde connu. Au fond des palais d\u00e9cor\u00e9s d&#8217;arabesques et recouverts de coupoles d&#8217;or, les belles esclaves sont parfois plus puissantes que les princes t\u00e9n\u00e9breux&#8230;<\/p>\n<p>Les 1001 nuits de Shamyria vous attendent!<\/p>\n<p>Cette mini-campagne de quatre sc\u00e9nario peut servir d&#8217;introduction \u00e0 un ensemble plus vaste. Faites-le jouer \u00e0 la fa\u00e7on des 1001 nuits : Au point de d\u00e9part, les PJ sont au palais du puissant calife de Shamyria, accus\u00e9s de blasph\u00e8me, peut-\u00eatre de bien pire encore, et sur le point d&#8217;\u00eatre d\u00e9capit\u00e9s devant son sublime tr\u00f4ne&#8230; Mais le souverain est curieux et bien moins cruel qu&#8217;il y parait, il veut apprendre l&#8217;histoire des PJ et pourrait bien surseoir \u00e0 l&#8217;ex\u00e9cution promise s&#8217;ils savent l&#8217;\u00e9blouir de leurs histoires.<\/p>\n<p>Vous l&#8217;avez compris, les quatre sc\u00e9narios qui suivent sont suppos\u00e9s \u00eatre les r\u00e9cits des aventuriers, jou\u00e9s, en quelque sorte, en flash-back.<\/p>\n<p><img loading=\"lazy\" decoding=\"async\" class=\"size-medium wp-image-558 aligncenter\" src=\"http:\/\/www.sindarick.fr\/wordpress\/wp-content\/uploads\/2020\/01\/desert_ride-300x225.jpg\" alt=\"\" width=\"300\" height=\"225\" srcset=\"https:\/\/www.sindarick.fr\/wordpress\/wp-content\/uploads\/2020\/01\/desert_ride-300x225.jpg 300w, https:\/\/www.sindarick.fr\/wordpress\/wp-content\/uploads\/2020\/01\/desert_ride-350x263.jpg 350w, https:\/\/www.sindarick.fr\/wordpress\/wp-content\/uploads\/2020\/01\/desert_ride-768x576.jpg 768w, https:\/\/www.sindarick.fr\/wordpress\/wp-content\/uploads\/2020\/01\/desert_ride-400x300.jpg 400w, https:\/\/www.sindarick.fr\/wordpress\/wp-content\/uploads\/2020\/01\/desert_ride.jpg 800w\" sizes=\"auto, (max-width: 300px) 100vw, 300px\" \/><\/p>\n<p>&nbsp;<\/p>\n<p>Premi\u00e8re histoire : La caravane<\/p>\n<p>O\u00f9 l&#8217;on apprend que voyager \u00e0 travers le d\u00e9sert n&#8217;est jamais de tout repos, et qu&#8217;intrigues et complots peuvent s&#8217;ourdir m\u00eame au milieu des dunes&#8230;<\/p>\n<p><a href=\"http:\/\/www.sindarick.fr\/wordpress\/wp-content\/uploads\/2020\/01\/La-caravane.pdf\"><img loading=\"lazy\" decoding=\"async\" class=\"alignnone size-medium wp-image-559\" src=\"http:\/\/www.sindarick.fr\/wordpress\/wp-content\/uploads\/2020\/01\/caravane-213x300.png\" alt=\"\" width=\"213\" height=\"300\" srcset=\"https:\/\/www.sindarick.fr\/wordpress\/wp-content\/uploads\/2020\/01\/caravane-213x300.png 213w, https:\/\/www.sindarick.fr\/wordpress\/wp-content\/uploads\/2020\/01\/caravane-350x493.png 350w, https:\/\/www.sindarick.fr\/wordpress\/wp-content\/uploads\/2020\/01\/caravane.png 555w\" sizes=\"auto, (max-width: 213px) 100vw, 213px\" \/><\/a>\u00a0<a href=\"http:\/\/www.sindarick.fr\/wordpress\/wp-content\/uploads\/2020\/01\/lettres-et-parchemins.pdf\"><img loading=\"lazy\" decoding=\"async\" class=\"alignnone size-medium wp-image-560\" src=\"http:\/\/www.sindarick.fr\/wordpress\/wp-content\/uploads\/2020\/01\/lettre-213x300.png\" alt=\"\" width=\"213\" height=\"300\" srcset=\"https:\/\/www.sindarick.fr\/wordpress\/wp-content\/uploads\/2020\/01\/lettre-213x300.png 213w, https:\/\/www.sindarick.fr\/wordpress\/wp-content\/uploads\/2020\/01\/lettre-350x493.png 350w, https:\/\/www.sindarick.fr\/wordpress\/wp-content\/uploads\/2020\/01\/lettre.png 557w\" sizes=\"auto, (max-width: 213px) 100vw, 213px\" \/><\/a><\/p>\n<p>Seconde histoire : Le nid du Roc<\/p>\n<p>O\u00f9 nos aventuriers sont pris pour du menu Gibier! Mais il n&#8217;est pas donn\u00e9 \u00e0 tout le monde de d\u00e9couvrir le nid du Roc!<\/p>\n<p><a href=\"http:\/\/www.sindarick.fr\/wordpress\/wp-content\/uploads\/2020\/02\/Le-nid-du-Roc2.pdf\"><img loading=\"lazy\" decoding=\"async\" class=\"aligncenter wp-image-571 size-medium\" src=\"http:\/\/www.sindarick.fr\/wordpress\/wp-content\/uploads\/2020\/02\/couverture-214x300.png\" alt=\"\" width=\"214\" height=\"300\" srcset=\"https:\/\/www.sindarick.fr\/wordpress\/wp-content\/uploads\/2020\/02\/couverture-214x300.png 214w, https:\/\/www.sindarick.fr\/wordpress\/wp-content\/uploads\/2020\/02\/couverture-350x491.png 350w, https:\/\/www.sindarick.fr\/wordpress\/wp-content\/uploads\/2020\/02\/couverture.png 454w\" sizes=\"auto, (max-width: 214px) 100vw, 214px\" \/><\/a><\/p>\n<p>Troisi\u00e8me histoire : Le songe d&#8217;une nuit d&#8217;Orient.<\/p>\n<p>Les PJ perceront-ils le myst\u00e8re de ce d\u00e9sert aussi splendide que dangereux? Il en va de leur vie&#8230; et de l&#8217;aboutissement d&#8217;une vieille histoire. Tr\u00e8s vieille, aussi vieille que les djinns.<\/p>\n<p><a href=\"http:\/\/www.sindarick.fr\/wordpress\/wp-content\/uploads\/2020\/04\/Le-songe-dune-nuit-dorient.pdf\"><img loading=\"lazy\" decoding=\"async\" class=\"aligncenter wp-image-579 size-medium\" src=\"http:\/\/www.sindarick.fr\/wordpress\/wp-content\/uploads\/2020\/04\/songe-couverture-217x300.png\" alt=\"\" width=\"217\" height=\"300\" srcset=\"https:\/\/www.sindarick.fr\/wordpress\/wp-content\/uploads\/2020\/04\/songe-couverture-217x300.png 217w, https:\/\/www.sindarick.fr\/wordpress\/wp-content\/uploads\/2020\/04\/songe-couverture-350x484.png 350w, https:\/\/www.sindarick.fr\/wordpress\/wp-content\/uploads\/2020\/04\/songe-couverture.png 561w\" sizes=\"auto, (max-width: 217px) 100vw, 217px\" \/><\/a><\/p>\n<p>&nbsp;<\/p>\n<p>&nbsp;<\/p>\n","protected":false},"excerpt":{"rendered":"<p>Voyagez jusqu&#8217;au lointain Shamyr. Traversez les oasis verdoyantes, les ergs br\u00fblants, les ergs infinis; d\u00e9couvrez les myst\u00e8res des montagnes les plus \u00e9lev\u00e9es du monde connu. Au fond des palais d\u00e9cor\u00e9s d&#8217;arabesques et recouverts de coupoles d&#8217;or, les belles esclaves sont parfois plus puissantes que les princes t\u00e9n\u00e9breux&#8230; Les 1001 nuits de Shamyria vous attendent! Cette &hellip; <\/p>\n<p class=\"link-more\"><a href=\"https:\/\/www.sindarick.fr\/wordpress\/?page_id=564\" class=\"more-link\">Continuer la lecture<span class=\"screen-reader-text\"> de &laquo;&nbsp;Les mille et une nuits de Shamyria&nbsp;&raquo;<\/span><\/a><\/p>\n","protected":false},"author":1,"featured_media":0,"parent":245,"menu_order":0,"comment_status":"closed","ping_status":"closed","template":"","meta":{"footnotes":""},"class_list":["post-564","page","type-page","status-publish","hentry"],"_links":{"self":[{"href":"https:\/\/www.sindarick.fr\/wordpress\/index.php?rest_route=\/wp\/v2\/pages\/564","targetHints":{"allow":["GET"]}}],"collection":[{"href":"https:\/\/www.sindarick.fr\/wordpress\/index.php?rest_route=\/wp\/v2\/pages"}],"about":[{"href":"https:\/\/www.sindarick.fr\/wordpress\/index.php?rest_route=\/wp\/v2\/types\/page"}],"author":[{"embeddable":true,"href":"https:\/\/www.sindarick.fr\/wordpress\/index.php?rest_route=\/wp\/v2\/users\/1"}],"replies":[{"embeddable":true,"href":"https:\/\/www.sindarick.fr\/wordpress\/index.php?rest_route=%2Fwp%2Fv2%2Fcomments&post=564"}],"version-history":[{"count":7,"href":"https:\/\/www.sindarick.fr\/wordpress\/index.php?rest_route=\/wp\/v2\/pages\/564\/revisions"}],"predecessor-version":[{"id":581,"href":"https:\/\/www.sindarick.fr\/wordpress\/index.php?rest_route=\/wp\/v2\/pages\/564\/revisions\/581"}],"up":[{"embeddable":true,"href":"https:\/\/www.sindarick.fr\/wordpress\/index.php?rest_route=\/wp\/v2\/pages\/245"}],"wp:attachment":[{"href":"https:\/\/www.sindarick.fr\/wordpress\/index.php?rest_route=%2Fwp%2Fv2%2Fmedia&parent=564"}],"curies":[{"name":"wp","href":"https:\/\/api.w.org\/{rel}","templated":true}]}}