{"id":586,"date":"2021-02-08T09:57:52","date_gmt":"2021-02-08T09:57:52","guid":{"rendered":"http:\/\/www.sindarick.fr\/wordpress\/?page_id=586"},"modified":"2021-11-19T13:38:40","modified_gmt":"2021-11-19T13:38:40","slug":"serie-laeta","status":"publish","type":"page","link":"https:\/\/www.sindarick.fr\/wordpress\/?page_id=586","title":{"rendered":"LAETA &#8211; la s\u00e9rie"},"content":{"rendered":"<p>La s\u00e9rie Laeta reprend les romans de la saga &#8220;Les Royaumes de lune&#8221; anciennement parue aux \u00e9ditions SK. Elle s&#8217;enrichit, cependant, de nouveaux titres, de nouvelles et d&#8217;adaptations des anciens romans. L&#8217;ancien cycle est enti\u00e8rement d\u00e9poussi\u00e9r\u00e9 et revu pour que les aventures de la belle esclave, promise \u00e0 une destin\u00e9e exceptionnelle, soient encore plus extraordinaires.<\/p>\n<p>Myst\u00e8res, enqu\u00eates, complots, magie, sorcellerie et aventures avec un grand &#8220;A&#8221; sont au menu. Sans oublier une dose certaine d&#8217;\u00e9rotisme, dans laquelle l&#8217;esclave de plaisir, qui a l&#8217;art de se fourrer dans les pires situations, sait toujours tirer son \u00e9pingle du jeu. Entre un occident et un orient de fantasy, ses aventures vous m\u00e8neront au bout d&#8217;un monde o\u00f9 tout est \u00e0 d\u00e9couvrir.<\/p>\n<p>Le premier tome, Les Cascades d&#8217;argent, est compl\u00e8tement in\u00e9dit.<\/p>\n<p>Entrez dans l&#8217;aventure!<\/p>\n<p><\/p>\n\n\n<figure class=\"wp-block-video\"><video height=\"576\" style=\"aspect-ratio: 1024 \/ 576;\" width=\"1024\" controls src=\"https:\/\/www.sindarick.fr\/wordpress\/wp-content\/uploads\/2021\/11\/Teaser5.mp4\"><\/video><\/figure>\n","protected":false},"excerpt":{"rendered":"<p>La s\u00e9rie Laeta reprend les romans de la saga &#8220;Les Royaumes de lune&#8221; anciennement parue aux \u00e9ditions SK. Elle s&#8217;enrichit, cependant, de nouveaux titres, de nouvelles et d&#8217;adaptations des anciens romans. L&#8217;ancien cycle est enti\u00e8rement d\u00e9poussi\u00e9r\u00e9 et revu pour que les aventures de la belle esclave, promise \u00e0 une destin\u00e9e exceptionnelle, soient encore plus extraordinaires. &hellip; <\/p>\n<p class=\"link-more\"><a href=\"https:\/\/www.sindarick.fr\/wordpress\/?page_id=586\" class=\"more-link\">Continuer la lecture<span class=\"screen-reader-text\"> de &laquo;&nbsp;LAETA &#8211; la s\u00e9rie&nbsp;&raquo;<\/span><\/a><\/p>\n","protected":false},"author":1,"featured_media":0,"parent":0,"menu_order":0,"comment_status":"closed","ping_status":"closed","template":"","meta":{"footnotes":""},"class_list":["post-586","page","type-page","status-publish","hentry"],"_links":{"self":[{"href":"https:\/\/www.sindarick.fr\/wordpress\/index.php?rest_route=\/wp\/v2\/pages\/586","targetHints":{"allow":["GET"]}}],"collection":[{"href":"https:\/\/www.sindarick.fr\/wordpress\/index.php?rest_route=\/wp\/v2\/pages"}],"about":[{"href":"https:\/\/www.sindarick.fr\/wordpress\/index.php?rest_route=\/wp\/v2\/types\/page"}],"author":[{"embeddable":true,"href":"https:\/\/www.sindarick.fr\/wordpress\/index.php?rest_route=\/wp\/v2\/users\/1"}],"replies":[{"embeddable":true,"href":"https:\/\/www.sindarick.fr\/wordpress\/index.php?rest_route=%2Fwp%2Fv2%2Fcomments&post=586"}],"version-history":[{"count":5,"href":"https:\/\/www.sindarick.fr\/wordpress\/index.php?rest_route=\/wp\/v2\/pages\/586\/revisions"}],"predecessor-version":[{"id":1058,"href":"https:\/\/www.sindarick.fr\/wordpress\/index.php?rest_route=\/wp\/v2\/pages\/586\/revisions\/1058"}],"wp:attachment":[{"href":"https:\/\/www.sindarick.fr\/wordpress\/index.php?rest_route=%2Fwp%2Fv2%2Fmedia&parent=586"}],"curies":[{"name":"wp","href":"https:\/\/api.w.org\/{rel}","templated":true}]}}