{"id":599,"date":"2021-02-08T10:44:17","date_gmt":"2021-02-08T10:44:17","guid":{"rendered":"http:\/\/www.sindarick.fr\/wordpress\/?page_id=599"},"modified":"2022-03-26T10:42:44","modified_gmt":"2022-03-26T10:42:44","slug":"les-cascades-dargent","status":"publish","type":"page","link":"https:\/\/www.sindarick.fr\/wordpress\/?page_id=599","title":{"rendered":"Les Cascades d&#8217;argent"},"content":{"rendered":"\n<p>Les Cascades d&#8217;argent constituent le premier tome de la s\u00e9rie LAETA. Comme beaucoup d&#8217;autres histoires de la belle esclaves, il s&#8217;agit d&#8217;une aventure qui peut \u00eatre lue ind\u00e9pendamment des autres (et donc pas forc\u00e9ment dans l&#8217;ordre). Chronologiquement, ce n&#8217;est d&#8217;ailleurs pas la premi\u00e8re aventure de la belle esclave, mais je ne peux pas vous en d\u00e9voiler plus sur ce point, ce serait d\u00e9j\u00e0 lever une part du myst\u00e8re de ce r\u00e9cit. Et donc, je ne vous en dis pas plus&#8230; \ud83d\ude42<\/p>\n\n\n\n<figure class=\"wp-block-video\"><video height=\"576\" style=\"aspect-ratio: 1024 \/ 576;\" width=\"1024\" controls src=\"https:\/\/www.sindarick.fr\/wordpress\/wp-content\/uploads\/2021\/11\/Teaser5.mp4\"><\/video><\/figure>\n\n\n<p><strong>\u00c0 courir apr\u00e8s l\u2019or, on flirte avec la mort\u2026<\/strong><\/p>\n<p>Une myst\u00e9rieuse carte et un tr\u00e9sor.<\/p>\n<p>Voil\u00e0 de quoi attiser la cupidit\u00e9 d\u2019un contrebandier en mal de fortune. Avec Laeta, sa belle esclave, et une compagnie de nains, ils se lancent dans une exp\u00e9dition plus que p\u00e9rilleuse.<\/p>\n<p>Mais, dans les Royaumes de lune, les promesses de richesses faciles sont rarement tenues\u2009; et la vall\u00e9e enchanteresse dans laquelle ils se rendent ne r\u00e9serve pas que de bonnes surprises.<\/p>\n<p>Laeta aura fort \u00e0 faire pour sauver sa peau et celle de son ma\u00eetre. Quel genre de tr\u00e9sor la jeune femme d\u00e9couvrira-t-elle au bout du chemin\u2009? Quel mal mill\u00e9naire vont-ils r\u00e9veiller\u2009?<\/p>\n<p>L\u2019astuce, l\u2019intelligence et le charme de la belle esclave suffiront-ils \u00e0 percer le myst\u00e8re des Cascades d\u2019argent\u2009?<\/p>\n<p><a href=\"https:\/\/www.sindarick.fr\/wordpress\/?page_id=717\"><img loading=\"lazy\" decoding=\"async\" class=\"wp-image-1085 size-medium aligncenter\" src=\"https:\/\/www.sindarick.fr\/wordpress\/wp-content\/uploads\/2022\/03\/LAETA-broche-ebook-211x300.jpg\" alt=\"\" width=\"211\" height=\"300\" srcset=\"https:\/\/www.sindarick.fr\/wordpress\/wp-content\/uploads\/2022\/03\/LAETA-broche-ebook-211x300.jpg 211w, https:\/\/www.sindarick.fr\/wordpress\/wp-content\/uploads\/2022\/03\/LAETA-broche-ebook-720x1024.jpg 720w, https:\/\/www.sindarick.fr\/wordpress\/wp-content\/uploads\/2022\/03\/LAETA-broche-ebook-768x1092.jpg 768w, https:\/\/www.sindarick.fr\/wordpress\/wp-content\/uploads\/2022\/03\/LAETA-broche-ebook-1080x1536.jpg 1080w, https:\/\/www.sindarick.fr\/wordpress\/wp-content\/uploads\/2022\/03\/LAETA-broche-ebook-1440x2048.jpg 1440w, https:\/\/www.sindarick.fr\/wordpress\/wp-content\/uploads\/2022\/03\/LAETA-broche-ebook-350x498.jpg 350w, https:\/\/www.sindarick.fr\/wordpress\/wp-content\/uploads\/2022\/03\/LAETA-broche-ebook.jpg 1800w\" sizes=\"auto, (max-width: 211px) 100vw, 211px\" \/><\/a><\/p>\n\n\n<div class=\"wp-block-buttons is-layout-flex wp-block-buttons-is-layout-flex\">\n<div class=\"wp-block-button has-custom-width wp-block-button__width-25 is-style-outline is-style-outline--1\"><a class=\"wp-block-button__link\" href=\"https:\/\/buy.stripe.com\/bIY9Ch9d312m3YYaEE\">    Epub     <\/a><\/div>\n\n\n\n<div class=\"wp-block-button has-custom-width wp-block-button__width-25 is-style-outline is-style-outline--2\"><a class=\"wp-block-button__link\" href=\"https:\/\/www.amazon.fr\/Cascades-dargent-St%C3%A9phane-Tarrade\/dp\/B091F18JST\/ref=tmm_pap_swatch_0?_encoding=UTF8&amp;qid=1634466497&amp;sr=8-1\">Broch\u00e9<\/a><\/div>\n\n\n\n<div class=\"wp-block-button has-custom-width wp-block-button__width-25 is-style-outline is-style-outline--3\"><a class=\"wp-block-button__link\" href=\"https:\/\/buy.stripe.com\/00gcOtblbcL40MM289\">pdf <\/a><\/div>\n\n\n\n<div class=\"wp-block-button has-custom-width wp-block-button__width-25 is-style-outline is-style-outline--4\"><a class=\"wp-block-button__link\" href=\"https:\/\/www.amazon.fr\/Cascades-dargent-Laeta-t-ebook\/dp\/B0911TNVP7\/ref=tmm_kin_swatch_0?_encoding=UTF8&amp;qid=1634466497&amp;sr=8-1\">Kindle <\/a><\/div>\n<\/div>\n\n\n\n<p> Le livre papier (broch\u00e9) est \u00e0 19 euros et les versions num\u00e9riques \u00e0 4,99 euros. <\/p>\n","protected":false},"excerpt":{"rendered":"<p>Les Cascades d&#8217;argent constituent le premier tome de la s\u00e9rie LAETA. Comme beaucoup d&#8217;autres histoires de la belle esclaves, il s&#8217;agit d&#8217;une aventure qui peut \u00eatre lue ind\u00e9pendamment des autres (et donc pas forc\u00e9ment dans l&#8217;ordre). Chronologiquement, ce n&#8217;est d&#8217;ailleurs pas la premi\u00e8re aventure de la belle esclave, mais je ne peux pas vous en &hellip; <\/p>\n<p class=\"link-more\"><a href=\"https:\/\/www.sindarick.fr\/wordpress\/?page_id=599\" class=\"more-link\">Continuer la lecture<span class=\"screen-reader-text\"> de &laquo;&nbsp;Les Cascades d&#8217;argent&nbsp;&raquo;<\/span><\/a><\/p>\n","protected":false},"author":1,"featured_media":0,"parent":586,"menu_order":0,"comment_status":"closed","ping_status":"closed","template":"","meta":{"footnotes":""},"class_list":["post-599","page","type-page","status-publish","hentry"],"_links":{"self":[{"href":"https:\/\/www.sindarick.fr\/wordpress\/index.php?rest_route=\/wp\/v2\/pages\/599","targetHints":{"allow":["GET"]}}],"collection":[{"href":"https:\/\/www.sindarick.fr\/wordpress\/index.php?rest_route=\/wp\/v2\/pages"}],"about":[{"href":"https:\/\/www.sindarick.fr\/wordpress\/index.php?rest_route=\/wp\/v2\/types\/page"}],"author":[{"embeddable":true,"href":"https:\/\/www.sindarick.fr\/wordpress\/index.php?rest_route=\/wp\/v2\/users\/1"}],"replies":[{"embeddable":true,"href":"https:\/\/www.sindarick.fr\/wordpress\/index.php?rest_route=%2Fwp%2Fv2%2Fcomments&post=599"}],"version-history":[{"count":6,"href":"https:\/\/www.sindarick.fr\/wordpress\/index.php?rest_route=\/wp\/v2\/pages\/599\/revisions"}],"predecessor-version":[{"id":1089,"href":"https:\/\/www.sindarick.fr\/wordpress\/index.php?rest_route=\/wp\/v2\/pages\/599\/revisions\/1089"}],"up":[{"embeddable":true,"href":"https:\/\/www.sindarick.fr\/wordpress\/index.php?rest_route=\/wp\/v2\/pages\/586"}],"wp:attachment":[{"href":"https:\/\/www.sindarick.fr\/wordpress\/index.php?rest_route=%2Fwp%2Fv2%2Fmedia&parent=599"}],"curies":[{"name":"wp","href":"https:\/\/api.w.org\/{rel}","templated":true}]}}