{"id":696,"date":"2021-07-05T09:19:46","date_gmt":"2021-07-05T09:19:46","guid":{"rendered":"http:\/\/www.sindarick.fr\/wordpress\/?page_id=696"},"modified":"2021-11-06T14:13:25","modified_gmt":"2021-11-06T14:13:25","slug":"la-lune-dombre","status":"publish","type":"page","link":"https:\/\/www.sindarick.fr\/wordpress\/?page_id=696","title":{"rendered":"La lune d&#8217;ombre"},"content":{"rendered":"<p>Anciennement paru sous le titre &#8220;L&#8217;ombre des loups&#8221;, ce roman constitue le deuxi\u00e8me tome des aventures de Laeta. Si l&#8217;histoire reste globalement la m\u00eame, le r\u00e9cit a \u00e9t\u00e9 enti\u00e8rement d\u00e9poussi\u00e9r\u00e9, revu et remis \u00e0 neuf.<\/p>\n<p>Laeta n&#8217;est plus tout \u00e0 fait celle qu&#8217;elle \u00e9tait ;-), elle est plus&#8230; Mais je vais vous laisser le d\u00e9couvrir!<\/p>\n<p><strong>L\u2019amour peut-il \u00e9clore lorsque la mort r\u00f4de\u00a0?<\/strong><\/p>\n<p>Rodar n\u2019a pas crois\u00e9 Laeta par hasard, il l\u2019a achet\u00e9e contre esp\u00e8ces sonnantes et tr\u00e9buchantes. Et il compte bien rentrer dans ses frais en lui demandant d\u2019exercer le plus vieux m\u00e9tier du monde dans la taverne qu\u2019il fr\u00e9quente.<\/p>\n<p>Ces deux-l\u00e0 se sont pourtant bien rencontr\u00e9s, ils s\u2019entendent \u00e0 merveille.<\/p>\n<p>Mais que va-t-il se passer lorsqu\u2019au gr\u00e9 d\u2019un des mauvais coups foment\u00e9s par son ma\u00eetre, Laeta va s\u00e9duire un sergent de la garde\u00a0?<\/p>\n<p>Un assassin, un monstre, laisse une file de cadavres derri\u00e8re lui, dans les rues embrum\u00e9es de la cit\u00e9, et la belle esclave se trouve bien malgr\u00e9 elle embarqu\u00e9e sur sa trace. Sa perspicacit\u00e9 et son intelligence vont \u00eatre mises \u00e0 rude \u00e9preuve.<\/p>\n<p>Il ne fait jamais bon mettre le doigt dans l\u2019engrenage infernal d\u2019un complot teint\u00e9 de sorcellerie\u2026<\/p>\n<p><a href=\"https:\/\/www.sindarick.fr\/wordpress\/?page_id=830\"><img loading=\"lazy\" decoding=\"async\" class=\"aligncenter wp-image-693 size-medium\" src=\"https:\/\/www.sindarick.fr\/wordpress\/wp-content\/uploads\/2021\/02\/couv-2--207x300.png\" alt=\"\" width=\"207\" height=\"300\" srcset=\"https:\/\/www.sindarick.fr\/wordpress\/wp-content\/uploads\/2021\/02\/couv-2--207x300.png 207w, https:\/\/www.sindarick.fr\/wordpress\/wp-content\/uploads\/2021\/02\/couv-2--350x508.png 350w, https:\/\/www.sindarick.fr\/wordpress\/wp-content\/uploads\/2021\/02\/couv-2--705x1024.png 705w, https:\/\/www.sindarick.fr\/wordpress\/wp-content\/uploads\/2021\/02\/couv-2--768x1115.png 768w, https:\/\/www.sindarick.fr\/wordpress\/wp-content\/uploads\/2021\/02\/couv-2--1058x1536.png 1058w, https:\/\/www.sindarick.fr\/wordpress\/wp-content\/uploads\/2021\/02\/couv-2--1410x2048.png 1410w, https:\/\/www.sindarick.fr\/wordpress\/wp-content\/uploads\/2021\/02\/couv-2-.png 1713w\" sizes=\"auto, (max-width: 207px) 100vw, 207px\" \/><\/a><\/p>\n\n\n<div class=\"wp-block-buttons is-layout-flex wp-block-buttons-is-layout-flex\">\n<div class=\"wp-block-button has-custom-width wp-block-button__width-25 is-style-outline is-style-outline--1\"><a class=\"wp-block-button__link\" href=\"https:\/\/buy.stripe.com\/8wMeWBah7dP8gLK4gk\">    Epub     <\/a><\/div>\n\n\n\n<div class=\"wp-block-button has-custom-width wp-block-button__width-25 is-style-outline is-style-outline--2\"><a class=\"wp-block-button__link\" href=\"https:\/\/www.amazon.fr\/lune-dombre-St%C3%A9phane-Tarrade\/dp\/B098GV5Y54\/ref=tmm_pap_swatch_0?_encoding=UTF8&amp;qid=1635515323&amp;sr=8-3\">Broch\u00e9<\/a><\/div>\n\n\n\n<div class=\"wp-block-button has-custom-width wp-block-button__width-25 is-style-outline is-style-outline--3\"><a class=\"wp-block-button__link\" href=\"https:\/\/buy.stripe.com\/8wM7u9blbdP8brq4gl\">pdf <\/a><\/div>\n\n\n\n<div class=\"wp-block-button has-custom-width wp-block-button__width-25 is-style-outline is-style-outline--4\"><a class=\"wp-block-button__link\" href=\"https:\/\/www.amazon.fr\/lune-dombre-Laeta-t-ebook\/dp\/B098DVDLL6\/ref=tmm_kin_swatch_0?_encoding=UTF8&amp;qid=1635515323&amp;sr=8-3\">Kindle <\/a><\/div>\n<\/div>\n\n\n\n<p> Le livre papier (broch\u00e9) est \u00e0 15 euros et les versions num\u00e9riques \u00e0 3,99 \u20ac. <\/p>\n","protected":false},"excerpt":{"rendered":"<p>Anciennement paru sous le titre &#8220;L&#8217;ombre des loups&#8221;, ce roman constitue le deuxi\u00e8me tome des aventures de Laeta. Si l&#8217;histoire reste globalement la m\u00eame, le r\u00e9cit a \u00e9t\u00e9 enti\u00e8rement d\u00e9poussi\u00e9r\u00e9, revu et remis \u00e0 neuf. Laeta n&#8217;est plus tout \u00e0 fait celle qu&#8217;elle \u00e9tait ;-), elle est plus&#8230; Mais je vais vous laisser le d\u00e9couvrir! &hellip; <\/p>\n<p class=\"link-more\"><a href=\"https:\/\/www.sindarick.fr\/wordpress\/?page_id=696\" class=\"more-link\">Continuer la lecture<span class=\"screen-reader-text\"> de &laquo;&nbsp;La lune d&#8217;ombre&nbsp;&raquo;<\/span><\/a><\/p>\n","protected":false},"author":1,"featured_media":0,"parent":586,"menu_order":1,"comment_status":"closed","ping_status":"closed","template":"","meta":{"footnotes":""},"class_list":["post-696","page","type-page","status-publish","hentry"],"_links":{"self":[{"href":"https:\/\/www.sindarick.fr\/wordpress\/index.php?rest_route=\/wp\/v2\/pages\/696","targetHints":{"allow":["GET"]}}],"collection":[{"href":"https:\/\/www.sindarick.fr\/wordpress\/index.php?rest_route=\/wp\/v2\/pages"}],"about":[{"href":"https:\/\/www.sindarick.fr\/wordpress\/index.php?rest_route=\/wp\/v2\/types\/page"}],"author":[{"embeddable":true,"href":"https:\/\/www.sindarick.fr\/wordpress\/index.php?rest_route=\/wp\/v2\/users\/1"}],"replies":[{"embeddable":true,"href":"https:\/\/www.sindarick.fr\/wordpress\/index.php?rest_route=%2Fwp%2Fv2%2Fcomments&post=696"}],"version-history":[{"count":2,"href":"https:\/\/www.sindarick.fr\/wordpress\/index.php?rest_route=\/wp\/v2\/pages\/696\/revisions"}],"predecessor-version":[{"id":957,"href":"https:\/\/www.sindarick.fr\/wordpress\/index.php?rest_route=\/wp\/v2\/pages\/696\/revisions\/957"}],"up":[{"embeddable":true,"href":"https:\/\/www.sindarick.fr\/wordpress\/index.php?rest_route=\/wp\/v2\/pages\/586"}],"wp:attachment":[{"href":"https:\/\/www.sindarick.fr\/wordpress\/index.php?rest_route=%2Fwp%2Fv2%2Fmedia&parent=696"}],"curies":[{"name":"wp","href":"https:\/\/api.w.org\/{rel}","templated":true}]}}