{"id":770,"date":"2021-10-27T18:04:17","date_gmt":"2021-10-27T18:04:17","guid":{"rendered":"https:\/\/www.sindarick.fr\/wordpress\/?page_id=770"},"modified":"2021-10-27T18:04:17","modified_gmt":"2021-10-27T18:04:17","slug":"les-cartes","status":"publish","type":"page","link":"https:\/\/www.sindarick.fr\/wordpress\/?page_id=770","title":{"rendered":"Les cartes"},"content":{"rendered":"\n<figure class=\"wp-block-image size-large\"><a href=\"https:\/\/www.sindarick.fr\/wordpress\/wp-content\/uploads\/2017\/02\/carte-g\u00e9n\u00e9rale.jpg\"><img loading=\"lazy\" decoding=\"async\" width=\"1024\" height=\"713\" src=\"https:\/\/www.sindarick.fr\/wordpress\/wp-content\/uploads\/2017\/02\/carte-g\u00e9n\u00e9rale-1024x713.jpg\" alt=\"\" class=\"wp-image-375\" srcset=\"https:\/\/www.sindarick.fr\/wordpress\/wp-content\/uploads\/2017\/02\/carte-g\u00e9n\u00e9rale-1024x713.jpg 1024w, https:\/\/www.sindarick.fr\/wordpress\/wp-content\/uploads\/2017\/02\/carte-g\u00e9n\u00e9rale-350x244.jpg 350w, https:\/\/www.sindarick.fr\/wordpress\/wp-content\/uploads\/2017\/02\/carte-g\u00e9n\u00e9rale-300x209.jpg 300w, https:\/\/www.sindarick.fr\/wordpress\/wp-content\/uploads\/2017\/02\/carte-g\u00e9n\u00e9rale-768x535.jpg 768w, https:\/\/www.sindarick.fr\/wordpress\/wp-content\/uploads\/2017\/02\/carte-g\u00e9n\u00e9rale-431x300.jpg 431w\" sizes=\"auto, (max-width: 767px) 89vw, (max-width: 1000px) 54vw, (max-width: 1071px) 543px, 580px\" \/><\/a><figcaption>Carte Royaumes de lunes<\/figcaption><\/figure>\n\n\n\n<p class=\"has-text-align-center\">Les Royaumes de lunes constituent la partie nord ouest du continent d&#8217;Andgar ainsi qu&#8217;une partie de Shayar. Certains sages y incluent le califat Shamyrien, d&#8217;autres l&#8217;en excluent.<\/p>\n\n\n\n<figure class=\"wp-block-image size-large\"><a href=\"https:\/\/www.sindarick.fr\/wordpress\/wp-content\/uploads\/2017\/02\/Royaumes-de-lune-orient.jpg\"><img loading=\"lazy\" decoding=\"async\" width=\"1024\" height=\"713\" src=\"https:\/\/www.sindarick.fr\/wordpress\/wp-content\/uploads\/2017\/02\/Royaumes-de-lune-orient-1024x713.jpg\" alt=\"\" class=\"wp-image-376\" srcset=\"https:\/\/www.sindarick.fr\/wordpress\/wp-content\/uploads\/2017\/02\/Royaumes-de-lune-orient-1024x713.jpg 1024w, https:\/\/www.sindarick.fr\/wordpress\/wp-content\/uploads\/2017\/02\/Royaumes-de-lune-orient-350x244.jpg 350w, https:\/\/www.sindarick.fr\/wordpress\/wp-content\/uploads\/2017\/02\/Royaumes-de-lune-orient-300x209.jpg 300w, https:\/\/www.sindarick.fr\/wordpress\/wp-content\/uploads\/2017\/02\/Royaumes-de-lune-orient-768x535.jpg 768w, https:\/\/www.sindarick.fr\/wordpress\/wp-content\/uploads\/2017\/02\/Royaumes-de-lune-orient-431x300.jpg 431w\" sizes=\"auto, (max-width: 767px) 89vw, (max-width: 1000px) 54vw, (max-width: 1071px) 543px, 580px\" \/><\/a><figcaption>Carte sud<\/figcaption><\/figure>\n\n\n\n<p class=\"has-text-align-center\">La Numizie et le souscontingent du Maramapur font partie de Shayar mais n&#8217;appartiennent pas aux Royaumes de lune.<\/p>\n\n\n\n<figure class=\"wp-block-image size-full\"><a href=\"https:\/\/www.sindarick.fr\/wordpress\/wp-content\/uploads\/2018\/12\/Sud.jpg\"><img decoding=\"async\" src=\"https:\/\/www.sindarick.fr\/wordpress\/wp-content\/uploads\/2018\/12\/Sud.jpg\" alt=\"\" class=\"wp-image-487\"\/><\/a><\/figure>\n\n\n\n<p class=\"has-text-align-center\">Le sud d&#8217;Angdar fait partie des royaumes de lune jusqu&#8217;\u00e0 la M\u00e9rangie et la Bersombrie.<\/p>\n\n\n\n<figure class=\"wp-block-image size-large\"><a href=\"https:\/\/www.sindarick.fr\/wordpress\/wp-content\/uploads\/2015\/01\/carte02_04.jpg\"><img loading=\"lazy\" decoding=\"async\" width=\"1024\" height=\"725\" src=\"https:\/\/www.sindarick.fr\/wordpress\/wp-content\/uploads\/2015\/01\/carte02_04-1024x725.jpg\" alt=\"\" class=\"wp-image-18\" srcset=\"https:\/\/www.sindarick.fr\/wordpress\/wp-content\/uploads\/2015\/01\/carte02_04-1024x725.jpg 1024w, https:\/\/www.sindarick.fr\/wordpress\/wp-content\/uploads\/2015\/01\/carte02_04-350x248.jpg 350w, https:\/\/www.sindarick.fr\/wordpress\/wp-content\/uploads\/2015\/01\/carte02_04-300x212.jpg 300w, https:\/\/www.sindarick.fr\/wordpress\/wp-content\/uploads\/2015\/01\/carte02_04.jpg 1316w\" sizes=\"auto, (max-width: 767px) 89vw, (max-width: 1000px) 54vw, (max-width: 1071px) 543px, 580px\" \/><\/a><figcaption>Carte<\/figcaption><\/figure>\n\n\n\n<p class=\"has-text-align-center\">Escargae sur le lac Rivelonde<\/p>\n\n\n\n<figure class=\"wp-block-image size-full wp-duotone-000000-ffffff-1\"><a href=\"https:\/\/www.sindarick.fr\/wordpress\/wp-content\/uploads\/2015\/01\/Escargae.png\"><img loading=\"lazy\" decoding=\"async\" width=\"724\" height=\"989\" src=\"https:\/\/www.sindarick.fr\/wordpress\/wp-content\/uploads\/2015\/01\/Escargae.png\" alt=\"\" class=\"wp-image-86\" srcset=\"https:\/\/www.sindarick.fr\/wordpress\/wp-content\/uploads\/2015\/01\/Escargae.png 724w, https:\/\/www.sindarick.fr\/wordpress\/wp-content\/uploads\/2015\/01\/Escargae-350x478.png 350w, https:\/\/www.sindarick.fr\/wordpress\/wp-content\/uploads\/2015\/01\/Escargae-220x300.png 220w\" sizes=\"auto, (max-width: 724px) 100vw, 724px\" \/><\/a><\/figure>\n\n\n\n<p class=\"has-text-align-center\">La cit\u00e9 d&#8217;Escargae et ses quais<\/p>\n\n\n\n<figure class=\"wp-block-image size-large\"><a href=\"https:\/\/www.sindarick.fr\/wordpress\/wp-content\/uploads\/2017\/12\/Cit\u00e9-Gl\u00e9nor.jpg\"><img loading=\"lazy\" decoding=\"async\" width=\"1024\" height=\"713\" src=\"https:\/\/www.sindarick.fr\/wordpress\/wp-content\/uploads\/2017\/12\/Cit\u00e9-Gl\u00e9nor-1024x713.jpg\" alt=\"\" class=\"wp-image-436\" srcset=\"https:\/\/www.sindarick.fr\/wordpress\/wp-content\/uploads\/2017\/12\/Cit\u00e9-Gl\u00e9nor-1024x713.jpg 1024w, https:\/\/www.sindarick.fr\/wordpress\/wp-content\/uploads\/2017\/12\/Cit\u00e9-Gl\u00e9nor-350x244.jpg 350w, https:\/\/www.sindarick.fr\/wordpress\/wp-content\/uploads\/2017\/12\/Cit\u00e9-Gl\u00e9nor-300x209.jpg 300w, https:\/\/www.sindarick.fr\/wordpress\/wp-content\/uploads\/2017\/12\/Cit\u00e9-Gl\u00e9nor-768x535.jpg 768w, https:\/\/www.sindarick.fr\/wordpress\/wp-content\/uploads\/2017\/12\/Cit\u00e9-Gl\u00e9nor-431x300.jpg 431w\" sizes=\"auto, (max-width: 767px) 89vw, (max-width: 1000px) 54vw, (max-width: 1071px) 543px, 580px\" \/><\/a><figcaption>Gl\u00e9nor<\/figcaption><\/figure>\n\n\n\n<p class=\"has-text-align-center\">La cit\u00e9 imp\u00e9riale de Gl\u00e9nor<\/p>\n\n\n\n<figure class=\"wp-block-image size-large\"><a href=\"https:\/\/www.sindarick.fr\/wordpress\/wp-content\/uploads\/2021\/10\/Shamyria2.jpg\"><img loading=\"lazy\" decoding=\"async\" width=\"1024\" height=\"713\" src=\"https:\/\/www.sindarick.fr\/wordpress\/wp-content\/uploads\/2021\/10\/Shamyria2-1024x713.jpg\" alt=\"\" class=\"wp-image-772\" srcset=\"https:\/\/www.sindarick.fr\/wordpress\/wp-content\/uploads\/2021\/10\/Shamyria2-1024x713.jpg 1024w, https:\/\/www.sindarick.fr\/wordpress\/wp-content\/uploads\/2021\/10\/Shamyria2-350x244.jpg 350w, https:\/\/www.sindarick.fr\/wordpress\/wp-content\/uploads\/2021\/10\/Shamyria2-300x209.jpg 300w, https:\/\/www.sindarick.fr\/wordpress\/wp-content\/uploads\/2021\/10\/Shamyria2-768x535.jpg 768w, https:\/\/www.sindarick.fr\/wordpress\/wp-content\/uploads\/2021\/10\/Shamyria2-1536x1070.jpg 1536w, https:\/\/www.sindarick.fr\/wordpress\/wp-content\/uploads\/2021\/10\/Shamyria2-2048x1427.jpg 2048w\" sizes=\"auto, (max-width: 767px) 89vw, (max-width: 1000px) 54vw, (max-width: 1071px) 543px, 580px\" \/><\/a><\/figure>\n\n\n\n<p class=\"has-text-align-center\">Shamyria, la capitale du califat shamyrien<\/p>\n\n\n\n<figure class=\"wp-block-image size-large\"><a href=\"https:\/\/www.sindarick.fr\/wordpress\/wp-content\/uploads\/2021\/10\/Pamyr2-scaled.jpg\"><img loading=\"lazy\" decoding=\"async\" width=\"1024\" height=\"713\" src=\"https:\/\/www.sindarick.fr\/wordpress\/wp-content\/uploads\/2021\/10\/Pamyr2-1024x713.jpg\" alt=\"\" class=\"wp-image-771\" srcset=\"https:\/\/www.sindarick.fr\/wordpress\/wp-content\/uploads\/2021\/10\/Pamyr2-1024x713.jpg 1024w, https:\/\/www.sindarick.fr\/wordpress\/wp-content\/uploads\/2021\/10\/Pamyr2-scaled-350x244.jpg 350w, https:\/\/www.sindarick.fr\/wordpress\/wp-content\/uploads\/2021\/10\/Pamyr2-300x209.jpg 300w, https:\/\/www.sindarick.fr\/wordpress\/wp-content\/uploads\/2021\/10\/Pamyr2-768x535.jpg 768w, https:\/\/www.sindarick.fr\/wordpress\/wp-content\/uploads\/2021\/10\/Pamyr2-1536x1070.jpg 1536w, https:\/\/www.sindarick.fr\/wordpress\/wp-content\/uploads\/2021\/10\/Pamyr2-2048x1427.jpg 2048w\" sizes=\"auto, (max-width: 767px) 89vw, (max-width: 1000px) 54vw, (max-width: 1071px) 543px, 580px\" \/><\/a><\/figure>\n\n\n\n<p class=\"has-text-align-center\">Pamyr, la cit\u00e9 de la jeunesse de Laeta.<\/p>\n","protected":false},"excerpt":{"rendered":"<p>Les Royaumes de lunes constituent la partie nord ouest du continent d&#8217;Andgar ainsi qu&#8217;une partie de Shayar. Certains sages y incluent le califat Shamyrien, d&#8217;autres l&#8217;en excluent. La Numizie et le souscontingent du Maramapur font partie de Shayar mais n&#8217;appartiennent pas aux Royaumes de lune. Le sud d&#8217;Angdar fait partie des royaumes de lune jusqu&#8217;\u00e0 &hellip; <\/p>\n<p class=\"link-more\"><a href=\"https:\/\/www.sindarick.fr\/wordpress\/?page_id=770\" class=\"more-link\">Continuer la lecture<span class=\"screen-reader-text\"> de &laquo;&nbsp;Les cartes&nbsp;&raquo;<\/span><\/a><\/p>\n","protected":false},"author":1,"featured_media":0,"parent":0,"menu_order":0,"comment_status":"closed","ping_status":"closed","template":"","meta":{"footnotes":""},"class_list":["post-770","page","type-page","status-publish","hentry"],"_links":{"self":[{"href":"https:\/\/www.sindarick.fr\/wordpress\/index.php?rest_route=\/wp\/v2\/pages\/770","targetHints":{"allow":["GET"]}}],"collection":[{"href":"https:\/\/www.sindarick.fr\/wordpress\/index.php?rest_route=\/wp\/v2\/pages"}],"about":[{"href":"https:\/\/www.sindarick.fr\/wordpress\/index.php?rest_route=\/wp\/v2\/types\/page"}],"author":[{"embeddable":true,"href":"https:\/\/www.sindarick.fr\/wordpress\/index.php?rest_route=\/wp\/v2\/users\/1"}],"replies":[{"embeddable":true,"href":"https:\/\/www.sindarick.fr\/wordpress\/index.php?rest_route=%2Fwp%2Fv2%2Fcomments&post=770"}],"version-history":[{"count":1,"href":"https:\/\/www.sindarick.fr\/wordpress\/index.php?rest_route=\/wp\/v2\/pages\/770\/revisions"}],"predecessor-version":[{"id":774,"href":"https:\/\/www.sindarick.fr\/wordpress\/index.php?rest_route=\/wp\/v2\/pages\/770\/revisions\/774"}],"wp:attachment":[{"href":"https:\/\/www.sindarick.fr\/wordpress\/index.php?rest_route=%2Fwp%2Fv2%2Fmedia&parent=770"}],"curies":[{"name":"wp","href":"https:\/\/api.w.org\/{rel}","templated":true}]}}