{"id":815,"date":"2021-10-29T09:46:44","date_gmt":"2021-10-29T09:46:44","guid":{"rendered":"https:\/\/www.sindarick.fr\/wordpress\/?page_id=815"},"modified":"2021-11-06T14:17:20","modified_gmt":"2021-11-06T14:17:20","slug":"la-princesse-de-pierre","status":"publish","type":"page","link":"https:\/\/www.sindarick.fr\/wordpress\/?page_id=815","title":{"rendered":"La princesse de pierre"},"content":{"rendered":"\n<p>Anciennement paru sous le titre &#8220;La princesse nue&#8221;, ce roman constitue le troisi\u00e8me tome des aventures de Laeta. Ce r\u00e9cit enti\u00e8rement remis \u00e0 neuf constitue la fin de la premi\u00e8re trilogie, celle qui se d\u00e9roule dans le nord des Royaumes de lune, principalement dans les environs de la cit\u00e9 d&#8217;Escargae .<\/p>\n\n\n\n<p>Plus s\u00fbre d&#8217;elle, toujours aussi audacieuse et perspicace, Laeta n&#8217;en est qu&#8217;aux balbutiements de la grande qu\u00eate qui l&#8217;attend : se d\u00e9couvrir elle-m\u00eame.<\/p>\n\n\n\n<p><strong>Un c\u0153ur de pierre peut-il battre<\/strong><strong>\u2009?<\/strong><\/p>\n\n\n\n<p>Le coup \u00e9tait parfaitement pr\u00e9par\u00e9\u2026<\/p>\n\n\n\n<p>C\u2019est le marchand le plus puissant d\u2019Escargae, que Rodar et sa compagne, Sylria, ont d\u00e9cid\u00e9 de plumer. Ils n\u2019h\u00e9sitent pas \u00e0 lui c\u00e9der Laeta pour une bouch\u00e9e de pain.<\/p>\n\n\n\n<p>Un rep\u00e9rage, puis un cambriolage\u2009; les truands du quai des contrebandiers ne s\u2019embarrassent jamais de plans compliqu\u00e9s.<\/p>\n\n\n\n<p>Mais la r\u00e9alit\u00e9 va vite rattraper la belle esclave. Laeta d\u00e9couvre une demeure \u00e9trange, aux domestiques terroris\u00e9s par les ma\u00eetres et aux statues effrayantes, dans laquelle les servantes disparaissent les unes apr\u00e8s les autres.<\/p>\n\n\n\n<p>Quel secret inavouable va-t-elle mettre \u00e0 jour\u2009?<\/p>\n\n\n\n<p>Confront\u00e9e \u00e0 bien plus fort qu\u2019elle, elle devra d\u00e9ployer des tr\u00e9sors d\u2019intelligence et de perspicacit\u00e9 pour relever le d\u00e9fi. Mais, lorsqu\u2019elle soul\u00e8vera le voile de l&#8217;effrayante machination qui prend ses racines dans les origines de la cit\u00e9, il sera trop tard.<\/p>\n\n\n\n<p>\u00c0 quel terrible sacrifice devra-t-elle se livrer\u2009?<\/p>\n\n\n\n<figure class=\"wp-block-image size-large\"><a href=\"https:\/\/www.sindarick.fr\/wordpress\/?page_id=852\"><img loading=\"lazy\" decoding=\"async\" width=\"720\" height=\"1024\" src=\"https:\/\/www.sindarick.fr\/wordpress\/wp-content\/uploads\/2021\/10\/LAETA-T3-ebook-720x1024.jpg\" alt=\"\" class=\"wp-image-753\" srcset=\"https:\/\/www.sindarick.fr\/wordpress\/wp-content\/uploads\/2021\/10\/LAETA-T3-ebook-720x1024.jpg 720w, https:\/\/www.sindarick.fr\/wordpress\/wp-content\/uploads\/2021\/10\/LAETA-T3-ebook-350x498.jpg 350w, https:\/\/www.sindarick.fr\/wordpress\/wp-content\/uploads\/2021\/10\/LAETA-T3-ebook-211x300.jpg 211w, https:\/\/www.sindarick.fr\/wordpress\/wp-content\/uploads\/2021\/10\/LAETA-T3-ebook-768x1092.jpg 768w, https:\/\/www.sindarick.fr\/wordpress\/wp-content\/uploads\/2021\/10\/LAETA-T3-ebook-1080x1536.jpg 1080w, https:\/\/www.sindarick.fr\/wordpress\/wp-content\/uploads\/2021\/10\/LAETA-T3-ebook-1440x2048.jpg 1440w, https:\/\/www.sindarick.fr\/wordpress\/wp-content\/uploads\/2021\/10\/LAETA-T3-ebook.jpg 1800w\" sizes=\"auto, (max-width: 720px) 100vw, 720px\" \/><\/a><\/figure>\n\n\n\n<div class=\"wp-block-buttons is-layout-flex wp-block-buttons-is-layout-flex\">\n<div class=\"wp-block-button has-custom-width wp-block-button__width-25 is-style-outline is-style-outline--1\"><a class=\"wp-block-button__link\" href=\"https:\/\/buy.stripe.com\/7sI4hX9d3h1kdzydQW\">    Epub     <\/a><\/div>\n\n\n\n<div class=\"wp-block-button has-custom-width wp-block-button__width-25 is-style-outline is-style-outline--2\"><a class=\"wp-block-button__link\" href=\"https:\/\/www.amazon.fr\/princesse-pierre-St%C3%A9phane-Tarrade\/dp\/B09K235FNL\/ref=tmm_pap_swatch_0?_encoding=UTF8&amp;qid=1635583251&amp;sr=8-1\">Broch\u00e9<\/a><\/div>\n\n\n\n<div class=\"wp-block-button has-custom-width wp-block-button__width-25 is-style-outline is-style-outline--3\"><a class=\"wp-block-button__link\" href=\"https:\/\/buy.stripe.com\/14kcOtcpfaCW3YY6ov\">pdf <\/a><\/div>\n\n\n\n<div class=\"wp-block-button has-custom-width wp-block-button__width-25 is-style-outline is-style-outline--4\"><a class=\"wp-block-button__link\" href=\"https:\/\/www.amazon.fr\/princesse-pierre-Laeta-t-ebook\/dp\/B09KC57J81\/ref=tmm_kin_swatch_0?_encoding=UTF8&amp;qid=1635583251&amp;sr=8-1\">Kindle <\/a><\/div>\n<\/div>\n\n\n\n<p> Le livre papier (broch\u00e9) est \u00e0 20 euros et les versions num\u00e9riques \u00e0 4,99 \u20ac. <\/p>\n\n\n\n<p class=\"has-large-font-size\">Extrait<\/p>\n\n\n\n<p>C\u2019est alors qu\u2019elle \u00e9tait en train de se h\u00e2ter dans l\u2019escalier qu\u2019un nouveau coup sourd se fit entendre. La petite gargouille qui ornait le sommet de la porte menant \u00e0 la salle \u00e0 manger semblait fixer Laeta d\u2019un \u0153il goguenard. Elle ne s\u2019attarda pas ici pour retourner aupr\u00e8s de ses ma\u00eetres. Mais \u00e0 peine fut-elle arriv\u00e9e que dame Xiara l\u2019apostropha&nbsp;:<\/p>\n\n\n\n<p>\u2014&nbsp;Douceur, va nous chercher de cet excellent <em>coteau du Gl\u00e9norais<\/em> que nous faisons venir \u00e0 prix d\u2019or \u00e0 la cave\u2009!<\/p>\n\n\n\n<p>\u2014&nbsp;Bien, Ma\u00eetresse, r\u00e9pondit Laeta en quittant la pi\u00e8ce aussi vite qu\u2019elle y \u00e9tait entr\u00e9e.<\/p>\n\n\n\n<p>Lorsqu\u2019elle croisa Risia dans la cuisine, la jeune servante la questionna d\u2019une voix qui trahissait son malaise&nbsp;:<\/p>\n\n\n\n<p>\u2014&nbsp;Ils t\u2019ont envoy\u00e9e remplir un cruchon de vin\u2009?<\/p>\n\n\n\n<p>\u2014&nbsp;Oui, confirma Laeta pas du tout rassur\u00e9e \u00e0 l\u2019id\u00e9e de descendre \u00e0 la cave. Qu\u2019est-ce qu\u2019il y a\u2009?<\/p>\n\n\n\n<p>\u2014&nbsp;Tu as entendu les bruits\u2009?<\/p>\n\n\n\n<p>Laeta hocha la t\u00eate.<\/p>\n\n\n\n<p>\u2014&nbsp;Ne me dis pas qu\u2019il y a un fant\u00f4me, que la maison est hant\u00e9e\u2009!<\/p>\n\n\n\n<p>Laeta \u00e9tait maintenant tout \u00e0 fait pr\u00eate \u00e0 le croire, mais Risia se contenta de se taire.<\/p>\n\n\n\n<p>\u2014&nbsp;Qu\u2019est-ce qu\u2019il y a\u2009? insista Laeta.<\/p>\n\n\n\n<p>\u2014&nbsp;Rien\u2026<\/p>\n\n\n\n<p>\u2014&nbsp;Viens avec moi, je ne veux pas y aller seule.<\/p>\n\n\n\n<p>\u2014&nbsp;Tu sais bien que je ne peux pas, r\u00e9pliqua Risia en haussant les \u00e9paules. On est toutes terroris\u00e9es \u00e0 l\u2019id\u00e9e de descendre dans cette cave, la nuit. Ils le font expr\u00e8s. Ce n\u2019est pas pour rien qu\u2019ils t\u2019y envoient.<\/p>\n\n\n\n<p>\u2014&nbsp;Les bruits, c\u2019est quoi\u2009? Et la servante que je remplace, comment s\u2019appelait-elle\u2009? Qu\u2019est-elle devenue\u2009?<\/p>\n\n\n\n<p>\u2014&nbsp;Tu poses trop de questions, Laeta\u2009! Les ma\u00eetres n\u2019aiment pas \u00e7a du tout, et il y a des choses qu\u2019il ne vaut mieux pas savoir\u2009! Contente-toi de descendre et de remplir en vitesse la carafe. Le plus petit des tonneaux. Tu feras comme nous, tu seras morte de trouille, mais tu remonteras\u2026<\/p>\n\n\n\n<p>Laeta se munit d\u2019une chandelle, prit son courage \u00e0 deux mains et s\u2019enfon\u00e7a dans les t\u00e9n\u00e8bres de l\u2019escalier en colima\u00e7on.<\/p>\n\n\n\n<p>La cave \u00e9tait vo\u00fbt\u00e9e, assez profond\u00e9ment enfouie sous la maison. La flamme tremblotante de la bougie de Laeta \u00e9clairait \u00e0 peine, sa lumi\u00e8re vacillante se perdait dans l\u2019obscurit\u00e9 de la pi\u00e8ce, happ\u00e9e par les toiles d\u2019araign\u00e9es croulant sous la poussi\u00e8re. Dans cette atmosph\u00e8re humide, satur\u00e9e de l\u2019odeur des moisissures qui d\u00e9voraient de vieilles \u00e9tag\u00e8res vermoulues, Laeta s\u2019approcha des barriques allong\u00e9es les unes \u00e0 c\u00f4t\u00e9 des autres. Il y en avait quatre, trois grosses et une petite. La belle esclave, qui n\u2019\u00e9tait vraiment pas rassur\u00e9e, s\u2019accroupit devant la moins volumineuse pour remplir sa carafe. C\u2019est \u00e0 ce moment qu\u2019elle remarqua une vieille porte de bois enfouie dans les ombres du fond de la cave. Alors qu\u2019elle plissait les yeux pour mieux la distinguer, un puissant coup r\u00e9sonna autour d\u2019elle. Un gong \u00e9touff\u00e9, un glas m\u00e9tallique aussi froid et mat que celui qui sonne au royaume des morts. Elle se figea sur place, comme paralys\u00e9e, incapable d\u2019identifier d\u2019o\u00f9 provenait le bruit. Qu\u2019est-ce qui frappait ainsi\u2009? Elle avait l\u2019impression que le monstre \u2014 car de quoi pouvait-il s\u2019agir d\u2019autre\u2009? \u2014 qui en \u00e9tait \u00e0 l\u2019origine pouvait surgir \u00e0 tout instant. Mais cela ne provenait pas de derri\u00e8re la porte de bois. Elle resta p\u00e9trifi\u00e9e pendant de longs instants dans un silence angoissant. L\u2019absence de bruit soulignait sa solitude et la plongeait dans l\u2019inqui\u00e9tude. Elle ne r\u00eavait que de s\u2019enfuir, quitter cette cave sombre et humide\u2026 Pourtant, elle ne le faisait pas. Une id\u00e9e suffisamment forte venait de germer dans son esprit&nbsp;: et si Cami \u00e9tait prisonni\u00e8re quelque part, ici\u2009? Et si l\u2019or des ma\u00eetres, que Rodar cherchait tant, \u00e9tait cach\u00e9 derri\u00e8re cette myst\u00e9rieuse porte\u2009? Se pouvait-il que les coups soient un appel \u00e0 l\u2019aide de son amie\u2009? Frappait-elle en utilisant une pierre sur les barreaux de sa ge\u00f4le\u2009? Laeta en doutait. Mais de quoi pouvait-elle \u00eatre s\u00fbre\u2009? L\u2019estomac compl\u00e8tement nou\u00e9, elle transpirait en proie \u00e0 l\u2019ind\u00e9cision. Et puis elle osa. Elle osa ouvrir la porte.<\/p>\n\n\n\n<p>Ce qu\u2019elle r\u00e9v\u00e9la fut bien d\u00e9cevant&nbsp;: une vieille remise d\u00e9bordant de chaises cass\u00e9es, de planches de bois mang\u00e9es par les vers, de mobilier au rebut\u2026 et de quelques rats. Laeta referma le battant \u00e0 moiti\u00e9 vermoulu, remplit la carafe et se saisit \u00e0 nouveau de sa chandelle. Elle tressautait toujours, trop pour que ce f\u00fbt normal. Un nouveau coup sourd \u00e9branla toute la cave. Plus rude. Plus sauvage. Comme s\u2019il venait des tr\u00e9fonds de la roche sur laquelle \u00e9tait b\u00e2tie la maison aux gargouilles. Non\u2009! D\u00e9cid\u00e9ment, elle n\u2019imaginait pas sa meilleure amie cogner un barreau avec une telle violence. Laeta r\u00e9prima l\u2019envie de s\u2019enfuir imm\u00e9diatement \u00e0 toutes jambes, s\u2019agrippa \u00e0 ce qui lui restait de courage, et reposa la carafe. Bien que tremblant elle-m\u00eame comme une feuille, elle put promener sa bougie le long des divers murs de la cave \u00e0 la recherche d\u2019un courant d\u2019air. \u00c0 l\u2019endroit o\u00f9 elle remarqua que la flamme se couchait presque sur la m\u00e8che, elle observa attentivement la paroi pour finir par y d\u00e9celer un encadrement de pierre, une porte secr\u00e8te presque parfaitement dissimul\u00e9e. Elle ne tarda pas \u00e0 d\u00e9couvrir le discret loquet d\u2019ouverture. Mais, alors qu\u2019elle se posait la question de savoir s\u2019il serait judicieux d\u2019essayer d\u2019emprunter ce passage, un raclement sourd la surprit, la cha\u00eene que le fant\u00f4me tire derri\u00e8re lui, les pas tra\u00eenants de la cr\u00e9ature hideuse qui vient se repa\u00eetre, la grille qui s\u2019ouvre pour vomir ses monstres\u2026<\/p>\n","protected":false},"excerpt":{"rendered":"<p>Anciennement paru sous le titre &#8220;La princesse nue&#8221;, ce roman constitue le troisi\u00e8me tome des aventures de Laeta. Ce r\u00e9cit enti\u00e8rement remis \u00e0 neuf constitue la fin de la premi\u00e8re trilogie, celle qui se d\u00e9roule dans le nord des Royaumes de lune, principalement dans les environs de la cit\u00e9 d&#8217;Escargae . Plus s\u00fbre d&#8217;elle, toujours &hellip; <\/p>\n<p class=\"link-more\"><a href=\"https:\/\/www.sindarick.fr\/wordpress\/?page_id=815\" class=\"more-link\">Continuer la lecture<span class=\"screen-reader-text\"> de &laquo;&nbsp;La princesse de pierre&nbsp;&raquo;<\/span><\/a><\/p>\n","protected":false},"author":1,"featured_media":0,"parent":586,"menu_order":3,"comment_status":"closed","ping_status":"closed","template":"","meta":{"footnotes":""},"class_list":["post-815","page","type-page","status-publish","hentry"],"_links":{"self":[{"href":"https:\/\/www.sindarick.fr\/wordpress\/index.php?rest_route=\/wp\/v2\/pages\/815","targetHints":{"allow":["GET"]}}],"collection":[{"href":"https:\/\/www.sindarick.fr\/wordpress\/index.php?rest_route=\/wp\/v2\/pages"}],"about":[{"href":"https:\/\/www.sindarick.fr\/wordpress\/index.php?rest_route=\/wp\/v2\/types\/page"}],"author":[{"embeddable":true,"href":"https:\/\/www.sindarick.fr\/wordpress\/index.php?rest_route=\/wp\/v2\/users\/1"}],"replies":[{"embeddable":true,"href":"https:\/\/www.sindarick.fr\/wordpress\/index.php?rest_route=%2Fwp%2Fv2%2Fcomments&post=815"}],"version-history":[{"count":8,"href":"https:\/\/www.sindarick.fr\/wordpress\/index.php?rest_route=\/wp\/v2\/pages\/815\/revisions"}],"predecessor-version":[{"id":1099,"href":"https:\/\/www.sindarick.fr\/wordpress\/index.php?rest_route=\/wp\/v2\/pages\/815\/revisions\/1099"}],"up":[{"embeddable":true,"href":"https:\/\/www.sindarick.fr\/wordpress\/index.php?rest_route=\/wp\/v2\/pages\/586"}],"wp:attachment":[{"href":"https:\/\/www.sindarick.fr\/wordpress\/index.php?rest_route=%2Fwp%2Fv2%2Fmedia&parent=815"}],"curies":[{"name":"wp","href":"https:\/\/api.w.org\/{rel}","templated":true}]}}