{"id":82,"date":"2015-01-31T17:50:42","date_gmt":"2015-01-31T17:50:42","guid":{"rendered":"http:\/\/www.sindarick.fr\/wordpress\/?page_id=82"},"modified":"2021-04-14T10:00:18","modified_gmt":"2021-04-14T10:00:18","slug":"les-royaumes-de-lune","status":"publish","type":"page","link":"https:\/\/www.sindarick.fr\/wordpress\/?page_id=82","title":{"rendered":"Les royaumes de lune"},"content":{"rendered":"<p><strong>Les royaumes de lune <\/strong>(cliquer sur la carte pour l&#8217;agrandir)<strong>.<\/strong><\/p>\n<p style=\"text-align: center;\"><a href=\"http:\/\/www.sindarick.fr\/wordpress\/wp-content\/uploads\/2017\/02\/carte-g\u00e9n\u00e9rale.jpg\"><img loading=\"lazy\" decoding=\"async\" class=\"alignnone size-medium wp-image-375\" src=\"http:\/\/www.sindarick.fr\/wordpress\/wp-content\/uploads\/2017\/02\/carte-g\u00e9n\u00e9rale-300x209.jpg\" alt=\"carte g\u00e9n\u00e9rale\" width=\"300\" height=\"209\" srcset=\"https:\/\/www.sindarick.fr\/wordpress\/wp-content\/uploads\/2017\/02\/carte-g\u00e9n\u00e9rale-300x209.jpg 300w, https:\/\/www.sindarick.fr\/wordpress\/wp-content\/uploads\/2017\/02\/carte-g\u00e9n\u00e9rale-350x244.jpg 350w, https:\/\/www.sindarick.fr\/wordpress\/wp-content\/uploads\/2017\/02\/carte-g\u00e9n\u00e9rale-768x535.jpg 768w, https:\/\/www.sindarick.fr\/wordpress\/wp-content\/uploads\/2017\/02\/carte-g\u00e9n\u00e9rale-1024x713.jpg 1024w, https:\/\/www.sindarick.fr\/wordpress\/wp-content\/uploads\/2017\/02\/carte-g\u00e9n\u00e9rale-431x300.jpg 431w\" sizes=\"auto, (max-width: 300px) 100vw, 300px\" \/><\/a><\/p>\n<p>On dit qu\u2019\u00e0 l\u2019origine, Geya, le monde, naquit de l\u2019union du Soleil et de la Lune. Ses habitants le nomment \u00ab\u00a0les royaumes de lune\u00a0\u00bb, en r\u00e9f\u00e9rence \u00e0 leur m\u00e8re l\u00e9gendaire. Un fond de v\u00e9rit\u00e9 se cache au sein de cette mythologie \u00e9trange\u00a0: durant l\u2019\u00e2ge d\u2019argent, le second \u00e2ge du monde, les elfes ont domin\u00e9 les principaux continents du monde. Ils venaient de leur royaume f\u00e9\u00e9rique, si lointain, bien que \u00a0parfois cach\u00e9 juste derri\u00e8re les premi\u00e8res frondaisons d\u2019un bosquet perdu. Eux-m\u00eames pr\u00e9tendent \u00eatre descendus de la lune et avoir ainsi nomm\u00e9 le monde \u00e0 l\u2019\u00e9poque o\u00f9 il \u00e9tait leur.<\/p>\n<p>Les deux continents connus des royaumes de lune se nomment Andgar et Shayar, ils constituent l\u2019occident et l\u2019orient de la mer violette. Certains explorateurs aventureux parlent d\u2019autres continents myst\u00e9rieux qui resteraient \u00e0 d\u00e9couvrir\u2026 On leur porte en g\u00e9n\u00e9ral peu de cr\u00e9dit, surtout qu\u2019ils ont tendance \u00e0 en disserter, devant de bonnes chopines, au fond des estaminets.<\/p>\n<p><strong>\u00a0Andgar<\/strong>, l\u2019occident, d\u00e9signe toutes les terres qui se situent \u00e0 l\u2019ouest de la mer violette et de la mer des ombres. Il f\u00fbt, autrefois, presqu\u2019enti\u00e8rement uni sous la banni\u00e8re de l\u2019empire gl\u00e9norien. Aujourd\u2019hui, ses vertes collines, ses plaines fertiles, ses for\u00eats giboyeuses et profondes, ses montagnes accident\u00e9es, des plus nordiques aux plus m\u00e9ridionales, sont morcel\u00e9es en de nombreux royaumes, cit\u00e9s ou principaut\u00e9s aux allures m\u00e9di\u00e9vales. De nombreuses r\u00e9gions restent sauvages et inhospitali\u00e8res depuis le d\u00e9clin de l\u2019empire, certaines sont peupl\u00e9es d\u2019hommes, d\u2019autres d\u2019orcs ou de gobelins. Les coins les plus recul\u00e9s abritent des cr\u00e9atures encore moins recommandables\u2026<\/p>\n<p>Les anciens comt\u00e9s et marches de l\u2019empire ont pris beaucoup d\u2019ind\u00e9pendance, au point, dans certains cas, de rompre tout lien avec<strong> Gl\u00e9nor<\/strong>, l\u2019ancienne capitale.<\/p>\n<p>Le<strong> comt\u00e9 d\u2019Escargae<\/strong>, dernier vestige de l\u2019empire au nord d\u2019Andgar, n\u2019entretient plus que des liens tr\u00e8s distendus avec l\u2019imperator de Gl\u00e9nor. Ses habitants ont appris \u00e0 vivre en autonomie, autour de leur cit\u00e9 lacustre.<\/p>\n<p>Au nord du lac Rivelonde, dans les monts Grizards, se cache le royaume nain de Bazad. Un de leurs plus importants bastions, g\u00e9n\u00e9ralement abrit\u00e9s dans les montagnes du continent. Quant aux elfes, ils restent discrets dans leurs domaines f\u00e9\u00e9riques, comme par exemple, celui de la for\u00eat de Brandelune. Ils s\u2019y sont retir\u00e9s depuis la fin de l\u2019\u00e2ge d\u2019argent. On dit que chacun de leurs domaines, aussi minime soit-il, n\u2019est qu\u2019une porte qui m\u00e8ne vers leur vaste royaume\u00a0: la lune.<\/p>\n<p>&nbsp;<\/p>\n<p><strong>Shayar<\/strong> est le grand continent oriental. Tous les sages ne sont pas du m\u00eame avis \u00e0 son sujet. Certains d\u2019entre eux veulent le couper en deux parties distinctes, nommant Afgar toutes les terres au sud du sultanat Maridjiane et r\u00e9servant le nom de Shayar \u00e0 ses parties plus au nord et \u00e0 l\u2019est. Mais\u00a0 laissons cela aux experts\u00a0!\u00a0 Les immenses \u00e9tendues du Shayar abritent les paysages les plus divers, des d\u00e9serts shamyriens aux steppes mingoles en passant par les jungles maridjianes. Ses royaumes se sont constitu\u00e9s en s\u2019appuyant sur ses nombreuses chaines montagneuses.<\/p>\n<p>Comment ne pas pr\u00e9senter en premier lieu<strong> l\u2019empire Shamyrien<\/strong> et sa capitale <strong>Shamyria<\/strong>, la cit\u00e9 aux minarets blancs et or\u00a0? Plus morcel\u00e9 qu\u2019il n\u2019y parait, le califat reste le premier empire du monde, \u00e0 la pointe des sciences, de la philosophie et de la magie. Il a, bien entendu, sa face sombre\u2026 mais justement, les shamyriens pr\u00e9f\u00e8rent la taire\u00a0! On pratique tr\u00e8s largement l\u2019esclavage dans ce royaume, h\u00e9ritier des anciens parses, et si l\u2019illumination est sa religion officielle, la nuit, dans l\u2019ombre, on murmure encore les pri\u00e8res \u00e0 des dieux qu\u2019il ne vaut mieux pas nommer\u2026<\/p>\n<p>Sur la c\u00f4te shamyrienne de la mer violette, de nombreuses cit\u00e9s florissantes, vestige des anciennes conqu\u00eates gl\u00e9noriennes, forment autant de portes entre l\u2019orient et l\u2019occident. <strong>Pamyr<\/strong>, Akr ou Myr ont, tour \u00e0 tour, appartenu \u00e0 un empire ou \u00e0 l\u2019autre.<\/p>\n<p>Plus au sud, au-del\u00e0 des monts Amrayas, que l\u2019on dit d\u00e9tenir les plus hauts sommets du monde, s\u2019\u00e9tend le<strong> sultanat Maridjiane<\/strong>, le pays des amazones. Il est b\u00e2ti autour de la cit\u00e9 de Maridjiane, la perle de la mer de cristal. C\u2019est plus au sud encore que se situe l\u2019antique Numizie avec ses habitants \u00e0 la peau noire, et ses mercenaires r\u00e9put\u00e9s.<\/p>\n<p>Le <strong>sultanat d\u2019Iskiandre<\/strong> est sous la f\u00e9rule d\u2019une dynastie d\u2019ogres, th\u00e9oriquement vassale du Calife de Shamyr. Ses montagnes sauvages et ses plaines caillouteuses abritent des myst\u00e8res que m\u00eame les orientaux ignorent. Et nul ne sait jusqu\u2019\u00e0 quelles contr\u00e9es inconnues s\u2019\u00e9tendent les terres vers l\u2019est.<\/p>\n<p>Tout le nord de Shayar est occup\u00e9 par des steppes et des montagnes, le domaine des <strong>mingols<\/strong>. Les fiers cavaliers des steppes, r\u00e9partis en sept khanats et en un nombre incalculable de clans, ont, depuis peu, \u00e9t\u00e9 r\u00e9unis sous l\u2019autorit\u00e9 de la reine-sorci\u00e8re de Khund, la khan des khans. Combien de temps, ses pr\u00eatresses-sorci\u00e8res, servantes des dieux anciens, maintiendront-elles l\u2019unit\u00e9 de ces tribus tumultueuses\u00a0? Compos\u00e9 d\u2019hommes, d\u2019orcs, de gobelins et m\u00eame d\u2019ogres, le peuple mingol, au sens tr\u00e8s large du terme, est celui qui est rest\u00e9 le plus proche des croyances ancestrales, celles qui remontent \u00e0 l\u2019\u00e2ge noir, l\u2019aube du monde\u2026<\/p>\n<p><a href=\"http:\/\/www.sindarick.fr\/wordpress\/wp-content\/uploads\/2017\/02\/Royaumes-de-lune-orient.jpg\"><img loading=\"lazy\" decoding=\"async\" class=\"size-medium wp-image-376 aligncenter\" src=\"http:\/\/www.sindarick.fr\/wordpress\/wp-content\/uploads\/2017\/02\/Royaumes-de-lune-orient-300x209.jpg\" alt=\"Royaumes de lune orient\" width=\"300\" height=\"209\" srcset=\"https:\/\/www.sindarick.fr\/wordpress\/wp-content\/uploads\/2017\/02\/Royaumes-de-lune-orient-300x209.jpg 300w, https:\/\/www.sindarick.fr\/wordpress\/wp-content\/uploads\/2017\/02\/Royaumes-de-lune-orient-350x244.jpg 350w, https:\/\/www.sindarick.fr\/wordpress\/wp-content\/uploads\/2017\/02\/Royaumes-de-lune-orient-768x535.jpg 768w, https:\/\/www.sindarick.fr\/wordpress\/wp-content\/uploads\/2017\/02\/Royaumes-de-lune-orient-1024x713.jpg 1024w, https:\/\/www.sindarick.fr\/wordpress\/wp-content\/uploads\/2017\/02\/Royaumes-de-lune-orient-431x300.jpg 431w\" sizes=\"auto, (max-width: 300px) 100vw, 300px\" \/><\/a><\/p>\n<p>&nbsp;<\/p>\n<p><a href=\"http:\/\/www.copyrightfrance.com\/certificat-depot-copyright-france-5PXK1F5.htm\"><img loading=\"lazy\" decoding=\"async\" class=\"alignnone size-full wp-image-118\" src=\"http:\/\/www.sindarick.fr\/wordpress\/wp-content\/uploads\/2015\/01\/copyrightfrance-logo9.gif\" alt=\"copyrightfrance-logo9\" width=\"91\" height=\"14\" \/><\/a><\/p>\n","protected":false},"excerpt":{"rendered":"<p>Les royaumes de lune (cliquer sur la carte pour l&#8217;agrandir). On dit qu\u2019\u00e0 l\u2019origine, Geya, le monde, naquit de l\u2019union du Soleil et de la Lune. Ses habitants le nomment \u00ab\u00a0les royaumes de lune\u00a0\u00bb, en r\u00e9f\u00e9rence \u00e0 leur m\u00e8re l\u00e9gendaire. Un fond de v\u00e9rit\u00e9 se cache au sein de cette mythologie \u00e9trange\u00a0: durant l\u2019\u00e2ge d\u2019argent, &hellip; <\/p>\n<p class=\"link-more\"><a href=\"https:\/\/www.sindarick.fr\/wordpress\/?page_id=82\" class=\"more-link\">Continuer la lecture<span class=\"screen-reader-text\"> de &laquo;&nbsp;Les royaumes de lune&nbsp;&raquo;<\/span><\/a><\/p>\n","protected":false},"author":1,"featured_media":0,"parent":46,"menu_order":2,"comment_status":"closed","ping_status":"closed","template":"","meta":{"footnotes":""},"class_list":["post-82","page","type-page","status-publish","hentry"],"_links":{"self":[{"href":"https:\/\/www.sindarick.fr\/wordpress\/index.php?rest_route=\/wp\/v2\/pages\/82","targetHints":{"allow":["GET"]}}],"collection":[{"href":"https:\/\/www.sindarick.fr\/wordpress\/index.php?rest_route=\/wp\/v2\/pages"}],"about":[{"href":"https:\/\/www.sindarick.fr\/wordpress\/index.php?rest_route=\/wp\/v2\/types\/page"}],"author":[{"embeddable":true,"href":"https:\/\/www.sindarick.fr\/wordpress\/index.php?rest_route=\/wp\/v2\/users\/1"}],"replies":[{"embeddable":true,"href":"https:\/\/www.sindarick.fr\/wordpress\/index.php?rest_route=%2Fwp%2Fv2%2Fcomments&post=82"}],"version-history":[{"count":6,"href":"https:\/\/www.sindarick.fr\/wordpress\/index.php?rest_route=\/wp\/v2\/pages\/82\/revisions"}],"predecessor-version":[{"id":384,"href":"https:\/\/www.sindarick.fr\/wordpress\/index.php?rest_route=\/wp\/v2\/pages\/82\/revisions\/384"}],"up":[{"embeddable":true,"href":"https:\/\/www.sindarick.fr\/wordpress\/index.php?rest_route=\/wp\/v2\/pages\/46"}],"wp:attachment":[{"href":"https:\/\/www.sindarick.fr\/wordpress\/index.php?rest_route=%2Fwp%2Fv2%2Fmedia&parent=82"}],"curies":[{"name":"wp","href":"https:\/\/api.w.org\/{rel}","templated":true}]}}