{"id":830,"date":"2021-10-29T13:44:46","date_gmt":"2021-10-29T13:44:46","guid":{"rendered":"https:\/\/www.sindarick.fr\/wordpress\/?page_id=830"},"modified":"2023-06-13T20:34:30","modified_gmt":"2023-06-13T20:34:30","slug":"boutique-laeta-2-la-lune-dombre","status":"publish","type":"page","link":"https:\/\/www.sindarick.fr\/wordpress\/?page_id=830","title":{"rendered":"L&#8217;amour peut-il \u00e9clore lorsque la mort r\u00f4de?"},"content":{"rendered":"\n<div class=\"wp-block-buttons is-horizontal is-content-justification-center is-layout-flex wp-container-core-buttons-is-layout-499968f5 wp-block-buttons-is-layout-flex\">\n<div class=\"wp-block-button has-custom-width wp-block-button__width-25 has-custom-font-size is-style-outline is-style-outline--1\" style=\"font-size:12px\"><a class=\"wp-block-button__link wp-element-button\">    Epub     <\/a><\/div>\n\n\n\n<div class=\"wp-block-button has-custom-width wp-block-button__width-25 has-custom-font-size is-style-outline is-style-outline--2\" style=\"font-size:12px\"><a class=\"wp-block-button__link wp-element-button\" href=\"https:\/\/www.amazon.fr\/lune-dombre-St%C3%A9phane-Tarrade\/dp\/B098GV5Y54\/ref=tmm_pap_swatch_0?_encoding=UTF8&amp;qid=1635515323&amp;sr=8-3\">Broch\u00e9<\/a><\/div>\n\n\n\n<div class=\"wp-block-button has-custom-width wp-block-button__width-25 has-custom-font-size is-style-outline is-style-outline--3\" style=\"font-size:12px\"><a class=\"wp-block-button__link wp-element-button\" href=\"https:\/\/www.amazon.fr\/lune-dombre-Laeta-t-ebook\/dp\/B098DVDLL6\/ref=tmm_kin_swatch_0?_encoding=UTF8&amp;qid=1635515323&amp;sr=8-3\">Kindle <\/a><\/div>\n\n\n\n<div class=\"wp-block-button has-custom-width wp-block-button__width-25 has-custom-font-size is-style-outline is-style-outline--4\" style=\"font-size:12px\"><a class=\"wp-block-button__link wp-element-button\">pdf <\/a><\/div>\n<\/div>\n\n\n\n<p>Le livre papier (broch\u00e9) est \u00e0 15 euros et les versions num\u00e9riques \u00e0 3,99 \u20ac. Vous pouvez le commander chez votre libraire pr\u00e9f\u00e9r\u00e9 (distribu\u00e9 par Hachette).<\/p>\n\n\n<div class=\"wp-block-image\">\n<figure class=\"aligncenter size-large is-resized\" id=\"block-c4634607-d90c-4e15-9cd7-61754e9cfc45\"><a href=\"https:\/\/www.sindarick.fr\/wordpress\/wp-content\/uploads\/2021\/10\/LAETA-T2-mockup02.png\"><img loading=\"lazy\" decoding=\"async\" src=\"https:\/\/www.sindarick.fr\/wordpress\/wp-content\/uploads\/2021\/10\/LAETA-T2-mockup02-1024x682.png\" alt=\"\" class=\"wp-image-834\" width=\"539\" height=\"358\" srcset=\"https:\/\/www.sindarick.fr\/wordpress\/wp-content\/uploads\/2021\/10\/LAETA-T2-mockup02-1024x682.png 1024w, https:\/\/www.sindarick.fr\/wordpress\/wp-content\/uploads\/2021\/10\/LAETA-T2-mockup02-350x233.png 350w, https:\/\/www.sindarick.fr\/wordpress\/wp-content\/uploads\/2021\/10\/LAETA-T2-mockup02-300x200.png 300w, https:\/\/www.sindarick.fr\/wordpress\/wp-content\/uploads\/2021\/10\/LAETA-T2-mockup02-768x512.png 768w, https:\/\/www.sindarick.fr\/wordpress\/wp-content\/uploads\/2021\/10\/LAETA-T2-mockup02-1536x1024.png 1536w, https:\/\/www.sindarick.fr\/wordpress\/wp-content\/uploads\/2021\/10\/LAETA-T2-mockup02.png 2000w\" sizes=\"auto, (max-width: 539px) 100vw, 539px\" \/><\/a><\/figure>\n<\/div>\n\n\n<p class=\"has-text-align-center has-large-font-size\">Lorsqu&#8217;une esclave devient une h\u00e9ro\u00efne&#8230;<\/p>\n\n\n\n<p><\/p>\n\n\n\n<p class=\"has-medium-font-size\"><strong><span style=\"color:#c8a301\" class=\"has-inline-color\">L\u2019amour peut-il \u00e9clore lorsque la mort r\u00f4de&nbsp;?<\/span><\/strong><\/p>\n\n\n\n<p>Rodar n\u2019a pas crois\u00e9 Laeta par hasard, il l\u2019a achet\u00e9e contre esp\u00e8ces sonnantes et tr\u00e9buchantes. Et il compte bien rentrer dans ses frais en lui demandant d\u2019exercer le plus vieux m\u00e9tier du monde dans la taverne qu\u2019il fr\u00e9quente.<\/p>\n\n\n\n<p>Ces deux-l\u00e0 se sont pourtant bien rencontr\u00e9s, ils s\u2019entendent \u00e0 merveille.<\/p>\n\n\n\n<p>Mais que va-t-il se passer lorsqu\u2019au gr\u00e9 d\u2019un des mauvais coups foment\u00e9s par son ma\u00eetre, Laeta va s\u00e9duire un sergent de la garde&nbsp;?<\/p>\n\n\n\n<p>Un assassin, un monstre, laisse une file de cadavres derri\u00e8re lui, dans les rues embrum\u00e9es de la cit\u00e9, et la belle esclave se trouve bien malgr\u00e9 elle embarqu\u00e9e sur sa trace. Sa perspicacit\u00e9 et son intelligence vont \u00eatre mises \u00e0 rude \u00e9preuve.<\/p>\n\n\n\n<p>Il ne fait jamais bon mettre le doigt dans l\u2019engrenage infernal d\u2019un complot teint\u00e9 de sorcellerie\u2026<\/p>\n\n\n\n<figure class=\"wp-block-image size-large\" id=\"block-7a0fca9f-4594-46a5-8579-fef523ee21aa\"><a href=\"https:\/\/www.sindarick.fr\/wordpress\/wp-content\/uploads\/2021\/10\/LAETA-T2-mockup04.png\"><img loading=\"lazy\" decoding=\"async\" width=\"1024\" height=\"785\" src=\"https:\/\/www.sindarick.fr\/wordpress\/wp-content\/uploads\/2021\/10\/LAETA-T2-mockup04-1024x785.png\" alt=\"\" class=\"wp-image-840\" srcset=\"https:\/\/www.sindarick.fr\/wordpress\/wp-content\/uploads\/2021\/10\/LAETA-T2-mockup04-1024x785.png 1024w, https:\/\/www.sindarick.fr\/wordpress\/wp-content\/uploads\/2021\/10\/LAETA-T2-mockup04-350x268.png 350w, https:\/\/www.sindarick.fr\/wordpress\/wp-content\/uploads\/2021\/10\/LAETA-T2-mockup04-300x230.png 300w, https:\/\/www.sindarick.fr\/wordpress\/wp-content\/uploads\/2021\/10\/LAETA-T2-mockup04-768x589.png 768w, https:\/\/www.sindarick.fr\/wordpress\/wp-content\/uploads\/2021\/10\/LAETA-T2-mockup04.png 1500w\" sizes=\"auto, (max-width: 767px) 89vw, (max-width: 1000px) 54vw, (max-width: 1071px) 543px, 580px\" \/><\/a><\/figure>\n\n\n\n<div class=\"wp-block-buttons is-horizontal is-content-justification-center is-layout-flex wp-container-core-buttons-is-layout-499968f5 wp-block-buttons-is-layout-flex\">\n<div class=\"wp-block-button has-custom-width wp-block-button__width-25 has-custom-font-size is-style-outline is-style-outline--5\" style=\"font-size:12px\"><a class=\"wp-block-button__link wp-element-button\">    Epub     <\/a><\/div>\n\n\n\n<div class=\"wp-block-button has-custom-width wp-block-button__width-25 has-custom-font-size is-style-outline is-style-outline--6\" style=\"font-size:12px\"><a class=\"wp-block-button__link wp-element-button\" href=\"https:\/\/www.amazon.fr\/lune-dombre-St%C3%A9phane-Tarrade\/dp\/B098GV5Y54\/ref=tmm_pap_swatch_0?_encoding=UTF8&amp;qid=1635515323&amp;sr=8-3\">Broch\u00e9<\/a><\/div>\n\n\n\n<div class=\"wp-block-button has-custom-width wp-block-button__width-25 has-custom-font-size is-style-outline is-style-outline--7\" style=\"font-size:12px\"><a class=\"wp-block-button__link wp-element-button\" href=\"https:\/\/www.amazon.fr\/lune-dombre-Laeta-t-ebook\/dp\/B098DVDLL6\/ref=tmm_kin_swatch_0?_encoding=UTF8&amp;qid=1635515323&amp;sr=8-3\">Kindle <\/a><\/div>\n\n\n\n<div class=\"wp-block-button has-custom-width wp-block-button__width-25 has-custom-font-size is-style-outline is-style-outline--8\" style=\"font-size:12px\"><a class=\"wp-block-button__link wp-element-button\">pdf <\/a><\/div>\n<\/div>\n\n\n\n<p class=\"has-large-font-size\" id=\"block-896687b5-2174-4ab0-97fe-181f2f6888dd\">Extrait :<\/p>\n\n\n\n<p>Les talons de Laeta claquaient sur le plancher de la cit\u00e9 lacustre. Elle \u00e9tait seule dans une ruelle obscure, seule et perdue\u2026 Il faisait nuit, Escargae \u00e9tait \u00e0 nouveau noy\u00e9e dans un \u00e9pais brouillard. La brume s\u2019\u00e9tait \u00e0 peine lev\u00e9e dans la journ\u00e9e, au point que les sommets des plus hauts \u00e9difices disparaissaient dans un voile blanc cotonneux au plus fort du jour. Mais maintenant, il \u00e9tait l\u00e0, partout, remplissant la moindre parcelle d\u2019ombre, engloutissant la ville enti\u00e8re.<\/p>\n\n\n\n<p>Le froid et l\u2019humidit\u00e9 per\u00e7aient \u00e0 travers la cape de Laeta. Elle s\u2019en voulait d\u2019avoir tant tard\u00e9, les doux instants pass\u00e9s aupr\u00e8s de Kurst se payaient cher. Et puis elle s\u2019\u00e9tait perdue dans <em>la Mercande<\/em>, le grand quartier marchand d\u2019Escargae, faute de bien conna\u00eetre les lieux et d\u2019avoir quelqu\u2019un pour la guider.<\/p>\n\n\n\n<p>Elle marchait dans des venelles aussi vides qu\u2019ent\u00e9n\u00e9br\u00e9es, parfois \u00e9clair\u00e9es par le halo blafard entourant une des rares lanternes que le ma\u00eetre de la cit\u00e9 avait consenti \u00e0 faire poser. Elle h\u00e2ta le pas, elle n\u2019aimait pas \u00e7a du tout. Elle se retourna une fois de plus lorsqu\u2019elle crut entendre quelque chose. Rien. Rien que l\u2019on puisse distinguer \u00e0 travers ce brouillard. L\u2019angoisse commen\u00e7ait \u00e0 l\u2019oppresser. Cela faisait un bon moment qu\u2019elle avait l\u2019impression qu\u2019on la suivait, qu\u2019on la pistait. Elle se faisait peut-\u00eatre des id\u00e9es, qui ne s\u2019en serait pas fait dans de pareilles conditions\u2009? Elle essaya de chasser tout cela de son esprit et reprit sa marche. Il n\u2019y avait ni monstre ni \u00e9gorgeur tapi dans les ombres. Il fallait simplement qu\u2019elle se d\u00e9p\u00eache et qu\u2019elle trouve son chemin. Elle n\u2019avait jamais autant souhait\u00e9 retrouver la petite enseigne en forme de lune de l\u2019auberge de bas \u00e9tage o\u00f9 elle vendait ses charmes.<\/p>\n\n\n\n<p>Elle avan\u00e7ait, au hasard, avec la conviction qu\u2019elle \u00e9tait compl\u00e8tement \u00e9gar\u00e9e. Elle n\u2019\u00e9tait m\u00eame pas s\u00fbre d\u2019\u00eatre entr\u00e9e sur le <em>quai des contrebandiers<\/em>. <em>La Mercande<\/em> avec ses grandes et belles b\u00e2tisses, ses guildes et ses rues propres jouxtait le quartier malfam\u00e9 d\u2019Escargae. Laeta jeta un coup d\u2019\u0153il autour d\u2019elle, des maisons \u00e0 colombage, des murs torchis, il pouvait s\u2019agir de l\u2019un ou de l\u2019autre de ces deux quartiers mitoyens, on n\u2019y voyait pas suffisamment pour bien s\u2019en rendre compte.<\/p>\n\n\n\n<p>Le bois du plancher de la cit\u00e9 \u00e9mit un grincement sec, derri\u00e8re elle. Laeta se figea de peur et tourna la t\u00eate lentement. Le silence lourd qui suivit acheva de lui retourner l\u2019estomac. Elle n\u2019entendait plus que le discret clapotis des eaux du lac, et pourtant il y avait bien quelqu\u2019un dans son dos. Quelqu\u2019un ou quelque chose. Elle scruta la lueur blafarde \u00e9manant de la lanterne qu\u2019elle avait d\u00e9pass\u00e9e quelques instants auparavant. Elle imaginait d\u00e9j\u00e0 une horrible silhouette s\u2019y d\u00e9couper.<\/p>\n\n\n\n<p>Agripp\u00e9e \u00e0 une des rares goutti\u00e8res pr\u00e9sentes dans la rue, Laeta continua d\u2019observer, paralys\u00e9e par la panique. La gargouille cornue qui crachotait un mince filet d\u2019eau au bout de la tuyauterie semblait la fixer d\u2019un \u0153il goguenard. Elle se r\u00e9jouissait par avance du spectacle qui ne manquerait pas de s\u2019ensuivre.<\/p>\n\n\n\n<p>Des claquements assourdis, lents et secs, r\u00e9sonn\u00e8rent dans la venelle. Des pas. Ceux produits par des sabots, des bottes ou la corne dure de quelque cr\u00e9ature. La d\u00e9marche de quelqu\u2019un qui ne se presse pas, mais qui est s\u00fbr de sa destination. Puis vint un grondement de fauve.<\/p>\n\n\n\n<p>Une ombre obscurcit le halo de la lanterne qui diffusait p\u00e9niblement \u00e0 travers le brouillard. Une grande silhouette, massive, celle d\u2019un gaillard de tr\u00e8s forte corpulence. Trop peut-\u00eatre pour \u00eatre celle d\u2019un homme. Et elle avan\u00e7ait lentement, droit dans la direction de Laeta qui assistait, glac\u00e9e d\u2019horreur, \u00e0 ses derniers instants. \u00c0 nouveau un grognement, suivi d\u2019un reniflement sonore.<\/p>\n\n\n\n<p>Laeta sentait ses jambes se d\u00e9rober sous elle, la panique la submergeait, elle allait crier. Non, il ne fallait pas\u2009! Il fallait qu\u2019elle fuie, qu\u2019elle coure, vite\u2009!<\/p>\n\n\n\n<p>La chose se rapprochait, Laeta tremblait, accroch\u00e9e \u00e0 sa goutti\u00e8re, incapable de r\u00e9agir. Le claquement sec d\u2019un volet, bien qu\u2019assourdi par l\u2019\u00e9loignement, la sortit de sa torpeur. Elle se ressaisit. Elle arracha ses chaussures \u00e0 talons de courtisane et d\u00e9tala comme une biche poursuivie par le loup. Elle n\u2019avait jamais fui aussi vite. Elle filait droit en direction du contrevent qui s\u2019\u00e9tait sans doute referm\u00e9, \u00e0 l\u2019oppos\u00e9 de l\u2019ombre. Elle cavalait \u00e0 toutes jambes, ses chaussures \u00e0 la main. La cr\u00e9ature la perdrait peut-\u00eatre, elle ne faisait pas tellement de bruit avec ses pieds nus sur les planches du ponton. Elle avait une chance\u2026<\/p>\n\n\n\n<p>Elle d\u00e9boucha sur une \u00e9tendue d\u00e9gag\u00e9e \u00e9clair\u00e9e par une autre lanterne, une place ou un march\u00e9 lacustre, ces derniers \u00e9taient de v\u00e9ritables petits ports ferm\u00e9s. Camelots et marchands passaient avec leurs barques sous les pilotis de la ville et venaient s\u2019y amarrer aux pontons. La forte odeur d\u2019urine qui \u00e9manait de l\u2019endroit lui confirma qu\u2019elle \u00e9tait bien sur le <em>quai des contrebandiers<\/em>. Laeta manqua de tr\u00e9bucher sur un tonnelet qui partit en roulant sur sa gauche. Elle courut dans la direction oppos\u00e9e, cherchant \u00e0 atteindre une des ouvertures sombres form\u00e9es par les rues qui quittaient la place. Laeta s\u2019engouffra dans l\u2019une d\u2019entre elles, son c\u0153ur battait tant qu\u2019elle craignait qu\u2019il ne transperce sa poitrine. Elle s\u2019arr\u00eata soudain et se plaqua contre un mur \u00e0 l\u2019entr\u00e9e d\u2019une venelle. L\u2019odeur forte d\u2019urine empestait ici aussi, il \u00e9tait certain que les habitants de ce quartier ne connaissaient pas les commodit\u00e9s des nains.<\/p>\n\n\n\n<p>Le tonnelet qu\u2019elle avait bouscul\u00e9 roula encore quelques instants avant de basculer par-dessus le bord du quai. Il chuta lourdement dans le lac, trahissant la pr\u00e9sence de Laeta. Un grognement sourd lui r\u00e9pondit en \u00e9cho. Puis, un pas. Puis deux. C\u2019\u00e9tait arriv\u00e9 sur la place. La chasse n\u2019\u00e9tait pas termin\u00e9e.<\/p>\n\n\n\n<p>Laeta s\u2019engagea dans la petite venelle sur la pointe des pieds, sans un bruit, son estomac serr\u00e9 \u00e0 lui en donner la naus\u00e9e. Elle avan\u00e7ait comme elle pouvait, entre d\u00e9tritus et morceaux de bois laiss\u00e9s \u00e0 l\u2019abandon. Fuir le plus rapidement possible sans attirer l\u2019attention. Elle avait peur, tellement peur, la cr\u00e9ature suivait sa trace.<\/p>\n\n\n\n<p>Elle arriva au fond de la ruelle bien plus vite qu\u2019elle ne l\u2019aurait cru, c\u2019\u00e9tait une impasse. Elle n\u2019y voyait pratiquement plus rien, s\u2019il y avait des portes, elles \u00e9taient closes, et on n\u2019ouvrait pas \u00e0 un inconnu au milieu de la nuit sur le <em>quai des contrebandiers<\/em>. Il aurait bien pu y avoir quelques malandrins dans le coupe-gorge dans lequel elle \u00e9tait all\u00e9e se fourrer. Elle en aurait presque \u00e9t\u00e9 soulag\u00e9e. Avec un homme, elle aurait toujours pu s\u2019entendre, mais avec cette b\u00eate\u2026<\/p>\n\n\n\n<p>La puanteur \u00e9tait insoutenable dans cette impasse, ce devait \u00eatre la pissoti\u00e8re de la place. \u00c0 t\u00e2tons, Laeta comprit que le fond de la ruelle \u00e9tait encombr\u00e9 de tout un fatras laiss\u00e9 \u00e0 l\u2019abandon. On devait y fourguer les vieilles coques de barques, les planches, les caisses, les barriques, tout ce qu\u2019on devait r\u00e9parer ou qu\u2019on mettait au rebut. Elle posa la main sur un tonneau. Son couvercle bascula, il \u00e9tait vide. Elle n\u2019h\u00e9sita pas une seconde. La jeune femme mince s\u2019y glissa et s\u2019enferma \u00e0 l\u2019int\u00e9rieur.<\/p>\n\n\n\n<p>Le bruit de pas s\u2019approcha bient\u00f4t. Un grognement sourd emplit la venelle. Le c\u0153ur de Laeta battit \u00e0 rompre ses art\u00e8res, elle ferma les yeux, crisp\u00e9e, cessa m\u00eame de respirer. Un morceau de bois racla le sol, quelque chose chuta\u2026 La cr\u00e9ature \u00e9tait l\u00e0, tout pr\u00e8s.<\/p>\n\n\n\n<p>Glac\u00e9e de terreur dans son tonneau, Laeta ne pouvait plus tenir. La b\u00eate s\u2019approchait. Il ne fallait surtout pas crier. Il fallait pourtant que son angoisse s\u2019\u00e9vacue. Un filet chaud coula le long de sa jambe et forma une flaque au fond du tonneau\u2026<\/p>\n\n\n\n<p>Les bruits se turent. Elle attendit, fig\u00e9e. Chaque minute paraissait \u00eatre une heure. Le silence. Depuis combien de temps \u00e9tait-elle l\u00e0\u2009? La cr\u00e9ature se jouait-elle d\u2019elle\u2009? Puis elle entendit comme un raclement, comme quelque chose qui tra\u00eenait sur le sol. Cela s\u2019approchait sans prendre la moindre pr\u00e9caution bousculant tout ce qui se trouvait sur son passage, jusqu\u2019\u00e0 heurter le tonneau.<\/p>\n\n\n\n<p>Laeta, compl\u00e8tement impuissante, vit avec horreur le couvercle s\u2019ouvrir.<\/p>\n\n\n\n<figure class=\"wp-block-image size-large\" id=\"block-2343e1b1-b145-4991-b99c-823316a92b84\"><a href=\"https:\/\/www.sindarick.fr\/wordpress\/wp-content\/uploads\/2021\/10\/LAETA-T2-mockup02.png\"><img loading=\"lazy\" decoding=\"async\" width=\"1024\" height=\"682\" src=\"https:\/\/www.sindarick.fr\/wordpress\/wp-content\/uploads\/2021\/10\/LAETA-T2-mockup02-1024x682.png\" alt=\"\" class=\"wp-image-834\" srcset=\"https:\/\/www.sindarick.fr\/wordpress\/wp-content\/uploads\/2021\/10\/LAETA-T2-mockup02-1024x682.png 1024w, https:\/\/www.sindarick.fr\/wordpress\/wp-content\/uploads\/2021\/10\/LAETA-T2-mockup02-350x233.png 350w, https:\/\/www.sindarick.fr\/wordpress\/wp-content\/uploads\/2021\/10\/LAETA-T2-mockup02-300x200.png 300w, https:\/\/www.sindarick.fr\/wordpress\/wp-content\/uploads\/2021\/10\/LAETA-T2-mockup02-768x512.png 768w, https:\/\/www.sindarick.fr\/wordpress\/wp-content\/uploads\/2021\/10\/LAETA-T2-mockup02-1536x1024.png 1536w, https:\/\/www.sindarick.fr\/wordpress\/wp-content\/uploads\/2021\/10\/LAETA-T2-mockup02.png 2000w\" sizes=\"auto, (max-width: 767px) 89vw, (max-width: 1000px) 54vw, (max-width: 1071px) 543px, 580px\" \/><\/a><\/figure>\n\n\n\n<div class=\"wp-block-buttons is-horizontal is-content-justification-center is-layout-flex wp-container-core-buttons-is-layout-499968f5 wp-block-buttons-is-layout-flex\">\n<div class=\"wp-block-button has-custom-width wp-block-button__width-25 has-custom-font-size is-style-outline is-style-outline--9\" style=\"font-size:12px\"><a class=\"wp-block-button__link wp-element-button\">    Epub     <\/a><\/div>\n\n\n\n<div class=\"wp-block-button has-custom-width wp-block-button__width-25 has-custom-font-size is-style-outline is-style-outline--10\" style=\"font-size:12px\"><a class=\"wp-block-button__link wp-element-button\" href=\"https:\/\/www.amazon.fr\/lune-dombre-St%C3%A9phane-Tarrade\/dp\/B098GV5Y54\/ref=tmm_pap_swatch_0?_encoding=UTF8&amp;qid=1635515323&amp;sr=8-3\">Broch\u00e9<\/a><\/div>\n\n\n\n<div class=\"wp-block-button has-custom-width wp-block-button__width-25 has-custom-font-size is-style-outline is-style-outline--11\" style=\"font-size:12px\"><a class=\"wp-block-button__link wp-element-button\" href=\"https:\/\/www.amazon.fr\/lune-dombre-Laeta-t-ebook\/dp\/B098DVDLL6\/ref=tmm_kin_swatch_0?_encoding=UTF8&amp;qid=1635515323&amp;sr=8-3\">Kindle <\/a><\/div>\n\n\n\n<div class=\"wp-block-button has-custom-width wp-block-button__width-25 has-custom-font-size is-style-outline is-style-outline--12\" style=\"font-size:12px\"><a class=\"wp-block-button__link wp-element-button\">pdf <\/a><\/div>\n<\/div>\n\n\n\n<figure class=\"wp-block-image\" id=\"block-2dc5c759-e6d5-41f4-a23b-cc74cf7a7d13\"><img decoding=\"async\" src=\"https:\/\/www.sindarick.fr\/wordpress\/wp-content\/uploads\/2021\/10\/commentaire3.png\" alt=\"L\u2019attribut alt de cette image est vide, son nom de fichier est commentaire3.png.\"\/><figcaption class=\"wp-element-caption\">Commentaire relatif \u00e0 la premi\u00e8re \u00e9dition de la s\u00e9rie<\/figcaption><\/figure>\n\n\n\n<p id=\"block-c8959ad0-9b65-460b-b780-bb83647a42d8\">Une des meilleures sagas jamais lues. J\u2019attends le dernier tome avec impatience. L\u2019\u00e9criture est divine, l\u2019intrigue est incroyablement complexe et bien ficel\u00e9e au fur et \u00e0 mesure des tomes. Les personnages vraiment int\u00e9ressants. Beaucoup de sc\u00e8ne \u00e9rotiques sur les premiers livres, mais elles deviennent plus rares sur les derniers au profit d\u2019aventures initiatiques qui savent parfaitement les remplacer.<\/p>\n\n\n\n<p id=\"block-7f88ea01-3c48-43f1-9133-208b7f4b4ea3\">\ufeff<\/p>\n\n\n\n<p> Ce site ne fait pas partie de Facebook ou Facebook Inc. Le contenu de ce site web n&#8217;a pas \u00e9t\u00e9 v\u00e9rifi\u00e9 par Facebook. Ce site n&#8217;est en aucune fa\u00e7on affili\u00e9 \u00e0 Facebook. FACEBOOK est une marque d\u00e9pos\u00e9e de Facebook Inc. &nbsp; <\/p>\n\n\n\n<h2 class=\"wp-block-heading\">Statistiques de vues<\/h2>\n","protected":false},"excerpt":{"rendered":"<p>Le livre papier (broch\u00e9) est \u00e0 15 euros et les versions num\u00e9riques \u00e0 3,99 \u20ac. Vous pouvez le commander chez votre libraire pr\u00e9f\u00e9r\u00e9 (distribu\u00e9 par Hachette). Lorsqu&#8217;une esclave devient une h\u00e9ro\u00efne&#8230; L\u2019amour peut-il \u00e9clore lorsque la mort r\u00f4de&nbsp;? Rodar n\u2019a pas crois\u00e9 Laeta par hasard, il l\u2019a achet\u00e9e contre esp\u00e8ces sonnantes et tr\u00e9buchantes. Et il &hellip; <\/p>\n<p class=\"link-more\"><a href=\"https:\/\/www.sindarick.fr\/wordpress\/?page_id=830\" class=\"more-link\">Continuer la lecture<span class=\"screen-reader-text\"> de &laquo;&nbsp;L&#8217;amour peut-il \u00e9clore lorsque la mort r\u00f4de?&nbsp;&raquo;<\/span><\/a><\/p>\n","protected":false},"author":1,"featured_media":1013,"parent":63,"menu_order":1,"comment_status":"closed","ping_status":"closed","template":"","meta":{"footnotes":""},"class_list":["post-830","page","type-page","status-publish","has-post-thumbnail","hentry"],"_links":{"self":[{"href":"https:\/\/www.sindarick.fr\/wordpress\/index.php?rest_route=\/wp\/v2\/pages\/830","targetHints":{"allow":["GET"]}}],"collection":[{"href":"https:\/\/www.sindarick.fr\/wordpress\/index.php?rest_route=\/wp\/v2\/pages"}],"about":[{"href":"https:\/\/www.sindarick.fr\/wordpress\/index.php?rest_route=\/wp\/v2\/types\/page"}],"author":[{"embeddable":true,"href":"https:\/\/www.sindarick.fr\/wordpress\/index.php?rest_route=\/wp\/v2\/users\/1"}],"replies":[{"embeddable":true,"href":"https:\/\/www.sindarick.fr\/wordpress\/index.php?rest_route=%2Fwp%2Fv2%2Fcomments&post=830"}],"version-history":[{"count":28,"href":"https:\/\/www.sindarick.fr\/wordpress\/index.php?rest_route=\/wp\/v2\/pages\/830\/revisions"}],"predecessor-version":[{"id":1141,"href":"https:\/\/www.sindarick.fr\/wordpress\/index.php?rest_route=\/wp\/v2\/pages\/830\/revisions\/1141"}],"up":[{"embeddable":true,"href":"https:\/\/www.sindarick.fr\/wordpress\/index.php?rest_route=\/wp\/v2\/pages\/63"}],"wp:featuredmedia":[{"embeddable":true,"href":"https:\/\/www.sindarick.fr\/wordpress\/index.php?rest_route=\/wp\/v2\/media\/1013"}],"wp:attachment":[{"href":"https:\/\/www.sindarick.fr\/wordpress\/index.php?rest_route=%2Fwp%2Fv2%2Fmedia&parent=830"}],"curies":[{"name":"wp","href":"https:\/\/api.w.org\/{rel}","templated":true}]}}