{"id":85,"date":"2015-01-31T17:59:28","date_gmt":"2015-01-31T17:59:28","guid":{"rendered":"http:\/\/www.sindarick.fr\/wordpress\/?page_id=85"},"modified":"2021-04-14T10:01:56","modified_gmt":"2021-04-14T10:01:56","slug":"escargae","status":"publish","type":"page","link":"https:\/\/www.sindarick.fr\/wordpress\/?page_id=85","title":{"rendered":"Escargae"},"content":{"rendered":"<p><strong>Escargae, la cit\u00e9 lacustre.<\/strong><\/p>\n<p>Dans les eaux calmes du lac Rivelonde, les tours d\u2019Escargae se miraient paresseusement. La cit\u00e9 nordique \u00e9tait la derni\u00e8re avant les monts Grizards, encore loin au nord, qui marquaient la fronti\u00e8re avec les plaines et les for\u00eats bor\u00e9ales. Elle \u00e9tait bien solitaire sur son lac, \u00e0 l\u2019ouest la grande for\u00eat de Brandelune et \u00e0 l\u2019est les steppes. C\u2019est vers le sud, en suivant le cours de la Rivelonde qu\u2019on rencontrait la civilisation, Gl\u00e9nor l\u2019antique capitale imp\u00e9riale, Naponne, son port sur la mer violette, les autres royaumes\u2026<\/p>\n<p>La cit\u00e9 du lac \u00e9tait cens\u00e9e \u00eatre la capitale des comt\u00e9s du nord, mais de ces derniers il ne restait pas grand-chose. Il y avait bien longtemps que l\u2019empire Gl\u00e9norien s\u2019\u00e9tait \u00e9teint. Le comt\u00e9 des brumes n\u2019avait plus de seigneur depuis des ann\u00e9es, et d\u2019ailleurs les derniers en titres \u00e9taient des barons, on disait <em>la baronnie<\/em> \u00e0 l\u2019\u00e9poque. La marche de l\u2019est avait \u00e9t\u00e9 d\u00e9sert\u00e9e, incapable de r\u00e9sister aux attaques mingoles. Il ne restait pour ainsi dire que le comt\u00e9 d\u2019Escargae\u00a0: la cit\u00e9 et les terres avoisinant le lac. Quelques villages de paysans, de p\u00eacheurs, de bucherons ou de chasseurs qui nourrissaient la cit\u00e9.<\/p>\n<p>Elle \u00e9tait prosp\u00e8re, elle vivait du commerce, les trappeurs y amenaient peaux et gibiers, tant de la grande for\u00eat de Brandelune que des monts Grizards. Les nains des royaumes montagnards vendaient leurs armes, leurs bijoux, leurs m\u00e9taux, leurs pierres, et \u00e9taient friands de tout ce qui pouvait provenir de Gl\u00e9nor et des royaumes du sud, tout comme le roi sylvestre, le roi des elfes, enferm\u00e9 dans son royaume f\u00e9\u00e9rique de Brandelune. Avec les Mingols, le commerce \u00e9tait interdit, ce qui permettait \u00e0 des gens comme Rodar de faire de juteux trafics\u00a0!<\/p>\n<p>Escargae avait d\u2019abord \u00e9t\u00e9 b\u00e2tie sur des \u00eeles, la premi\u00e8re avait \u00e9t\u00e9 nomm\u00e9e l\u2019Escargot, c\u2019\u00e9tait le nom initial de la cit\u00e9. Cette \u00eele rocheuse \u00e9tait semblable \u00e0 une immense dent de dragon tout droit sortie du lac. On y avait construit les premi\u00e8res maisons dessus, avec des rues en colima\u00e7on jusqu\u2019\u00e0 son sommet qui avait \u00e9t\u00e9 r\u00e9serv\u00e9 pour les temples\u00a0: le temple du ciel et celui du lac. Par la suite, l\u2019\u00eele longue fut habit\u00e9e et le ch\u00e2teau du comte y fut \u00e9rig\u00e9. \u00c0 cette \u00e9poque, on construisit m\u00eame des enceintes de pierre pour plus de s\u00e9curit\u00e9. Mais la cit\u00e9 lacustre n\u2019en \u00e9tait qu\u2019au d\u00e9but de son ascension, et pour l\u2019agrandir, on relia \u00eeles et ilots par des quartiers entiers sur pilotis et on construisit un pont jusqu\u2019\u00e0 la berge. Les divers quartiers furent nomm\u00e9s des quais, comme le quai des arts, le quai des contrebandiers ou le quai de l\u2019\u00eele. Et lorsque la cit\u00e9 s\u2019accrut encore, il fallut bien se r\u00e9soudre \u00e0 construire sur la rive. Ainsi naquit le dernier quartier, Escargae sur rive.<\/p>\n<p>Les nombreuses maisons \u00e9taient en bois, aux toits pentus et couverts d\u2019ardoises bleu sombre souvent d\u00e9cor\u00e9es de motifs nordiques \u00e0 base de dragons sculpt\u00e9s ou de th\u00e8mes g\u00e9om\u00e9triques entrelac\u00e9s. Quelques b\u00e2tisses de pierre ou quelques tours se dressaient \u00e7\u00e0 et l\u00e0 lorsqu\u2019on avait pu construire des fondations solides. La cit\u00e9 \u00e9tait plut\u00f4t calme et propre\u00a0; Dagavia, le ma\u00eetre des lieux y veillait. Avec la \u00ab\u00a0merdaille\u00a0\u00bb, un syst\u00e8me de canalisations en tuyaux de cuivre passant sous le plancher de la ville associ\u00e9 \u00e0 de grandes roues \u00e0 eau, les nains avaient beaucoup contribu\u00e9 sur le sujet de la propret\u00e9. On pouvait maintenant puiser de l\u2019eau du lac sous la ville sans risquer de mourir dans l\u2019heure\u00a0en la buvant\u00a0!<\/p>\n<p>Un net progr\u00e8s. (L&#8217;ombre des loups)<\/p>\n<p>Cliquer sur les cartes pour les agrandir (cartes r\u00e9alis\u00e9es par\u00a0Eihn Wein)<\/p>\n<p><a href=\"http:\/\/www.sindarick.fr\/wordpress\/wp-content\/uploads\/2015\/01\/carte02_04.jpg\"><img loading=\"lazy\" decoding=\"async\" class=\" wp-image-18 alignleft\" src=\"http:\/\/www.sindarick.fr\/wordpress\/wp-content\/uploads\/2015\/01\/carte02_04-300x212.jpg\" alt=\"carte02_04\" width=\"263\" height=\"189\" \/><\/a><a href=\"http:\/\/www.sindarick.fr\/wordpress\/wp-content\/uploads\/2015\/01\/Escargae.png\"><img loading=\"lazy\" decoding=\"async\" class=\"alignnone wp-image-86\" src=\"http:\/\/www.sindarick.fr\/wordpress\/wp-content\/uploads\/2015\/01\/Escargae-220x300.png\" alt=\"Escargae\" width=\"132\" height=\"178\" \/><\/a><a href=\"http:\/\/www.sindarick.fr\/wordpress\/wp-content\/uploads\/2015\/01\/carte02_04.jpg\">\u00a0<\/a><\/p>\n<p><strong>Les quartiers de la cit\u00e9 d\u2019Escargae\u00a0:<\/strong><\/p>\n<ul>\n<li><strong>Le quai des arts<\/strong>\u00a0: La partie la plus m\u00e9ridionale de la cit\u00e9 a \u00e9t\u00e9 d\u00e9di\u00e9e aux artistes et aux artisans de tous poils. On y trouve la c\u00e9l\u00e8bre guilde des m\u00e9nestrels mais aussi la place de l\u2019Ondana, le l\u00e9gendaire monstre lacustre, protecteur de la cit\u00e9, et sa c\u00e9l\u00e8bre fontaine. C\u2019est par ce quartier, \u00e9rig\u00e9 presqu\u2019int\u00e9gralement sur pilotis, que l\u2019\u00e9tranger p\u00e9n\u00e8trera dans la ville. Il dispose de l\u2019unique pont reliant Escargae \u00e0 la rive, celui qui est gard\u00e9 par le guet tenant ses quartiers dans sa fameuse cahute. Mais le quai des arts est \u00e9galement r\u00e9put\u00e9 pour son quai des soulards et ses fameuses auberges, dont la plus prestigieuse est la c\u00e9l\u00e8bre \u00ab\u00a0Voda\u00a0\u00bb.<\/li>\n<\/ul>\n<ul>\n<li><strong>La mercande<\/strong>\u00a0: Ce quartier, ou quai, comme on dit \u00e0 Escargae est le v\u00e9ritable poumon \u00e9conomique de la cit\u00e9. Il est celui des marchands, petits et grands et des n\u00e9gociants. Les plus fortun\u00e9s d\u2019entre-deux y poss\u00e8dent de riches demeures, parfois tr\u00e8s anciennes, qui feraient p\u00e2lir d\u2019envie bien des nobliaux. Au gr\u00e9 de ses rues bien entretenues, d\u00e9couvrez la place de la princesse nue, autre figure tut\u00e9laire de la cit\u00e9, ou la grande guilde des marchands. Vous y croiserez de bons bourgeois, mais aussi toute la foule de citadins, plus modestes, qu\u2019ils emploient pour faire avancer leurs affaires. Peut-\u00eatre, m\u00eame, rencontrerez-vous un des ma\u00eetres de guilde, ou mieux encore, un des loges de la cit\u00e9\u00a0: ceux qui si\u00e8gent aupr\u00e8s de Dagavia, le ma\u00eetre d\u2019Escargae.<\/li>\n<\/ul>\n<ul>\n<li><strong>Le quai des contrebandiers<\/strong>\u00a0: Pass\u00e9 le Castelet, un des forts de la garde, on arrive sur le quai des contrebandiers. Il doit son nom \u00e0 l\u2019\u00e9poque o\u00f9 le royaume de Bazad avait ferm\u00e9 ses fronti\u00e8res et o\u00f9 les contrebandiers, qui bravaient cette interdiction, \u00e9taient encourag\u00e9s par le dirigeant de la ville. Aujourd\u2019hui, c\u2019est le quartier le plus malfam\u00e9 de la cit\u00e9. Les filles de joies, les voleurs et les d\u00e9trousseurs y guettent leurs proies \u00e0 tous les coins de rues. On y croise les d\u00e9class\u00e9s, les parias ou ceux qui ont du sang de gobelin ou d\u2019orc, car ces derniers sont interdits de cit\u00e9. Parmi les bouges inf\u00e2mes de ce quai, on peut citer <em>la lune dans l\u2019eau<\/em>, fermement tenue par Br\u00e9aga et sa bande, situ\u00e9e \u00e0 l\u2019extr\u00e9mit\u00e9 nord de la ville. Ne trainez pas dans les ruelles du quai des contrebandiers \u00e0 la nuit tomb\u00e9e, ses habitants n\u2019aiment pas qu\u2019on s\u2019int\u00e9resse de trop pr\u00e8s \u00e0 leurs \u00ab\u00a0affaires\u00a0\u00bb, et on y fait parfois de tr\u00e8s mauvaises rencontres\u2026<\/li>\n<\/ul>\n<ul>\n<li><strong>Le bas Escargae\u00a0<\/strong>: Ce quai a \u00e9t\u00e9 un des premiers construits apr\u00e8s l\u2019occupation des deux \u00eeles. Les gens qui y habitent sont en g\u00e9n\u00e9ral bien moins fortun\u00e9s que ceux qui r\u00e9sident dans l\u2019escargot ou sur l\u2019ile longue. On y trouve beaucoup de p\u00eacheurs et de bateliers \u00e0 cause de sa proximit\u00e9 avec le port. En cons\u00e9quence, c\u2019est un quartier plus populaire, aux ruelles malpropres, mais aussi aux auberges joyeuses. Il est r\u00e9put\u00e9 pour abriter la maison des nains, o\u00f9 bon nombre des ouvriers et ing\u00e9nieurs nains de la cit\u00e9 r\u00e9sident. Ces derniers ont toujours \u00e9t\u00e9 r\u00e9ticents \u00e0 pleinement s\u2019int\u00e9grer dans la ville.<\/li>\n<\/ul>\n<ul>\n<li><strong>Le quai de l\u2019ile\u00a0<\/strong>: Un peu plus hupp\u00e9s que le bas Escargae, les quais de l\u2019\u00eele restent un quartier populaire. Sa proximit\u00e9 avec l\u2019\u00eele longue en fait, cependant, une destination plus pris\u00e9e. C\u2019est l\u00e0 qu\u2019est le c\u0153ur de la cit\u00e9\u00a0: le hall d\u2019Escargae. C\u2019est dans cette tr\u00e8s grande b\u00e2tisse que le ma\u00eetre de la ville harangue les citadins ou leur offre des banquets, ce qui a beaucoup plus de succ\u00e8s. Diverses repr\u00e9sentations, parfois religieuses, y sont \u00e9galement donn\u00e9es. Ce que peu de monde sait, c\u2019est que les archives de la cit\u00e9 y sont log\u00e9es, sous les combles du bariment.<\/li>\n<\/ul>\n<ul>\n<li><strong>L\u2019escargot<\/strong>\u00a0: Ce quartier est enti\u00e8rement b\u00e2ti sur une \u00eele accident\u00e9e. Il doit son nom \u00e0 ses ruelles en colima\u00e7on qui montent jusqu\u2019\u00e0 son sommet central o\u00f9 sont \u00e9rig\u00e9s les temples d\u2019Escargae. Les plus connus sont le temple du lac et le temple du ciel. Enti\u00e8rement cern\u00e9 par de hautes murailles, l\u2019escargot correspond \u00e0 la ville primitive. Ses habitants disposent tous de maisons de pierre, souvent tr\u00e8s anciennes, dont certaines rec\u00e8lent d\u2019antiques secrets. Ils ont tendance \u00e0 se consid\u00e9rer comme les seuls v\u00e9ritables Escarga\u00efens.<\/li>\n<\/ul>\n<ul>\n<li><strong>L\u2019\u00eele longue\u00a0<\/strong>: La seconde \u00eele de la cit\u00e9 est celle o\u00f9 a \u00e9t\u00e9 b\u00e2ti le ch\u00e2teau des anciens comtes. C\u2019est ici que r\u00e9side Dagavia, le seigneur de la cit\u00e9, et que sont regroup\u00e9s les centres de pouvoir. La fouine, si\u00e8ge de la \u00ab\u00a0police\u00a0\u00bb de Dagavia, bien que le mot \u00ab\u00a0police\u00a0\u00bb ne soit pas tout \u00e0 fait appropri\u00e9, s\u2019y tient sur la place du ch\u00e2teau. Ses ruelles pav\u00e9es, bord\u00e9es de belles b\u00e2tisses de pierre sont tr\u00e8s pris\u00e9es\u2026 et tr\u00e8s ch\u00e8res aussi\u2026<\/li>\n<\/ul>\n<ul>\n<li><strong>Escargae sur rive<\/strong>\u00a0: La rive du lac, de l\u2019autre c\u00f4t\u00e9 du pont, est occup\u00e9e depuis plus d\u2019un si\u00e8cle. Elle est essentiellement habit\u00e9e par des gens pauvres, mais pas seulement\u00a0: des p\u00eacheurs, des escargotiers, des chasseurs, des forestiers, mais aussi des herboristes et des artisans de toutes sortes qui pr\u00e9f\u00e8rent b\u00e9n\u00e9ficier d\u2019un peu d\u2019espace plut\u00f4t que de s\u2019entasser dans la ville. Ses petits chemins bord\u00e9s de fleurs et ses jardinets aux murets de pierre, lui donnent des allures de village pittoresque. Mais il ne fait pas se laisser abuser par l\u2019image. Si les champs viennent s\u2019imbriquer jusqu\u2019entre les maisons ou que les troupeaux viennent paitre jusque dans les rues, ses paysans n\u2019en sont pas moins des gens trop souvent mis\u00e9rables. Heureusement, le Grofaillant, la partie de la for\u00eat de Brandelune qui borde le quartier, n\u2019est pas loin. Il est prodigue en gibier, en champignons, en fruits et en herbes m\u00e9dicinales. En loups aussi, les habitants d\u2019Escargae sur rive ne l\u2019oublient jamais\u2026<\/li>\n<\/ul>\n<p>&nbsp;<\/p>\n<p>&nbsp;<\/p>\n<p>&nbsp;<\/p>\n","protected":false},"excerpt":{"rendered":"<p>Escargae, la cit\u00e9 lacustre. Dans les eaux calmes du lac Rivelonde, les tours d\u2019Escargae se miraient paresseusement. La cit\u00e9 nordique \u00e9tait la derni\u00e8re avant les monts Grizards, encore loin au nord, qui marquaient la fronti\u00e8re avec les plaines et les for\u00eats bor\u00e9ales. Elle \u00e9tait bien solitaire sur son lac, \u00e0 l\u2019ouest la grande for\u00eat de &hellip; <\/p>\n<p class=\"link-more\"><a href=\"https:\/\/www.sindarick.fr\/wordpress\/?page_id=85\" class=\"more-link\">Continuer la lecture<span class=\"screen-reader-text\"> de &laquo;&nbsp;Escargae&nbsp;&raquo;<\/span><\/a><\/p>\n","protected":false},"author":1,"featured_media":0,"parent":46,"menu_order":4,"comment_status":"closed","ping_status":"closed","template":"","meta":{"footnotes":""},"class_list":["post-85","page","type-page","status-publish","hentry"],"_links":{"self":[{"href":"https:\/\/www.sindarick.fr\/wordpress\/index.php?rest_route=\/wp\/v2\/pages\/85","targetHints":{"allow":["GET"]}}],"collection":[{"href":"https:\/\/www.sindarick.fr\/wordpress\/index.php?rest_route=\/wp\/v2\/pages"}],"about":[{"href":"https:\/\/www.sindarick.fr\/wordpress\/index.php?rest_route=\/wp\/v2\/types\/page"}],"author":[{"embeddable":true,"href":"https:\/\/www.sindarick.fr\/wordpress\/index.php?rest_route=\/wp\/v2\/users\/1"}],"replies":[{"embeddable":true,"href":"https:\/\/www.sindarick.fr\/wordpress\/index.php?rest_route=%2Fwp%2Fv2%2Fcomments&post=85"}],"version-history":[{"count":1,"href":"https:\/\/www.sindarick.fr\/wordpress\/index.php?rest_route=\/wp\/v2\/pages\/85\/revisions"}],"predecessor-version":[{"id":87,"href":"https:\/\/www.sindarick.fr\/wordpress\/index.php?rest_route=\/wp\/v2\/pages\/85\/revisions\/87"}],"up":[{"embeddable":true,"href":"https:\/\/www.sindarick.fr\/wordpress\/index.php?rest_route=\/wp\/v2\/pages\/46"}],"wp:attachment":[{"href":"https:\/\/www.sindarick.fr\/wordpress\/index.php?rest_route=%2Fwp%2Fv2%2Fmedia&parent=85"}],"curies":[{"name":"wp","href":"https:\/\/api.w.org\/{rel}","templated":true}]}}