{"id":852,"date":"2021-10-30T08:39:33","date_gmt":"2021-10-30T08:39:33","guid":{"rendered":"https:\/\/www.sindarick.fr\/wordpress\/?page_id=852"},"modified":"2023-06-13T20:37:19","modified_gmt":"2023-06-13T20:37:19","slug":"boutique-laeta-3-la-princesse-de-pierre","status":"publish","type":"page","link":"https:\/\/www.sindarick.fr\/wordpress\/?page_id=852","title":{"rendered":"Un c\u0153ur de pierre peut-il battre?"},"content":{"rendered":"\n<div class=\"wp-block-buttons is-horizontal is-content-justification-center is-layout-flex wp-container-core-buttons-is-layout-499968f5 wp-block-buttons-is-layout-flex\">\n<div class=\"wp-block-button has-custom-width wp-block-button__width-25 has-custom-font-size is-style-outline is-style-outline--1\" style=\"font-size:12px\"><a class=\"wp-block-button__link wp-element-button\">    Epub     <\/a><\/div>\n\n\n\n<div class=\"wp-block-button has-custom-width wp-block-button__width-25 has-custom-font-size is-style-outline is-style-outline--2\" style=\"font-size:12px\"><a class=\"wp-block-button__link wp-element-button\" href=\"https:\/\/www.amazon.fr\/princesse-pierre-St%C3%A9phane-Tarrade\/dp\/B09K235FNL\/ref=tmm_pap_swatch_0?_encoding=UTF8&amp;qid=1635583251&amp;sr=8-1\">Broch\u00e9<\/a><\/div>\n\n\n\n<div class=\"wp-block-button has-custom-width wp-block-button__width-25 has-custom-font-size is-style-outline is-style-outline--3\" style=\"font-size:12px\"><a class=\"wp-block-button__link wp-element-button\" href=\"https:\/\/www.amazon.fr\/princesse-pierre-Laeta-t-ebook\/dp\/B09KC57J81\/ref=tmm_kin_swatch_0?_encoding=UTF8&amp;qid=1635583251&amp;sr=8-1\">Kindle <\/a><\/div>\n\n\n\n<div class=\"wp-block-button has-custom-width wp-block-button__width-25 has-custom-font-size is-style-outline is-style-outline--4\" style=\"font-size:12px\"><a class=\"wp-block-button__link wp-element-button\">pdf <\/a><\/div>\n<\/div>\n\n\n\n<p id=\"block-e8d2cea4-7b7c-41a9-af20-fa58779d4ea4\">Le livre papier (broch\u00e9) est \u00e0 20 euros et les versions num\u00e9riques \u00e0 4,99 \u20ac.<\/p>\n\n\n\n<figure class=\"wp-block-image size-large\" id=\"block-78fd2da4-2ac4-4633-a79d-83a537aebb0f\"><a href=\"https:\/\/www.sindarick.fr\/wordpress\/wp-content\/uploads\/2021\/10\/LAETA-T3-mockup02.png\"><img loading=\"lazy\" decoding=\"async\" width=\"1024\" height=\"682\" src=\"https:\/\/www.sindarick.fr\/wordpress\/wp-content\/uploads\/2021\/10\/LAETA-T3-mockup02-1024x682.png\" alt=\"\" class=\"wp-image-854\" srcset=\"https:\/\/www.sindarick.fr\/wordpress\/wp-content\/uploads\/2021\/10\/LAETA-T3-mockup02-1024x682.png 1024w, https:\/\/www.sindarick.fr\/wordpress\/wp-content\/uploads\/2021\/10\/LAETA-T3-mockup02-350x233.png 350w, https:\/\/www.sindarick.fr\/wordpress\/wp-content\/uploads\/2021\/10\/LAETA-T3-mockup02-300x200.png 300w, https:\/\/www.sindarick.fr\/wordpress\/wp-content\/uploads\/2021\/10\/LAETA-T3-mockup02-768x512.png 768w, https:\/\/www.sindarick.fr\/wordpress\/wp-content\/uploads\/2021\/10\/LAETA-T3-mockup02-1536x1024.png 1536w, https:\/\/www.sindarick.fr\/wordpress\/wp-content\/uploads\/2021\/10\/LAETA-T3-mockup02.png 2000w\" sizes=\"auto, (max-width: 767px) 89vw, (max-width: 1000px) 54vw, (max-width: 1071px) 543px, 580px\" \/><\/a><\/figure>\n\n\n\n<p class=\"has-text-align-center has-large-font-size\" id=\"block-eefb81b7-9f1e-4e96-97eb-249886c1a354\">Lorsqu&#8217;une esclave devient une h\u00e9ro\u00efne&#8230;<\/p>\n\n\n\n<p class=\"has-medium-font-size\"><strong><span style=\"color:#c8a301\" class=\"has-inline-color\">Un c\u0153ur de pierre peut-il battre\u2009?<\/span><\/strong><\/p>\n\n\n\n<p>Le coup \u00e9tait parfaitement pr\u00e9par\u00e9\u2026<\/p>\n\n\n\n<p>C\u2019est le marchand le plus puissant d\u2019Escargae, que Rodar et sa compagne, Sylria, ont d\u00e9cid\u00e9 de plumer. Ils n\u2019h\u00e9sitent pas \u00e0 lui c\u00e9der Laeta pour une bouch\u00e9e de pain.<\/p>\n\n\n\n<p>Un rep\u00e9rage, puis un cambriolage\u2009; les truands du quai des contrebandiers ne s\u2019embarrassent jamais de plans compliqu\u00e9s.<\/p>\n\n\n\n<p>Mais la r\u00e9alit\u00e9 va vite rattraper la belle esclave. Laeta d\u00e9couvre une demeure \u00e9trange, aux domestiques terroris\u00e9s par les ma\u00eetres et aux statues effrayantes, dans laquelle les servantes disparaissent les unes apr\u00e8s les autres.<\/p>\n\n\n\n<p>Quel secret inavouable va-t-elle mettre \u00e0 jour\u2009?<\/p>\n\n\n\n<p>Confront\u00e9e \u00e0 bien plus fort qu\u2019elle, elle devra d\u00e9ployer des tr\u00e9sors d\u2019intelligence et de perspicacit\u00e9 pour relever le d\u00e9fi. Mais, lorsqu\u2019elle soul\u00e8vera le voile de l&#8217;effrayante machination qui prend ses racines dans les origines de la cit\u00e9, il sera trop tard.<\/p>\n\n\n\n<p>\u00c0 quel terrible sacrifice devra-t-elle se livrer\u2009?<\/p>\n\n\n\n<figure class=\"wp-block-image size-large\" id=\"block-08dff28c-c4fd-4858-bc2b-24f4154c9192\"><a href=\"https:\/\/www.sindarick.fr\/wordpress\/wp-content\/uploads\/2021\/10\/LAETA-T3-mockup03.png\"><img loading=\"lazy\" decoding=\"async\" width=\"1024\" height=\"785\" src=\"https:\/\/www.sindarick.fr\/wordpress\/wp-content\/uploads\/2021\/10\/LAETA-T3-mockup03-1024x785.png\" alt=\"\" class=\"wp-image-859\" srcset=\"https:\/\/www.sindarick.fr\/wordpress\/wp-content\/uploads\/2021\/10\/LAETA-T3-mockup03-1024x785.png 1024w, https:\/\/www.sindarick.fr\/wordpress\/wp-content\/uploads\/2021\/10\/LAETA-T3-mockup03-350x268.png 350w, https:\/\/www.sindarick.fr\/wordpress\/wp-content\/uploads\/2021\/10\/LAETA-T3-mockup03-300x230.png 300w, https:\/\/www.sindarick.fr\/wordpress\/wp-content\/uploads\/2021\/10\/LAETA-T3-mockup03-768x589.png 768w, https:\/\/www.sindarick.fr\/wordpress\/wp-content\/uploads\/2021\/10\/LAETA-T3-mockup03.png 1500w\" sizes=\"auto, (max-width: 767px) 89vw, (max-width: 1000px) 54vw, (max-width: 1071px) 543px, 580px\" \/><\/a><\/figure>\n\n\n\n<div class=\"wp-block-buttons is-horizontal is-content-justification-center is-layout-flex wp-container-core-buttons-is-layout-499968f5 wp-block-buttons-is-layout-flex\">\n<div class=\"wp-block-button has-custom-width wp-block-button__width-25 has-custom-font-size is-style-outline is-style-outline--5\" style=\"font-size:12px\"><a class=\"wp-block-button__link wp-element-button\">    Epub     <\/a><\/div>\n\n\n\n<div class=\"wp-block-button has-custom-width wp-block-button__width-25 has-custom-font-size is-style-outline is-style-outline--6\" style=\"font-size:12px\"><a class=\"wp-block-button__link wp-element-button\" href=\"https:\/\/www.amazon.fr\/princesse-pierre-St%C3%A9phane-Tarrade\/dp\/B09K235FNL\/ref=tmm_pap_swatch_0?_encoding=UTF8&amp;qid=1635583251&amp;sr=8-1\">Broch\u00e9<\/a><\/div>\n\n\n\n<div class=\"wp-block-button has-custom-width wp-block-button__width-25 has-custom-font-size is-style-outline is-style-outline--7\" style=\"font-size:12px\"><a class=\"wp-block-button__link wp-element-button\" href=\"https:\/\/www.amazon.fr\/princesse-pierre-Laeta-t-ebook\/dp\/B09KC57J81\/ref=tmm_kin_swatch_0?_encoding=UTF8&amp;qid=1635583251&amp;sr=8-1\">Kindle <\/a><\/div>\n\n\n\n<div class=\"wp-block-button has-custom-width wp-block-button__width-25 has-custom-font-size is-style-outline is-style-outline--8\" style=\"font-size:12px\"><a class=\"wp-block-button__link wp-element-button\">pdf <\/a><\/div>\n<\/div>\n\n\n\n<p class=\"has-large-font-size\" id=\"block-1eafe4e0-d135-42c9-88c7-4cb281aafa77\">Extrait :<\/p>\n\n\n\n<p>C\u2019est alors qu\u2019elle \u00e9tait en train de se h\u00e2ter dans l\u2019escalier qu\u2019un nouveau coup sourd se fit entendre. La petite gargouille qui ornait le sommet de la porte menant \u00e0 la salle \u00e0 manger semblait fixer Laeta d\u2019un \u0153il goguenard. Elle ne s\u2019attarda pas ici pour retourner aupr\u00e8s de ses ma\u00eetres. Mais \u00e0 peine fut-elle arriv\u00e9e que dame Xiara l\u2019apostropha&nbsp;:<\/p>\n\n\n\n<p>\u2014&nbsp;Douceur, va nous chercher de cet excellent <em>coteau du Gl\u00e9norais<\/em> que nous faisons venir \u00e0 prix d\u2019or \u00e0 la cave\u2009!<\/p>\n\n\n\n<p>\u2014&nbsp;Bien, Ma\u00eetresse, r\u00e9pondit Laeta en quittant la pi\u00e8ce aussi vite qu\u2019elle y \u00e9tait entr\u00e9e.<\/p>\n\n\n\n<p>Lorsqu\u2019elle croisa Risia dans la cuisine, la jeune servante la questionna d\u2019une voix qui trahissait son malaise&nbsp;:<\/p>\n\n\n\n<p>\u2014&nbsp;Ils t\u2019ont envoy\u00e9e remplir un cruchon de vin\u2009?<\/p>\n\n\n\n<p>\u2014&nbsp;Oui, confirma Laeta pas du tout rassur\u00e9e \u00e0 l\u2019id\u00e9e de descendre \u00e0 la cave. Qu\u2019est-ce qu\u2019il y a\u2009?<\/p>\n\n\n\n<p>\u2014&nbsp;Tu as entendu les bruits\u2009?<\/p>\n\n\n\n<p>Laeta hocha la t\u00eate.<\/p>\n\n\n\n<p>\u2014&nbsp;Ne me dis pas qu\u2019il y a un fant\u00f4me, que la maison est hant\u00e9e\u2009!<\/p>\n\n\n\n<p>Laeta \u00e9tait maintenant tout \u00e0 fait pr\u00eate \u00e0 le croire, mais Risia se contenta de se taire.<\/p>\n\n\n\n<p>\u2014&nbsp;Qu\u2019est-ce qu\u2019il y a\u2009? insista Laeta.<\/p>\n\n\n\n<p>\u2014&nbsp;Rien\u2026<\/p>\n\n\n\n<p>\u2014&nbsp;Viens avec moi, je ne veux pas y aller seule.<\/p>\n\n\n\n<p>\u2014&nbsp;Tu sais bien que je ne peux pas, r\u00e9pliqua Risia en haussant les \u00e9paules. On est toutes terroris\u00e9es \u00e0 l\u2019id\u00e9e de descendre dans cette cave, la nuit. Ils le font expr\u00e8s. Ce n\u2019est pas pour rien qu\u2019ils t\u2019y envoient.<\/p>\n\n\n\n<p>\u2014&nbsp;Les bruits, c\u2019est quoi\u2009? Et la servante que je remplace, comment s\u2019appelait-elle\u2009? Qu\u2019est-elle devenue\u2009?<\/p>\n\n\n\n<p>\u2014&nbsp;Tu poses trop de questions, Laeta\u2009! Les ma\u00eetres n\u2019aiment pas \u00e7a du tout, et il y a des choses qu\u2019il ne vaut mieux pas savoir\u2009! Contente-toi de descendre et de remplir en vitesse la carafe. Le plus petit des tonneaux. Tu feras comme nous, tu seras morte de trouille, mais tu remonteras\u2026<\/p>\n\n\n\n<p>Laeta se munit d\u2019une chandelle, prit son courage \u00e0 deux mains et s\u2019enfon\u00e7a dans les t\u00e9n\u00e8bres de l\u2019escalier en colima\u00e7on.<\/p>\n\n\n\n<p>La cave \u00e9tait vo\u00fbt\u00e9e, assez profond\u00e9ment enfouie sous la maison. La flamme tremblotante de la bougie de Laeta \u00e9clairait \u00e0 peine, sa lumi\u00e8re vacillante se perdait dans l\u2019obscurit\u00e9 de la pi\u00e8ce, happ\u00e9e par les toiles d\u2019araign\u00e9es croulant sous la poussi\u00e8re. Dans cette atmosph\u00e8re humide, satur\u00e9e de l\u2019odeur des moisissures qui d\u00e9voraient de vieilles \u00e9tag\u00e8res vermoulues, Laeta s\u2019approcha des barriques allong\u00e9es les unes \u00e0 c\u00f4t\u00e9 des autres. Il y en avait quatre, trois grosses et une petite. La belle esclave, qui n\u2019\u00e9tait vraiment pas rassur\u00e9e, s\u2019accroupit devant la moins volumineuse pour remplir sa carafe. C\u2019est \u00e0 ce moment qu\u2019elle remarqua une vieille porte de bois enfouie dans les ombres du fond de la cave. Alors qu\u2019elle plissait les yeux pour mieux la distinguer, un puissant coup r\u00e9sonna autour d\u2019elle. Un gong \u00e9touff\u00e9, un glas m\u00e9tallique aussi froid et mat que celui qui sonne au royaume des morts. Elle se figea sur place, comme paralys\u00e9e, incapable d\u2019identifier d\u2019o\u00f9 provenait le bruit. Qu\u2019est-ce qui frappait ainsi\u2009? Elle avait l\u2019impression que le monstre \u2014 car de quoi pouvait-il s\u2019agir d\u2019autre\u2009? \u2014 qui en \u00e9tait \u00e0 l\u2019origine pouvait surgir \u00e0 tout instant. Mais cela ne provenait pas de derri\u00e8re la porte de bois. Elle resta p\u00e9trifi\u00e9e pendant de longs instants dans un silence angoissant. L\u2019absence de bruit soulignait sa solitude et la plongeait dans l\u2019inqui\u00e9tude. Elle ne r\u00eavait que de s\u2019enfuir, quitter cette cave sombre et humide\u2026 Pourtant, elle ne le faisait pas. Une id\u00e9e suffisamment forte venait de germer dans son esprit&nbsp;: et si Cami \u00e9tait prisonni\u00e8re quelque part, ici\u2009? Et si l\u2019or des ma\u00eetres, que Rodar cherchait tant, \u00e9tait cach\u00e9 derri\u00e8re cette myst\u00e9rieuse porte\u2009? Se pouvait-il que les coups soient un appel \u00e0 l\u2019aide de son amie\u2009? Frappait-elle en utilisant une pierre sur les barreaux de sa ge\u00f4le\u2009? Laeta en doutait. Mais de quoi pouvait-elle \u00eatre s\u00fbre\u2009? L\u2019estomac compl\u00e8tement nou\u00e9, elle transpirait en proie \u00e0 l\u2019ind\u00e9cision. Et puis elle osa. Elle osa ouvrir la porte.<\/p>\n\n\n\n<p>Ce qu\u2019elle r\u00e9v\u00e9la fut bien d\u00e9cevant&nbsp;: une vieille remise d\u00e9bordant de chaises cass\u00e9es, de planches de bois mang\u00e9es par les vers, de mobilier au rebut\u2026 et de quelques rats. Laeta referma le battant \u00e0 moiti\u00e9 vermoulu, remplit la carafe et se saisit \u00e0 nouveau de sa chandelle. Elle tressautait toujours, trop pour que ce f\u00fbt normal. Un nouveau coup sourd \u00e9branla toute la cave. Plus rude. Plus sauvage. Comme s\u2019il venait des tr\u00e9fonds de la roche sur laquelle \u00e9tait b\u00e2tie la maison aux gargouilles. Non\u2009! D\u00e9cid\u00e9ment, elle n\u2019imaginait pas sa meilleure amie cogner un barreau avec une telle violence. Laeta r\u00e9prima l\u2019envie de s\u2019enfuir imm\u00e9diatement \u00e0 toutes jambes, s\u2019agrippa \u00e0 ce qui lui restait de courage, et reposa la carafe. Bien que tremblant elle-m\u00eame comme une feuille, elle put promener sa bougie le long des divers murs de la cave \u00e0 la recherche d\u2019un courant d\u2019air. \u00c0 l\u2019endroit o\u00f9 elle remarqua que la flamme se couchait presque sur la m\u00e8che, elle observa attentivement la paroi pour finir par y d\u00e9celer un encadrement de pierre, une porte secr\u00e8te presque parfaitement dissimul\u00e9e. Elle ne tarda pas \u00e0 d\u00e9couvrir le discret loquet d\u2019ouverture. Mais, alors qu\u2019elle se posait la question de savoir s\u2019il serait judicieux d\u2019essayer d\u2019emprunter ce passage, un raclement sourd la surprit, la cha\u00eene que le fant\u00f4me tire derri\u00e8re lui, les pas tra\u00eenants de la cr\u00e9ature hideuse qui vient se repa\u00eetre, la grille qui s\u2019ouvre pour vomir ses monstres\u2026<\/p>\n\n\n\n<figure class=\"wp-block-image size-large\" id=\"block-e96476e1-5a71-4a53-8ba8-03e957ee65af\"><a href=\"https:\/\/www.sindarick.fr\/wordpress\/wp-content\/uploads\/2021\/10\/LAETA-T3-mockup02.png\"><img loading=\"lazy\" decoding=\"async\" width=\"1024\" height=\"682\" src=\"https:\/\/www.sindarick.fr\/wordpress\/wp-content\/uploads\/2021\/10\/LAETA-T3-mockup02-1024x682.png\" alt=\"\" class=\"wp-image-854\" srcset=\"https:\/\/www.sindarick.fr\/wordpress\/wp-content\/uploads\/2021\/10\/LAETA-T3-mockup02-1024x682.png 1024w, https:\/\/www.sindarick.fr\/wordpress\/wp-content\/uploads\/2021\/10\/LAETA-T3-mockup02-350x233.png 350w, https:\/\/www.sindarick.fr\/wordpress\/wp-content\/uploads\/2021\/10\/LAETA-T3-mockup02-300x200.png 300w, https:\/\/www.sindarick.fr\/wordpress\/wp-content\/uploads\/2021\/10\/LAETA-T3-mockup02-768x512.png 768w, https:\/\/www.sindarick.fr\/wordpress\/wp-content\/uploads\/2021\/10\/LAETA-T3-mockup02-1536x1024.png 1536w, https:\/\/www.sindarick.fr\/wordpress\/wp-content\/uploads\/2021\/10\/LAETA-T3-mockup02.png 2000w\" sizes=\"auto, (max-width: 767px) 89vw, (max-width: 1000px) 54vw, (max-width: 1071px) 543px, 580px\" \/><\/a><\/figure>\n\n\n\n<div class=\"wp-block-buttons is-horizontal is-content-justification-center is-layout-flex wp-container-core-buttons-is-layout-499968f5 wp-block-buttons-is-layout-flex\">\n<div class=\"wp-block-button has-custom-width wp-block-button__width-25 has-custom-font-size is-style-outline is-style-outline--9\" style=\"font-size:12px\"><a class=\"wp-block-button__link wp-element-button\">    Epub     <\/a><\/div>\n\n\n\n<div class=\"wp-block-button has-custom-width wp-block-button__width-25 has-custom-font-size is-style-outline is-style-outline--10\" style=\"font-size:12px\"><a class=\"wp-block-button__link wp-element-button\" href=\"https:\/\/www.amazon.fr\/princesse-pierre-St%C3%A9phane-Tarrade\/dp\/B09K235FNL\/ref=tmm_pap_swatch_0?_encoding=UTF8&amp;qid=1635583251&amp;sr=8-1\">Broch\u00e9<\/a><\/div>\n\n\n\n<div class=\"wp-block-button has-custom-width wp-block-button__width-25 has-custom-font-size is-style-outline is-style-outline--11\" style=\"font-size:12px\"><a class=\"wp-block-button__link wp-element-button\" href=\"https:\/\/www.amazon.fr\/princesse-pierre-Laeta-t-ebook\/dp\/B09KC57J81\/ref=tmm_kin_swatch_0?_encoding=UTF8&amp;qid=1635583251&amp;sr=8-1\">Kindle <\/a><\/div>\n\n\n\n<div class=\"wp-block-button has-custom-width wp-block-button__width-25 has-custom-font-size is-style-outline is-style-outline--12\" style=\"font-size:12px\"><a class=\"wp-block-button__link wp-element-button\">pdf <\/a><\/div>\n<\/div>\n\n\n\n<figure class=\"wp-block-image\" id=\"block-cb219246-6951-4b66-9f33-3b1be95304bd\"><img decoding=\"async\" src=\"https:\/\/www.sindarick.fr\/wordpress\/wp-content\/uploads\/2021\/10\/commentaire3.png\" alt=\"L\u2019attribut alt de cette image est vide, son nom de fichier est commentaire3.png.\"\/><figcaption class=\"wp-element-caption\">Commentaire relatif \u00e0 la premi\u00e8re \u00e9dition de la s\u00e9rie<\/figcaption><\/figure>\n\n\n\n<p id=\"block-3d646e70-0ba3-4645-bd2f-bb59f0b35094\">Une des meilleures sagas jamais lues. J\u2019attends le dernier tome avec impatience. L\u2019\u00e9criture est divine, l\u2019intrigue est incroyablement complexe et bien ficel\u00e9e au fur et \u00e0 mesure des tomes. Les personnages vraiment int\u00e9ressants. Beaucoup de sc\u00e8ne \u00e9rotiques sur les premiers livres, mais elles deviennent plus rares sur les derniers au profit d\u2019aventures initiatiques qui savent parfaitement les remplacer.<\/p>\n\n\n\n<p><\/p>\n\n\n\n<p> Ce site ne fait pas partie de Facebook ou Facebook Inc. Le contenu de ce site web n&#8217;a pas \u00e9t\u00e9 v\u00e9rifi\u00e9 par Facebook. Ce site n&#8217;est en aucune fa\u00e7on affili\u00e9 \u00e0 Facebook. FACEBOOK est une marque d\u00e9pos\u00e9e de Facebook Inc. &nbsp; <\/p>\n","protected":false},"excerpt":{"rendered":"<p>Le livre papier (broch\u00e9) est \u00e0 20 euros et les versions num\u00e9riques \u00e0 4,99 \u20ac. Lorsqu&#8217;une esclave devient une h\u00e9ro\u00efne&#8230; Un c\u0153ur de pierre peut-il battre\u2009? Le coup \u00e9tait parfaitement pr\u00e9par\u00e9\u2026 C\u2019est le marchand le plus puissant d\u2019Escargae, que Rodar et sa compagne, Sylria, ont d\u00e9cid\u00e9 de plumer. Ils n\u2019h\u00e9sitent pas \u00e0 lui c\u00e9der Laeta &hellip; <\/p>\n<p class=\"link-more\"><a href=\"https:\/\/www.sindarick.fr\/wordpress\/?page_id=852\" class=\"more-link\">Continuer la lecture<span class=\"screen-reader-text\"> de &laquo;&nbsp;Un c\u0153ur de pierre peut-il battre?&nbsp;&raquo;<\/span><\/a><\/p>\n","protected":false},"author":1,"featured_media":1024,"parent":63,"menu_order":2,"comment_status":"closed","ping_status":"closed","template":"","meta":{"footnotes":""},"class_list":["post-852","page","type-page","status-publish","has-post-thumbnail","hentry"],"_links":{"self":[{"href":"https:\/\/www.sindarick.fr\/wordpress\/index.php?rest_route=\/wp\/v2\/pages\/852","targetHints":{"allow":["GET"]}}],"collection":[{"href":"https:\/\/www.sindarick.fr\/wordpress\/index.php?rest_route=\/wp\/v2\/pages"}],"about":[{"href":"https:\/\/www.sindarick.fr\/wordpress\/index.php?rest_route=\/wp\/v2\/types\/page"}],"author":[{"embeddable":true,"href":"https:\/\/www.sindarick.fr\/wordpress\/index.php?rest_route=\/wp\/v2\/users\/1"}],"replies":[{"embeddable":true,"href":"https:\/\/www.sindarick.fr\/wordpress\/index.php?rest_route=%2Fwp%2Fv2%2Fcomments&post=852"}],"version-history":[{"count":12,"href":"https:\/\/www.sindarick.fr\/wordpress\/index.php?rest_route=\/wp\/v2\/pages\/852\/revisions"}],"predecessor-version":[{"id":1142,"href":"https:\/\/www.sindarick.fr\/wordpress\/index.php?rest_route=\/wp\/v2\/pages\/852\/revisions\/1142"}],"up":[{"embeddable":true,"href":"https:\/\/www.sindarick.fr\/wordpress\/index.php?rest_route=\/wp\/v2\/pages\/63"}],"wp:featuredmedia":[{"embeddable":true,"href":"https:\/\/www.sindarick.fr\/wordpress\/index.php?rest_route=\/wp\/v2\/media\/1024"}],"wp:attachment":[{"href":"https:\/\/www.sindarick.fr\/wordpress\/index.php?rest_route=%2Fwp%2Fv2%2Fmedia&parent=852"}],"curies":[{"name":"wp","href":"https:\/\/api.w.org\/{rel}","templated":true}]}}