{"id":89,"date":"2015-01-31T18:12:23","date_gmt":"2015-01-31T18:12:23","guid":{"rendered":"http:\/\/www.sindarick.fr\/wordpress\/?page_id=89"},"modified":"2021-04-14T10:00:57","modified_gmt":"2021-04-14T10:00:57","slug":"lavis-de-dkart","status":"publish","type":"page","link":"https:\/\/www.sindarick.fr\/wordpress\/?page_id=89","title":{"rendered":"L&#8217;avis de D&#8217;kart"},"content":{"rendered":"<p>S\u2019nell et D\u2019kart se regard\u00e8rent tout guillerets lorsqu\u2019ils virent les premiers rayons de lumi\u00e8re arriver \u00e0 la surface du diamant.<\/p>\n<p>&#8211; C\u2019est reparti\u00a0! S\u2019exclama S\u2019nell.<\/p>\n<p>&#8211; Prend les mesures au lieu t\u2019amuser\u00a0! J\u2019ai d\u00e9j\u00e0 mon rapporteur, je suis pr\u00eat moi\u00a0!<\/p>\n<p>&#8211; Tu le l\u00e2ches jamais\u00a0! Alors\u2026 maugr\u00e9a le premier petit g\u00e9nie.<\/p>\n<p>Alors qu\u2019ils allaient s\u2019atteler \u00e0 leur t\u00e2che, mesurant avec toute l\u2019exactitude qui les caract\u00e9risaient, les angles d\u2019incidence des rayons lumineux, S\u2019nell leva soudain la t\u00eate.<\/p>\n<p>&#8211; Mais\u00a0! s\u2019\u00e9cria-t-il, c\u2019est notre blonde\u00a0!<\/p>\n<p>&#8211; Par tous les puits quantiques\u00a0! rench\u00e9rit D\u2019kart, tu as raison\u00a0!<\/p>\n<p>&#8211; On la perd plus cette fois-ci\u00a0!<\/p>\n<p>&#8211; Tu veux dire, <em>elle<\/em> ne nous perd plus\u00a0!<\/p>\n<p>&#8211; Tu vas pas te mettre \u00e0 finasser avec tes histoires de mouvement relatif et de r\u00e9f\u00e9rentiel\u00a0!<\/p>\n<p>&#8211; Mais\u00a0! Se d\u00e9fendit D\u2019kart. C\u2019est bien elle qui nous a perdu\u00a0!<\/p>\n<p>&#8211; Tatata\u00a0! Ce n\u2019est pas comme \u00e7a que je vois les choses\u00a0! Tu compliques tout avec ton histoire de dimensions, longueur, largeur, hauteur, on pouvait tr\u00e8s bien remonter le temps, passer dans un espace parall\u00e8le et rester avec elle\u00a0! C\u2019est pas Shr\u00f6d qui avait racont\u00e9 \u00e7a\u00a0? Que le multivers \u00e9tait constitu\u00e9 d\u2019une infinit\u00e9 d\u2019univers parall\u00e8les, tous aux \u00e9v\u00e8nements, l\u00e9g\u00e8rement diff\u00e9rents\u00a0? Et que c\u2019\u00e9tait pour \u00e7a qu\u2019on retrouvait, m\u00eame dans des univers \u00e9loign\u00e9s, des similitudes d\u2019histoires, de personnages et tout un tas de trucs\u00a0?<\/p>\n<p>&#8211; Heuuu\u00a0! t\u2019as encore fum\u00e9 l\u2019herbe de la blonde\u00a0?<\/p>\n<p>&#8211; Mais si\u00a0! Il l\u2019a dit\u00a0! T\u2019as qu\u2019\u00e0 demander \u00e0 Huyg\u00a0!<\/p>\n<p>( L&#8217;\u00e9toile des sables)<\/p>\n<p>Envie d&#8217;en savoir plus sur le sujet? Laissez les petits g\u00e9nies vous expliquer! Et&#8230; bon courage! (Thanks to MinutePhysics)<\/p>\n<p><a title=\"M\u00e9canique quantique et univers parall\u00e8les\" href=\"https:\/\/www.youtube.com\/watch?v=KNwKPfOKipk\">L&#8217;avis de D&#8217;kart (cliquer sur le lien)<\/a><\/p>\n<p><a title=\"Le multivers\" href=\"https:\/\/www.youtube.com\/watch?v=Ywn2Lz5zmYg&amp;src_vid=KNwKPfOKipk&amp;feature=iv&amp;annotation_id=annotation_130834\">L&#8217;avis de S&#8217;nell (cliquer sur le lien)<\/a><\/p>\n<p>&nbsp;<\/p>\n<p><a href=\"http:\/\/www.copyrightfrance.com\/certificat-depot-copyright-france-5PXK1F5.htm\"><img loading=\"lazy\" decoding=\"async\" class=\"alignnone size-full wp-image-118\" src=\"http:\/\/www.sindarick.fr\/wordpress\/wp-content\/uploads\/2015\/01\/copyrightfrance-logo9.gif\" alt=\"copyrightfrance-logo9\" width=\"91\" height=\"14\" \/><\/a><\/p>\n","protected":false},"excerpt":{"rendered":"<p>S\u2019nell et D\u2019kart se regard\u00e8rent tout guillerets lorsqu\u2019ils virent les premiers rayons de lumi\u00e8re arriver \u00e0 la surface du diamant. &#8211; C\u2019est reparti\u00a0! S\u2019exclama S\u2019nell. &#8211; Prend les mesures au lieu t\u2019amuser\u00a0! J\u2019ai d\u00e9j\u00e0 mon rapporteur, je suis pr\u00eat moi\u00a0! &#8211; Tu le l\u00e2ches jamais\u00a0! Alors\u2026 maugr\u00e9a le premier petit g\u00e9nie. Alors qu\u2019ils allaient s\u2019atteler &hellip; <\/p>\n<p class=\"link-more\"><a href=\"https:\/\/www.sindarick.fr\/wordpress\/?page_id=89\" class=\"more-link\">Continuer la lecture<span class=\"screen-reader-text\"> de &laquo;&nbsp;L&#8217;avis de D&#8217;kart&nbsp;&raquo;<\/span><\/a><\/p>\n","protected":false},"author":1,"featured_media":0,"parent":46,"menu_order":3,"comment_status":"closed","ping_status":"closed","template":"","meta":{"footnotes":""},"class_list":["post-89","page","type-page","status-publish","hentry"],"_links":{"self":[{"href":"https:\/\/www.sindarick.fr\/wordpress\/index.php?rest_route=\/wp\/v2\/pages\/89","targetHints":{"allow":["GET"]}}],"collection":[{"href":"https:\/\/www.sindarick.fr\/wordpress\/index.php?rest_route=\/wp\/v2\/pages"}],"about":[{"href":"https:\/\/www.sindarick.fr\/wordpress\/index.php?rest_route=\/wp\/v2\/types\/page"}],"author":[{"embeddable":true,"href":"https:\/\/www.sindarick.fr\/wordpress\/index.php?rest_route=\/wp\/v2\/users\/1"}],"replies":[{"embeddable":true,"href":"https:\/\/www.sindarick.fr\/wordpress\/index.php?rest_route=%2Fwp%2Fv2%2Fcomments&post=89"}],"version-history":[{"count":6,"href":"https:\/\/www.sindarick.fr\/wordpress\/index.php?rest_route=\/wp\/v2\/pages\/89\/revisions"}],"predecessor-version":[{"id":123,"href":"https:\/\/www.sindarick.fr\/wordpress\/index.php?rest_route=\/wp\/v2\/pages\/89\/revisions\/123"}],"up":[{"embeddable":true,"href":"https:\/\/www.sindarick.fr\/wordpress\/index.php?rest_route=\/wp\/v2\/pages\/46"}],"wp:attachment":[{"href":"https:\/\/www.sindarick.fr\/wordpress\/index.php?rest_route=%2Fwp%2Fv2%2Fmedia&parent=89"}],"curies":[{"name":"wp","href":"https:\/\/api.w.org\/{rel}","templated":true}]}}