{"id":890,"date":"2021-11-03T15:16:19","date_gmt":"2021-11-03T15:16:19","guid":{"rendered":"https:\/\/www.sindarick.fr\/wordpress\/?page_id=890"},"modified":"2021-12-04T09:54:46","modified_gmt":"2021-12-04T09:54:46","slug":"boutique-nouvelle-loeil-du-serpent","status":"publish","type":"page","link":"https:\/\/www.sindarick.fr\/wordpress\/?page_id=890","title":{"rendered":"Nouvelle &#8211; L&#8217;\u0153il du serpent &#8211; version int\u00e9grale"},"content":{"rendered":"\n<p class=\"has-medium-font-size\" id=\"block-8dc5c3ec-99bc-4120-b9bf-313934336d12\">Lorsqu&#8217;une esclave devient une h\u00e9ro\u00efne&#8230;<\/p>\n\n\n\n<div id=\"block-85d4fe7d-9039-4816-82c6-3e310a1ea357\" class=\"wp-block-image\"><figure class=\"aligncenter size-full\"><a href=\"https:\/\/www.sindarick.fr\/wordpress\/wp-content\/uploads\/2021\/11\/couv1-2.png\"><img loading=\"lazy\" decoding=\"async\" width=\"561\" height=\"766\" src=\"https:\/\/www.sindarick.fr\/wordpress\/wp-content\/uploads\/2021\/11\/couv1-2.png\" alt=\"\" class=\"wp-image-902\" srcset=\"https:\/\/www.sindarick.fr\/wordpress\/wp-content\/uploads\/2021\/11\/couv1-2.png 561w, https:\/\/www.sindarick.fr\/wordpress\/wp-content\/uploads\/2021\/11\/couv1-2-350x478.png 350w, https:\/\/www.sindarick.fr\/wordpress\/wp-content\/uploads\/2021\/11\/couv1-2-220x300.png 220w\" sizes=\"auto, (max-width: 561px) 100vw, 561px\" \/><\/a><\/figure><\/div>\n\n\n\n<div class=\"wp-block-buttons is-content-justification-center is-layout-flex wp-block-buttons-is-layout-flex\">\n<div class=\"wp-block-button has-custom-width wp-block-button__width-25 is-style-outline is-style-outline--1\"><a class=\"wp-block-button__link\" href=\"https:\/\/www.sindarick.fr\/wordpress\/?product=nouvelle-loeil-du-serpent-epub\">    Epub     <\/a><\/div>\n\n\n\n<div class=\"wp-block-button has-custom-width wp-block-button__width-25 is-style-outline is-style-outline--2\"><a class=\"wp-block-button__link\" href=\"https:\/\/www.sindarick.fr\/wordpress\/?product=nouvelle-loeil-du-serpent-pdf\">pdf <\/a><\/div>\n<\/div>\n\n\n\n<p id=\"block-487f2f97-7e19-49b9-aa04-563dc686f135\">Cette nouvelle de fantasy \u00e9rotique, \u00e9crite par Sherazaleen Djinn est r\u00e9serv\u00e9e \u00e0 un public adulte. Les versions epub et pdf sont \u00e0 1,99 \u20ac. <\/p>\n\n\n\n<p id=\"block-487f2f97-7e19-49b9-aa04-563dc686f135\">En vous inscrivant \u00e0 ma newsletter vous pouvez obtenir la version all\u00e9g\u00e9e, gratuite, dont les sc\u00e8nes \u00e9rotiques les plus marqu\u00e9es ont \u00e9t\u00e9 expurg\u00e9es. <\/p>\n\n\n\n<p class=\"has-large-font-size\" id=\"block-af06d0eb-a8f7-430c-b046-510e9adecfbe\"><strong>L&#8217;\u0153il du serpent<\/strong><\/p>\n\n\n\n<p><strong>La curiosit\u00e9 est un vilain d\u00e9faut&#8230; ou pas !<\/strong><\/p>\n\n\n\n<p>Vous vous \u00eates toujours demand\u00e9 comment Laeta \u00e9tait entr\u00e9e \u00e0 la Medress de Pamyr, quelle \u00e9tait sa vie l\u00e0-bas, avant que son nom n&#8217;entre dans la l\u00e9gende&#8230;<\/p>\n\n\n\n<p>Vivez la premi\u00e8re aventure de Laeta.<\/p>\n\n\n\n<p>D\u00e9couvrez avec elle le myst\u00e8re de l&#8217;\u0153il du serpent, dans cette nouvelle \u00e9crite \u00e0 la premi\u00e8re personne.<\/p>\n\n\n\n<p>Quelque part dans les sables Shamyrien, il y a une petite oasis perdue. Ses habitants y vivent sous l&#8217;autorit\u00e9 tyrannique de son \u00e9mir, Ess&#8217;m, que d&#8217;aucuns nomment Serpent. Son pouvoir myst\u00e9rieux fait fr\u00e9mir les plus endurcis des princes du d\u00e9sert et sa richesse est presque l\u00e9gendaire.<\/p>\n\n\n\n<p>Laeta, ramen\u00e9e de force dans cet endroit oubli\u00e9 de tous, se soumettra-t-elle comme tous les autres \u00e0 la volont\u00e9 de l&#8217;\u00e9mir? Sa curiosit\u00e9 ne va-t-elle pas la pr\u00e9cipiter dans un terrible pi\u00e8ge lorsqu&#8217;elle d\u00e9couvrira l&#8217;inavouable secret de cette oasis?<\/p>\n\n\n\n<p>Vivez la premi\u00e8re aventure de Laeta, celle sans qui Laeta ne serait pas devenue une h\u00e9ro\u00efne hors du commun. <\/p>\n\n\n\n<figure class=\"wp-block-image size-full\" id=\"block-6446b40d-a98e-4035-924c-352c999a4f54\"><a href=\"https:\/\/www.sindarick.fr\/wordpress\/wp-content\/uploads\/2021\/11\/10079431_23.jpg\"><img loading=\"lazy\" decoding=\"async\" width=\"720\" height=\"720\" src=\"https:\/\/www.sindarick.fr\/wordpress\/wp-content\/uploads\/2021\/11\/10079431_23.jpg\" alt=\"\" class=\"wp-image-895\" srcset=\"https:\/\/www.sindarick.fr\/wordpress\/wp-content\/uploads\/2021\/11\/10079431_23.jpg 720w, https:\/\/www.sindarick.fr\/wordpress\/wp-content\/uploads\/2021\/11\/10079431_23-250x250.jpg 250w, https:\/\/www.sindarick.fr\/wordpress\/wp-content\/uploads\/2021\/11\/10079431_23-100x100.jpg 100w, https:\/\/www.sindarick.fr\/wordpress\/wp-content\/uploads\/2021\/11\/10079431_23-350x350.jpg 350w, https:\/\/www.sindarick.fr\/wordpress\/wp-content\/uploads\/2021\/11\/10079431_23-300x300.jpg 300w, https:\/\/www.sindarick.fr\/wordpress\/wp-content\/uploads\/2021\/11\/10079431_23-150x150.jpg 150w\" sizes=\"auto, (max-width: 720px) 100vw, 720px\" \/><\/a><\/figure>\n\n\n\n<div class=\"wp-block-buttons is-content-justification-center is-layout-flex wp-block-buttons-is-layout-flex\">\n<div class=\"wp-block-button has-custom-width wp-block-button__width-25 is-style-outline is-style-outline--3\"><a class=\"wp-block-button__link\" href=\"https:\/\/www.sindarick.fr\/wordpress\/?product=nouvelle-loeil-du-serpent-epub\">    Epub     <\/a><\/div>\n\n\n\n<div class=\"wp-block-button has-custom-width wp-block-button__width-25 is-style-outline is-style-outline--4\"><a class=\"wp-block-button__link\" href=\"https:\/\/www.sindarick.fr\/wordpress\/?product=nouvelle-loeil-du-serpent-pdf\">pdf <\/a><\/div>\n<\/div>\n\n\n\n<p id=\"block-1362a1a1-7f13-4f7b-bcf8-403457545223\">Extrait :<\/p>\n\n\n\n<p>Qu\u2019est-ce que je fais ici\u2009? Comment en suis-je arriv\u00e9e l\u00e0\u2009? Je frissonne, pourtant il fait chaud. Les vieilles pierres des ar\u00e8nes de Pamyr ont \u00e9t\u00e9 chauff\u00e9es \u00e0 blanc, par son soleil ardent, toute la journ\u00e9e. Nous ne sommes pas encore \u00e0 l\u2019heure douce, bien apr\u00e8s la tomb\u00e9e de la nuit, o\u00f9 une ti\u00e9deur propice \u00e0 tous les d\u00e9lices envahit les ruelles de la cit\u00e9, celle qui voit les venelles obscures se remplir de filles \u00e0 l\u2019air faussement sage et de mauvais gar\u00e7ons, mais \u00e9galement celle \u00e0 laquelle les perrons fleurissent de philosophes, chacun palabrant avec son voisin du destin que nous r\u00e9servent le Tr\u00e8s-Haut et les djinns. Les Pamyriens sont tout aussi r\u00e9fl\u00e9chis que pragmatiques, s\u2019ils acceptent la vie comme elle vient, s\u2019ils se satisfont de leur condition, ils sont tr\u00e8s inventifs pour am\u00e9liorer les petites choses du quotidien. Ils savent \u00e9chapper aux heures embras\u00e9es, soumises \u00e0 la majest\u00e9 indiscutable du roi du ciel, pour mieux se retrouver le soir et go\u00fbter \u00e0 la fra\u00eecheur des premi\u00e8res heures de la nuit.<\/p>\n\n\n\n<p>Mais, alors que les courtisanes attendent leurs amants sous les porches des lupanars et que larrons et marauds hantent la Casbah en qu\u00eate d\u2019\u00e9trangers perdus dans un de leurs coupe-gorges, alors que les uns et les autres boivent un th\u00e9 \u00e0 la menthe au clair de lune, sous l\u2019\u0153il bienveillant d\u2019Oxyra, l\u2019\u00e9toile violette, la s\u0153ur jumelle d\u2019Oxara, celle du matin, je suis retenue captive.<\/p>\n\n\n\n<p>Des cha\u00eenes aux poignets et aux chevilles, un lourd collier d\u2019acier autour de mon cou, je suis assise, adoss\u00e9e au mur, sur un affleurement de la roche dure sur laquelle les ar\u00e8nes sont b\u00e2ties. Comme les quelques filles qui me servent de compagnes d\u2019infortune, je reste silencieuse, les yeux riv\u00e9s sur le sable tapissant le milieu de notre vaste ge\u00f4le. Et, si je me contente de deviner leurs silhouettes dans l\u2019obscurit\u00e9 qui nous noie chaque minute un peu plus, si je ne rel\u00e8ve pas la t\u00eate pour entamer une conversation, c\u2019est qu\u2019on nous surveille. De l\u2019autre c\u00f4t\u00e9 de l\u2019\u00e9paisse grille de fer forg\u00e9 que n\u2019a plus franchi un gladiateur depuis des si\u00e8cles, un ogre nous fixe s\u00e9v\u00e8rement. Plong\u00e9e dans un silence angoissant, le regard fig\u00e9, j\u2019en suis r\u00e9duite \u00e0 l\u2019imaginer. Je l\u2019ai bien suffisamment vu lorsqu\u2019il m\u2019a jet\u00e9e dans cette prison et m\u2019a entrav\u00e9e. Il est terrifiant, colossal, dot\u00e9 d\u2019un visage de brute avec d\u2019\u00e9normes canines inf\u00e9rieures saillantes qui lui ressortent de la bouche, coiff\u00e9 \u00e0 la fa\u00e7on des Mingols avec une unique tresse poussant sur le dessus de son cr\u00e2ne chauve. C\u2019est un monstre de plus de sept pieds, tout en muscles, qui m\u2019a soulev\u00e9e d\u2019une seule main en m\u2019empoignant par les cheveux. Je me souviens de l\u2019\u00e9norme knout enroul\u00e9 \u00e0 sa ceinture et de son coutelas, long comme une \u00e9p\u00e9e, qui pend \u00e0 son c\u00f4t\u00e9. Et si je distingue le pantalon bouffant qui lui tombe sur les chevilles, je ne me rem\u00e9more plus s\u2019il \u00e9tait torse nu ou s\u2019il portait un caftan largement ouvert. Quelle importance\u2009? Je vais \u00eatre vendue. C\u2019est certain.<\/p>\n\n\n\n<div class=\"wp-block-buttons is-content-justification-center is-layout-flex wp-block-buttons-is-layout-flex\">\n<div class=\"wp-block-button has-custom-width wp-block-button__width-25 is-style-outline is-style-outline--5\"><a class=\"wp-block-button__link\" href=\"https:\/\/www.sindarick.fr\/wordpress\/?product=nouvelle-loeil-du-serpent-epub\">    Epub     <\/a><\/div>\n\n\n\n<div class=\"wp-block-button has-custom-width wp-block-button__width-25 is-style-outline is-style-outline--6\"><a class=\"wp-block-button__link\" href=\"https:\/\/www.sindarick.fr\/wordpress\/?product=nouvelle-loeil-du-serpent-pdf\">pdf <\/a><\/div>\n<\/div>\n","protected":false},"excerpt":{"rendered":"<p>Lorsqu&#8217;une esclave devient une h\u00e9ro\u00efne&#8230; Cette nouvelle de fantasy \u00e9rotique, \u00e9crite par Sherazaleen Djinn est r\u00e9serv\u00e9e \u00e0 un public adulte. Les versions epub et pdf sont \u00e0 1,99 \u20ac. En vous inscrivant \u00e0 ma newsletter vous pouvez obtenir la version all\u00e9g\u00e9e, gratuite, dont les sc\u00e8nes \u00e9rotiques les plus marqu\u00e9es ont \u00e9t\u00e9 expurg\u00e9es. L&#8217;\u0153il du serpent &hellip; <\/p>\n<p class=\"link-more\"><a href=\"https:\/\/www.sindarick.fr\/wordpress\/?page_id=890\" class=\"more-link\">Continuer la lecture<span class=\"screen-reader-text\"> de &laquo;&nbsp;Nouvelle &#8211; L&#8217;\u0153il du serpent &#8211; version int\u00e9grale&nbsp;&raquo;<\/span><\/a><\/p>\n","protected":false},"author":1,"featured_media":720,"parent":63,"menu_order":3,"comment_status":"closed","ping_status":"closed","template":"","meta":{"footnotes":""},"class_list":["post-890","page","type-page","status-publish","has-post-thumbnail","hentry"],"_links":{"self":[{"href":"https:\/\/www.sindarick.fr\/wordpress\/index.php?rest_route=\/wp\/v2\/pages\/890","targetHints":{"allow":["GET"]}}],"collection":[{"href":"https:\/\/www.sindarick.fr\/wordpress\/index.php?rest_route=\/wp\/v2\/pages"}],"about":[{"href":"https:\/\/www.sindarick.fr\/wordpress\/index.php?rest_route=\/wp\/v2\/types\/page"}],"author":[{"embeddable":true,"href":"https:\/\/www.sindarick.fr\/wordpress\/index.php?rest_route=\/wp\/v2\/users\/1"}],"replies":[{"embeddable":true,"href":"https:\/\/www.sindarick.fr\/wordpress\/index.php?rest_route=%2Fwp%2Fv2%2Fcomments&post=890"}],"version-history":[{"count":12,"href":"https:\/\/www.sindarick.fr\/wordpress\/index.php?rest_route=\/wp\/v2\/pages\/890\/revisions"}],"predecessor-version":[{"id":1081,"href":"https:\/\/www.sindarick.fr\/wordpress\/index.php?rest_route=\/wp\/v2\/pages\/890\/revisions\/1081"}],"up":[{"embeddable":true,"href":"https:\/\/www.sindarick.fr\/wordpress\/index.php?rest_route=\/wp\/v2\/pages\/63"}],"wp:featuredmedia":[{"embeddable":true,"href":"https:\/\/www.sindarick.fr\/wordpress\/index.php?rest_route=\/wp\/v2\/media\/720"}],"wp:attachment":[{"href":"https:\/\/www.sindarick.fr\/wordpress\/index.php?rest_route=%2Fwp%2Fv2%2Fmedia&parent=890"}],"curies":[{"name":"wp","href":"https:\/\/api.w.org\/{rel}","templated":true}]}}