{"id":1037,"date":"2021-11-18T09:11:37","date_gmt":"2021-11-18T09:11:37","guid":{"rendered":"https:\/\/www.sindarick.fr\/wordpress\/?post_type=product&#038;p=1037"},"modified":"2021-12-04T09:55:55","modified_gmt":"2021-12-04T09:55:55","slug":"nouvelle-loeil-du-serpent-pdf","status":"publish","type":"product","link":"https:\/\/www.sindarick.fr\/wordpress\/?product=nouvelle-loeil-du-serpent-pdf","title":{"rendered":"Nouvelle L&#8217;\u0153il du serpent &#8211; pdf"},"content":{"rendered":"<p id=\"block-487f2f97-7e19-49b9-aa04-563dc686f135\">Cette nouvelle de fantasy \u00e9rotique, en version int\u00e9grale, \u00e9crite par Sherazaleen Djinn est r\u00e9serv\u00e9e \u00e0 un public adulte. Les versions epub et pdf sont \u00e0 1,99 \u20ac.<\/p>\r\n<!-- \/wp:post-content -->\r\n\r\n<!-- wp:paragraph \/-->\r\n\r\n<!-- wp:paragraph {\"fontSize\":\"large\"} -->\r\n<p id=\"block-af06d0eb-a8f7-430c-b046-510e9adecfbe\" class=\"has-large-font-size\"><strong>L&#8217;\u0153il du serpent<\/strong><\/p>\r\n<!-- \/wp:paragraph -->\r\n\r\n<!-- wp:paragraph -->\r\n<p><!-- wp:paragraph --><\/p>\r\n<p><strong>La curiosit\u00e9 est un vilain d\u00e9faut&#8230; ou pas !<\/strong><\/p>\r\n<p><!-- \/wp:paragraph -->\r\n\r\n<!-- wp:paragraph --><\/p>\r\n<p>Vous vous \u00eates toujours demand\u00e9 comment Laeta \u00e9tait entr\u00e9e \u00e0 la Medress de Pamyr, quelle \u00e9tait sa vie l\u00e0-bas, avant que son nom n&#8217;entre dans la l\u00e9gende&#8230;<\/p>\r\n<p><!-- \/wp:paragraph -->\r\n\r\n<!-- wp:paragraph --><\/p>\r\n<p>Vivez la premi\u00e8re aventure de Laeta.<\/p>\r\n<p><!-- \/wp:paragraph -->\r\n\r\n<!-- wp:paragraph --><\/p>\r\n<p>D\u00e9couvrez avec elle le myst\u00e8re de l&#8217;\u0153il du serpent, dans cette nouvelle \u00e9crite \u00e0 la premi\u00e8re personne.<\/p>\r\n<p><!-- \/wp:paragraph -->\r\n\r\n<!-- wp:paragraph --><\/p>\r\n<p>Quelque part dans les sables Shamyrien, il y a une petite oasis perdue. Ses habitants y vivent sous l&#8217;autorit\u00e9 tyrannique de son \u00e9mir, Ess&#8217;m, que d&#8217;aucuns nomment Serpent. Son pouvoir myst\u00e9rieux fait fr\u00e9mir les plus endurcis des princes du d\u00e9sert et sa richesse est presque l\u00e9gendaire.<\/p>\r\n<p><!-- \/wp:paragraph -->\r\n\r\n<!-- wp:paragraph --><\/p>\r\n<p>Laeta, ramen\u00e9e de force dans cet endroit oubli\u00e9 de tous, se soumettra-t-elle comme tous les autres \u00e0 la volont\u00e9 de l&#8217;\u00e9mir? Sa curiosit\u00e9 ne va-t-elle pas la pr\u00e9cipiter dans un terrible pi\u00e8ge lorsqu&#8217;elle d\u00e9couvrira l&#8217;inavouable secret de cette oasis?<\/p>\r\n<p><!-- \/wp:paragraph -->\r\n\r\n<!-- wp:paragraph --><\/p>\r\n<p>Vivez la premi\u00e8re aventure de Laeta, celle sans qui Laeta ne serait pas devenue une h\u00e9ro\u00efne hors du commun.<\/p>\r\n<p><span style=\"font-size: 1rem;\">D\u00e9couvrez avec elle le myst\u00e8re de l&#8217;\u0153il du serpent, dans cette nouvelle \u00e9crite \u00e0 la premi\u00e8re personne. <\/span><\/p>\r\n<p><span style=\"font-size: 1rem;\">En vous inscrivant \u00e0 ma newsletter vous pouvez obtenir la version all\u00e9g\u00e9e, gratuite, dont les sc\u00e8nes \u00e9rotiques les plus marqu\u00e9es ont \u00e9t\u00e9 expurg\u00e9es. Vous pouvez \u00e9galement obtenir cette nouvelle sous un autre format :<\/span><\/p>\r\n<p style=\"text-align: center;\"><a class=\"fasc-button fasc-size-medium fasc-type-glossy fasc-rounded-medium\" style=\"background-color: #33809e; color: #ffffff;\" href=\"https:\/\/www.sindarick.fr\/wordpress\/?product=nouvelle-loeil-du-serpent-epub\">&nbsp; &nbsp; epub&nbsp; &nbsp; &nbsp;<\/a>&nbsp; &nbsp;&nbsp; &nbsp;&nbsp;<\/p>\r\n<p>Tous les titres de la s\u00e9rie (cliquez sur les couvertures pour en savoir plus) : <a href=\"https:\/\/www.sindarick.fr\/wordpress\/?page_id=830\">&nbsp; &nbsp;<\/a><a href=\"https:\/\/www.sindarick.fr\/wordpress\/?page_id=717\"><img loading=\"lazy\" decoding=\"async\" class=\"alignnone wp-image-732\" src=\"https:\/\/www.sindarick.fr\/wordpress\/wp-content\/uploads\/2021\/10\/cover-211x300.jpg\" alt=\"\" width=\"181\" height=\"257\" srcset=\"https:\/\/www.sindarick.fr\/wordpress\/wp-content\/uploads\/2021\/10\/cover-211x300.jpg 211w, https:\/\/www.sindarick.fr\/wordpress\/wp-content\/uploads\/2021\/10\/cover-350x498.jpg 350w, https:\/\/www.sindarick.fr\/wordpress\/wp-content\/uploads\/2021\/10\/cover-720x1024.jpg 720w, https:\/\/www.sindarick.fr\/wordpress\/wp-content\/uploads\/2021\/10\/cover-768x1093.jpg 768w, https:\/\/www.sindarick.fr\/wordpress\/wp-content\/uploads\/2021\/10\/cover-1079x1536.jpg 1079w, https:\/\/www.sindarick.fr\/wordpress\/wp-content\/uploads\/2021\/10\/cover-1439x2048.jpg 1439w, https:\/\/www.sindarick.fr\/wordpress\/wp-content\/uploads\/2021\/10\/cover.jpg 1546w\" sizes=\"auto, (max-width: 181px) 100vw, 181px\" \/><\/a><a style=\"font-size: 1rem; color: #000000;\" href=\"https:\/\/www.sindarick.fr\/wordpress\/?page_id=830\"><img loading=\"lazy\" decoding=\"async\" class=\"alignnone wp-image-693\" src=\"https:\/\/www.sindarick.fr\/wordpress\/wp-content\/uploads\/2021\/02\/couv-2--207x300.png\" alt=\"\" width=\"177\" height=\"257\" srcset=\"https:\/\/www.sindarick.fr\/wordpress\/wp-content\/uploads\/2021\/02\/couv-2--207x300.png 207w, https:\/\/www.sindarick.fr\/wordpress\/wp-content\/uploads\/2021\/02\/couv-2--350x508.png 350w, https:\/\/www.sindarick.fr\/wordpress\/wp-content\/uploads\/2021\/02\/couv-2--705x1024.png 705w, https:\/\/www.sindarick.fr\/wordpress\/wp-content\/uploads\/2021\/02\/couv-2--768x1115.png 768w, https:\/\/www.sindarick.fr\/wordpress\/wp-content\/uploads\/2021\/02\/couv-2--1058x1536.png 1058w, https:\/\/www.sindarick.fr\/wordpress\/wp-content\/uploads\/2021\/02\/couv-2--1410x2048.png 1410w, https:\/\/www.sindarick.fr\/wordpress\/wp-content\/uploads\/2021\/02\/couv-2-.png 1713w\" sizes=\"auto, (max-width: 177px) 100vw, 177px\" \/><\/a><span style=\"font-size: 1rem;\">&nbsp; <\/span><a style=\"font-size: 1rem;\" href=\"https:\/\/www.sindarick.fr\/wordpress\/?page_id=852\"><img loading=\"lazy\" decoding=\"async\" class=\"alignnone wp-image-753\" src=\"https:\/\/www.sindarick.fr\/wordpress\/wp-content\/uploads\/2021\/10\/LAETA-T3-ebook-211x300.jpg\" alt=\"\" width=\"181\" height=\"257\" srcset=\"https:\/\/www.sindarick.fr\/wordpress\/wp-content\/uploads\/2021\/10\/LAETA-T3-ebook-211x300.jpg 211w, https:\/\/www.sindarick.fr\/wordpress\/wp-content\/uploads\/2021\/10\/LAETA-T3-ebook-350x498.jpg 350w, https:\/\/www.sindarick.fr\/wordpress\/wp-content\/uploads\/2021\/10\/LAETA-T3-ebook-720x1024.jpg 720w, https:\/\/www.sindarick.fr\/wordpress\/wp-content\/uploads\/2021\/10\/LAETA-T3-ebook-768x1092.jpg 768w, https:\/\/www.sindarick.fr\/wordpress\/wp-content\/uploads\/2021\/10\/LAETA-T3-ebook-1080x1536.jpg 1080w, https:\/\/www.sindarick.fr\/wordpress\/wp-content\/uploads\/2021\/10\/LAETA-T3-ebook-1440x2048.jpg 1440w, https:\/\/www.sindarick.fr\/wordpress\/wp-content\/uploads\/2021\/10\/LAETA-T3-ebook.jpg 1800w\" sizes=\"auto, (max-width: 181px) 100vw, 181px\" \/><\/a><\/p><!-- \/wp:paragraph -->","protected":false},"excerpt":{"rendered":"<p>L&#8217;\u0153il du serpent, version int\u00e9grale &#8211; pdf<\/p>\n","protected":false},"featured_media":875,"template":"","meta":[],"product_cat":[24,26],"product_tag":[21,20,31],"class_list":{"0":"post-1037","1":"product","2":"type-product","3":"status-publish","4":"has-post-thumbnail","6":"product_cat-nouvelles","7":"product_cat-pdf","8":"product_tag-loeil-du-serpent","9":"product_tag-nouvelle","10":"product_tag-pdf","12":"first","13":"instock","14":"downloadable","15":"shipping-taxable","16":"purchasable","17":"product-type-simple"},"_links":{"self":[{"href":"https:\/\/www.sindarick.fr\/wordpress\/index.php?rest_route=\/wp\/v2\/product\/1037","targetHints":{"allow":["GET"]}}],"collection":[{"href":"https:\/\/www.sindarick.fr\/wordpress\/index.php?rest_route=\/wp\/v2\/product"}],"about":[{"href":"https:\/\/www.sindarick.fr\/wordpress\/index.php?rest_route=\/wp\/v2\/types\/product"}],"wp:featuredmedia":[{"embeddable":true,"href":"https:\/\/www.sindarick.fr\/wordpress\/index.php?rest_route=\/wp\/v2\/media\/875"}],"wp:attachment":[{"href":"https:\/\/www.sindarick.fr\/wordpress\/index.php?rest_route=%2Fwp%2Fv2%2Fmedia&parent=1037"}],"wp:term":[{"taxonomy":"product_cat","embeddable":true,"href":"https:\/\/www.sindarick.fr\/wordpress\/index.php?rest_route=%2Fwp%2Fv2%2Fproduct_cat&post=1037"},{"taxonomy":"product_tag","embeddable":true,"href":"https:\/\/www.sindarick.fr\/wordpress\/index.php?rest_route=%2Fwp%2Fv2%2Fproduct_tag&post=1037"}],"curies":[{"name":"wp","href":"https:\/\/api.w.org\/{rel}","templated":true}]}}